{"id":2347,"date":"2017-09-17T08:56:59","date_gmt":"2017-09-17T08:56:59","guid":{"rendered":"http:\/\/vpebgreenhouse.com\/?page_id=2347"},"modified":"2020-06-10T10:20:29","modified_gmt":"2020-06-10T10:20:29","slug":"he-thong-tuoi-phun-trong-nha-kinh","status":"publish","type":"page","link":"https:\/\/vpebgreenhouse.com\/en\/he-thong-tuoi-phun-trong-nha-kinh\/","title":{"rendered":"Sprinkler irrigation system"},"content":{"rendered":"<p>[vc_row][vc_column][vc_row_inner][vc_column_inner][\/vc_column_inner][\/vc_row_inner][vc_row_inner][vc_column_inner width=&#8221;1\/2&#8243;]<div id=\"ultimate-heading-26876a085e9b53f54\" class=\"uvc-heading ult-adjust-bottom-margin ultimate-heading-26876a085e9b53f54 uvc-5430 \" data-hspacer=\"no_spacer\"  data-halign=\"left\" style=\"text-align:left\"><div class=\"uvc-heading-spacer no_spacer\" style=\"top\"><\/div><div class=\"uvc-main-heading ult-responsive\"  data-ultimate-target='.uvc-heading.ultimate-heading-26876a085e9b53f54 h2'  data-responsive-json-new='{\"font-size\":\"desktop:30px;\",\"line-height\":\"desktop:40px;\"}' ><h2 style=\"font-weight:bold;margin-bottom:15px;\">Greenhouse Sprinkler Irrigation System<\/h2><\/div><\/div>[vc_column_text css_animation=&#8221;fadeIn&#8221;]In order to optimize the cultivation conditions, VPEB GREENHOUSE is always ready to consult, design, supply and install irrigation systems for all kind of greenhouse. Irrigation equipment with top quality consistent with the intended use. We will provide technical support to irrigate effectively, and improving the ability to absorb water for increasing productivity.<\/p>\n<p>Irrigation sprinkler system is the form of putting irrigation water to plants like an artificial rain through appropriate irrigation equipment. Sprinkler irrigation is a technique used in cultivation for long time ago, and sprinkler irrigation is traditional watering suitable for many crops from vegetables to fruits.<\/p>\n<p>In our country, automatic sprinkler irrigation system has been widely applied in agriculture, bringing practical effect to the investors.[\/vc_column_text][\/vc_column_inner][vc_column_inner width=&#8221;1\/2&#8243;][vc_single_image image=&#8221;2349&#8243; img_size=&#8221;full&#8221; add_caption=&#8221;yes&#8221; alignment=&#8221;center&#8221; css_animation=&#8221;fadeInRight&#8221; lazy_loading=&#8221;true&#8221;][\/vc_column_inner][\/vc_row_inner][\/vc_column][\/vc_row][vc_column][\/vc_column][vc_row bg_type=&#8221;bg_color&#8221; bg_override=&#8221;full&#8221; bg_color_value=&#8221;#f5f5f5&#8243;][vc_column]<div id=\"ultimate-heading-92566a085e9b53f9e\" class=\"uvc-heading ult-adjust-bottom-margin ultimate-heading-92566a085e9b53f9e uvc-6358 \" data-hspacer=\"no_spacer\"  data-halign=\"center\" style=\"text-align:center\"><div class=\"uvc-heading-spacer no_spacer\" style=\"top\"><\/div><div class=\"uvc-main-heading ult-responsive\"  data-ultimate-target='.uvc-heading.ultimate-heading-92566a085e9b53f9e h2'  data-responsive-json-new='{\"font-size\":\"\",\"line-height\":\"\"}' ><h2 style=\"font-weight:normal;\">The equipment recommended by VPEB GREENHOUSE include:<\/h2><\/div><\/div>[vc_row_inner css=&#8221;.vc_custom_1503803097901{background-color: #f5f5f5 !important;}&#8221;][vc_column_inner width=&#8221;1\/2&#8243;][vc_single_image image=&#8221;2352&#8243; img_size=&#8221;full&#8221; add_caption=&#8221;yes&#8221; alignment=&#8221;center&#8221; css_animation=&#8221;fadeInLeft&#8221; lazy_loading=&#8221;true&#8221;][\/vc_column_inner][vc_column_inner width=&#8221;1\/2&#8243;]<div class=\"standard-number-list list-divider bullet-top\"><ol>\n<li>Filter<\/li>\n<li>Water pump<\/li>\n<li>Water pressure control valve<\/li>\n<li>The main pipeline and branch pipelines<\/li>\n<li>Pipes come out sprinkler<\/li>\n<li>Sprinkler<\/li>\n<li>Automatic irrigation control device<\/li>\n<\/ol>\n<\/div>[\/vc_column_inner][\/vc_row_inner][\/vc_column][\/vc_row][vc_row bg_type=&#8221;image&#8221; parallax_style=&#8221;vcpb-default&#8221; bg_image_new=&#8221;id^2231|url^http:\/\/vpebgreenhouse.com\/wp-content\/uploads\/2016\/01\/banner-nha-kinh-vpeb-greenhouse.jpg|caption^null|alt^null|title^banner-nha-kinh-vpeb-greenhouse|description^null&#8221; bg_override=&#8221;full&#8221; css=&#8221;.vc_custom_1505567845620{padding-top: 60px !important;padding-bottom: 60px !important;}&#8221;][vc_column]<div id=\"ultimate-heading-96306a085e9b540b3\" class=\"uvc-heading ult-adjust-bottom-margin ultimate-heading-96306a085e9b540b3 uvc-4818 \" data-hspacer=\"no_spacer\"  data-halign=\"center\" style=\"text-align:center\"><div class=\"uvc-heading-spacer no_spacer\" style=\"top\"><\/div><div class=\"uvc-main-heading ult-responsive\"  data-ultimate-target='.uvc-heading.ultimate-heading-96306a085e9b540b3 h2'  data-responsive-json-new='{\"font-size\":\"desktop:30px;tablet_portrait:30px;\",\"line-height\":\"desktop:35px;tablet_portrait:26px;\"}' ><h2 style=\"font-family:&#039;Open Sans Condensed&#039;;font-weight:700;color:#ffffff;margin-bottom:10px;\">VPEB GREENHOUSE CONtACT!<\/h2><\/div><div class=\"uvc-sub-heading ult-responsive\"  data-ultimate-target='.uvc-heading.ultimate-heading-96306a085e9b540b3 .uvc-sub-heading '  data-responsive-json-new='{\"font-size\":\"desktop:40px;tablet_portrait:40px;\",\"line-height\":\"desktop:50px;tablet_portrait:46px;\"}'  style=\"font-family:&#039;Open Sans Condensed&#039;;font-weight:700;color:#ffffff;\">Hotline: 0934108899<\/div><\/div><div id=\"ultimate-heading-19576a085e9b5415a\" class=\"uvc-heading ult-adjust-bottom-margin ultimate-heading-19576a085e9b5415a uvc-8769 \" data-hspacer=\"no_spacer\"  data-halign=\"center\" style=\"text-align:center\"><div class=\"uvc-heading-spacer no_spacer\" style=\"top\"><\/div><div class=\"uvc-sub-heading ult-responsive\"  data-ultimate-target='.uvc-heading.ultimate-heading-19576a085e9b5415a .uvc-sub-heading '  data-responsive-json-new='{\"font-size\":\"desktop:25px;tablet_portrait:20px;\",\"line-height\":\"desktop:30px;tablet_portrait:30px;\"}'  style=\"font-family:&#039;Open Sans Condensed&#039;;font-weight:700;color:#ffffff;margin-top:10px;\"><\/p>\n<div id=\"ultimate-heading-76585af13ace1b2df\" class=\"uvc-heading ult-adjust-bottom-margin ultimate-heading-76585af13ace1b2df uvc-5389 \" data-hspacer=\"no_spacer\" data-halign=\"center\">\n<div class=\"uvc-sub-heading ult-responsive\" data-ultimate-target=\".uvc-heading.ultimate-heading-76585af13ace1b2df .uvc-sub-heading \" data-responsive-json-new=\"{&quot;font-size&quot;:&quot;desktop:25px;tablet_portrait:20px;&quot;,&quot;line-height&quot;:&quot;desktop:30px;tablet_portrait:30px;&quot;}\">\n<div id=\"ultimate-heading-14395aeea975cbabc\" class=\"uvc-heading ult-adjust-bottom-margin ultimate-heading-14395aeea975cbabc uvc-9518 \" data-hspacer=\"no_spacer\" data-halign=\"center\">\n<div class=\"uvc-sub-heading ult-responsive\" data-ultimate-target=\".uvc-heading.ultimate-heading-14395aeea975cbabc .uvc-sub-heading \" data-responsive-json-new=\"{&quot;font-size&quot;:&quot;desktop:25px;tablet_portrait:20px;&quot;,&quot;line-height&quot;:&quot;desktop:30px;tablet_portrait:30px;&quot;}\">\n<p>Head office in Ho Chi Minh: 4, D5 Street, Nam Long Area, Phuoc Long B Ward, District 9, HCMC<\/p>\n<p>Office in Da Lat: 322, Hai Ba Trung Street, Ward 6, Da Lat City, Lam Dong.<\/p>\n<\/div>\n<\/div>\n<\/div>\n<\/div>\n<p><\/div><\/div><div class=\"btn-align-center\"><a href=\"\/contact\" class=\"default-btn-shortcode dt-btn dt-btn-l  vc_custom_1525758981860\" id=\"default-btn-2\" style=\"width:400px;\"><span>Send request<\/span><\/a><\/div>[\/vc_column][\/vc_row]<\/p>","protected":false},"excerpt":{"rendered":"<p>[vc_row][vc_column][vc_row_inner][vc_column_inner][\/vc_column_inner][\/vc_row_inner][vc_row_inner][vc_column_inner width=&#8221;1\/2&#8243;][vc_column_text css_animation=&#8221;fadeIn&#8221;]In order to optimize the cultivation conditions, VPEB GREENHOUSE is always ready to consult, design, supply and install irrigation systems for all kind of greenhouse. Irrigation equipment with top quality consistent with the intended use. We will provide technical support to irrigate effectively, and improving the ability to absorb water for increasing productivity.&hellip;<\/p>\n","protected":false},"author":1,"featured_media":0,"parent":0,"menu_order":0,"comment_status":"closed","ping_status":"closed","template":"","meta":[],"class_list":["post-2347","page","type-page","status-publish","hentry","description-off"],"yoast_head":"<!-- This site is optimized with the Yoast SEO plugin v23.8 - https:\/\/yoast.com\/wordpress\/plugins\/seo\/ -->\n<title>Cung c\u1ea5p h\u1ec7 th\u1ed1ng t\u01b0\u1edbi Phun S\u01b0\u01a1ng - Phun M\u01b0a, Thi\u1ebft b\u1ecb t\u01b0\u1edbi nh\u1eadp kh\u1ea9u<\/title>\n<meta name=\"description\" content=\"H\u1ec7 th\u1ed1ng t\u01b0\u1edbi Phun S\u01b0\u01a1ng - Phun M\u01b0a cho Hoa phong Lan, t\u01b0\u1edbi ti\u00eau, t\u01b0\u1edbi rau qu\u1ea3 \u0111\u01b0\u1ee3c nh\u1eadp kh\u1ea9u c\u00e1c thi\u1ebft b\u1ecb t\u1eeb ISrael, ti\u1ebft ki\u1ec7m n\u01b0\u1edbc, gi\u00e1 c\u1ea3 \u0111\u1ea7u t\u01b0 h\u1ee3p l\u00fd\" \/>\n<meta name=\"robots\" content=\"index, follow, max-snippet:-1, max-image-preview:large, max-video-preview:-1\" \/>\n<link rel=\"canonical\" href=\"http:\/\/vpebgreenhouse.com\/he-thong-tuoi-phun-trong-nha-kinh\/\" \/>\n<meta property=\"og:locale\" content=\"en_US\" \/>\n<meta property=\"og:type\" content=\"article\" \/>\n<meta property=\"og:title\" content=\"Cung c\u1ea5p h\u1ec7 th\u1ed1ng t\u01b0\u1edbi Phun S\u01b0\u01a1ng - Phun M\u01b0a, Thi\u1ebft b\u1ecb t\u01b0\u1edbi nh\u1eadp kh\u1ea9u\" \/>\n<meta property=\"og:description\" content=\"H\u1ec7 th\u1ed1ng t\u01b0\u1edbi Phun S\u01b0\u01a1ng - Phun M\u01b0a cho Hoa phong Lan, t\u01b0\u1edbi ti\u00eau, t\u01b0\u1edbi rau qu\u1ea3 \u0111\u01b0\u1ee3c nh\u1eadp kh\u1ea9u c\u00e1c thi\u1ebft b\u1ecb t\u1eeb ISrael, ti\u1ebft ki\u1ec7m n\u01b0\u1edbc, gi\u00e1 c\u1ea3 \u0111\u1ea7u t\u01b0 h\u1ee3p l\u00fd\" \/>\n<meta property=\"og:url\" content=\"http:\/\/vpebgreenhouse.com\/he-thong-tuoi-phun-trong-nha-kinh\/\" \/>\n<meta property=\"og:site_name\" content=\"NH\u00c0 M\u00c0NG, NH\u00c0 K\u00cdNH N\u00d4NG NGHI\u1ec6P C\u00d4NG NGH\u1ec6 CAO\" \/>\n<meta property=\"article:modified_time\" content=\"2020-06-10T10:20:29+00:00\" \/>\n<meta name=\"twitter:card\" content=\"summary_large_image\" \/>\n<meta name=\"twitter:label1\" content=\"Est. reading time\" \/>\n\t<meta name=\"twitter:data1\" content=\"8 minutes\" \/>\n<script type=\"application\/ld+json\" class=\"yoast-schema-graph\">{\"@context\":\"https:\/\/schema.org\",\"@graph\":[{\"@type\":\"WebPage\",\"@id\":\"http:\/\/vpebgreenhouse.com\/he-thong-tuoi-phun-trong-nha-kinh\/\",\"url\":\"http:\/\/vpebgreenhouse.com\/he-thong-tuoi-phun-trong-nha-kinh\/\",\"name\":\"Cung c\u1ea5p h\u1ec7 th\u1ed1ng t\u01b0\u1edbi Phun S\u01b0\u01a1ng - Phun M\u01b0a, Thi\u1ebft b\u1ecb t\u01b0\u1edbi nh\u1eadp kh\u1ea9u\",\"isPartOf\":{\"@id\":\"http:\/\/vpebgreenhouse.com\/#website\"},\"datePublished\":\"2017-09-17T08:56:59+00:00\",\"dateModified\":\"2020-06-10T10:20:29+00:00\",\"description\":\"H\u1ec7 th\u1ed1ng t\u01b0\u1edbi Phun S\u01b0\u01a1ng - Phun M\u01b0a cho Hoa phong Lan, t\u01b0\u1edbi ti\u00eau, t\u01b0\u1edbi rau qu\u1ea3 \u0111\u01b0\u1ee3c nh\u1eadp kh\u1ea9u c\u00e1c thi\u1ebft b\u1ecb t\u1eeb ISrael, ti\u1ebft ki\u1ec7m n\u01b0\u1edbc, gi\u00e1 c\u1ea3 \u0111\u1ea7u t\u01b0 h\u1ee3p l\u00fd\",\"breadcrumb\":{\"@id\":\"http:\/\/vpebgreenhouse.com\/he-thong-tuoi-phun-trong-nha-kinh\/#breadcrumb\"},\"inLanguage\":\"en-US\",\"potentialAction\":[{\"@type\":\"ReadAction\",\"target\":[\"http:\/\/vpebgreenhouse.com\/he-thong-tuoi-phun-trong-nha-kinh\/\"]}]},{\"@type\":\"BreadcrumbList\",\"@id\":\"http:\/\/vpebgreenhouse.com\/he-thong-tuoi-phun-trong-nha-kinh\/#breadcrumb\",\"itemListElement\":[{\"@type\":\"ListItem\",\"position\":1,\"name\":\"Home\",\"item\":\"http:\/\/vpebgreenhouse.com\/\"},{\"@type\":\"ListItem\",\"position\":2,\"name\":\"H\u1ec7 th\u1ed1ng t\u01b0\u1edbi phun s\u01b0\u01a1ng, phun m\u01b0a trong nh\u00e0 k\u00ednh\"}]},{\"@type\":\"WebSite\",\"@id\":\"http:\/\/vpebgreenhouse.com\/#website\",\"url\":\"http:\/\/vpebgreenhouse.com\/\",\"name\":\"NH\u00c0 M\u00c0NG, NH\u00c0 K\u00cdNH N\u00d4NG NGHI\u1ec6P C\u00d4NG NGH\u1ec6 CAO\",\"description\":\"VPEB GREENHOUSE\",\"potentialAction\":[{\"@type\":\"SearchAction\",\"target\":{\"@type\":\"EntryPoint\",\"urlTemplate\":\"http:\/\/vpebgreenhouse.com\/?s={search_term_string}\"},\"query-input\":{\"@type\":\"PropertyValueSpecification\",\"valueRequired\":true,\"valueName\":\"search_term_string\"}}],\"inLanguage\":\"en-US\"}]}<\/script>\n<!-- \/ Yoast SEO plugin. -->","yoast_head_json":{"title":"Cung c\u1ea5p h\u1ec7 th\u1ed1ng t\u01b0\u1edbi Phun S\u01b0\u01a1ng - Phun M\u01b0a, Thi\u1ebft b\u1ecb t\u01b0\u1edbi nh\u1eadp kh\u1ea9u","description":"H\u1ec7 th\u1ed1ng t\u01b0\u1edbi Phun S\u01b0\u01a1ng - Phun M\u01b0a cho Hoa phong Lan, t\u01b0\u1edbi ti\u00eau, t\u01b0\u1edbi rau qu\u1ea3 \u0111\u01b0\u1ee3c nh\u1eadp kh\u1ea9u c\u00e1c thi\u1ebft b\u1ecb t\u1eeb ISrael, ti\u1ebft ki\u1ec7m n\u01b0\u1edbc, gi\u00e1 c\u1ea3 \u0111\u1ea7u t\u01b0 h\u1ee3p l\u00fd","robots":{"index":"index","follow":"follow","max-snippet":"max-snippet:-1","max-image-preview":"max-image-preview:large","max-video-preview":"max-video-preview:-1"},"canonical":"http:\/\/vpebgreenhouse.com\/he-thong-tuoi-phun-trong-nha-kinh\/","og_locale":"en_US","og_type":"article","og_title":"Cung c\u1ea5p h\u1ec7 th\u1ed1ng t\u01b0\u1edbi Phun S\u01b0\u01a1ng - Phun M\u01b0a, Thi\u1ebft b\u1ecb t\u01b0\u1edbi nh\u1eadp kh\u1ea9u","og_description":"H\u1ec7 th\u1ed1ng t\u01b0\u1edbi Phun S\u01b0\u01a1ng - Phun M\u01b0a cho Hoa phong Lan, t\u01b0\u1edbi ti\u00eau, t\u01b0\u1edbi rau qu\u1ea3 \u0111\u01b0\u1ee3c nh\u1eadp kh\u1ea9u c\u00e1c thi\u1ebft b\u1ecb t\u1eeb ISrael, ti\u1ebft ki\u1ec7m n\u01b0\u1edbc, gi\u00e1 c\u1ea3 \u0111\u1ea7u t\u01b0 h\u1ee3p l\u00fd","og_url":"http:\/\/vpebgreenhouse.com\/he-thong-tuoi-phun-trong-nha-kinh\/","og_site_name":"NH\u00c0 M\u00c0NG, NH\u00c0 K\u00cdNH N\u00d4NG NGHI\u1ec6P C\u00d4NG NGH\u1ec6 CAO","article_modified_time":"2020-06-10T10:20:29+00:00","twitter_card":"summary_large_image","twitter_misc":{"Est. reading time":"8 minutes"},"schema":{"@context":"https:\/\/schema.org","@graph":[{"@type":"WebPage","@id":"http:\/\/vpebgreenhouse.com\/he-thong-tuoi-phun-trong-nha-kinh\/","url":"http:\/\/vpebgreenhouse.com\/he-thong-tuoi-phun-trong-nha-kinh\/","name":"Cung c\u1ea5p h\u1ec7 th\u1ed1ng t\u01b0\u1edbi Phun S\u01b0\u01a1ng - Phun M\u01b0a, Thi\u1ebft b\u1ecb t\u01b0\u1edbi nh\u1eadp kh\u1ea9u","isPartOf":{"@id":"http:\/\/vpebgreenhouse.com\/#website"},"datePublished":"2017-09-17T08:56:59+00:00","dateModified":"2020-06-10T10:20:29+00:00","description":"H\u1ec7 th\u1ed1ng t\u01b0\u1edbi Phun S\u01b0\u01a1ng - Phun M\u01b0a cho Hoa phong Lan, t\u01b0\u1edbi ti\u00eau, t\u01b0\u1edbi rau qu\u1ea3 \u0111\u01b0\u1ee3c nh\u1eadp kh\u1ea9u c\u00e1c thi\u1ebft b\u1ecb t\u1eeb ISrael, ti\u1ebft ki\u1ec7m n\u01b0\u1edbc, gi\u00e1 c\u1ea3 \u0111\u1ea7u t\u01b0 h\u1ee3p l\u00fd","breadcrumb":{"@id":"http:\/\/vpebgreenhouse.com\/he-thong-tuoi-phun-trong-nha-kinh\/#breadcrumb"},"inLanguage":"en-US","potentialAction":[{"@type":"ReadAction","target":["http:\/\/vpebgreenhouse.com\/he-thong-tuoi-phun-trong-nha-kinh\/"]}]},{"@type":"BreadcrumbList","@id":"http:\/\/vpebgreenhouse.com\/he-thong-tuoi-phun-trong-nha-kinh\/#breadcrumb","itemListElement":[{"@type":"ListItem","position":1,"name":"Home","item":"http:\/\/vpebgreenhouse.com\/"},{"@type":"ListItem","position":2,"name":"H\u1ec7 th\u1ed1ng t\u01b0\u1edbi phun s\u01b0\u01a1ng, phun m\u01b0a trong nh\u00e0 k\u00ednh"}]},{"@type":"WebSite","@id":"http:\/\/vpebgreenhouse.com\/#website","url":"http:\/\/vpebgreenhouse.com\/","name":"NH\u00c0 M\u00c0NG, NH\u00c0 K\u00cdNH N\u00d4NG NGHI\u1ec6P C\u00d4NG NGH\u1ec6 CAO","description":"VPEB GREENHOUSE","potentialAction":[{"@type":"SearchAction","target":{"@type":"EntryPoint","urlTemplate":"http:\/\/vpebgreenhouse.com\/?s={search_term_string}"},"query-input":{"@type":"PropertyValueSpecification","valueRequired":true,"valueName":"search_term_string"}}],"inLanguage":"en-US"}]}},"_links":{"self":[{"href":"https:\/\/vpebgreenhouse.com\/en\/wp-json\/wp\/v2\/pages\/2347","targetHints":{"allow":["GET"]}}],"collection":[{"href":"https:\/\/vpebgreenhouse.com\/en\/wp-json\/wp\/v2\/pages"}],"about":[{"href":"https:\/\/vpebgreenhouse.com\/en\/wp-json\/wp\/v2\/types\/page"}],"author":[{"embeddable":true,"href":"https:\/\/vpebgreenhouse.com\/en\/wp-json\/wp\/v2\/users\/1"}],"replies":[{"embeddable":true,"href":"https:\/\/vpebgreenhouse.com\/en\/wp-json\/wp\/v2\/comments?post=2347"}],"version-history":[{"count":11,"href":"https:\/\/vpebgreenhouse.com\/en\/wp-json\/wp\/v2\/pages\/2347\/revisions"}],"predecessor-version":[{"id":2607,"href":"https:\/\/vpebgreenhouse.com\/en\/wp-json\/wp\/v2\/pages\/2347\/revisions\/2607"}],"wp:attachment":[{"href":"https:\/\/vpebgreenhouse.com\/en\/wp-json\/wp\/v2\/media?parent=2347"}],"curies":[{"name":"wp","href":"https:\/\/api.w.org\/{rel}","templated":true}]}}