{"id":3066,"date":"2019-08-15T16:44:43","date_gmt":"2019-08-15T16:44:43","guid":{"rendered":"http:\/\/vpebgreenhouse.com\/?page_id=3066"},"modified":"2019-08-16T08:03:55","modified_gmt":"2019-08-16T08:03:55","slug":"trong-dua-luoi-trong-nha-mang","status":"publish","type":"page","link":"http:\/\/vpebgreenhouse.com\/en\/trong-dua-luoi-trong-nha-mang\/","title":{"rendered":"(Ti\u1ebfng Vi\u1ec7t) [D\u01afA L\u01af\u1edaI]- Gi\u1ea3i ph\u00e1p tr\u1ecdn g\u00f3i tr\u1ed3ng d\u01b0a l\u01b0\u1edbi trong nh\u00e0 k\u00ednh\/ nh\u00e0 m\u00e0ng t\u1eeb A->Z"},"content":{"rendered":"<p class=\"qtranxs-available-languages-message qtranxs-available-languages-message-en\">Sorry, this entry is only available in <a href=\"http:\/\/vpebgreenhouse.com\/vi\/wp-json\/wp\/v2\/pages\/3066\" class=\"qtranxs-available-language-link qtranxs-available-language-link-vi\" title=\"Ti\u1ebfng Vi\u1ec7t\">Ti\u1ebfng Vi\u1ec7t<\/a>.<\/p>","protected":false},"excerpt":{"rendered":"<p>Sorry, this entry is only available in Ti\u1ebfng Vi\u1ec7t.<\/p>\n","protected":false},"author":1,"featured_media":3019,"parent":0,"menu_order":0,"comment_status":"closed","ping_status":"closed","template":"","meta":[],"class_list":["post-3066","page","type-page","status-publish","has-post-thumbnail","hentry","description-off"],"yoast_head":"<!-- This site is optimized with the Yoast SEO plugin v23.8 - https:\/\/yoast.com\/wordpress\/plugins\/seo\/ -->\n<title>(Ti\u1ebfng Vi\u1ec7t) Quy tr\u00ecnh tr\u1ed3ng d\u01b0a l\u01b0\u1edbi trong Nh\u00e0 k\u00ednh\/ Nh\u00e0 m\u00e0ng &amp; Chuy\u1ec3n giao c\u00f4ng ngh\u1ec7 t\u1eeb A-&gt;Z<\/title>\n<meta name=\"description\" content=\"(Ti\u1ebfng Vi\u1ec7t) VPEB chia s\u1ebb m\u00f4 h\u00ecnh tr\u1ed3ng d\u01b0a l\u01b0\u1edbi trong nh\u00e0 k\u00ednh\/ nh\u00e0 m\u00e0ng th\u1ef1c t\u1ebf t\u1ea1i Farm n\u00f4ng nghi\u1ec7p VPEB GREENHOUSE v\u00e0 chuy\u1ec3n giao c\u00f4ng ngh\u1ec7, k\u1ef9 thu\u1eadt tr\u1ed3ng d\u01b0a l\u01b0\u1edbi\" \/>\n<meta name=\"robots\" content=\"index, follow, max-snippet:-1, max-image-preview:large, max-video-preview:-1\" \/>\n<link rel=\"canonical\" href=\"http:\/\/vpebgreenhouse.com\/en\/trong-dua-luoi-trong-nha-mang\/\" \/>\n<meta property=\"og:locale\" content=\"en_US\" \/>\n<meta property=\"og:type\" content=\"article\" \/>\n<meta property=\"og:title\" content=\"(Ti\u1ebfng Vi\u1ec7t) Quy tr\u00ecnh tr\u1ed3ng d\u01b0a l\u01b0\u1edbi trong Nh\u00e0 k\u00ednh\/ Nh\u00e0 m\u00e0ng &amp; Chuy\u1ec3n giao c\u00f4ng ngh\u1ec7 t\u1eeb A-&gt;Z\" \/>\n<meta property=\"og:description\" content=\"(Ti\u1ebfng Vi\u1ec7t) VPEB chia s\u1ebb m\u00f4 h\u00ecnh tr\u1ed3ng d\u01b0a l\u01b0\u1edbi trong nh\u00e0 k\u00ednh\/ nh\u00e0 m\u00e0ng th\u1ef1c t\u1ebf t\u1ea1i Farm n\u00f4ng nghi\u1ec7p VPEB GREENHOUSE v\u00e0 chuy\u1ec3n giao c\u00f4ng ngh\u1ec7, k\u1ef9 thu\u1eadt tr\u1ed3ng d\u01b0a l\u01b0\u1edbi\" \/>\n<meta property=\"og:url\" content=\"http:\/\/vpebgreenhouse.com\/en\/trong-dua-luoi-trong-nha-mang\/\" \/>\n<meta property=\"og:site_name\" content=\"NH\u00c0 M\u00c0NG, NH\u00c0 K\u00cdNH N\u00d4NG NGHI\u1ec6P C\u00d4NG NGH\u1ec6 CAO\" \/>\n<meta property=\"article:modified_time\" content=\"2019-08-16T08:03:55+00:00\" \/>\n<meta property=\"og:image\" content=\"http:\/\/vpebgreenhouse.com\/wp-content\/uploads\/2019\/08\/Giai-phap-trong-dua-luoi-tong-the-tu-a-z.jpg\" \/>\n\t<meta property=\"og:image:width\" content=\"1836\" \/>\n\t<meta property=\"og:image:height\" content=\"1224\" \/>\n\t<meta property=\"og:image:type\" content=\"image\/jpeg\" \/>\n<meta name=\"twitter:card\" content=\"summary_large_image\" \/>\n<meta name=\"twitter:label1\" content=\"Est. reading time\" \/>\n\t<meta name=\"twitter:data1\" content=\"25 minutes\" \/>\n<script type=\"application\/ld+json\" class=\"yoast-schema-graph\">{\"@context\":\"https:\/\/schema.org\",\"@graph\":[{\"@type\":\"WebPage\",\"@id\":\"http:\/\/vpebgreenhouse.com\/en\/trong-dua-luoi-trong-nha-mang\/\",\"url\":\"http:\/\/vpebgreenhouse.com\/en\/trong-dua-luoi-trong-nha-mang\/\",\"name\":\"(Ti\u1ebfng Vi\u1ec7t) Quy tr\u00ecnh tr\u1ed3ng d\u01b0a l\u01b0\u1edbi trong Nh\u00e0 k\u00ednh\/ Nh\u00e0 m\u00e0ng & Chuy\u1ec3n giao c\u00f4ng ngh\u1ec7 t\u1eeb A->Z\",\"isPartOf\":{\"@id\":\"http:\/\/vpebgreenhouse.com\/#website\"},\"primaryImageOfPage\":{\"@id\":\"http:\/\/vpebgreenhouse.com\/en\/trong-dua-luoi-trong-nha-mang\/#primaryimage\"},\"image\":{\"@id\":\"http:\/\/vpebgreenhouse.com\/en\/trong-dua-luoi-trong-nha-mang\/#primaryimage\"},\"thumbnailUrl\":\"http:\/\/vpebgreenhouse.com\/wp-content\/uploads\/2019\/08\/Giai-phap-trong-dua-luoi-tong-the-tu-a-z.jpg\",\"datePublished\":\"2019-08-15T16:44:43+00:00\",\"dateModified\":\"2019-08-16T08:03:55+00:00\",\"description\":\"(Ti\u1ebfng Vi\u1ec7t) VPEB chia s\u1ebb m\u00f4 h\u00ecnh tr\u1ed3ng d\u01b0a l\u01b0\u1edbi trong nh\u00e0 k\u00ednh\/ nh\u00e0 m\u00e0ng th\u1ef1c t\u1ebf t\u1ea1i Farm n\u00f4ng nghi\u1ec7p VPEB GREENHOUSE v\u00e0 chuy\u1ec3n giao c\u00f4ng ngh\u1ec7, k\u1ef9 thu\u1eadt tr\u1ed3ng d\u01b0a l\u01b0\u1edbi\",\"breadcrumb\":{\"@id\":\"http:\/\/vpebgreenhouse.com\/en\/trong-dua-luoi-trong-nha-mang\/#breadcrumb\"},\"inLanguage\":\"en-US\",\"potentialAction\":[{\"@type\":\"ReadAction\",\"target\":[\"http:\/\/vpebgreenhouse.com\/en\/trong-dua-luoi-trong-nha-mang\/\"]}]},{\"@type\":\"ImageObject\",\"inLanguage\":\"en-US\",\"@id\":\"http:\/\/vpebgreenhouse.com\/en\/trong-dua-luoi-trong-nha-mang\/#primaryimage\",\"url\":\"http:\/\/vpebgreenhouse.com\/wp-content\/uploads\/2019\/08\/Giai-phap-trong-dua-luoi-tong-the-tu-a-z.jpg\",\"contentUrl\":\"http:\/\/vpebgreenhouse.com\/wp-content\/uploads\/2019\/08\/Giai-phap-trong-dua-luoi-tong-the-tu-a-z.jpg\",\"width\":1836,\"height\":1224,\"caption\":\"VPEBGREENHOUSE - Gi\u1ea3i ph\u00e1p tr\u1ed3ng d\u01b0a l\u01b0\u1edbi t\u1ed5ng th\u1ec3 t\u1eeb a-z\"},{\"@type\":\"BreadcrumbList\",\"@id\":\"http:\/\/vpebgreenhouse.com\/en\/trong-dua-luoi-trong-nha-mang\/#breadcrumb\",\"itemListElement\":[{\"@type\":\"ListItem\",\"position\":1,\"name\":\"Home\",\"item\":\"http:\/\/vpebgreenhouse.com\/\"},{\"@type\":\"ListItem\",\"position\":2,\"name\":\"(Ti\u1ebfng Vi\u1ec7t) [D\u01afA L\u01af\u1edaI]- Gi\u1ea3i ph\u00e1p tr\u1ecdn g\u00f3i tr\u1ed3ng d\u01b0a l\u01b0\u1edbi trong nh\u00e0 k\u00ednh\/ nh\u00e0 m\u00e0ng t\u1eeb A->Z\"}]},{\"@type\":\"WebSite\",\"@id\":\"http:\/\/vpebgreenhouse.com\/#website\",\"url\":\"http:\/\/vpebgreenhouse.com\/\",\"name\":\"NH\u00c0 M\u00c0NG, NH\u00c0 K\u00cdNH N\u00d4NG NGHI\u1ec6P C\u00d4NG NGH\u1ec6 CAO\",\"description\":\"VPEB GREENHOUSE\",\"potentialAction\":[{\"@type\":\"SearchAction\",\"target\":{\"@type\":\"EntryPoint\",\"urlTemplate\":\"http:\/\/vpebgreenhouse.com\/?s={search_term_string}\"},\"query-input\":{\"@type\":\"PropertyValueSpecification\",\"valueRequired\":true,\"valueName\":\"search_term_string\"}}],\"inLanguage\":\"en-US\"}]}<\/script>\n<!-- \/ Yoast SEO plugin. -->","yoast_head_json":{"title":"(Ti\u1ebfng Vi\u1ec7t) Quy tr\u00ecnh tr\u1ed3ng d\u01b0a l\u01b0\u1edbi trong Nh\u00e0 k\u00ednh\/ Nh\u00e0 m\u00e0ng & Chuy\u1ec3n giao c\u00f4ng ngh\u1ec7 t\u1eeb A->Z","description":"(Ti\u1ebfng Vi\u1ec7t) VPEB chia s\u1ebb m\u00f4 h\u00ecnh tr\u1ed3ng d\u01b0a l\u01b0\u1edbi trong nh\u00e0 k\u00ednh\/ nh\u00e0 m\u00e0ng th\u1ef1c t\u1ebf t\u1ea1i Farm n\u00f4ng nghi\u1ec7p VPEB GREENHOUSE v\u00e0 chuy\u1ec3n giao c\u00f4ng ngh\u1ec7, k\u1ef9 thu\u1eadt tr\u1ed3ng d\u01b0a l\u01b0\u1edbi","robots":{"index":"index","follow":"follow","max-snippet":"max-snippet:-1","max-image-preview":"max-image-preview:large","max-video-preview":"max-video-preview:-1"},"canonical":"http:\/\/vpebgreenhouse.com\/en\/trong-dua-luoi-trong-nha-mang\/","og_locale":"en_US","og_type":"article","og_title":"(Ti\u1ebfng Vi\u1ec7t) Quy tr\u00ecnh tr\u1ed3ng d\u01b0a l\u01b0\u1edbi trong Nh\u00e0 k\u00ednh\/ Nh\u00e0 m\u00e0ng & Chuy\u1ec3n giao c\u00f4ng ngh\u1ec7 t\u1eeb A->Z","og_description":"(Ti\u1ebfng Vi\u1ec7t) VPEB chia s\u1ebb m\u00f4 h\u00ecnh tr\u1ed3ng d\u01b0a l\u01b0\u1edbi trong nh\u00e0 k\u00ednh\/ nh\u00e0 m\u00e0ng th\u1ef1c t\u1ebf t\u1ea1i Farm n\u00f4ng nghi\u1ec7p VPEB GREENHOUSE v\u00e0 chuy\u1ec3n giao c\u00f4ng ngh\u1ec7, k\u1ef9 thu\u1eadt tr\u1ed3ng d\u01b0a l\u01b0\u1edbi","og_url":"http:\/\/vpebgreenhouse.com\/en\/trong-dua-luoi-trong-nha-mang\/","og_site_name":"NH\u00c0 M\u00c0NG, NH\u00c0 K\u00cdNH N\u00d4NG NGHI\u1ec6P C\u00d4NG NGH\u1ec6 CAO","article_modified_time":"2019-08-16T08:03:55+00:00","og_image":[{"width":1836,"height":1224,"url":"http:\/\/vpebgreenhouse.com\/wp-content\/uploads\/2019\/08\/Giai-phap-trong-dua-luoi-tong-the-tu-a-z.jpg","type":"image\/jpeg"}],"twitter_card":"summary_large_image","twitter_misc":{"Est. reading time":"25 minutes"},"schema":{"@context":"https:\/\/schema.org","@graph":[{"@type":"WebPage","@id":"http:\/\/vpebgreenhouse.com\/en\/trong-dua-luoi-trong-nha-mang\/","url":"http:\/\/vpebgreenhouse.com\/en\/trong-dua-luoi-trong-nha-mang\/","name":"(Ti\u1ebfng Vi\u1ec7t) Quy tr\u00ecnh tr\u1ed3ng d\u01b0a l\u01b0\u1edbi trong Nh\u00e0 k\u00ednh\/ Nh\u00e0 m\u00e0ng & Chuy\u1ec3n giao c\u00f4ng ngh\u1ec7 t\u1eeb A->Z","isPartOf":{"@id":"http:\/\/vpebgreenhouse.com\/#website"},"primaryImageOfPage":{"@id":"http:\/\/vpebgreenhouse.com\/en\/trong-dua-luoi-trong-nha-mang\/#primaryimage"},"image":{"@id":"http:\/\/vpebgreenhouse.com\/en\/trong-dua-luoi-trong-nha-mang\/#primaryimage"},"thumbnailUrl":"http:\/\/vpebgreenhouse.com\/wp-content\/uploads\/2019\/08\/Giai-phap-trong-dua-luoi-tong-the-tu-a-z.jpg","datePublished":"2019-08-15T16:44:43+00:00","dateModified":"2019-08-16T08:03:55+00:00","description":"(Ti\u1ebfng Vi\u1ec7t) VPEB chia s\u1ebb m\u00f4 h\u00ecnh tr\u1ed3ng d\u01b0a l\u01b0\u1edbi trong nh\u00e0 k\u00ednh\/ nh\u00e0 m\u00e0ng th\u1ef1c t\u1ebf t\u1ea1i Farm n\u00f4ng nghi\u1ec7p VPEB GREENHOUSE v\u00e0 chuy\u1ec3n giao c\u00f4ng ngh\u1ec7, k\u1ef9 thu\u1eadt tr\u1ed3ng d\u01b0a l\u01b0\u1edbi","breadcrumb":{"@id":"http:\/\/vpebgreenhouse.com\/en\/trong-dua-luoi-trong-nha-mang\/#breadcrumb"},"inLanguage":"en-US","potentialAction":[{"@type":"ReadAction","target":["http:\/\/vpebgreenhouse.com\/en\/trong-dua-luoi-trong-nha-mang\/"]}]},{"@type":"ImageObject","inLanguage":"en-US","@id":"http:\/\/vpebgreenhouse.com\/en\/trong-dua-luoi-trong-nha-mang\/#primaryimage","url":"http:\/\/vpebgreenhouse.com\/wp-content\/uploads\/2019\/08\/Giai-phap-trong-dua-luoi-tong-the-tu-a-z.jpg","contentUrl":"http:\/\/vpebgreenhouse.com\/wp-content\/uploads\/2019\/08\/Giai-phap-trong-dua-luoi-tong-the-tu-a-z.jpg","width":1836,"height":1224,"caption":"VPEBGREENHOUSE - Gi\u1ea3i ph\u00e1p tr\u1ed3ng d\u01b0a l\u01b0\u1edbi t\u1ed5ng th\u1ec3 t\u1eeb a-z"},{"@type":"BreadcrumbList","@id":"http:\/\/vpebgreenhouse.com\/en\/trong-dua-luoi-trong-nha-mang\/#breadcrumb","itemListElement":[{"@type":"ListItem","position":1,"name":"Home","item":"http:\/\/vpebgreenhouse.com\/"},{"@type":"ListItem","position":2,"name":"(Ti\u1ebfng Vi\u1ec7t) [D\u01afA L\u01af\u1edaI]- Gi\u1ea3i ph\u00e1p tr\u1ecdn g\u00f3i tr\u1ed3ng d\u01b0a l\u01b0\u1edbi trong nh\u00e0 k\u00ednh\/ nh\u00e0 m\u00e0ng t\u1eeb A->Z"}]},{"@type":"WebSite","@id":"http:\/\/vpebgreenhouse.com\/#website","url":"http:\/\/vpebgreenhouse.com\/","name":"NH\u00c0 M\u00c0NG, NH\u00c0 K\u00cdNH N\u00d4NG NGHI\u1ec6P C\u00d4NG NGH\u1ec6 CAO","description":"VPEB GREENHOUSE","potentialAction":[{"@type":"SearchAction","target":{"@type":"EntryPoint","urlTemplate":"http:\/\/vpebgreenhouse.com\/?s={search_term_string}"},"query-input":{"@type":"PropertyValueSpecification","valueRequired":true,"valueName":"search_term_string"}}],"inLanguage":"en-US"}]}},"_links":{"self":[{"href":"http:\/\/vpebgreenhouse.com\/en\/wp-json\/wp\/v2\/pages\/3066","targetHints":{"allow":["GET"]}}],"collection":[{"href":"http:\/\/vpebgreenhouse.com\/en\/wp-json\/wp\/v2\/pages"}],"about":[{"href":"http:\/\/vpebgreenhouse.com\/en\/wp-json\/wp\/v2\/types\/page"}],"author":[{"embeddable":true,"href":"http:\/\/vpebgreenhouse.com\/en\/wp-json\/wp\/v2\/users\/1"}],"replies":[{"embeddable":true,"href":"http:\/\/vpebgreenhouse.com\/en\/wp-json\/wp\/v2\/comments?post=3066"}],"version-history":[{"count":16,"href":"http:\/\/vpebgreenhouse.com\/en\/wp-json\/wp\/v2\/pages\/3066\/revisions"}],"predecessor-version":[{"id":3084,"href":"http:\/\/vpebgreenhouse.com\/en\/wp-json\/wp\/v2\/pages\/3066\/revisions\/3084"}],"wp:featuredmedia":[{"embeddable":true,"href":"http:\/\/vpebgreenhouse.com\/en\/wp-json\/wp\/v2\/media\/3019"}],"wp:attachment":[{"href":"http:\/\/vpebgreenhouse.com\/en\/wp-json\/wp\/v2\/media?parent=3066"}],"curies":[{"name":"wp","href":"https:\/\/api.w.org\/{rel}","templated":true}]}}