{"id":2576,"date":"2017-10-25T14:03:53","date_gmt":"2017-10-25T14:03:53","guid":{"rendered":"http:\/\/vpebgreenhouse.com\/?page_id=2576"},"modified":"2020-06-10T09:55:14","modified_gmt":"2020-06-10T09:55:14","slug":"he-thong-tuoi-nuoc-tu-dong-thong-minh","status":"publish","type":"page","link":"http:\/\/vpebgreenhouse.com\/en\/he-thong-tuoi-nuoc-tu-dong-thong-minh\/","title":{"rendered":"Automatic and smart trip irrigation system, sprinkler irrigation system."},"content":{"rendered":"<p>[vc_row][vc_column][vc_row_inner][vc_column_inner][vc_message]VPEB GREENHOUSE desires to cooperate with the investors to become a reputable and quality supplier, with our technical, design and consultant team, we will support the customer to achieve productivity and quality as requirements.[\/vc_message][vc_message message_box_color=&#8221;orange&#8221; icon_fontawesome=&#8221;fa fa-thumbs-up&#8221;]Automatic irrigation system ensures that the plants are regularly irrigated. The plants grow well and high productivity. It also helps the investor to save water, operating time and costs.[\/vc_message][vc_message message_box_color=&#8221;blue&#8221; icon_fontawesome=&#8221;fa fa-arrows-alt&#8221;]VPEB GREENHOUSE specializes in providing irrigation systems at reasonable prices and offers high efficiency for customers, we try to solve the investment costs. The irrigation equipment is recommended for using by VPEB is to meet the criteria of the customer, such as: easy for operating, high efficiency, reasonable price, etc.[\/vc_message][vc_message message_box_color=&#8221;orange&#8221; icon_fontawesome=&#8221;fa fa-play&#8221;]In addition, the irrigation system provided by VPEB GREENHOUSE easily integrates the automatic irrigation program, labor cost savings and maintaining irrigation yield. Nutrition is planted through the irrigation system and it is suitable for different crops. These things are avoided deficiency or excess nutrients that affects productivity or leaves residues in agriculture products.[\/vc_message][\/vc_column_inner][\/vc_row_inner][\/vc_column][\/vc_row][vc_row type=&#8221;vc_default&#8221; margin_top=&#8221;60&#8243; margin_bottom=&#8221;-40&#8243;][vc_column]<div id=\"ultimate-heading-817869e215e088362\" class=\"uvc-heading ult-adjust-bottom-margin ultimate-heading-817869e215e088362 uvc-4461 accent-border-color\" data-hspacer=\"line_only\"  data-halign=\"center\" style=\"text-align:center\"><div class=\"uvc-main-heading ult-responsive\"  data-ultimate-target='.uvc-heading.ultimate-heading-817869e215e088362 h2'  data-responsive-json-new='{\"font-size\":\"desktop:30px;\",\"line-height\":\"desktop:46px;\"}' ><h2 style=\"font-weight:bold;margin-bottom:15px;\">The irrigation equipment is advised by VPEB GREENHOUSE:<\/h2><\/div><div class=\"uvc-heading-spacer line_only\" style=\"topheight:5px;\"><span class=\"uvc-headings-line\" style=\"border-style:solid;border-bottom-width:5px;border-color:;width:200px;\"><\/span><\/div><\/div>[vc_row_inner][vc_column_inner width=&#8221;1\/4&#8243;]\n<div id=\"interactive-banner-1-wrap-1302\" class=\"ult-banner-block ult-adjust-bottom-margin ult-bb-box  banner-style01 \"   style=\"\">\n\t<img decoding=\"async\" src=\"http:\/\/vpebgreenhouse.com\/wp-content\/uploads\/2017\/10\/He-thong-tuoi-nuoc-nho-giot.jpg\" alt=\"H\u1ec7 th\u1ed1ng t\u01b0\u1edbi n\u01b0\u1edbc nh\u1ecf gi\u1ecdt\">\n\t<h3  data-ultimate-target='#interactive-banner-1-wrap-1302 .bb-top-title '  data-responsive-json-new='{\"font-size\":\"\",\"line-height\":\"\"}'  class=\"title-center bb-top-title ult-responsive\" style=\"font-family:&#039;Open Sans&#039;;font-weight:bold;background:#006cb5;color:#ffffff;\">Israel drip irrigation system<\/h3>\n\t<div class=\"mask opaque-background\" style=\"background:rgba(0,0,0,0.7);\">\n\t\t<div  data-ultimate-target='#interactive-banner-1-wrap-1302 .bb-description'  data-responsive-json-new='{\"font-size\":\"\",\"line-height\":\"\"}'  class=\"bb-description ult-responsive\" style=\"font-weight:normal;color:#ffffff;\">(Drip irrigation system is imported from Netafim\/ Israel with advanced irrigation technology)<\/div>\n\t<\/div><a class=\"bb-link\" href=\"\/he-thong-tuoi-nho-giot\/\" title=\"H\u1ec7 th\u1ed1ng t\u01b0\u1edbi n\u01b0\u1edbc nh\u1ecf gi\u1ecdt\" ><\/a>\n<\/div>[\/vc_column_inner][vc_column_inner width=&#8221;1\/4&#8243;]\n<div id=\"interactive-banner-1-wrap-3754\" class=\"ult-banner-block ult-adjust-bottom-margin ult-bb-box  banner-style01 \"   style=\"\">\n\t<img decoding=\"async\" src=\"http:\/\/vpebgreenhouse.com\/wp-content\/uploads\/2017\/10\/He-thong-tuoi-phun-suong.jpg\" alt=\"H\u1ec7 th\u1ed1ng t\u01b0\u1edbi phun s\u01b0\u01a1ng\">\n\t<h3  data-ultimate-target='#interactive-banner-1-wrap-3754 .bb-top-title '  data-responsive-json-new='{\"font-size\":\"\",\"line-height\":\"\"}'  class=\"title-center bb-top-title ult-responsive\" style=\"font-family:&#039;Open Sans&#039;;font-weight:bold;background:#006cb5;color:#ffffff;\">Modern sprinkler irrigation system.<\/h3>\n\t<div class=\"mask opaque-background\" style=\"background:rgba(0,0,0,0.7);\">\n\t\t<div  data-ultimate-target='#interactive-banner-1-wrap-3754 .bb-description'  data-responsive-json-new='{\"font-size\":\"\",\"line-height\":\"\"}'  class=\"bb-description ult-responsive\" style=\"font-weight:normal;color:#ffffff;\">Modern sprinkler irrigation system.<\/div>\n\t<\/div><a class=\"bb-link\" href=\"\/he-thong-tuoi-phun-trong-nha-kinh\/\" title=\"H\u1ec7 th\u1ed1ng t\u01b0\u1edbi phun s\u01b0\u01a1ng\" ><\/a>\n<\/div>[\/vc_column_inner][vc_column_inner width=&#8221;1\/4&#8243;]\n<div id=\"interactive-banner-1-wrap-1946\" class=\"ult-banner-block ult-adjust-bottom-margin ult-bb-box  banner-style01 \"   style=\"\">\n\t<img decoding=\"async\" src=\"http:\/\/vpebgreenhouse.com\/wp-content\/uploads\/2017\/10\/Thiet-bi-loc-nuoc.jpg\" alt=\"Thi\u1ebft b\u1ecb l\u1ecdc n\u01b0\u1edbc\">\n\t<h3  data-ultimate-target='#interactive-banner-1-wrap-1946 .bb-top-title '  data-responsive-json-new='{\"font-size\":\"\",\"line-height\":\"\"}'  class=\"title-center bb-top-title ult-responsive\" style=\"font-family:&#039;Open Sans&#039;;font-weight:bold;background:#006cb5;color:#ffffff;\">Greenhouse water filter.<\/h3>\n\t<div class=\"mask opaque-background\" style=\"background:rgba(0,0,0,0.7);\">\n\t\t<div  data-ultimate-target='#interactive-banner-1-wrap-1946 .bb-description'  data-responsive-json-new='{\"font-size\":\"\",\"line-height\":\"\"}'  class=\"bb-description ult-responsive\" style=\"font-weight:normal;color:#ffffff;\">Greenhouse water filter.<\/div>\n\t<\/div><a class=\"bb-link\" href=\"\/thiet-bi-loc-nuoc-trong-nha-kinh\/\" title=\"Thi\u1ebft b\u1ecb l\u1ecdc n\u01b0\u1edbc\" ><\/a>\n<\/div>[\/vc_column_inner][vc_column_inner width=&#8221;1\/4&#8243;]\n<div id=\"interactive-banner-1-wrap-8656\" class=\"ult-banner-block ult-adjust-bottom-margin ult-bb-box  banner-style01 \"   style=\"\">\n\t<img decoding=\"async\" src=\"http:\/\/vpebgreenhouse.com\/wp-content\/uploads\/2017\/10\/Thiet-bi-dieu-khien-tuoi.jpg\" alt=\"Thi\u1ebft b\u1ecb \u0111i\u1ec1u khi\u1ec3n t\u01b0\u1edbi\">\n\t<h3  data-ultimate-target='#interactive-banner-1-wrap-8656 .bb-top-title '  data-responsive-json-new='{\"font-size\":\"\",\"line-height\":\"\"}'  class=\"title-center bb-top-title ult-responsive\" style=\"font-family:&#039;Open Sans&#039;;font-weight:bold;background:#006cb5;color:#ffffff;\">Greenhouse irrigation control &amp; monitoring equipment.<\/h3>\n\t<div class=\"mask opaque-background\" style=\"background:rgba(0,0,0,0.7);\">\n\t\t<div  data-ultimate-target='#interactive-banner-1-wrap-8656 .bb-description'  data-responsive-json-new='{\"font-size\":\"\",\"line-height\":\"\"}'  class=\"bb-description ult-responsive\" style=\"font-weight:normal;color:#ffffff;\">Greenhouse irrigation control &amp; monitoring equipment.<\/div>\n\t<\/div><a class=\"bb-link\" href=\"\/thiet-bi-dieu-khien-tuoi-tu-dong\/\" title=\"Thi\u1ebft b\u1ecb \u0111i\u1ec1u khi\u1ec3n t\u01b0\u1edbi\" ><\/a>\n<\/div>[\/vc_column_inner][\/vc_row_inner][\/vc_column][\/vc_row][vc_row bg_type=&#8221;image&#8221; parallax_style=&#8221;vcpb-default&#8221; bg_image_new=&#8221;id^2231|url^http:\/\/vpebgreenhouse.com\/wp-content\/uploads\/2016\/01\/banner-nha-kinh-vpeb-greenhouse.jpg|caption^null|alt^null|title^banner-nha-kinh-vpeb-greenhouse|description^null&#8221; bg_override=&#8221;ex-full&#8221; type=&#8221;vc_default&#8221; css=&#8221;.vc_custom_1507104241552{margin-bottom: 50px !important;padding-top: 50px !important;padding-bottom: 50px !important;}&#8221;][vc_column]<div id=\"ultimate-heading-282869e215e088688\" class=\"uvc-heading ult-adjust-bottom-margin ultimate-heading-282869e215e088688 uvc-7871 \" data-hspacer=\"no_spacer\"  data-halign=\"center\" style=\"text-align:center\"><div class=\"uvc-heading-spacer no_spacer\" style=\"top\"><\/div><div class=\"uvc-main-heading ult-responsive\"  data-ultimate-target='.uvc-heading.ultimate-heading-282869e215e088688 h2'  data-responsive-json-new='{\"font-size\":\"desktop:30px;tablet_portrait:20px;\",\"line-height\":\"desktop:46px;tablet_portrait:26px;\"}' ><h2 style=\"font-family:&#039;Open Sans Condensed&#039;;font-weight:700;color:#ffffff;margin-bottom:10px;\">VPEB GREENHOUSE CONTACT!<\/h2><\/div><div class=\"uvc-sub-heading ult-responsive\"  data-ultimate-target='.uvc-heading.ultimate-heading-282869e215e088688 .uvc-sub-heading '  data-responsive-json-new='{\"font-size\":\"desktop:40px;tablet_portrait:40px;\",\"line-height\":\"desktop:50px;tablet_portrait:46px;\"}'  style=\"font-family:&#039;Open Sans Condensed&#039;;font-weight:700;color:#ffffff;\">Hotline: 0934108899<\/div><\/div><div id=\"ultimate-heading-222769e215e0886cb\" class=\"uvc-heading ult-adjust-bottom-margin ultimate-heading-222769e215e0886cb uvc-4963 \" data-hspacer=\"no_spacer\"  data-halign=\"center\" style=\"text-align:center\"><div class=\"uvc-heading-spacer no_spacer\" style=\"top\"><\/div><div class=\"uvc-sub-heading ult-responsive\"  data-ultimate-target='.uvc-heading.ultimate-heading-222769e215e0886cb .uvc-sub-heading '  data-responsive-json-new='{\"font-size\":\"desktop:25px;tablet_portrait:20px;\",\"line-height\":\"desktop:30px;tablet_portrait:30px;\"}'  style=\"font-family:&#039;Open Sans Condensed&#039;;font-weight:normal;font-style:normal;color:#ffffff;margin-top:10px;\"><\/p>\n<div id=\"ultimate-heading-14395aeea975cbabc\" class=\"uvc-heading ult-adjust-bottom-margin ultimate-heading-14395aeea975cbabc uvc-9518 \" data-hspacer=\"no_spacer\" data-halign=\"center\">\n<div class=\"uvc-sub-heading ult-responsive\" data-ultimate-target=\".uvc-heading.ultimate-heading-14395aeea975cbabc .uvc-sub-heading \" data-responsive-json-new=\"{&quot;font-size&quot;:&quot;desktop:25px;tablet_portrait:20px;&quot;,&quot;line-height&quot;:&quot;desktop:30px;tablet_portrait:30px;&quot;}\">Head office in Ho Chi Minh: 4, D5 Street, Nam Long Area, Phuoc Long B Ward, District 9, HCMC<\/div>\n<div class=\"uvc-sub-heading ult-responsive\" data-ultimate-target=\".uvc-heading.ultimate-heading-14395aeea975cbabc .uvc-sub-heading \" data-responsive-json-new=\"{&quot;font-size&quot;:&quot;desktop:25px;tablet_portrait:20px;&quot;,&quot;line-height&quot;:&quot;desktop:30px;tablet_portrait:30px;&quot;}\">\n<p>Office in Da Lat: 322, Hai Ba Trung Street, Ward 6, Da Lat City, Lam Dong.<\/p>\n<\/div>\n<\/div>\n<p><\/div><\/div><div class=\"btn-align-center\"><a href=\"\/contact\" class=\"default-btn-shortcode dt-btn dt-btn-l  vc_custom_1525591249902\" id=\"default-btn-2\" style=\"width:400px;\"><span>Send request<\/span><\/a><\/div>[\/vc_column][\/vc_row]<\/p>","protected":false},"excerpt":{"rendered":"<p>[vc_row][vc_column][vc_row_inner][vc_column_inner][vc_message]VPEB GREENHOUSE desires to cooperate with the investors to become a reputable and quality supplier, with our technical, design and consultant team, we will support the customer to achieve productivity and quality as requirements.[\/vc_message][vc_message message_box_color=&#8221;orange&#8221; icon_fontawesome=&#8221;fa fa-thumbs-up&#8221;]Automatic irrigation system ensures that the plants are regularly irrigated. The plants grow well and high productivity. It also&hellip;<\/p>\n","protected":false},"author":1,"featured_media":0,"parent":0,"menu_order":0,"comment_status":"closed","ping_status":"closed","template":"","meta":[],"class_list":["post-2576","page","type-page","status-publish","hentry","description-off"],"yoast_head":"<!-- This site is optimized with the Yoast SEO plugin v23.8 - https:\/\/yoast.com\/wordpress\/plugins\/seo\/ -->\n<title>Cung c\u1ea5p h\u1ec7 th\u1ed1ng t\u01b0\u1edbi n\u01b0\u1edbc nh\u1ecf gi\u1ecdt, t\u01b0\u1edbi phun s\u01b0\u01a1ng, t\u01b0\u1edbi t\u1ef1 \u0111\u1ed9ng<\/title>\n<meta name=\"description\" content=\"Chuy\u00ean cung c\u1ea5p h\u1ec7 th\u1ed1ng t\u01b0\u1edbi cho nh\u00e0 k\u00ednh n\u00f4ng nghi\u1ec7p, h\u1ec7 th\u1ed1ng t\u01b0\u1edbi n\u01b0\u1edbc nh\u1ecf gi\u1ecdt, h\u1ec7 th\u1ed1ng t\u01b0\u1edbi phun s\u01b0\u01a1ng, h\u1ec7 th\u1ed1ng t\u01b0\u1edbi n\u01b0\u1edbc t\u1ef1 \u0111\u1ed9ng th\u00f4ng minh\" \/>\n<meta name=\"robots\" content=\"index, follow, max-snippet:-1, max-image-preview:large, max-video-preview:-1\" \/>\n<link rel=\"canonical\" href=\"http:\/\/vpebgreenhouse.com\/he-thong-tuoi-nuoc-tu-dong-thong-minh\/\" \/>\n<meta property=\"og:locale\" content=\"en_US\" \/>\n<meta property=\"og:type\" content=\"article\" \/>\n<meta property=\"og:title\" content=\"Cung c\u1ea5p h\u1ec7 th\u1ed1ng t\u01b0\u1edbi n\u01b0\u1edbc nh\u1ecf gi\u1ecdt, t\u01b0\u1edbi phun s\u01b0\u01a1ng, t\u01b0\u1edbi t\u1ef1 \u0111\u1ed9ng\" \/>\n<meta property=\"og:description\" content=\"Chuy\u00ean cung c\u1ea5p h\u1ec7 th\u1ed1ng t\u01b0\u1edbi cho nh\u00e0 k\u00ednh n\u00f4ng nghi\u1ec7p, h\u1ec7 th\u1ed1ng t\u01b0\u1edbi n\u01b0\u1edbc nh\u1ecf gi\u1ecdt, h\u1ec7 th\u1ed1ng t\u01b0\u1edbi phun s\u01b0\u01a1ng, h\u1ec7 th\u1ed1ng t\u01b0\u1edbi n\u01b0\u1edbc t\u1ef1 \u0111\u1ed9ng th\u00f4ng minh\" \/>\n<meta property=\"og:url\" content=\"http:\/\/vpebgreenhouse.com\/he-thong-tuoi-nuoc-tu-dong-thong-minh\/\" \/>\n<meta property=\"og:site_name\" content=\"NH\u00c0 M\u00c0NG, NH\u00c0 K\u00cdNH N\u00d4NG NGHI\u1ec6P C\u00d4NG NGH\u1ec6 CAO\" \/>\n<meta property=\"article:modified_time\" content=\"2020-06-10T09:55:14+00:00\" \/>\n<meta name=\"twitter:card\" content=\"summary_large_image\" \/>\n<meta name=\"twitter:label1\" content=\"Est. reading time\" \/>\n\t<meta name=\"twitter:data1\" content=\"13 minutes\" \/>\n<script type=\"application\/ld+json\" class=\"yoast-schema-graph\">{\"@context\":\"https:\/\/schema.org\",\"@graph\":[{\"@type\":\"WebPage\",\"@id\":\"http:\/\/vpebgreenhouse.com\/he-thong-tuoi-nuoc-tu-dong-thong-minh\/\",\"url\":\"http:\/\/vpebgreenhouse.com\/he-thong-tuoi-nuoc-tu-dong-thong-minh\/\",\"name\":\"Cung c\u1ea5p h\u1ec7 th\u1ed1ng t\u01b0\u1edbi n\u01b0\u1edbc nh\u1ecf gi\u1ecdt, t\u01b0\u1edbi phun s\u01b0\u01a1ng, t\u01b0\u1edbi t\u1ef1 \u0111\u1ed9ng\",\"isPartOf\":{\"@id\":\"http:\/\/vpebgreenhouse.com\/#website\"},\"datePublished\":\"2017-10-25T14:03:53+00:00\",\"dateModified\":\"2020-06-10T09:55:14+00:00\",\"description\":\"Chuy\u00ean cung c\u1ea5p h\u1ec7 th\u1ed1ng t\u01b0\u1edbi cho nh\u00e0 k\u00ednh n\u00f4ng nghi\u1ec7p, h\u1ec7 th\u1ed1ng t\u01b0\u1edbi n\u01b0\u1edbc nh\u1ecf gi\u1ecdt, h\u1ec7 th\u1ed1ng t\u01b0\u1edbi phun s\u01b0\u01a1ng, h\u1ec7 th\u1ed1ng t\u01b0\u1edbi n\u01b0\u1edbc t\u1ef1 \u0111\u1ed9ng th\u00f4ng minh\",\"breadcrumb\":{\"@id\":\"http:\/\/vpebgreenhouse.com\/he-thong-tuoi-nuoc-tu-dong-thong-minh\/#breadcrumb\"},\"inLanguage\":\"en-US\",\"potentialAction\":[{\"@type\":\"ReadAction\",\"target\":[\"http:\/\/vpebgreenhouse.com\/he-thong-tuoi-nuoc-tu-dong-thong-minh\/\"]}]},{\"@type\":\"BreadcrumbList\",\"@id\":\"http:\/\/vpebgreenhouse.com\/he-thong-tuoi-nuoc-tu-dong-thong-minh\/#breadcrumb\",\"itemListElement\":[{\"@type\":\"ListItem\",\"position\":1,\"name\":\"Home\",\"item\":\"http:\/\/vpebgreenhouse.com\/\"},{\"@type\":\"ListItem\",\"position\":2,\"name\":\"H\u1ec7 th\u1ed1ng t\u01b0\u1edbi n\u01b0\u1edbc nh\u1ecf gi\u1ecdt, phun s\u01b0\u01a1ng, phun m\u01b0a t\u1ef1 \u0111\u1ed9ng th\u00f4ng minh\"}]},{\"@type\":\"WebSite\",\"@id\":\"http:\/\/vpebgreenhouse.com\/#website\",\"url\":\"http:\/\/vpebgreenhouse.com\/\",\"name\":\"NH\u00c0 M\u00c0NG, NH\u00c0 K\u00cdNH N\u00d4NG NGHI\u1ec6P C\u00d4NG NGH\u1ec6 CAO\",\"description\":\"VPEB GREENHOUSE\",\"potentialAction\":[{\"@type\":\"SearchAction\",\"target\":{\"@type\":\"EntryPoint\",\"urlTemplate\":\"http:\/\/vpebgreenhouse.com\/?s={search_term_string}\"},\"query-input\":{\"@type\":\"PropertyValueSpecification\",\"valueRequired\":true,\"valueName\":\"search_term_string\"}}],\"inLanguage\":\"en-US\"}]}<\/script>\n<!-- \/ Yoast SEO plugin. -->","yoast_head_json":{"title":"Cung c\u1ea5p h\u1ec7 th\u1ed1ng t\u01b0\u1edbi n\u01b0\u1edbc nh\u1ecf gi\u1ecdt, t\u01b0\u1edbi phun s\u01b0\u01a1ng, t\u01b0\u1edbi t\u1ef1 \u0111\u1ed9ng","description":"Chuy\u00ean cung c\u1ea5p h\u1ec7 th\u1ed1ng t\u01b0\u1edbi cho nh\u00e0 k\u00ednh n\u00f4ng nghi\u1ec7p, h\u1ec7 th\u1ed1ng t\u01b0\u1edbi n\u01b0\u1edbc nh\u1ecf gi\u1ecdt, h\u1ec7 th\u1ed1ng t\u01b0\u1edbi phun s\u01b0\u01a1ng, h\u1ec7 th\u1ed1ng t\u01b0\u1edbi n\u01b0\u1edbc t\u1ef1 \u0111\u1ed9ng th\u00f4ng minh","robots":{"index":"index","follow":"follow","max-snippet":"max-snippet:-1","max-image-preview":"max-image-preview:large","max-video-preview":"max-video-preview:-1"},"canonical":"http:\/\/vpebgreenhouse.com\/he-thong-tuoi-nuoc-tu-dong-thong-minh\/","og_locale":"en_US","og_type":"article","og_title":"Cung c\u1ea5p h\u1ec7 th\u1ed1ng t\u01b0\u1edbi n\u01b0\u1edbc nh\u1ecf gi\u1ecdt, t\u01b0\u1edbi phun s\u01b0\u01a1ng, t\u01b0\u1edbi t\u1ef1 \u0111\u1ed9ng","og_description":"Chuy\u00ean cung c\u1ea5p h\u1ec7 th\u1ed1ng t\u01b0\u1edbi cho nh\u00e0 k\u00ednh n\u00f4ng nghi\u1ec7p, h\u1ec7 th\u1ed1ng t\u01b0\u1edbi n\u01b0\u1edbc nh\u1ecf gi\u1ecdt, h\u1ec7 th\u1ed1ng t\u01b0\u1edbi phun s\u01b0\u01a1ng, h\u1ec7 th\u1ed1ng t\u01b0\u1edbi n\u01b0\u1edbc t\u1ef1 \u0111\u1ed9ng th\u00f4ng minh","og_url":"http:\/\/vpebgreenhouse.com\/he-thong-tuoi-nuoc-tu-dong-thong-minh\/","og_site_name":"NH\u00c0 M\u00c0NG, NH\u00c0 K\u00cdNH N\u00d4NG NGHI\u1ec6P C\u00d4NG NGH\u1ec6 CAO","article_modified_time":"2020-06-10T09:55:14+00:00","twitter_card":"summary_large_image","twitter_misc":{"Est. reading time":"13 minutes"},"schema":{"@context":"https:\/\/schema.org","@graph":[{"@type":"WebPage","@id":"http:\/\/vpebgreenhouse.com\/he-thong-tuoi-nuoc-tu-dong-thong-minh\/","url":"http:\/\/vpebgreenhouse.com\/he-thong-tuoi-nuoc-tu-dong-thong-minh\/","name":"Cung c\u1ea5p h\u1ec7 th\u1ed1ng t\u01b0\u1edbi n\u01b0\u1edbc nh\u1ecf gi\u1ecdt, t\u01b0\u1edbi phun s\u01b0\u01a1ng, t\u01b0\u1edbi t\u1ef1 \u0111\u1ed9ng","isPartOf":{"@id":"http:\/\/vpebgreenhouse.com\/#website"},"datePublished":"2017-10-25T14:03:53+00:00","dateModified":"2020-06-10T09:55:14+00:00","description":"Chuy\u00ean cung c\u1ea5p h\u1ec7 th\u1ed1ng t\u01b0\u1edbi cho nh\u00e0 k\u00ednh n\u00f4ng nghi\u1ec7p, h\u1ec7 th\u1ed1ng t\u01b0\u1edbi n\u01b0\u1edbc nh\u1ecf gi\u1ecdt, h\u1ec7 th\u1ed1ng t\u01b0\u1edbi phun s\u01b0\u01a1ng, h\u1ec7 th\u1ed1ng t\u01b0\u1edbi n\u01b0\u1edbc t\u1ef1 \u0111\u1ed9ng th\u00f4ng minh","breadcrumb":{"@id":"http:\/\/vpebgreenhouse.com\/he-thong-tuoi-nuoc-tu-dong-thong-minh\/#breadcrumb"},"inLanguage":"en-US","potentialAction":[{"@type":"ReadAction","target":["http:\/\/vpebgreenhouse.com\/he-thong-tuoi-nuoc-tu-dong-thong-minh\/"]}]},{"@type":"BreadcrumbList","@id":"http:\/\/vpebgreenhouse.com\/he-thong-tuoi-nuoc-tu-dong-thong-minh\/#breadcrumb","itemListElement":[{"@type":"ListItem","position":1,"name":"Home","item":"http:\/\/vpebgreenhouse.com\/"},{"@type":"ListItem","position":2,"name":"H\u1ec7 th\u1ed1ng t\u01b0\u1edbi n\u01b0\u1edbc nh\u1ecf gi\u1ecdt, phun s\u01b0\u01a1ng, phun m\u01b0a t\u1ef1 \u0111\u1ed9ng th\u00f4ng minh"}]},{"@type":"WebSite","@id":"http:\/\/vpebgreenhouse.com\/#website","url":"http:\/\/vpebgreenhouse.com\/","name":"NH\u00c0 M\u00c0NG, NH\u00c0 K\u00cdNH N\u00d4NG NGHI\u1ec6P C\u00d4NG NGH\u1ec6 CAO","description":"VPEB GREENHOUSE","potentialAction":[{"@type":"SearchAction","target":{"@type":"EntryPoint","urlTemplate":"http:\/\/vpebgreenhouse.com\/?s={search_term_string}"},"query-input":{"@type":"PropertyValueSpecification","valueRequired":true,"valueName":"search_term_string"}}],"inLanguage":"en-US"}]}},"_links":{"self":[{"href":"http:\/\/vpebgreenhouse.com\/en\/wp-json\/wp\/v2\/pages\/2576","targetHints":{"allow":["GET"]}}],"collection":[{"href":"http:\/\/vpebgreenhouse.com\/en\/wp-json\/wp\/v2\/pages"}],"about":[{"href":"http:\/\/vpebgreenhouse.com\/en\/wp-json\/wp\/v2\/types\/page"}],"author":[{"embeddable":true,"href":"http:\/\/vpebgreenhouse.com\/en\/wp-json\/wp\/v2\/users\/1"}],"replies":[{"embeddable":true,"href":"http:\/\/vpebgreenhouse.com\/en\/wp-json\/wp\/v2\/comments?post=2576"}],"version-history":[{"count":12,"href":"http:\/\/vpebgreenhouse.com\/en\/wp-json\/wp\/v2\/pages\/2576\/revisions"}],"predecessor-version":[{"id":3169,"href":"http:\/\/vpebgreenhouse.com\/en\/wp-json\/wp\/v2\/pages\/2576\/revisions\/3169"}],"wp:attachment":[{"href":"http:\/\/vpebgreenhouse.com\/en\/wp-json\/wp\/v2\/media?parent=2576"}],"curies":[{"name":"wp","href":"https:\/\/api.w.org\/{rel}","templated":true}]}}