{"id":2556,"date":"2017-10-20T17:36:57","date_gmt":"2017-10-20T17:36:57","guid":{"rendered":"http:\/\/vpebgreenhouse.com\/?page_id=2556"},"modified":"2020-06-10T09:42:14","modified_gmt":"2020-06-10T09:42:14","slug":"vat-tu-nha-kinh","status":"publish","type":"page","link":"http:\/\/vpebgreenhouse.com\/en\/vat-tu-nha-kinh\/","title":{"rendered":"Providing greenhouse materials"},"content":{"rendered":"<p>[vc_row][vc_column][vc_row_inner][vc_column_inner][vc_message]With experiences in building many greenhouse from the hundreds of hectares to the small projects, VPEB GREENHOUSE only uses greenhouse materials which is provided by our reputable suppliers include domestic and international providers.[\/vc_message][vc_message message_box_color=&#8221;orange&#8221; icon_fontawesome=&#8221;fa fa-thumbs-up&#8221;]With a diverse product catalogue and the products are updated every day, we believe that VPEB GREENHOUSE customers will have more opportunities to access and use an advanced technology and high quality product with the most reasonable price.[\/vc_message][vc_message message_box_color=&#8221;blue&#8221; icon_fontawesome=&#8221;fa fa-arrows-alt&#8221;]As a professional greenhouse construction company, we understand the difficulties in selecting reputable material suppliers when the customer need to build greenhouse. Price and quality are the first things to consider. Therefore, VPEB always import directly raw materials and the products are processed at our factory. We not only control the price but also control the product quality, especially in products have related to steel structure (spare part, single U-channel, gutter, etc.)<\/p>\n<p>Furthermore, VPEB GREENHOUSE also offers package materials that makes it easy to install for customers.[\/vc_message][vc_message message_box_color=&#8221;orange&#8221; icon_fontawesome=&#8221;fa fa-thumbs-up&#8221;]Selecting greenhouse materials of VPEB GREENHOUSE is to choose the quality and reasonable price products.[\/vc_message][\/vc_column_inner][\/vc_row_inner][\/vc_column][\/vc_row][vc_row type=&#8221;vc_default&#8221; margin_top=&#8221;60&#8243; margin_bottom=&#8221;-40&#8243;][vc_column]<div id=\"ultimate-heading-989669e3562c841ff\" class=\"uvc-heading ult-adjust-bottom-margin ultimate-heading-989669e3562c841ff uvc-9150 accent-border-color\" data-hspacer=\"line_only\"  data-halign=\"center\" style=\"text-align:center\"><div class=\"uvc-main-heading ult-responsive\"  data-ultimate-target='.uvc-heading.ultimate-heading-989669e3562c841ff h2'  data-responsive-json-new='{\"font-size\":\"desktop:30px;\",\"line-height\":\"desktop:46px;\"}' ><h2 style=\"font-weight:bold;margin-bottom:15px;\">Product catalogue<\/h2><\/div><div class=\"uvc-heading-spacer line_only\" style=\"topheight:5px;\"><span class=\"uvc-headings-line\" style=\"border-style:solid;border-bottom-width:5px;border-color:;width:200px;\"><\/span><\/div><\/div>[vc_row_inner][vc_column_inner width=&#8221;1\/3&#8243;]\n<div id=\"interactive-banner-1-wrap-3539\" class=\"ult-banner-block ult-adjust-bottom-margin ult-bb-box  banner-style01 \"   style=\"\">\n\t<img decoding=\"async\" src=\"http:\/\/vpebgreenhouse.com\/wp-content\/uploads\/2017\/10\/Mang-phu-nha-kinh-nong-nghiep.jpg\" alt=\"M\u00e0ng che ph\u1ee7 nh\u00e0 k\u00ednh\">\n\t<h3  data-ultimate-target='#interactive-banner-1-wrap-3539 .bb-top-title '  data-responsive-json-new='{\"font-size\":\"\",\"line-height\":\"\"}'  class=\"title-center bb-top-title ult-responsive\" style=\"font-family:&#039;Open Sans&#039;;font-weight:bold;background:#006cb5;color:#ffffff;\">Greenhouse cover film<\/h3>\n\t<div class=\"mask opaque-background\" style=\"background:rgba(0,0,0,0.7);\">\n\t\t<div  data-ultimate-target='#interactive-banner-1-wrap-3539 .bb-description'  data-responsive-json-new='{\"font-size\":\"\",\"line-height\":\"\"}'  class=\"bb-description ult-responsive\" style=\"font-weight:normal;color:#ffffff;\">Greenhouse cover film<\/div>\n\t<\/div><a class=\"bb-link\" href=\"\/mang-phu-nha-kinh\/\" title=\"M\u00e0nh che ph\u1ee7 nh\u00e0 k\u00ednh\" ><\/a>\n<\/div>[\/vc_column_inner][vc_column_inner width=&#8221;1\/3&#8243;]\n<div id=\"interactive-banner-1-wrap-3405\" class=\"ult-banner-block ult-adjust-bottom-margin ult-bb-box  banner-style01 \"   style=\"\">\n\t<img decoding=\"async\" src=\"http:\/\/vpebgreenhouse.com\/wp-content\/uploads\/2017\/10\/Mang-xoi-nha-kinh-nong-nghiep.jpg\" alt=\"M\u00e1ng x\u1ed1i - M\u00e1ng n\u01b0\u1edbc s\u1eed d\u1ee5ng trong nh\u00e0 k\u00ednh\">\n\t<h3  data-ultimate-target='#interactive-banner-1-wrap-3405 .bb-top-title '  data-responsive-json-new='{\"font-size\":\"\",\"line-height\":\"\"}'  class=\"title-center bb-top-title ult-responsive\" style=\"font-family:&#039;Open Sans&#039;;font-weight:bold;background:#006cb5;color:#ffffff;\">Gutter <\/h3>\n\t<div class=\"mask opaque-background\" style=\"background:rgba(0,0,0,0.7);\">\n\t\t<div  data-ultimate-target='#interactive-banner-1-wrap-3405 .bb-description'  data-responsive-json-new='{\"font-size\":\"\",\"line-height\":\"\"}'  class=\"bb-description ult-responsive\" style=\"font-weight:normal;color:#ffffff;\">Gutter <\/div>\n\t<\/div><a class=\"bb-link\" href=\"\/mang-xoi-mang-nuoc\/\" title=\"M\u00e1ng x\u1ed1i - M\u00e1ng n\u01b0\u1edbc\" ><\/a>\n<\/div>[\/vc_column_inner][vc_column_inner width=&#8221;1\/3&#8243;]\n<div id=\"interactive-banner-1-wrap-5869\" class=\"ult-banner-block ult-adjust-bottom-margin ult-bb-box  banner-style01 \"   style=\"\">\n\t<img decoding=\"async\" src=\"http:\/\/vpebgreenhouse.com\/wp-content\/uploads\/2017\/10\/Luoi-chan-con-trung-nha-kinh.jpg\" alt=\"L\u01b0\u1edbi ch\u1eafn c\u00f4n tr\u00f9ng nh\u00e0 k\u00ednh\">\n\t<h3  data-ultimate-target='#interactive-banner-1-wrap-5869 .bb-top-title '  data-responsive-json-new='{\"font-size\":\"\",\"line-height\":\"\"}'  class=\"title-center bb-top-title ult-responsive\" style=\"font-family:&#039;Open Sans&#039;;font-weight:bold;background:#006cb5;color:#ffffff;\">Anti-insect net\/screens<\/h3>\n\t<div class=\"mask opaque-background\" style=\"background:rgba(0,0,0,0.7);\">\n\t\t<div  data-ultimate-target='#interactive-banner-1-wrap-5869 .bb-description'  data-responsive-json-new='{\"font-size\":\"\",\"line-height\":\"\"}'  class=\"bb-description ult-responsive\" style=\"font-weight:normal;color:#ffffff;\">Anti-insect net\/screens<\/div>\n\t<\/div><a class=\"bb-link\" href=\"\/luoi-chan-con-trung-nha-kinh\/\" title=\"L\u01b0\u1edbi ch\u1eafn c\u00f4n tr\u00f9ng nh\u00e0 k\u00ednh\" ><\/a>\n<\/div>[\/vc_column_inner][\/vc_row_inner][vc_row_inner][vc_column_inner width=&#8221;1\/3&#8243;]\n<div id=\"interactive-banner-1-wrap-2951\" class=\"ult-banner-block ult-adjust-bottom-margin ult-bb-box  banner-style01 \"   style=\"\">\n\t<img decoding=\"async\" src=\"http:\/\/vpebgreenhouse.com\/wp-content\/uploads\/2017\/10\/Ong-thoat-nuoc.jpg\" alt=\"\u1ed0ng nh\u1ef1a c\u1ea5p tho\u00e1t n\u01b0\u1edbc nh\u00e0 k\u00ednh n\u00f4ng nghi\u1ec7p\">\n\t<h3  data-ultimate-target='#interactive-banner-1-wrap-2951 .bb-top-title '  data-responsive-json-new='{\"font-size\":\"\",\"line-height\":\"\"}'  class=\"title-center bb-top-title ult-responsive\" style=\"font-family:&#039;Open Sans&#039;;font-weight:bold;background:#006cb5;color:#ffffff;\">PVC casing pipe<\/h3>\n\t<div class=\"mask opaque-background\" style=\"background:rgba(0,0,0,0.7);\">\n\t\t<div  data-ultimate-target='#interactive-banner-1-wrap-2951 .bb-description'  data-responsive-json-new='{\"font-size\":\"\",\"line-height\":\"\"}'  class=\"bb-description ult-responsive\" style=\"font-weight:normal;color:#ffffff;\">PVC casing pipe<\/div>\n\t<\/div><a class=\"bb-link\" href=\"\/ong-nhua-thoat-nuoc-pvc-trong-nha-kinh\/\" title=\"\u1ed0ng nh\u1ef1a c\u1ea5p tho\u00e1t n\u01b0\u1edbc nh\u00e0 k\u00ednh n\u00f4ng nghi\u1ec7p\" ><\/a>\n<\/div>[\/vc_column_inner][vc_column_inner width=&#8221;1\/3&#8243;]\n<div id=\"interactive-banner-1-wrap-8126\" class=\"ult-banner-block ult-adjust-bottom-margin ult-bb-box  banner-style01 \"   style=\"\">\n\t<img decoding=\"async\" src=\"http:\/\/vpebgreenhouse.com\/wp-content\/uploads\/2017\/10\/Thep-ong-cac-loai.jpg\" alt=\"Th\u00e9p \u1ed1ng s\u1eed d\u1ee5ng l\u00e0m nh\u00e0 k\u00ednh\">\n\t<h3  data-ultimate-target='#interactive-banner-1-wrap-8126 .bb-top-title '  data-responsive-json-new='{\"font-size\":\"\",\"line-height\":\"\"}'  class=\"title-center bb-top-title ult-responsive\" style=\"font-family:&#039;Open Sans&#039;;font-weight:bold;background:#006cb5;color:#ffffff;\">Galvanized steel pipe<\/h3>\n\t<div class=\"mask opaque-background\" style=\"background:rgba(0,0,0,0.7);\">\n\t\t<div  data-ultimate-target='#interactive-banner-1-wrap-8126 .bb-description'  data-responsive-json-new='{\"font-size\":\"\",\"line-height\":\"\"}'  class=\"bb-description ult-responsive\" style=\"font-weight:normal;color:#ffffff;\">Galvanized steel pipe<\/div>\n\t<\/div><a class=\"bb-link\" href=\"\/thep-ong-cac-loai\/\" title=\"Th\u00e9p \u1ed1ng s\u1eed d\u1ee5ng l\u00e0m nh\u00e0 k\u00ednh\" ><\/a>\n<\/div>[\/vc_column_inner][vc_column_inner width=&#8221;1\/3&#8243;]\n<div id=\"interactive-banner-1-wrap-2942\" class=\"ult-banner-block ult-adjust-bottom-margin ult-bb-box  banner-style01 \"   style=\"\">\n\t<img decoding=\"async\" src=\"http:\/\/vpebgreenhouse.com\/wp-content\/uploads\/2017\/10\/Vat-tu-phu-nha-kinh.jpg\" alt=\"V\u1eadt t\u01b0 ph\u1ee5 nh\u00e0 k\u00ednh\">\n\t<h3  data-ultimate-target='#interactive-banner-1-wrap-2942 .bb-top-title '  data-responsive-json-new='{\"font-size\":\"\",\"line-height\":\"\"}'  class=\"title-center bb-top-title ult-responsive\" style=\"font-family:&#039;Open Sans&#039;;font-weight:bold;background:#006cb5;color:#ffffff;\">Greenhouse accessories<\/h3>\n\t<div class=\"mask opaque-background\" style=\"background:rgba(0,0,0,0.7);\">\n\t\t<div  data-ultimate-target='#interactive-banner-1-wrap-2942 .bb-description'  data-responsive-json-new='{\"font-size\":\"\",\"line-height\":\"\"}'  class=\"bb-description ult-responsive\" style=\"font-weight:normal;color:#ffffff;\">Greenhouse accessories<\/div>\n\t<\/div><a class=\"bb-link\" href=\"\/vat-tu-phu-nha-kinh\/\" title=\"V\u1eadt t\u01b0 ph\u1ee5 nh\u00e0 k\u00ednh\" ><\/a>\n<\/div>[\/vc_column_inner][\/vc_row_inner][\/vc_column][\/vc_row][vc_row bg_type=&#8221;image&#8221; parallax_style=&#8221;vcpb-default&#8221; bg_image_new=&#8221;id^2231|url^http:\/\/vpebgreenhouse.com\/wp-content\/uploads\/2016\/01\/banner-nha-kinh-vpeb-greenhouse.jpg|caption^null|alt^null|title^banner-nha-kinh-vpeb-greenhouse|description^null&#8221; bg_override=&#8221;ex-full&#8221; type=&#8221;vc_default&#8221; css=&#8221;.vc_custom_1507104241552{margin-bottom: 50px !important;padding-top: 50px !important;padding-bottom: 50px !important;}&#8221;][vc_column]<div id=\"ultimate-heading-993469e3562c84842\" class=\"uvc-heading ult-adjust-bottom-margin ultimate-heading-993469e3562c84842 uvc-7408 \" data-hspacer=\"no_spacer\"  data-halign=\"center\" style=\"text-align:center\"><div class=\"uvc-heading-spacer no_spacer\" style=\"top\"><\/div><div class=\"uvc-main-heading ult-responsive\"  data-ultimate-target='.uvc-heading.ultimate-heading-993469e3562c84842 h2'  data-responsive-json-new='{\"font-size\":\"desktop:30px;tablet_portrait:20px;\",\"line-height\":\"desktop:46px;tablet_portrait:26px;\"}' ><h2 style=\"font-family:&#039;Open Sans Condensed&#039;;font-weight:700;color:#ffffff;margin-bottom:10px;\">VPEB GREENHOUSE CONTACT!<\/h2><\/div><div class=\"uvc-sub-heading ult-responsive\"  data-ultimate-target='.uvc-heading.ultimate-heading-993469e3562c84842 .uvc-sub-heading '  data-responsive-json-new='{\"font-size\":\"desktop:40px;tablet_portrait:40px;\",\"line-height\":\"desktop:50px;tablet_portrait:46px;\"}'  style=\"font-family:&#039;Open Sans Condensed&#039;;font-weight:700;color:#ffffff;\">Hotline: 0934108899<\/div><\/div><div id=\"ultimate-heading-663469e3562c848bf\" class=\"uvc-heading ult-adjust-bottom-margin ultimate-heading-663469e3562c848bf uvc-5549 \" data-hspacer=\"no_spacer\"  data-halign=\"center\" style=\"text-align:center\"><div class=\"uvc-heading-spacer no_spacer\" style=\"top\"><\/div><div class=\"uvc-sub-heading ult-responsive\"  data-ultimate-target='.uvc-heading.ultimate-heading-663469e3562c848bf .uvc-sub-heading '  data-responsive-json-new='{\"font-size\":\"desktop:25px;tablet_portrait:20px;\",\"line-height\":\"desktop:30px;tablet_portrait:30px;\"}'  style=\"font-family:&#039;Open Sans Condensed&#039;;font-weight:normal;font-style:normal;color:#ffffff;margin-top:10px;\"><\/p>\n<div id=\"ultimate-heading-14395aeea975cbabc\" class=\"uvc-heading ult-adjust-bottom-margin ultimate-heading-14395aeea975cbabc uvc-9518 \" data-hspacer=\"no_spacer\" data-halign=\"center\">\n<div class=\"uvc-sub-heading ult-responsive\" data-ultimate-target=\".uvc-heading.ultimate-heading-14395aeea975cbabc .uvc-sub-heading \" data-responsive-json-new=\"{&quot;font-size&quot;:&quot;desktop:25px;tablet_portrait:20px;&quot;,&quot;line-height&quot;:&quot;desktop:30px;tablet_portrait:30px;&quot;}\">\n<p>Head office in Ho Chi Minh: 4, D5 Street, Nam Long Area, Phuoc Long B Ward, District 9, HCMC<\/p>\n<p>Office in Da Lat: 322, Hai Ba Trung Street, Ward 6, Da Lat City, Lam Dong.<\/p>\n<\/div>\n<\/div>\n<p><\/div><\/div><div class=\"btn-align-center\"><a href=\"\/contact\" class=\"default-btn-shortcode dt-btn dt-btn-l  vc_custom_1525590449402\" id=\"default-btn-2\" style=\"width:400px;\"><span>Send request<\/span><\/a><\/div>[\/vc_column][\/vc_row]<\/p>","protected":false},"excerpt":{"rendered":"<p>[vc_row][vc_column][vc_row_inner][vc_column_inner][vc_message]With experiences in building many greenhouse from the hundreds of hectares to the small projects, VPEB GREENHOUSE only uses greenhouse materials which is provided by our reputable suppliers include domestic and international providers.[\/vc_message][vc_message message_box_color=&#8221;orange&#8221; icon_fontawesome=&#8221;fa fa-thumbs-up&#8221;]With a diverse product catalogue and the products are updated every day, we believe that VPEB GREENHOUSE customers will have&hellip;<\/p>\n","protected":false},"author":1,"featured_media":0,"parent":0,"menu_order":0,"comment_status":"closed","ping_status":"closed","template":"","meta":[],"class_list":["post-2556","page","type-page","status-publish","hentry","description-off"],"yoast_head":"<!-- This site is optimized with the Yoast SEO plugin v23.8 - https:\/\/yoast.com\/wordpress\/plugins\/seo\/ -->\n<title>Cung C\u1ea5p V\u1eadt T\u01b0 Nh\u00e0 K\u00ednh, V\u1eadt li\u1ec7u L\u00e0m Nh\u00e0 K\u00ednh, Nh\u00e0 M\u00e0ng Gi\u00e1 T\u1ed1t<\/title>\n<meta name=\"description\" content=\"VPEB GREENHOUSE cung c\u1ea5p c\u00e1c lo\u1ea1i v\u1eadt t\u01b0 nh\u00e0 k\u00ednh, v\u1eadt li\u1ec7u l\u00e0m nh\u00e0 k\u00ednh, v\u1eadt t\u01b0 l\u00e0m nh\u00e0 m\u00e0ng \u0111\u1ec3 tr\u1ed3ng rau s\u1ea1ch, chi ph\u00ed b\u00e1o gi\u00e1 h\u1ee3p l\u00fd, s\u1ea3n ph\u1ea9m ch\u1ea5t l\u01b0\u1ee3ng\" \/>\n<meta name=\"robots\" content=\"index, follow, max-snippet:-1, max-image-preview:large, max-video-preview:-1\" \/>\n<link rel=\"canonical\" href=\"http:\/\/vpebgreenhouse.com\/vat-tu-nha-kinh\/\" \/>\n<meta property=\"og:locale\" content=\"en_US\" \/>\n<meta property=\"og:type\" content=\"article\" \/>\n<meta property=\"og:title\" content=\"Cung C\u1ea5p V\u1eadt T\u01b0 Nh\u00e0 K\u00ednh, V\u1eadt li\u1ec7u L\u00e0m Nh\u00e0 K\u00ednh, Nh\u00e0 M\u00e0ng Gi\u00e1 T\u1ed1t\" \/>\n<meta property=\"og:description\" content=\"VPEB GREENHOUSE cung c\u1ea5p c\u00e1c lo\u1ea1i v\u1eadt t\u01b0 nh\u00e0 k\u00ednh, v\u1eadt li\u1ec7u l\u00e0m nh\u00e0 k\u00ednh, v\u1eadt t\u01b0 l\u00e0m nh\u00e0 m\u00e0ng \u0111\u1ec3 tr\u1ed3ng rau s\u1ea1ch, chi ph\u00ed b\u00e1o gi\u00e1 h\u1ee3p l\u00fd, s\u1ea3n ph\u1ea9m ch\u1ea5t l\u01b0\u1ee3ng\" \/>\n<meta property=\"og:url\" content=\"http:\/\/vpebgreenhouse.com\/vat-tu-nha-kinh\/\" \/>\n<meta property=\"og:site_name\" content=\"NH\u00c0 M\u00c0NG, NH\u00c0 K\u00cdNH N\u00d4NG NGHI\u1ec6P C\u00d4NG NGH\u1ec6 CAO\" \/>\n<meta property=\"article:modified_time\" content=\"2020-06-10T09:42:14+00:00\" \/>\n<meta name=\"twitter:card\" content=\"summary_large_image\" \/>\n<meta name=\"twitter:label1\" content=\"Est. reading time\" \/>\n\t<meta name=\"twitter:data1\" content=\"16 minutes\" \/>\n<script type=\"application\/ld+json\" class=\"yoast-schema-graph\">{\"@context\":\"https:\/\/schema.org\",\"@graph\":[{\"@type\":\"WebPage\",\"@id\":\"http:\/\/vpebgreenhouse.com\/vat-tu-nha-kinh\/\",\"url\":\"http:\/\/vpebgreenhouse.com\/vat-tu-nha-kinh\/\",\"name\":\"Cung C\u1ea5p V\u1eadt T\u01b0 Nh\u00e0 K\u00ednh, V\u1eadt li\u1ec7u L\u00e0m Nh\u00e0 K\u00ednh, Nh\u00e0 M\u00e0ng Gi\u00e1 T\u1ed1t\",\"isPartOf\":{\"@id\":\"http:\/\/vpebgreenhouse.com\/en\/#website\"},\"datePublished\":\"2017-10-20T17:36:57+00:00\",\"dateModified\":\"2020-06-10T09:42:14+00:00\",\"description\":\"VPEB GREENHOUSE cung c\u1ea5p c\u00e1c lo\u1ea1i v\u1eadt t\u01b0 nh\u00e0 k\u00ednh, v\u1eadt li\u1ec7u l\u00e0m nh\u00e0 k\u00ednh, v\u1eadt t\u01b0 l\u00e0m nh\u00e0 m\u00e0ng \u0111\u1ec3 tr\u1ed3ng rau s\u1ea1ch, chi ph\u00ed b\u00e1o gi\u00e1 h\u1ee3p l\u00fd, s\u1ea3n ph\u1ea9m ch\u1ea5t l\u01b0\u1ee3ng\",\"breadcrumb\":{\"@id\":\"http:\/\/vpebgreenhouse.com\/vat-tu-nha-kinh\/#breadcrumb\"},\"inLanguage\":\"en-US\",\"potentialAction\":[{\"@type\":\"ReadAction\",\"target\":[\"http:\/\/vpebgreenhouse.com\/vat-tu-nha-kinh\/\"]}]},{\"@type\":\"BreadcrumbList\",\"@id\":\"http:\/\/vpebgreenhouse.com\/vat-tu-nha-kinh\/#breadcrumb\",\"itemListElement\":[{\"@type\":\"ListItem\",\"position\":1,\"name\":\"Home\",\"item\":\"http:\/\/vpebgreenhouse.com\/en\/\"},{\"@type\":\"ListItem\",\"position\":2,\"name\":\"Cung c\u1ea5p c\u00e1c lo\u1ea1i v\u1eadt t\u01b0, v\u1eadt li\u1ec7u l\u00e0m nh\u00e0 k\u00ednh\/nh\u00e0 m\u00e0ng\"}]},{\"@type\":\"WebSite\",\"@id\":\"http:\/\/vpebgreenhouse.com\/en\/#website\",\"url\":\"http:\/\/vpebgreenhouse.com\/en\/\",\"name\":\"NH\u00c0 M\u00c0NG, NH\u00c0 K\u00cdNH N\u00d4NG NGHI\u1ec6P C\u00d4NG NGH\u1ec6 CAO\",\"description\":\"VPEB GREENHOUSE\",\"potentialAction\":[{\"@type\":\"SearchAction\",\"target\":{\"@type\":\"EntryPoint\",\"urlTemplate\":\"http:\/\/vpebgreenhouse.com\/en\/?s={search_term_string}\"},\"query-input\":{\"@type\":\"PropertyValueSpecification\",\"valueRequired\":true,\"valueName\":\"search_term_string\"}}],\"inLanguage\":\"en-US\"}]}<\/script>\n<!-- \/ Yoast SEO plugin. -->","yoast_head_json":{"title":"Cung C\u1ea5p V\u1eadt T\u01b0 Nh\u00e0 K\u00ednh, V\u1eadt li\u1ec7u L\u00e0m Nh\u00e0 K\u00ednh, Nh\u00e0 M\u00e0ng Gi\u00e1 T\u1ed1t","description":"VPEB GREENHOUSE cung c\u1ea5p c\u00e1c lo\u1ea1i v\u1eadt t\u01b0 nh\u00e0 k\u00ednh, v\u1eadt li\u1ec7u l\u00e0m nh\u00e0 k\u00ednh, v\u1eadt t\u01b0 l\u00e0m nh\u00e0 m\u00e0ng \u0111\u1ec3 tr\u1ed3ng rau s\u1ea1ch, chi ph\u00ed b\u00e1o gi\u00e1 h\u1ee3p l\u00fd, s\u1ea3n ph\u1ea9m ch\u1ea5t l\u01b0\u1ee3ng","robots":{"index":"index","follow":"follow","max-snippet":"max-snippet:-1","max-image-preview":"max-image-preview:large","max-video-preview":"max-video-preview:-1"},"canonical":"http:\/\/vpebgreenhouse.com\/vat-tu-nha-kinh\/","og_locale":"en_US","og_type":"article","og_title":"Cung C\u1ea5p V\u1eadt T\u01b0 Nh\u00e0 K\u00ednh, V\u1eadt li\u1ec7u L\u00e0m Nh\u00e0 K\u00ednh, Nh\u00e0 M\u00e0ng Gi\u00e1 T\u1ed1t","og_description":"VPEB GREENHOUSE cung c\u1ea5p c\u00e1c lo\u1ea1i v\u1eadt t\u01b0 nh\u00e0 k\u00ednh, v\u1eadt li\u1ec7u l\u00e0m nh\u00e0 k\u00ednh, v\u1eadt t\u01b0 l\u00e0m nh\u00e0 m\u00e0ng \u0111\u1ec3 tr\u1ed3ng rau s\u1ea1ch, chi ph\u00ed b\u00e1o gi\u00e1 h\u1ee3p l\u00fd, s\u1ea3n ph\u1ea9m ch\u1ea5t l\u01b0\u1ee3ng","og_url":"http:\/\/vpebgreenhouse.com\/vat-tu-nha-kinh\/","og_site_name":"NH\u00c0 M\u00c0NG, NH\u00c0 K\u00cdNH N\u00d4NG NGHI\u1ec6P C\u00d4NG NGH\u1ec6 CAO","article_modified_time":"2020-06-10T09:42:14+00:00","twitter_card":"summary_large_image","twitter_misc":{"Est. reading time":"16 minutes"},"schema":{"@context":"https:\/\/schema.org","@graph":[{"@type":"WebPage","@id":"http:\/\/vpebgreenhouse.com\/vat-tu-nha-kinh\/","url":"http:\/\/vpebgreenhouse.com\/vat-tu-nha-kinh\/","name":"Cung C\u1ea5p V\u1eadt T\u01b0 Nh\u00e0 K\u00ednh, V\u1eadt li\u1ec7u L\u00e0m Nh\u00e0 K\u00ednh, Nh\u00e0 M\u00e0ng Gi\u00e1 T\u1ed1t","isPartOf":{"@id":"http:\/\/vpebgreenhouse.com\/en\/#website"},"datePublished":"2017-10-20T17:36:57+00:00","dateModified":"2020-06-10T09:42:14+00:00","description":"VPEB GREENHOUSE cung c\u1ea5p c\u00e1c lo\u1ea1i v\u1eadt t\u01b0 nh\u00e0 k\u00ednh, v\u1eadt li\u1ec7u l\u00e0m nh\u00e0 k\u00ednh, v\u1eadt t\u01b0 l\u00e0m nh\u00e0 m\u00e0ng \u0111\u1ec3 tr\u1ed3ng rau s\u1ea1ch, chi ph\u00ed b\u00e1o gi\u00e1 h\u1ee3p l\u00fd, s\u1ea3n ph\u1ea9m ch\u1ea5t l\u01b0\u1ee3ng","breadcrumb":{"@id":"http:\/\/vpebgreenhouse.com\/vat-tu-nha-kinh\/#breadcrumb"},"inLanguage":"en-US","potentialAction":[{"@type":"ReadAction","target":["http:\/\/vpebgreenhouse.com\/vat-tu-nha-kinh\/"]}]},{"@type":"BreadcrumbList","@id":"http:\/\/vpebgreenhouse.com\/vat-tu-nha-kinh\/#breadcrumb","itemListElement":[{"@type":"ListItem","position":1,"name":"Home","item":"http:\/\/vpebgreenhouse.com\/en\/"},{"@type":"ListItem","position":2,"name":"Cung c\u1ea5p c\u00e1c lo\u1ea1i v\u1eadt t\u01b0, v\u1eadt li\u1ec7u l\u00e0m nh\u00e0 k\u00ednh\/nh\u00e0 m\u00e0ng"}]},{"@type":"WebSite","@id":"http:\/\/vpebgreenhouse.com\/en\/#website","url":"http:\/\/vpebgreenhouse.com\/en\/","name":"NH\u00c0 M\u00c0NG, NH\u00c0 K\u00cdNH N\u00d4NG NGHI\u1ec6P C\u00d4NG NGH\u1ec6 CAO","description":"VPEB GREENHOUSE","potentialAction":[{"@type":"SearchAction","target":{"@type":"EntryPoint","urlTemplate":"http:\/\/vpebgreenhouse.com\/en\/?s={search_term_string}"},"query-input":{"@type":"PropertyValueSpecification","valueRequired":true,"valueName":"search_term_string"}}],"inLanguage":"en-US"}]}},"_links":{"self":[{"href":"http:\/\/vpebgreenhouse.com\/en\/wp-json\/wp\/v2\/pages\/2556","targetHints":{"allow":["GET"]}}],"collection":[{"href":"http:\/\/vpebgreenhouse.com\/en\/wp-json\/wp\/v2\/pages"}],"about":[{"href":"http:\/\/vpebgreenhouse.com\/en\/wp-json\/wp\/v2\/types\/page"}],"author":[{"embeddable":true,"href":"http:\/\/vpebgreenhouse.com\/en\/wp-json\/wp\/v2\/users\/1"}],"replies":[{"embeddable":true,"href":"http:\/\/vpebgreenhouse.com\/en\/wp-json\/wp\/v2\/comments?post=2556"}],"version-history":[{"count":13,"href":"http:\/\/vpebgreenhouse.com\/en\/wp-json\/wp\/v2\/pages\/2556\/revisions"}],"predecessor-version":[{"id":3165,"href":"http:\/\/vpebgreenhouse.com\/en\/wp-json\/wp\/v2\/pages\/2556\/revisions\/3165"}],"wp:attachment":[{"href":"http:\/\/vpebgreenhouse.com\/en\/wp-json\/wp\/v2\/media?parent=2556"}],"curies":[{"name":"wp","href":"https:\/\/api.w.org\/{rel}","templated":true}]}}