{"id":2546,"date":"2017-10-19T08:42:15","date_gmt":"2017-10-19T08:42:15","guid":{"rendered":"http:\/\/vpebgreenhouse.com\/?page_id=2546"},"modified":"2020-06-10T09:56:06","modified_gmt":"2020-06-10T09:56:06","slug":"thiet-ke-thi-cong-nha-kinh-nong-nghiep","status":"publish","type":"page","link":"http:\/\/vpebgreenhouse.com\/en\/thiet-ke-thi-cong-nha-kinh-nong-nghiep\/","title":{"rendered":"Greenhouse Construction for growing vegetables, mushrooms and aquaculture."},"content":{"rendered":"<p>[vc_row][vc_column][vc_row_inner][vc_column_inner][vc_column_text]Referring to the concept of high-tech agriculture and clean agricultural products is to mention the modern greenhouse model.<\/p>\n<p>If you are contemplating about the contractors to meet the following elements: saving cost, perfect quality and according to schedule, contact us.\u00a0Whenever the customers need to support, VPEB GREENHOUSE is always ready to serve.[\/vc_column_text][vc_message]Customer demands includes:<\/p>\n<ul>\n<li>Reasonable investment costs;<\/li>\n<li>High Quality;<\/li>\n<li>On schedule;<\/li>\n<li>High efficiency<\/li>\n<\/ul>\n<p>[\/vc_message][vc_message message_box_color=&#8221;orange&#8221; icon_fontawesome=&#8221;fa fa-thumbs-up&#8221;]<strong>Understanding the customer demands, we have the following advantages:<\/strong><\/p>\n<ul>\n<li>As a specialist supplier of greenhouse materials, so our full construction cost is very reasonable, solving the cost problem for the customer;<\/li>\n<li>We have professional design and engineering team, they will calculate the firmly framing system which is based on the calculation hypothesis in steel construction, and our skilled workers will build the greenhouse as the drawing details. The product quality will be guaranteed by these elements.<\/li>\n<li>We have full machines, equipment, workshop, and more than 100 skilled workers. We always work on schedule that helps investors to expedite the process of production, quickly capital recovery.<\/li>\n<li>Greenhouse always achieves high efficiency, the product yield and value are increased 2 or 3 times, compare with outdoor planting. Using greenhouse also minimizes the cost of using pesticides, fertilizers and water.<\/li>\n<\/ul>\n<p>[\/vc_message][vc_message message_box_color=&#8221;blue&#8221; icon_fontawesome=&#8221;fa fa-arrows-alt&#8221;]The benefits are brought to the customer by VPEB GREENHOUSE:<\/p>\n<ul>\n<li>Customers are advised to select the high quality product that will be installed in their greenhouse;<\/li>\n<li>All products are warranted for specific time;<\/li>\n<li>Maintenance in 24 hours for all greenhouses across the country;<\/li>\n<li>Customers will be assured of cultivation and they will get many benefits from becoming our customer.<\/li>\n<\/ul>\n<p>[\/vc_message][\/vc_column_inner][\/vc_row_inner][\/vc_column][\/vc_row][vc_row type=&#8221;vc_default&#8221; margin_top=&#8221;60&#8243; margin_bottom=&#8221;-40&#8243;][vc_column]<div id=\"ultimate-heading-556869e14b87df30c\" class=\"uvc-heading ult-adjust-bottom-margin ultimate-heading-556869e14b87df30c uvc-2818 accent-border-color\" data-hspacer=\"line_only\"  data-halign=\"center\" style=\"text-align:center\"><div class=\"uvc-main-heading ult-responsive\"  data-ultimate-target='.uvc-heading.ultimate-heading-556869e14b87df30c h2'  data-responsive-json-new='{\"font-size\":\"desktop:30px;\",\"line-height\":\"desktop:46px;\"}' ><h2 style=\"font-weight:bold;margin-bottom:15px;\">VPEB GREENHOUSE - the design of the greenhouse<\/h2><\/div><div class=\"uvc-heading-spacer line_only\" style=\"topheight:5px;\"><span class=\"uvc-headings-line\" style=\"border-style:solid;border-bottom-width:5px;border-color:;width:200px;\"><\/span><\/div><div class=\"uvc-sub-heading ult-responsive\"  data-ultimate-target='.uvc-heading.ultimate-heading-556869e14b87df30c .uvc-sub-heading '  data-responsive-json-new='{\"font-size\":\"\",\"line-height\":\"\"}'  style=\"font-weight:normal;margin-top:20px;margin-bottom:20px;\">If you want to build a greenhouse for growing clean vegetables, flowers, mushrooms, nursery seedlings or growing shrimp. Please refer to the greenhouse models below.<\/p>\n<p>(<em>These below greenhouse models were designed and built by VPEB GREENHOUSE)<\/em><\/div><\/div>[vc_row_inner][vc_column_inner width=&#8221;1\/3&#8243;]\n<div id=\"interactive-banner-1-wrap-2462\" class=\"ult-banner-block ult-adjust-bottom-margin ult-bb-box  banner-style01 \"   style=\"\">\n\t<img decoding=\"async\" src=\"http:\/\/vpebgreenhouse.com\/wp-content\/uploads\/2017\/08\/nha-kinh-dong-mo-kieu-canh-buom.jpg\" alt=\"null\">\n\t<h3  data-ultimate-target='#interactive-banner-1-wrap-2462 .bb-top-title '  data-responsive-json-new='{\"font-size\":\"\",\"line-height\":\"\"}'  class=\"title-center bb-top-title ult-responsive\" style=\"font-family:&#039;Open Sans&#039;;font-weight:bold;background:#006cb5;color:#ffffff;\">Fixed one side roof multi-span greenhouse<\/h3>\n\t<div class=\"mask opaque-background\" style=\"background:rgba(0,0,0,0.7);\">\n\t\t<div  data-ultimate-target='#interactive-banner-1-wrap-2462 .bb-description'  data-responsive-json-new='{\"font-size\":\"\",\"line-height\":\"\"}'  class=\"bb-description ult-responsive\" style=\"font-weight:normal;color:#ffffff;\">Fixed one side roof multi-span greenhouse<\/div>\n\t<\/div><a class=\"bb-link\" href=\"\/nha-kinh-mai-ho-co-dinh-1-ben\/\" ><\/a>\n<\/div>[\/vc_column_inner][vc_column_inner width=&#8221;1\/3&#8243;]\n<div id=\"interactive-banner-1-wrap-6881\" class=\"ult-banner-block ult-adjust-bottom-margin ult-bb-box  banner-style01 \"   style=\"\">\n\t<img decoding=\"async\" src=\"http:\/\/vpebgreenhouse.com\/wp-content\/uploads\/2016\/01\/mo-hinh-nha-kinh-mo-hai-ben.jpg\" alt=\"Nh\u00e0 k\u00ednh c\u1ed1 \u0111\u1ecbnh m\u00e1i h\u1edf 2 b\u00ean\">\n\t<h3  data-ultimate-target='#interactive-banner-1-wrap-6881 .bb-top-title '  data-responsive-json-new='{\"font-size\":\"\",\"line-height\":\"\"}'  class=\"title-center bb-top-title ult-responsive\" style=\"font-family:&#039;Open Sans&#039;;font-weight:bold;background:#006cb5;color:#ffffff;\">Fixed two sides roof multi-span greenhouse<\/h3>\n\t<div class=\"mask opaque-background\" style=\"background:rgba(0,0,0,0.7);\">\n\t\t<div  data-ultimate-target='#interactive-banner-1-wrap-6881 .bb-description'  data-responsive-json-new='{\"font-size\":\"\",\"line-height\":\"\"}'  class=\"bb-description ult-responsive\" style=\"font-weight:normal;color:#ffffff;\">Fixed two sides roof multi-span greenhouse<\/div>\n\t<\/div><a class=\"bb-link\" href=\"\/nha-kinh-mai-ho-co-dinh-2-ben\/\" ><\/a>\n<\/div>[\/vc_column_inner][vc_column_inner width=&#8221;1\/3&#8243;]\n<div id=\"interactive-banner-1-wrap-9979\" class=\"ult-banner-block ult-adjust-bottom-margin ult-bb-box  banner-style01 \"   style=\"\">\n\t<img decoding=\"async\" src=\"http:\/\/vpebgreenhouse.com\/wp-content\/uploads\/2016\/01\/Nha-kinh-kieu-canh-buom.jpg\" alt=\"null\">\n\t<h3  data-ultimate-target='#interactive-banner-1-wrap-9979 .bb-top-title '  data-responsive-json-new='{\"font-size\":\"\",\"line-height\":\"\"}'  class=\"title-center bb-top-title ult-responsive\" style=\"font-family:&#039;Open Sans&#039;;font-weight:bold;background:#006cb5;color:#ffffff;\">Butterfly-shaped greenhouse ((automatically opening and closing)<\/h3>\n\t<div class=\"mask opaque-background\" style=\"background:rgba(0,0,0,0.7);\">\n\t\t<div  data-ultimate-target='#interactive-banner-1-wrap-9979 .bb-description'  data-responsive-json-new='{\"font-size\":\"\",\"line-height\":\"\"}'  class=\"bb-description ult-responsive\" style=\"font-weight:normal;color:#ffffff;\">Butterfly-shaped greenhouse ((automatically opening and closing)<\/div>\n\t<\/div><a class=\"bb-link\" href=\"\/nha-kinh-kieu-canh-buom\/\" title=\"Nh\u00e0 k\u00ednh ki\u1ec3u c\u00e1nh b\u01b0\u1edbm\" ><\/a>\n<\/div>[\/vc_column_inner][\/vc_row_inner][vc_row_inner][vc_column_inner width=&#8221;1\/3&#8243;]\n<div id=\"interactive-banner-1-wrap-7023\" class=\"ult-banner-block ult-adjust-bottom-margin ult-bb-box  banner-style01 \"   style=\"\">\n\t<img decoding=\"async\" src=\"http:\/\/vpebgreenhouse.com\/wp-content\/uploads\/2016\/01\/Nha-kinh-trong-nam-1.jpg\" alt=\"Nh\u00e0 k\u00ednh tr\u1ed3ng n\u1ea5m\">\n\t<h3  data-ultimate-target='#interactive-banner-1-wrap-7023 .bb-top-title '  data-responsive-json-new='{\"font-size\":\"\",\"line-height\":\"\"}'  class=\"title-center bb-top-title ult-responsive\" style=\"font-family:&#039;Open Sans&#039;;font-weight:bold;background:#006cb5;color:#ffffff;\">Greenhouse for growing mushrooms<\/h3>\n\t<div class=\"mask opaque-background\" style=\"background:rgba(0,0,0,0.7);\">\n\t\t<div  data-ultimate-target='#interactive-banner-1-wrap-7023 .bb-description'  data-responsive-json-new='{\"font-size\":\"\",\"line-height\":\"\"}'  class=\"bb-description ult-responsive\" style=\"font-weight:normal;color:#ffffff;\">Greenhouse for growing mushrooms<\/div>\n\t<\/div><a class=\"bb-link\" href=\"\/nha-kinh-trong-nam\/\" title=\"Nh\u00e0 k\u00ednh tr\u1ed3ng n\u1ea5m\" ><\/a>\n<\/div>[\/vc_column_inner][vc_column_inner width=&#8221;1\/3&#8243;]\n<div id=\"interactive-banner-1-wrap-2341\" class=\"ult-banner-block ult-adjust-bottom-margin ult-bb-box  banner-style01 \"   style=\"\">\n\t<img decoding=\"async\" src=\"http:\/\/vpebgreenhouse.com\/wp-content\/uploads\/2016\/01\/Nha-kinh-uom-cay-giong-vpeb-greenhouse.jpg\" alt=\"\u01af\u01a1m c\u00e2y gi\u1ed1ng trong nh\u00e0 k\u00ednh\">\n\t<h3  data-ultimate-target='#interactive-banner-1-wrap-2341 .bb-top-title '  data-responsive-json-new='{\"font-size\":\"\",\"line-height\":\"\"}'  class=\"title-center bb-top-title ult-responsive\" style=\"font-family:&#039;Open Sans&#039;;font-weight:bold;background:#006cb5;color:#ffffff;\">Greenhouse for nursing seedling<\/h3>\n\t<div class=\"mask opaque-background\" style=\"background:rgba(0,0,0,0.7);\">\n\t\t<div  data-ultimate-target='#interactive-banner-1-wrap-2341 .bb-description'  data-responsive-json-new='{\"font-size\":\"\",\"line-height\":\"\"}'  class=\"bb-description ult-responsive\" style=\"font-weight:normal;color:#ffffff;\">Greenhouse for nursing seedling<\/div>\n\t<\/div><a class=\"bb-link\" href=\"\/nha-kinh-uom-cay-giong\/\" title=\"Nh\u00e0 k\u00ednh \u01b0\u01a1m c\u00e2y gi\u1ed1ng VPEB GREENHOUSE\" ><\/a>\n<\/div>[\/vc_column_inner][vc_column_inner width=&#8221;1\/3&#8243;]\n<div id=\"interactive-banner-1-wrap-8042\" class=\"ult-banner-block ult-adjust-bottom-margin ult-bb-box  banner-style01 \"   style=\"\">\n\t<img decoding=\"async\" src=\"http:\/\/vpebgreenhouse.com\/wp-content\/uploads\/2016\/01\/nha-kinh-nuoi-tom-1.jpg\" alt=\"Nh\u00e0 k\u00ednh nu\u00f4i t\u00f4m\">\n\t<h3  data-ultimate-target='#interactive-banner-1-wrap-8042 .bb-top-title '  data-responsive-json-new='{\"font-size\":\"\",\"line-height\":\"\"}'  class=\"title-center bb-top-title ult-responsive\" style=\"font-family:&#039;Open Sans&#039;;font-weight:bold;background:#006cb5;color:#ffffff;\">Greenhouse for aquaculture <\/h3>\n\t<div class=\"mask opaque-background\" style=\"background:rgba(0,0,0,0.7);\">\n\t\t<div  data-ultimate-target='#interactive-banner-1-wrap-8042 .bb-description'  data-responsive-json-new='{\"font-size\":\"\",\"line-height\":\"\"}'  class=\"bb-description ult-responsive\" style=\"font-weight:normal;color:#ffffff;\">Greenhouse for aquaculture<\/div>\n\t<\/div><a class=\"bb-link\" href=\"\/nha-kinh-nuoi-tom\/\" ><\/a>\n<\/div>[\/vc_column_inner][\/vc_row_inner][\/vc_column][\/vc_row][vc_row bg_type=&#8221;image&#8221; parallax_style=&#8221;vcpb-default&#8221; bg_image_new=&#8221;id^2231|url^http:\/\/vpebgreenhouse.com\/wp-content\/uploads\/2016\/01\/banner-nha-kinh-vpeb-greenhouse.jpg|caption^null|alt^null|title^banner-nha-kinh-vpeb-greenhouse|description^null&#8221; bg_override=&#8221;ex-full&#8221; type=&#8221;vc_default&#8221; css=&#8221;.vc_custom_1507104241552{margin-bottom: 50px !important;padding-top: 50px !important;padding-bottom: 50px !important;}&#8221;][vc_column]<div id=\"ultimate-heading-691969e14b87dfceb\" class=\"uvc-heading ult-adjust-bottom-margin ultimate-heading-691969e14b87dfceb uvc-977 \" data-hspacer=\"no_spacer\"  data-halign=\"center\" style=\"text-align:center\"><div class=\"uvc-heading-spacer no_spacer\" style=\"top\"><\/div><div class=\"uvc-main-heading ult-responsive\"  data-ultimate-target='.uvc-heading.ultimate-heading-691969e14b87dfceb h2'  data-responsive-json-new='{\"font-size\":\"desktop:30px;tablet_portrait:20px;\",\"line-height\":\"desktop:46px;tablet_portrait:26px;\"}' ><h2 style=\"font-family:&#039;Open Sans Condensed&#039;;font-weight:700;color:#ffffff;margin-bottom:10px;\">VPEB GREENHOUSE CONTACT!<\/h2><\/div><div class=\"uvc-sub-heading ult-responsive\"  data-ultimate-target='.uvc-heading.ultimate-heading-691969e14b87dfceb .uvc-sub-heading '  data-responsive-json-new='{\"font-size\":\"desktop:40px;tablet_portrait:40px;\",\"line-height\":\"desktop:50px;tablet_portrait:46px;\"}'  style=\"font-family:&#039;Open Sans Condensed&#039;;font-weight:700;color:#ffffff;\">Hotline: 0934108899<\/div><\/div><div id=\"ultimate-heading-39169e14b87dfd38\" class=\"uvc-heading ult-adjust-bottom-margin ultimate-heading-39169e14b87dfd38 uvc-5381 \" data-hspacer=\"no_spacer\"  data-halign=\"center\" style=\"text-align:center\"><div class=\"uvc-heading-spacer no_spacer\" style=\"top\"><\/div><div class=\"uvc-sub-heading ult-responsive\"  data-ultimate-target='.uvc-heading.ultimate-heading-39169e14b87dfd38 .uvc-sub-heading '  data-responsive-json-new='{\"font-size\":\"desktop:25px;tablet_portrait:20px;\",\"line-height\":\"desktop:30px;tablet_portrait:30px;\"}'  style=\"font-family:&#039;Open Sans Condensed&#039;;font-weight:normal;font-style:normal;color:#ffffff;margin-top:10px;\">Head office: No. 4, D5 Street, Nam Long, District 9, Ho Chi Minh<\/p>\n<p>Branch:\u00a0<span class=\"\" title=\"\">322, Hai Ba Trung Street, Ward 6,<\/span>\u00a0<span class=\"\" title=\"\">Da Lat<\/span><\/div><\/div><div class=\"btn-align-center\"><a href=\"\/contact\" class=\"default-btn-shortcode dt-btn dt-btn-l  vc_custom_1525500916813\" id=\"default-btn-2\" style=\"width:400px;\"><span>Send request<\/span><\/a><\/div>[\/vc_column][\/vc_row]<\/p>","protected":false},"excerpt":{"rendered":"<p>[vc_row][vc_column][vc_row_inner][vc_column_inner][vc_column_text]Referring to the concept of high-tech agriculture and clean agricultural products is to mention the modern greenhouse model. If you are contemplating about the contractors to meet the following elements: saving cost, perfect quality and according to schedule, contact us.\u00a0Whenever the customers need to support, VPEB GREENHOUSE is always ready to serve.[\/vc_column_text][vc_message]Customer demands includes: Reasonable&hellip;<\/p>\n","protected":false},"author":1,"featured_media":0,"parent":0,"menu_order":0,"comment_status":"closed","ping_status":"closed","template":"","meta":[],"class_list":["post-2546","page","type-page","status-publish","hentry","description-off"],"yoast_head":"<!-- This site is optimized with the Yoast SEO plugin v23.8 - https:\/\/yoast.com\/wordpress\/plugins\/seo\/ -->\n<title>Greenhouse Construction for growing vegetables, mushrooms and aquaculture<\/title>\n<meta name=\"description\" content=\"VPEB GREENHOUSE - Introducing the best solutions for Greenhouse Construction and Hi-tech Agriculture, Greenhouse for vegetables, Greenhouse for growing mushrooms, Greenhouse for nursing seedling and Greehouse for Shrimp farming. Greenhouse construction by VPEB GREENHOUSE is always towards the suitability of the purpose\" \/>\n<meta name=\"robots\" content=\"index, follow, max-snippet:-1, max-image-preview:large, max-video-preview:-1\" \/>\n<link rel=\"canonical\" href=\"http:\/\/vpebgreenhouse.com\/en\/thiet-ke-thi-cong-nha-kinh-nong-nghiep\/\" \/>\n<meta property=\"og:locale\" content=\"en_US\" \/>\n<meta property=\"og:type\" content=\"article\" \/>\n<meta property=\"og:title\" content=\"Greenhouse Construction for growing vegetables, mushrooms and aquaculture\" \/>\n<meta property=\"og:description\" content=\"VPEB GREENHOUSE - Introducing the best solutions for Greenhouse Construction and Hi-tech Agriculture, Greenhouse for vegetables, Greenhouse for growing mushrooms, Greenhouse for nursing seedling and Greehouse for Shrimp farming. Greenhouse construction by VPEB GREENHOUSE is always towards the suitability of the purpose\" \/>\n<meta property=\"og:url\" content=\"http:\/\/vpebgreenhouse.com\/en\/thiet-ke-thi-cong-nha-kinh-nong-nghiep\/\" \/>\n<meta property=\"og:site_name\" content=\"NH\u00c0 M\u00c0NG, NH\u00c0 K\u00cdNH N\u00d4NG NGHI\u1ec6P C\u00d4NG NGH\u1ec6 CAO\" \/>\n<meta property=\"article:modified_time\" content=\"2020-06-10T09:56:06+00:00\" \/>\n<meta name=\"twitter:card\" content=\"summary_large_image\" \/>\n<meta name=\"twitter:label1\" content=\"Est. reading time\" \/>\n\t<meta name=\"twitter:data1\" content=\"18 minutes\" \/>\n<script type=\"application\/ld+json\" class=\"yoast-schema-graph\">{\"@context\":\"https:\/\/schema.org\",\"@graph\":[{\"@type\":\"WebPage\",\"@id\":\"http:\/\/vpebgreenhouse.com\/en\/thiet-ke-thi-cong-nha-kinh-nong-nghiep\/\",\"url\":\"http:\/\/vpebgreenhouse.com\/en\/thiet-ke-thi-cong-nha-kinh-nong-nghiep\/\",\"name\":\"Greenhouse Construction for growing vegetables, mushrooms and aquaculture\",\"isPartOf\":{\"@id\":\"http:\/\/vpebgreenhouse.com\/#website\"},\"datePublished\":\"2017-10-19T08:42:15+00:00\",\"dateModified\":\"2020-06-10T09:56:06+00:00\",\"description\":\"VPEB GREENHOUSE - Introducing the best solutions for Greenhouse Construction and Hi-tech Agriculture, Greenhouse for vegetables, Greenhouse for growing mushrooms, Greenhouse for nursing seedling and Greehouse for Shrimp farming. Greenhouse construction by VPEB GREENHOUSE is always towards the suitability of the purpose\",\"breadcrumb\":{\"@id\":\"http:\/\/vpebgreenhouse.com\/en\/thiet-ke-thi-cong-nha-kinh-nong-nghiep\/#breadcrumb\"},\"inLanguage\":\"en-US\",\"potentialAction\":[{\"@type\":\"ReadAction\",\"target\":[\"http:\/\/vpebgreenhouse.com\/en\/thiet-ke-thi-cong-nha-kinh-nong-nghiep\/\"]}]},{\"@type\":\"BreadcrumbList\",\"@id\":\"http:\/\/vpebgreenhouse.com\/en\/thiet-ke-thi-cong-nha-kinh-nong-nghiep\/#breadcrumb\",\"itemListElement\":[{\"@type\":\"ListItem\",\"position\":1,\"name\":\"Home\",\"item\":\"http:\/\/vpebgreenhouse.com\/\"},{\"@type\":\"ListItem\",\"position\":2,\"name\":\"Greenhouse Construction for growing vegetables, mushrooms and aquaculture.\"}]},{\"@type\":\"WebSite\",\"@id\":\"http:\/\/vpebgreenhouse.com\/#website\",\"url\":\"http:\/\/vpebgreenhouse.com\/\",\"name\":\"NH\u00c0 M\u00c0NG, NH\u00c0 K\u00cdNH N\u00d4NG NGHI\u1ec6P C\u00d4NG NGH\u1ec6 CAO\",\"description\":\"VPEB GREENHOUSE\",\"potentialAction\":[{\"@type\":\"SearchAction\",\"target\":{\"@type\":\"EntryPoint\",\"urlTemplate\":\"http:\/\/vpebgreenhouse.com\/?s={search_term_string}\"},\"query-input\":{\"@type\":\"PropertyValueSpecification\",\"valueRequired\":true,\"valueName\":\"search_term_string\"}}],\"inLanguage\":\"en-US\"}]}<\/script>\n<!-- \/ Yoast SEO plugin. -->","yoast_head_json":{"title":"Greenhouse Construction for growing vegetables, mushrooms and aquaculture","description":"VPEB GREENHOUSE - Introducing the best solutions for Greenhouse Construction and Hi-tech Agriculture, Greenhouse for vegetables, Greenhouse for growing mushrooms, Greenhouse for nursing seedling and Greehouse for Shrimp farming. Greenhouse construction by VPEB GREENHOUSE is always towards the suitability of the purpose","robots":{"index":"index","follow":"follow","max-snippet":"max-snippet:-1","max-image-preview":"max-image-preview:large","max-video-preview":"max-video-preview:-1"},"canonical":"http:\/\/vpebgreenhouse.com\/en\/thiet-ke-thi-cong-nha-kinh-nong-nghiep\/","og_locale":"en_US","og_type":"article","og_title":"Greenhouse Construction for growing vegetables, mushrooms and aquaculture","og_description":"VPEB GREENHOUSE - Introducing the best solutions for Greenhouse Construction and Hi-tech Agriculture, Greenhouse for vegetables, Greenhouse for growing mushrooms, Greenhouse for nursing seedling and Greehouse for Shrimp farming. Greenhouse construction by VPEB GREENHOUSE is always towards the suitability of the purpose","og_url":"http:\/\/vpebgreenhouse.com\/en\/thiet-ke-thi-cong-nha-kinh-nong-nghiep\/","og_site_name":"NH\u00c0 M\u00c0NG, NH\u00c0 K\u00cdNH N\u00d4NG NGHI\u1ec6P C\u00d4NG NGH\u1ec6 CAO","article_modified_time":"2020-06-10T09:56:06+00:00","twitter_card":"summary_large_image","twitter_misc":{"Est. reading time":"18 minutes"},"schema":{"@context":"https:\/\/schema.org","@graph":[{"@type":"WebPage","@id":"http:\/\/vpebgreenhouse.com\/en\/thiet-ke-thi-cong-nha-kinh-nong-nghiep\/","url":"http:\/\/vpebgreenhouse.com\/en\/thiet-ke-thi-cong-nha-kinh-nong-nghiep\/","name":"Greenhouse Construction for growing vegetables, mushrooms and aquaculture","isPartOf":{"@id":"http:\/\/vpebgreenhouse.com\/#website"},"datePublished":"2017-10-19T08:42:15+00:00","dateModified":"2020-06-10T09:56:06+00:00","description":"VPEB GREENHOUSE - Introducing the best solutions for Greenhouse Construction and Hi-tech Agriculture, Greenhouse for vegetables, Greenhouse for growing mushrooms, Greenhouse for nursing seedling and Greehouse for Shrimp farming. Greenhouse construction by VPEB GREENHOUSE is always towards the suitability of the purpose","breadcrumb":{"@id":"http:\/\/vpebgreenhouse.com\/en\/thiet-ke-thi-cong-nha-kinh-nong-nghiep\/#breadcrumb"},"inLanguage":"en-US","potentialAction":[{"@type":"ReadAction","target":["http:\/\/vpebgreenhouse.com\/en\/thiet-ke-thi-cong-nha-kinh-nong-nghiep\/"]}]},{"@type":"BreadcrumbList","@id":"http:\/\/vpebgreenhouse.com\/en\/thiet-ke-thi-cong-nha-kinh-nong-nghiep\/#breadcrumb","itemListElement":[{"@type":"ListItem","position":1,"name":"Home","item":"http:\/\/vpebgreenhouse.com\/"},{"@type":"ListItem","position":2,"name":"Greenhouse Construction for growing vegetables, mushrooms and aquaculture."}]},{"@type":"WebSite","@id":"http:\/\/vpebgreenhouse.com\/#website","url":"http:\/\/vpebgreenhouse.com\/","name":"NH\u00c0 M\u00c0NG, NH\u00c0 K\u00cdNH N\u00d4NG NGHI\u1ec6P C\u00d4NG NGH\u1ec6 CAO","description":"VPEB GREENHOUSE","potentialAction":[{"@type":"SearchAction","target":{"@type":"EntryPoint","urlTemplate":"http:\/\/vpebgreenhouse.com\/?s={search_term_string}"},"query-input":{"@type":"PropertyValueSpecification","valueRequired":true,"valueName":"search_term_string"}}],"inLanguage":"en-US"}]}},"_links":{"self":[{"href":"http:\/\/vpebgreenhouse.com\/en\/wp-json\/wp\/v2\/pages\/2546","targetHints":{"allow":["GET"]}}],"collection":[{"href":"http:\/\/vpebgreenhouse.com\/en\/wp-json\/wp\/v2\/pages"}],"about":[{"href":"http:\/\/vpebgreenhouse.com\/en\/wp-json\/wp\/v2\/types\/page"}],"author":[{"embeddable":true,"href":"http:\/\/vpebgreenhouse.com\/en\/wp-json\/wp\/v2\/users\/1"}],"replies":[{"embeddable":true,"href":"http:\/\/vpebgreenhouse.com\/en\/wp-json\/wp\/v2\/comments?post=2546"}],"version-history":[{"count":28,"href":"http:\/\/vpebgreenhouse.com\/en\/wp-json\/wp\/v2\/pages\/2546\/revisions"}],"predecessor-version":[{"id":3171,"href":"http:\/\/vpebgreenhouse.com\/en\/wp-json\/wp\/v2\/pages\/2546\/revisions\/3171"}],"wp:attachment":[{"href":"http:\/\/vpebgreenhouse.com\/en\/wp-json\/wp\/v2\/media?parent=2546"}],"curies":[{"name":"wp","href":"https:\/\/api.w.org\/{rel}","templated":true}]}}