{"id":2519,"date":"2017-10-04T07:22:33","date_gmt":"2017-10-04T07:22:33","guid":{"rendered":"http:\/\/vpebgreenhouse.com\/?page_id=2519"},"modified":"2020-06-10T10:24:26","modified_gmt":"2020-06-10T10:24:26","slug":"he-thong-thong-gio-vach","status":"publish","type":"page","link":"http:\/\/vpebgreenhouse.com\/en\/he-thong-thong-gio-vach\/","title":{"rendered":"H\u1ec7 th\u1ed1ng th\u00f4ng gi\u00f3 v\u00e1ch"},"content":{"rendered":"<p>[vc_row][vc_column width=&#8221;1\/2&#8243;]<div id=\"ultimate-heading-121469de82bce5a04\" class=\"uvc-heading ult-adjust-bottom-margin ultimate-heading-121469de82bce5a04 uvc-8048 \" data-hspacer=\"no_spacer\"  data-halign=\"left\" style=\"text-align:left\"><div class=\"uvc-heading-spacer no_spacer\" style=\"top\"><\/div><div class=\"uvc-main-heading ult-responsive\"  data-ultimate-target='.uvc-heading.ultimate-heading-121469de82bce5a04 h2'  data-responsive-json-new='{\"font-size\":\"desktop:30px;\",\"line-height\":\"desktop:45px;\"}' ><h2 style=\"font-weight:normal;\">Th\u00f4ng gi\u00f3 v\u00e1ch<\/h2><\/div><\/div>[vc_column_text]<span style=\"font-weight: 400;\">M\u1ee5c \u0111\u00edch ch\u00ednh c\u1ee7a th\u00f4ng gi\u00f3 l\u00e0 l\u01b0u th\u00f4ng kh\u00f4ng kh\u00ed v\u00e0 h\u1ea1 nhi\u1ec7t nh\u00e0 k\u00ednh, do \u0111\u00f3 s\u1eed d\u1ee5ng <strong>l\u01b0\u1edbi th\u00f4ng gi\u00f3 v\u00e1ch<\/strong> v\u00e0 qu\u1ea1t \u0111\u1ed1i l\u01b0u \u1edf v\u00e1ch \u0111\u00e3 kh\u00f4ng c\u00f2n qu\u00e1 xa l\u1ea1. <\/span><\/p>\n<p><span style=\"font-weight: 400;\">C\u00e1c v\u00e1ch xung quanh nh\u00e0 k\u00ednh \u0111\u01b0\u1ee3c thi\u1ebft k\u1ebf xen k\u1ebd gi\u1eefa m\u00e0ng v\u00e0 l\u01b0\u1edbi, l\u01b0\u1edbi \u0111\u01b0\u1ee3c s\u1eed d\u1ee5ng l\u00e0 l\u01b0\u1edbi c\u00f3 quy c\u00e1ch t\u1eeb 32 \u0111\u1ebfn 50 mesh. V\u1eeba t\u1ea1o kho\u1ea3ng kh\u00f4ng cho kh\u00f4ng kh\u00ed l\u01b0u th\u00f4ng l\u1ea1i v\u1eeba ng\u0103n ch\u1eb7n n\u1ea5m m\u1ed1c ph\u00e1t sinh g\u00e2y h\u1ea1i cho c\u00e2y tr\u1ed3ng. <\/span><\/p>\n<p><span style=\"font-weight: 400;\">Ngo\u00e0i th\u00f4ng gi\u00f3 v\u00e1ch cho nh\u00e0 k\u00ednh, VPEB GREENHOUSE c\u00f2n g\u1ee3i \u00fd cho h\u1ee7 \u0111\u1ea7u t\u01b0 m\u1ed9t s\u1ed1 ph\u01b0\u01a1ng ph\u00e1p th\u00f4ng gi\u00f3 v\u00e0 l\u00e0m m\u00e1t nh\u00e0 k\u00ednh nh\u01b0 sau:<\/span><\/p>\n<ol>\n<li style=\"font-weight: 400;\"><a href=\"\/he-thong-tuoi-phun-trong-nha-kinh\/\"><span style=\"font-weight: 400;\">D\u00f9ng h\u1ec7 th\u1ed1ng t\u01b0\u1edbi phun s\u01b0\u01a1ng<\/span><\/a><\/li>\n<li style=\"font-weight: 400;\"><span style=\"font-weight: 400;\">S\u1eed d\u1ee5ng t\u01b0\u1eddng n\u01b0\u1edbc l\u00e0m m\u00e1t Cooling Pad<\/span><\/li>\n<\/ol>\n<p>[\/vc_column_text][\/vc_column][vc_column width=&#8221;1\/2&#8243;][vc_single_image image=&#8221;2518&#8243; img_size=&#8221;full&#8221; add_caption=&#8221;yes&#8221; alignment=&#8221;center&#8221; css_animation=&#8221;fadeIn&#8221;][\/vc_column][\/vc_row][vc_row][vc_column][vc_separator][\/vc_column][\/vc_row][vc_row bg_type=&#8221;image&#8221; parallax_style=&#8221;vcpb-default&#8221; bg_image_new=&#8221;id^2231|url^http:\/\/vpebgreenhouse.com\/wp-content\/uploads\/2016\/01\/banner-nha-kinh-vpeb-greenhouse.jpg|caption^null|alt^null|title^banner-nha-kinh-vpeb-greenhouse|description^null&#8221; bg_override=&#8221;full&#8221; css=&#8221;.vc_custom_1505479442342{padding-top: 50px !important;padding-bottom: 50px !important;}&#8221;][vc_column]<div id=\"ultimate-heading-675769de82bce5a45\" class=\"uvc-heading ult-adjust-bottom-margin ultimate-heading-675769de82bce5a45 uvc-4196 \" data-hspacer=\"no_spacer\"  data-halign=\"center\" style=\"text-align:center\"><div class=\"uvc-heading-spacer no_spacer\" style=\"top\"><\/div><div class=\"uvc-main-heading ult-responsive\"  data-ultimate-target='.uvc-heading.ultimate-heading-675769de82bce5a45 h2'  data-responsive-json-new='{\"font-size\":\"desktop:30px;tablet_portrait:30px;\",\"line-height\":\"desktop:35px;tablet_portrait:26px;\"}' ><h2 style=\"font-family:&#039;Open Sans Condensed&#039;;font-weight:700;color:#ffffff;margin-bottom:10px;\">Li\u00ean h\u1ec7 VPEB GREENHOUSE!<\/h2><\/div><div class=\"uvc-sub-heading ult-responsive\"  data-ultimate-target='.uvc-heading.ultimate-heading-675769de82bce5a45 .uvc-sub-heading '  data-responsive-json-new='{\"font-size\":\"desktop:40px;tablet_portrait:40px;\",\"line-height\":\"desktop:50px;tablet_portrait:46px;\"}'  style=\"font-family:&#039;Open Sans Condensed&#039;;font-weight:700;color:#ffffff;\">Hotline: 0934108899<\/div><\/div><div id=\"ultimate-heading-891269de82bce5aa4\" class=\"uvc-heading ult-adjust-bottom-margin ultimate-heading-891269de82bce5aa4 uvc-5697 \" data-hspacer=\"no_spacer\"  data-halign=\"center\" style=\"text-align:center\"><div class=\"uvc-heading-spacer no_spacer\" style=\"top\"><\/div><div class=\"uvc-sub-heading ult-responsive\"  data-ultimate-target='.uvc-heading.ultimate-heading-891269de82bce5aa4 .uvc-sub-heading '  data-responsive-json-new='{\"font-size\":\"desktop:25px;tablet_portrait:20px;\",\"line-height\":\"desktop:30px;tablet_portrait:30px;\"}'  style=\"font-family:&#039;Open Sans Condensed&#039;;font-weight:700;color:#ffffff;margin-top:10px;\">Tr\u1ee5 s\u1edf ch\u00ednh HCM: 179 \u0110\u01b0\u1eddng Li\u00ean Ph\u01b0\u1eddng, Ph\u01b0\u1eddng Ph\u01b0\u1edbc Long B, Qu\u1eadn 9, TP.HCM<\/p>\n<p>VP \u0110\u00e0 L\u1ea1t: 322, Hai B\u00e0 Tr\u01b0ng, Ph\u01b0\u1eddng 6, TP. \u0110\u00e0 L\u1ea1t<\/div><\/div><div class=\"btn-align-center\"><a href=\"\/contact\" class=\"default-btn-shortcode dt-btn dt-btn-l  vc_custom_1502551972733\" id=\"default-btn-2\" style=\"width:400px;\"><span>G\u1eedi y\u00eau c\u1ea7u h\u1ed7 tr\u1ee3<\/span><\/a><\/div>[\/vc_column][\/vc_row]<\/p>","protected":false},"excerpt":{"rendered":"<p>[vc_row][vc_column width=&#8221;1\/2&#8243;][vc_column_text]M\u1ee5c \u0111\u00edch ch\u00ednh c\u1ee7a th\u00f4ng gi\u00f3 l\u00e0 l\u01b0u th\u00f4ng kh\u00f4ng kh\u00ed v\u00e0 h\u1ea1 nhi\u1ec7t nh\u00e0 k\u00ednh, do \u0111\u00f3 s\u1eed d\u1ee5ng l\u01b0\u1edbi th\u00f4ng gi\u00f3 v\u00e1ch v\u00e0 qu\u1ea1t \u0111\u1ed1i l\u01b0u \u1edf v\u00e1ch \u0111\u00e3 kh\u00f4ng c\u00f2n qu\u00e1 xa l\u1ea1. C\u00e1c v\u00e1ch xung quanh nh\u00e0 k\u00ednh \u0111\u01b0\u1ee3c thi\u1ebft k\u1ebf xen k\u1ebd gi\u1eefa m\u00e0ng v\u00e0 l\u01b0\u1edbi, l\u01b0\u1edbi \u0111\u01b0\u1ee3c s\u1eed&hellip;<\/p>\n","protected":false},"author":1,"featured_media":0,"parent":0,"menu_order":0,"comment_status":"closed","ping_status":"closed","template":"","meta":[],"class_list":["post-2519","page","type-page","status-publish","hentry","description-off"],"yoast_head":"<!-- This site is optimized with the Yoast SEO plugin v23.8 - https:\/\/yoast.com\/wordpress\/plugins\/seo\/ -->\n<title>H\u1ec7 th\u1ed1ng th\u00f4ng gi\u00f3 v\u00e1ch - NH\u00c0 M\u00c0NG, NH\u00c0 K\u00cdNH N\u00d4NG NGHI\u1ec6P C\u00d4NG NGH\u1ec6 CAO<\/title>\n<meta name=\"robots\" content=\"index, follow, max-snippet:-1, max-image-preview:large, max-video-preview:-1\" \/>\n<link rel=\"canonical\" href=\"https:\/\/vpebgreenhouse.com\/he-thong-thong-gio-vach\/\" \/>\n<meta property=\"og:locale\" content=\"en_US\" \/>\n<meta property=\"og:type\" content=\"article\" \/>\n<meta property=\"og:title\" content=\"H\u1ec7 th\u1ed1ng th\u00f4ng gi\u00f3 v\u00e1ch - NH\u00c0 M\u00c0NG, NH\u00c0 K\u00cdNH N\u00d4NG NGHI\u1ec6P C\u00d4NG NGH\u1ec6 CAO\" \/>\n<meta property=\"og:description\" content=\"[vc_row][vc_column width=&#8221;1\/2&#8243;][vc_column_text]M\u1ee5c \u0111\u00edch ch\u00ednh c\u1ee7a th\u00f4ng gi\u00f3 l\u00e0 l\u01b0u th\u00f4ng kh\u00f4ng kh\u00ed v\u00e0 h\u1ea1 nhi\u1ec7t nh\u00e0 k\u00ednh, do \u0111\u00f3 s\u1eed d\u1ee5ng l\u01b0\u1edbi th\u00f4ng gi\u00f3 v\u00e1ch v\u00e0 qu\u1ea1t \u0111\u1ed1i l\u01b0u \u1edf v\u00e1ch \u0111\u00e3 kh\u00f4ng c\u00f2n qu\u00e1 xa l\u1ea1. C\u00e1c v\u00e1ch xung quanh nh\u00e0 k\u00ednh \u0111\u01b0\u1ee3c thi\u1ebft k\u1ebf xen k\u1ebd gi\u1eefa m\u00e0ng v\u00e0 l\u01b0\u1edbi, l\u01b0\u1edbi \u0111\u01b0\u1ee3c s\u1eed&hellip;\" \/>\n<meta property=\"og:url\" content=\"https:\/\/vpebgreenhouse.com\/he-thong-thong-gio-vach\/\" \/>\n<meta property=\"og:site_name\" content=\"NH\u00c0 M\u00c0NG, NH\u00c0 K\u00cdNH N\u00d4NG NGHI\u1ec6P C\u00d4NG NGH\u1ec6 CAO\" \/>\n<meta property=\"article:modified_time\" content=\"2020-06-10T10:24:26+00:00\" \/>\n<meta name=\"twitter:card\" content=\"summary_large_image\" \/>\n<meta name=\"twitter:label1\" content=\"Est. reading time\" \/>\n\t<meta name=\"twitter:data1\" content=\"6 minutes\" \/>\n<script type=\"application\/ld+json\" class=\"yoast-schema-graph\">{\"@context\":\"https:\/\/schema.org\",\"@graph\":[{\"@type\":\"WebPage\",\"@id\":\"https:\/\/vpebgreenhouse.com\/he-thong-thong-gio-vach\/\",\"url\":\"https:\/\/vpebgreenhouse.com\/he-thong-thong-gio-vach\/\",\"name\":\"H\u1ec7 th\u1ed1ng th\u00f4ng gi\u00f3 v\u00e1ch - NH\u00c0 M\u00c0NG, NH\u00c0 K\u00cdNH N\u00d4NG NGHI\u1ec6P C\u00d4NG NGH\u1ec6 CAO\",\"isPartOf\":{\"@id\":\"http:\/\/vpebgreenhouse.com\/#website\"},\"datePublished\":\"2017-10-04T07:22:33+00:00\",\"dateModified\":\"2020-06-10T10:24:26+00:00\",\"breadcrumb\":{\"@id\":\"https:\/\/vpebgreenhouse.com\/he-thong-thong-gio-vach\/#breadcrumb\"},\"inLanguage\":\"en-US\",\"potentialAction\":[{\"@type\":\"ReadAction\",\"target\":[\"https:\/\/vpebgreenhouse.com\/he-thong-thong-gio-vach\/\"]}]},{\"@type\":\"BreadcrumbList\",\"@id\":\"https:\/\/vpebgreenhouse.com\/he-thong-thong-gio-vach\/#breadcrumb\",\"itemListElement\":[{\"@type\":\"ListItem\",\"position\":1,\"name\":\"Home\",\"item\":\"http:\/\/vpebgreenhouse.com\/\"},{\"@type\":\"ListItem\",\"position\":2,\"name\":\"H\u1ec7 th\u1ed1ng th\u00f4ng gi\u00f3 v\u00e1ch\"}]},{\"@type\":\"WebSite\",\"@id\":\"http:\/\/vpebgreenhouse.com\/#website\",\"url\":\"http:\/\/vpebgreenhouse.com\/\",\"name\":\"NH\u00c0 M\u00c0NG, NH\u00c0 K\u00cdNH N\u00d4NG NGHI\u1ec6P C\u00d4NG NGH\u1ec6 CAO\",\"description\":\"VPEB GREENHOUSE\",\"potentialAction\":[{\"@type\":\"SearchAction\",\"target\":{\"@type\":\"EntryPoint\",\"urlTemplate\":\"http:\/\/vpebgreenhouse.com\/?s={search_term_string}\"},\"query-input\":{\"@type\":\"PropertyValueSpecification\",\"valueRequired\":true,\"valueName\":\"search_term_string\"}}],\"inLanguage\":\"en-US\"}]}<\/script>\n<!-- \/ Yoast SEO plugin. -->","yoast_head_json":{"title":"H\u1ec7 th\u1ed1ng th\u00f4ng gi\u00f3 v\u00e1ch - NH\u00c0 M\u00c0NG, NH\u00c0 K\u00cdNH N\u00d4NG NGHI\u1ec6P C\u00d4NG NGH\u1ec6 CAO","robots":{"index":"index","follow":"follow","max-snippet":"max-snippet:-1","max-image-preview":"max-image-preview:large","max-video-preview":"max-video-preview:-1"},"canonical":"https:\/\/vpebgreenhouse.com\/he-thong-thong-gio-vach\/","og_locale":"en_US","og_type":"article","og_title":"H\u1ec7 th\u1ed1ng th\u00f4ng gi\u00f3 v\u00e1ch - NH\u00c0 M\u00c0NG, NH\u00c0 K\u00cdNH N\u00d4NG NGHI\u1ec6P C\u00d4NG NGH\u1ec6 CAO","og_description":"[vc_row][vc_column width=&#8221;1\/2&#8243;][vc_column_text]M\u1ee5c \u0111\u00edch ch\u00ednh c\u1ee7a th\u00f4ng gi\u00f3 l\u00e0 l\u01b0u th\u00f4ng kh\u00f4ng kh\u00ed v\u00e0 h\u1ea1 nhi\u1ec7t nh\u00e0 k\u00ednh, do \u0111\u00f3 s\u1eed d\u1ee5ng l\u01b0\u1edbi th\u00f4ng gi\u00f3 v\u00e1ch v\u00e0 qu\u1ea1t \u0111\u1ed1i l\u01b0u \u1edf v\u00e1ch \u0111\u00e3 kh\u00f4ng c\u00f2n qu\u00e1 xa l\u1ea1. C\u00e1c v\u00e1ch xung quanh nh\u00e0 k\u00ednh \u0111\u01b0\u1ee3c thi\u1ebft k\u1ebf xen k\u1ebd gi\u1eefa m\u00e0ng v\u00e0 l\u01b0\u1edbi, l\u01b0\u1edbi \u0111\u01b0\u1ee3c s\u1eed&hellip;","og_url":"https:\/\/vpebgreenhouse.com\/he-thong-thong-gio-vach\/","og_site_name":"NH\u00c0 M\u00c0NG, NH\u00c0 K\u00cdNH N\u00d4NG NGHI\u1ec6P C\u00d4NG NGH\u1ec6 CAO","article_modified_time":"2020-06-10T10:24:26+00:00","twitter_card":"summary_large_image","twitter_misc":{"Est. reading time":"6 minutes"},"schema":{"@context":"https:\/\/schema.org","@graph":[{"@type":"WebPage","@id":"https:\/\/vpebgreenhouse.com\/he-thong-thong-gio-vach\/","url":"https:\/\/vpebgreenhouse.com\/he-thong-thong-gio-vach\/","name":"H\u1ec7 th\u1ed1ng th\u00f4ng gi\u00f3 v\u00e1ch - NH\u00c0 M\u00c0NG, NH\u00c0 K\u00cdNH N\u00d4NG NGHI\u1ec6P C\u00d4NG NGH\u1ec6 CAO","isPartOf":{"@id":"http:\/\/vpebgreenhouse.com\/#website"},"datePublished":"2017-10-04T07:22:33+00:00","dateModified":"2020-06-10T10:24:26+00:00","breadcrumb":{"@id":"https:\/\/vpebgreenhouse.com\/he-thong-thong-gio-vach\/#breadcrumb"},"inLanguage":"en-US","potentialAction":[{"@type":"ReadAction","target":["https:\/\/vpebgreenhouse.com\/he-thong-thong-gio-vach\/"]}]},{"@type":"BreadcrumbList","@id":"https:\/\/vpebgreenhouse.com\/he-thong-thong-gio-vach\/#breadcrumb","itemListElement":[{"@type":"ListItem","position":1,"name":"Home","item":"http:\/\/vpebgreenhouse.com\/"},{"@type":"ListItem","position":2,"name":"H\u1ec7 th\u1ed1ng th\u00f4ng gi\u00f3 v\u00e1ch"}]},{"@type":"WebSite","@id":"http:\/\/vpebgreenhouse.com\/#website","url":"http:\/\/vpebgreenhouse.com\/","name":"NH\u00c0 M\u00c0NG, NH\u00c0 K\u00cdNH N\u00d4NG NGHI\u1ec6P C\u00d4NG NGH\u1ec6 CAO","description":"VPEB GREENHOUSE","potentialAction":[{"@type":"SearchAction","target":{"@type":"EntryPoint","urlTemplate":"http:\/\/vpebgreenhouse.com\/?s={search_term_string}"},"query-input":{"@type":"PropertyValueSpecification","valueRequired":true,"valueName":"search_term_string"}}],"inLanguage":"en-US"}]}},"_links":{"self":[{"href":"http:\/\/vpebgreenhouse.com\/en\/wp-json\/wp\/v2\/pages\/2519","targetHints":{"allow":["GET"]}}],"collection":[{"href":"http:\/\/vpebgreenhouse.com\/en\/wp-json\/wp\/v2\/pages"}],"about":[{"href":"http:\/\/vpebgreenhouse.com\/en\/wp-json\/wp\/v2\/types\/page"}],"author":[{"embeddable":true,"href":"http:\/\/vpebgreenhouse.com\/en\/wp-json\/wp\/v2\/users\/1"}],"replies":[{"embeddable":true,"href":"http:\/\/vpebgreenhouse.com\/en\/wp-json\/wp\/v2\/comments?post=2519"}],"version-history":[{"count":4,"href":"http:\/\/vpebgreenhouse.com\/en\/wp-json\/wp\/v2\/pages\/2519\/revisions"}],"predecessor-version":[{"id":3190,"href":"http:\/\/vpebgreenhouse.com\/en\/wp-json\/wp\/v2\/pages\/2519\/revisions\/3190"}],"wp:attachment":[{"href":"http:\/\/vpebgreenhouse.com\/en\/wp-json\/wp\/v2\/media?parent=2519"}],"curies":[{"name":"wp","href":"https:\/\/api.w.org\/{rel}","templated":true}]}}