{"id":2504,"date":"2017-10-04T04:48:54","date_gmt":"2017-10-04T04:48:54","guid":{"rendered":"http:\/\/vpebgreenhouse.com\/?page_id=2504"},"modified":"2020-06-10T10:24:02","modified_gmt":"2020-06-10T10:24:02","slug":"he-thong-thong-gio-dinh-mai-nha-kinh","status":"publish","type":"page","link":"http:\/\/vpebgreenhouse.com\/en\/he-thong-thong-gio-dinh-mai-nha-kinh\/","title":{"rendered":"H\u1ec7 th\u1ed1ng th\u00f4ng gi\u00f3 \u0111\u1ec9nh m\u00e1i nh\u00e0 k\u00ednh"},"content":{"rendered":"<p>[vc_row][vc_column]<div id=\"ultimate-heading-5969d64e8e92878\" class=\"uvc-heading ult-adjust-bottom-margin ultimate-heading-5969d64e8e92878 uvc-5195 \" data-hspacer=\"no_spacer\"  data-halign=\"left\" style=\"text-align:left\"><div class=\"uvc-heading-spacer no_spacer\" style=\"top\"><\/div><div class=\"uvc-main-heading ult-responsive\"  data-ultimate-target='.uvc-heading.ultimate-heading-5969d64e8e92878 h2'  data-responsive-json-new='{\"font-size\":\"desktop:30px;\",\"line-height\":\"desktop:45px;\"}' ><h2 style=\"font-weight:normal;\">H\u1ec7 th\u1ed1ng th\u00f4ng gi\u00f3 \u0111\u1ec9nh m\u00e1i<\/h2><\/div><\/div>[vc_column_text]<span style=\"font-weight: 400;\">Ch\u00eca kh\u00f3a c\u1ee7a th\u00f4ng gi\u00f3 t\u1ef1 nhi\u00ean l\u00e0 gi\u00f3 v\u00e0 lu\u1ed3ng kh\u00f4ng kh\u00ed \u0111\u1ed1i l\u01b0u, do \u0111\u00f3 c\u00e1c thi\u1ebft k\u1ebf m\u00e1i lu\u00f4n \u0111\u01b0\u1ee3c VPEB GREENHOUSE ch\u00fa tr\u1ecdng \u0111\u1ec3 t\u1ea1o kho\u1ea3ng kh\u00f4ng cho kh\u00f4ng kh\u00ed l\u01b0u th\u00f4ng. <\/span><\/p>\n<p><span style=\"font-weight: 400;\">L\u01b0\u1ee3ng nhi\u1ec7t d\u01b0 th\u1eeba ho\u1eb7c kh\u00f4ng kh\u00ed c\u0169 \u0111\u1ecdng l\u1ea1i b\u00ean trong nh\u00e0 k\u00ednh tr\u1ef1c ti\u1ebfp \u1ea3nh h\u01b0\u1edfng \u0111\u1ebfn t\u0103ng tr\u01b0\u1edfng v\u00e0 n\u0103ng su\u1ea5t c\u1ee7a c\u00e2y tr\u1ed3ng. <strong>H\u1ec7 th\u1ed1ng th\u00f4ng gi\u00f3 \u0111\u1ec9nh m\u00e1i<\/strong> s\u1ebd gi\u00fap kh\u00f4ng kh\u00ed l\u01b0u th\u00f4ng t\u1ed1t h\u01a1n, t\u1ea1o m\u00f4i tr\u01b0\u1eddng t\u1ed1i \u01b0u cho c\u00e2y tr\u1ed3ng. <\/span><\/p>\n<p><span style=\"font-weight: 400;\">C\u00e1ch t\u1ed1t nh\u1ea5t \u0111\u1ec3 th\u00f4ng gi\u00f3 \u0111\u1ec9nh m\u00e1i l\u00e0 d\u00f9ng l\u01b0\u1edbi ch\u1eafn c\u00f4n tr\u00f9ng \u1edf ph\u1ea7n m\u00e1i ch\u00eanh l\u1ec7ch \u0111\u1ed1i v\u1edbi nh\u00e0 m\u1ed9t m\u00e1i v\u00e0 hai b\u00ean \u0111\u1ed1i v\u1edbi nh\u00e0 2 m\u00e1i c\u1ed1 \u0111\u1ecbnh v\u00e0 \u0111\u00f3ng m\u1edf t\u1ef1 \u0111\u1ed9ng. Tuy l\u00e0 c\u00e1ch th\u00f4ng gi\u00f3 truy\u1ec1n th\u1ed1ng c\u1ee7a nh\u00e0 m\u00e0ng nh\u01b0ng l\u1ea1i mang \u0111\u1ebfn hi\u1ec7u qu\u1ea3 thi\u1ebft th\u1ef1c.<\/span><\/p>\n<p><span style=\"font-weight: 400;\">Ngo\u00e0i ra, n\u1ebfu mu\u1ed1n c\u1ea3i thi\u1ec7n kh\u00f4ng kh\u00ed b\u00ean trong nh\u00e0 k\u00ednh, ch\u1ee7 \u0111\u1ea7u t\u01b0 c\u00f3 th\u1ec3 c\u00e2n nh\u1eafc s\u1eed d\u1ee5ng th\u00eam h\u1ec7 th\u1ed1ng qu\u1ea1t h\u00fat kh\u00ed v\u00e0 <strong><em>l\u01b0\u1edbi c\u1eaft n\u1eafng \u0111\u1ec3 l\u00e0m d\u1ecbu m\u00e1t nh\u00e0 k\u00ednh<\/em><\/strong>.<\/span>[\/vc_column_text][\/vc_column][\/vc_row][vc_row][vc_column][vc_separator]<div id=\"ultimate-heading-596869d64e8e928b1\" class=\"uvc-heading ult-adjust-bottom-margin ultimate-heading-596869d64e8e928b1 uvc-2374 \" data-hspacer=\"no_spacer\"  data-halign=\"center\" style=\"text-align:center\"><div class=\"uvc-heading-spacer no_spacer\" style=\"top\"><\/div><div class=\"uvc-main-heading ult-responsive\"  data-ultimate-target='.uvc-heading.ultimate-heading-596869d64e8e928b1 h2'  data-responsive-json-new='{\"font-size\":\"\",\"line-height\":\"\"}' ><h2 style=\"font-weight:normal;margin-bottom:30px;\">S\u1ea3n ph\u1ea9m \u0111ang c\u00f3 t\u1ea1i VPEB GREENHOUSE:<\/h2><\/div><\/div>[\/vc_column][\/vc_row][vc_row][vc_column width=&#8221;1\/2&#8243;]<div id=\"ultimate-heading-792669d64e8e928e6\" class=\"uvc-heading ult-adjust-bottom-margin ultimate-heading-792669d64e8e928e6 uvc-3611 \" data-hspacer=\"line_only\"  data-halign=\"left\" style=\"text-align:left\"><div class=\"uvc-main-heading ult-responsive\"  data-ultimate-target='.uvc-heading.ultimate-heading-792669d64e8e928e6 h2'  data-responsive-json-new='{\"font-size\":\"desktop:25px;tablet_portrait:20px;\",\"line-height\":\"desktop:45px;\"}' ><h2 style=\"font-family:&#039;Open Sans&#039;;font-weight:normal;\">Qu\u1ea1t h\u00fat kh\u00f4ng kh\u00ed c\u00f4ng su\u1ea5t <\/h2><\/div><div class=\"uvc-heading-spacer line_only\" style=\"topheight:1px;\"><span class=\"uvc-headings-line\" style=\"border-style:solid;border-bottom-width:1px;border-color:#1e73be;width:100px;\"><\/span><\/div><\/div>[vc_single_image image=&#8221;2512&#8243; img_size=&#8221;full&#8221; add_caption=&#8221;yes&#8221; alignment=&#8221;center&#8221; css_animation=&#8221;rotateInDownLeft&#8221; lazy_loading=&#8221;true&#8221;][\/vc_column][vc_column width=&#8221;1\/2&#8243;]<div id=\"ultimate-heading-233769d64e8e92983\" class=\"uvc-heading ult-adjust-bottom-margin ultimate-heading-233769d64e8e92983 uvc-9207 \" data-hspacer=\"line_only\"  data-halign=\"left\" style=\"text-align:left\"><div class=\"uvc-main-heading ult-responsive\"  data-ultimate-target='.uvc-heading.ultimate-heading-233769d64e8e92983 h2'  data-responsive-json-new='{\"font-size\":\"desktop:25px;tablet_portrait:20px;\",\"line-height\":\"desktop:45px;\"}' ><h2 style=\"font-family:&#039;Open Sans&#039;;font-weight:normal;\">L\u01b0\u1edbi c\u1eaft n\u1eafng (c\u00f3 tay quay \u0111i\u1ec1u khi\u1ec3n t\u1ef1 \u0111\u1ed9ng)<\/h2><\/div><div class=\"uvc-heading-spacer line_only\" style=\"topheight:1px;\"><span class=\"uvc-headings-line\" style=\"border-style:solid;border-bottom-width:1px;border-color:#1e73be;width:100px;\"><\/span><\/div><\/div>[vc_single_image image=&#8221;2515&#8243; img_size=&#8221;full&#8221; add_caption=&#8221;yes&#8221; alignment=&#8221;center&#8221; css_animation=&#8221;rotateInDownRight&#8221; lazy_loading=&#8221;true&#8221;][\/vc_column][\/vc_row][vc_row][vc_column][vc_separator][\/vc_column][\/vc_row][vc_row bg_type=&#8221;image&#8221; parallax_style=&#8221;vcpb-default&#8221; bg_image_new=&#8221;id^2231|url^http:\/\/vpebgreenhouse.com\/wp-content\/uploads\/2016\/01\/banner-nha-kinh-vpeb-greenhouse.jpg|caption^null|alt^null|title^banner-nha-kinh-vpeb-greenhouse|description^null&#8221; bg_override=&#8221;full&#8221; css=&#8221;.vc_custom_1505479442342{padding-top: 50px !important;padding-bottom: 50px !important;}&#8221;][vc_column]<div id=\"ultimate-heading-988969d64e8e929d9\" class=\"uvc-heading ult-adjust-bottom-margin ultimate-heading-988969d64e8e929d9 uvc-2232 \" data-hspacer=\"no_spacer\"  data-halign=\"center\" style=\"text-align:center\"><div class=\"uvc-heading-spacer no_spacer\" style=\"top\"><\/div><div class=\"uvc-main-heading ult-responsive\"  data-ultimate-target='.uvc-heading.ultimate-heading-988969d64e8e929d9 h2'  data-responsive-json-new='{\"font-size\":\"desktop:30px;tablet_portrait:30px;\",\"line-height\":\"desktop:35px;tablet_portrait:26px;\"}' ><h2 style=\"font-family:&#039;Open Sans Condensed&#039;;font-weight:700;color:#ffffff;margin-bottom:10px;\">Li\u00ean h\u1ec7 VPEB GREENHOUSE!<\/h2><\/div><div class=\"uvc-sub-heading ult-responsive\"  data-ultimate-target='.uvc-heading.ultimate-heading-988969d64e8e929d9 .uvc-sub-heading '  data-responsive-json-new='{\"font-size\":\"desktop:40px;tablet_portrait:40px;\",\"line-height\":\"desktop:50px;tablet_portrait:46px;\"}'  style=\"font-family:&#039;Open Sans Condensed&#039;;font-weight:700;color:#ffffff;\">Hotline: 0934108899<\/div><\/div><div id=\"ultimate-heading-856169d64e8e92a2b\" class=\"uvc-heading ult-adjust-bottom-margin ultimate-heading-856169d64e8e92a2b uvc-5345 \" data-hspacer=\"no_spacer\"  data-halign=\"center\" style=\"text-align:center\"><div class=\"uvc-heading-spacer no_spacer\" style=\"top\"><\/div><div class=\"uvc-sub-heading ult-responsive\"  data-ultimate-target='.uvc-heading.ultimate-heading-856169d64e8e92a2b .uvc-sub-heading '  data-responsive-json-new='{\"font-size\":\"desktop:25px;tablet_portrait:20px;\",\"line-height\":\"desktop:30px;tablet_portrait:30px;\"}'  style=\"font-family:&#039;Open Sans Condensed&#039;;font-weight:700;color:#ffffff;margin-top:10px;\">Tr\u1ee5 s\u1edf ch\u00ednh HCM: 179 \u0110\u01b0\u1eddng Li\u00ean Ph\u01b0\u1eddng, Ph\u01b0\u1eddng Ph\u01b0\u1edbc Long B, Qu\u1eadn 9, TP.HCM<\/p>\n<p>VP \u0110\u00e0 L\u1ea1t: 322, Hai B\u00e0 Tr\u01b0ng, Ph\u01b0\u1eddng 6, TP. \u0110\u00e0 L\u1ea1t<\/div><\/div><div class=\"btn-align-center\"><a href=\"\/contact\" class=\"default-btn-shortcode dt-btn dt-btn-l  vc_custom_1502551972733\" id=\"default-btn-2\" style=\"width:400px;\"><span>G\u1eedi y\u00eau c\u1ea7u h\u1ed7 tr\u1ee3<\/span><\/a><\/div>[\/vc_column][\/vc_row]<\/p>","protected":false},"excerpt":{"rendered":"<p>[vc_row][vc_column][vc_column_text]Ch\u00eca kh\u00f3a c\u1ee7a th\u00f4ng gi\u00f3 t\u1ef1 nhi\u00ean l\u00e0 gi\u00f3 v\u00e0 lu\u1ed3ng kh\u00f4ng kh\u00ed \u0111\u1ed1i l\u01b0u, do \u0111\u00f3 c\u00e1c thi\u1ebft k\u1ebf m\u00e1i lu\u00f4n \u0111\u01b0\u1ee3c VPEB GREENHOUSE ch\u00fa tr\u1ecdng \u0111\u1ec3 t\u1ea1o kho\u1ea3ng kh\u00f4ng cho kh\u00f4ng kh\u00ed l\u01b0u th\u00f4ng. L\u01b0\u1ee3ng nhi\u1ec7t d\u01b0 th\u1eeba ho\u1eb7c kh\u00f4ng kh\u00ed c\u0169 \u0111\u1ecdng l\u1ea1i b\u00ean trong nh\u00e0 k\u00ednh tr\u1ef1c ti\u1ebfp \u1ea3nh h\u01b0\u1edfng \u0111\u1ebfn&hellip;<\/p>\n","protected":false},"author":1,"featured_media":0,"parent":0,"menu_order":0,"comment_status":"closed","ping_status":"closed","template":"","meta":[],"class_list":["post-2504","page","type-page","status-publish","hentry","description-off"],"yoast_head":"<!-- This site is optimized with the Yoast SEO plugin v23.8 - https:\/\/yoast.com\/wordpress\/plugins\/seo\/ -->\n<title>H\u1ec7 th\u1ed1ng th\u00f4ng gi\u00f3 \u0111\u1ec9nh m\u00e1i nh\u00e0 k\u00ednh - NH\u00c0 M\u00c0NG, NH\u00c0 K\u00cdNH N\u00d4NG NGHI\u1ec6P C\u00d4NG NGH\u1ec6 CAO<\/title>\n<meta name=\"robots\" content=\"index, follow, max-snippet:-1, max-image-preview:large, max-video-preview:-1\" \/>\n<link rel=\"canonical\" href=\"http:\/\/vpebgreenhouse.com\/en\/he-thong-thong-gio-dinh-mai-nha-kinh\/\" \/>\n<meta property=\"og:locale\" content=\"en_US\" \/>\n<meta property=\"og:type\" content=\"article\" \/>\n<meta property=\"og:title\" content=\"H\u1ec7 th\u1ed1ng th\u00f4ng gi\u00f3 \u0111\u1ec9nh m\u00e1i nh\u00e0 k\u00ednh - NH\u00c0 M\u00c0NG, NH\u00c0 K\u00cdNH N\u00d4NG NGHI\u1ec6P C\u00d4NG NGH\u1ec6 CAO\" \/>\n<meta property=\"og:description\" content=\"[vc_row][vc_column][vc_column_text]Ch\u00eca kh\u00f3a c\u1ee7a th\u00f4ng gi\u00f3 t\u1ef1 nhi\u00ean l\u00e0 gi\u00f3 v\u00e0 lu\u1ed3ng kh\u00f4ng kh\u00ed \u0111\u1ed1i l\u01b0u, do \u0111\u00f3 c\u00e1c thi\u1ebft k\u1ebf m\u00e1i lu\u00f4n \u0111\u01b0\u1ee3c VPEB GREENHOUSE ch\u00fa tr\u1ecdng \u0111\u1ec3 t\u1ea1o kho\u1ea3ng kh\u00f4ng cho kh\u00f4ng kh\u00ed l\u01b0u th\u00f4ng. L\u01b0\u1ee3ng nhi\u1ec7t d\u01b0 th\u1eeba ho\u1eb7c kh\u00f4ng kh\u00ed c\u0169 \u0111\u1ecdng l\u1ea1i b\u00ean trong nh\u00e0 k\u00ednh tr\u1ef1c ti\u1ebfp \u1ea3nh h\u01b0\u1edfng \u0111\u1ebfn&hellip;\" \/>\n<meta property=\"og:url\" content=\"http:\/\/vpebgreenhouse.com\/en\/he-thong-thong-gio-dinh-mai-nha-kinh\/\" \/>\n<meta property=\"og:site_name\" content=\"NH\u00c0 M\u00c0NG, NH\u00c0 K\u00cdNH N\u00d4NG NGHI\u1ec6P C\u00d4NG NGH\u1ec6 CAO\" \/>\n<meta property=\"article:modified_time\" content=\"2020-06-10T10:24:02+00:00\" \/>\n<meta name=\"twitter:card\" content=\"summary_large_image\" \/>\n<meta name=\"twitter:label1\" content=\"Est. reading time\" \/>\n\t<meta name=\"twitter:data1\" content=\"9 minutes\" \/>\n<script type=\"application\/ld+json\" class=\"yoast-schema-graph\">{\"@context\":\"https:\/\/schema.org\",\"@graph\":[{\"@type\":\"WebPage\",\"@id\":\"http:\/\/vpebgreenhouse.com\/en\/he-thong-thong-gio-dinh-mai-nha-kinh\/\",\"url\":\"http:\/\/vpebgreenhouse.com\/en\/he-thong-thong-gio-dinh-mai-nha-kinh\/\",\"name\":\"H\u1ec7 th\u1ed1ng th\u00f4ng gi\u00f3 \u0111\u1ec9nh m\u00e1i nh\u00e0 k\u00ednh - NH\u00c0 M\u00c0NG, NH\u00c0 K\u00cdNH N\u00d4NG NGHI\u1ec6P C\u00d4NG NGH\u1ec6 CAO\",\"isPartOf\":{\"@id\":\"https:\/\/vpebgreenhouse.com\/en\/#website\"},\"datePublished\":\"2017-10-04T04:48:54+00:00\",\"dateModified\":\"2020-06-10T10:24:02+00:00\",\"breadcrumb\":{\"@id\":\"http:\/\/vpebgreenhouse.com\/en\/he-thong-thong-gio-dinh-mai-nha-kinh\/#breadcrumb\"},\"inLanguage\":\"en-US\",\"potentialAction\":[{\"@type\":\"ReadAction\",\"target\":[\"http:\/\/vpebgreenhouse.com\/en\/he-thong-thong-gio-dinh-mai-nha-kinh\/\"]}]},{\"@type\":\"BreadcrumbList\",\"@id\":\"http:\/\/vpebgreenhouse.com\/en\/he-thong-thong-gio-dinh-mai-nha-kinh\/#breadcrumb\",\"itemListElement\":[{\"@type\":\"ListItem\",\"position\":1,\"name\":\"Home\",\"item\":\"https:\/\/vpebgreenhouse.com\/en\/\"},{\"@type\":\"ListItem\",\"position\":2,\"name\":\"H\u1ec7 th\u1ed1ng th\u00f4ng gi\u00f3 \u0111\u1ec9nh m\u00e1i nh\u00e0 k\u00ednh\"}]},{\"@type\":\"WebSite\",\"@id\":\"https:\/\/vpebgreenhouse.com\/en\/#website\",\"url\":\"https:\/\/vpebgreenhouse.com\/en\/\",\"name\":\"NH\u00c0 M\u00c0NG, NH\u00c0 K\u00cdNH N\u00d4NG NGHI\u1ec6P C\u00d4NG NGH\u1ec6 CAO\",\"description\":\"VPEB GREENHOUSE\",\"potentialAction\":[{\"@type\":\"SearchAction\",\"target\":{\"@type\":\"EntryPoint\",\"urlTemplate\":\"https:\/\/vpebgreenhouse.com\/en\/?s={search_term_string}\"},\"query-input\":{\"@type\":\"PropertyValueSpecification\",\"valueRequired\":true,\"valueName\":\"search_term_string\"}}],\"inLanguage\":\"en-US\"}]}<\/script>\n<!-- \/ Yoast SEO plugin. -->","yoast_head_json":{"title":"H\u1ec7 th\u1ed1ng th\u00f4ng gi\u00f3 \u0111\u1ec9nh m\u00e1i nh\u00e0 k\u00ednh - NH\u00c0 M\u00c0NG, NH\u00c0 K\u00cdNH N\u00d4NG NGHI\u1ec6P C\u00d4NG NGH\u1ec6 CAO","robots":{"index":"index","follow":"follow","max-snippet":"max-snippet:-1","max-image-preview":"max-image-preview:large","max-video-preview":"max-video-preview:-1"},"canonical":"http:\/\/vpebgreenhouse.com\/en\/he-thong-thong-gio-dinh-mai-nha-kinh\/","og_locale":"en_US","og_type":"article","og_title":"H\u1ec7 th\u1ed1ng th\u00f4ng gi\u00f3 \u0111\u1ec9nh m\u00e1i nh\u00e0 k\u00ednh - NH\u00c0 M\u00c0NG, NH\u00c0 K\u00cdNH N\u00d4NG NGHI\u1ec6P C\u00d4NG NGH\u1ec6 CAO","og_description":"[vc_row][vc_column][vc_column_text]Ch\u00eca kh\u00f3a c\u1ee7a th\u00f4ng gi\u00f3 t\u1ef1 nhi\u00ean l\u00e0 gi\u00f3 v\u00e0 lu\u1ed3ng kh\u00f4ng kh\u00ed \u0111\u1ed1i l\u01b0u, do \u0111\u00f3 c\u00e1c thi\u1ebft k\u1ebf m\u00e1i lu\u00f4n \u0111\u01b0\u1ee3c VPEB GREENHOUSE ch\u00fa tr\u1ecdng \u0111\u1ec3 t\u1ea1o kho\u1ea3ng kh\u00f4ng cho kh\u00f4ng kh\u00ed l\u01b0u th\u00f4ng. L\u01b0\u1ee3ng nhi\u1ec7t d\u01b0 th\u1eeba ho\u1eb7c kh\u00f4ng kh\u00ed c\u0169 \u0111\u1ecdng l\u1ea1i b\u00ean trong nh\u00e0 k\u00ednh tr\u1ef1c ti\u1ebfp \u1ea3nh h\u01b0\u1edfng \u0111\u1ebfn&hellip;","og_url":"http:\/\/vpebgreenhouse.com\/en\/he-thong-thong-gio-dinh-mai-nha-kinh\/","og_site_name":"NH\u00c0 M\u00c0NG, NH\u00c0 K\u00cdNH N\u00d4NG NGHI\u1ec6P C\u00d4NG NGH\u1ec6 CAO","article_modified_time":"2020-06-10T10:24:02+00:00","twitter_card":"summary_large_image","twitter_misc":{"Est. reading time":"9 minutes"},"schema":{"@context":"https:\/\/schema.org","@graph":[{"@type":"WebPage","@id":"http:\/\/vpebgreenhouse.com\/en\/he-thong-thong-gio-dinh-mai-nha-kinh\/","url":"http:\/\/vpebgreenhouse.com\/en\/he-thong-thong-gio-dinh-mai-nha-kinh\/","name":"H\u1ec7 th\u1ed1ng th\u00f4ng gi\u00f3 \u0111\u1ec9nh m\u00e1i nh\u00e0 k\u00ednh - NH\u00c0 M\u00c0NG, NH\u00c0 K\u00cdNH N\u00d4NG NGHI\u1ec6P C\u00d4NG NGH\u1ec6 CAO","isPartOf":{"@id":"https:\/\/vpebgreenhouse.com\/en\/#website"},"datePublished":"2017-10-04T04:48:54+00:00","dateModified":"2020-06-10T10:24:02+00:00","breadcrumb":{"@id":"http:\/\/vpebgreenhouse.com\/en\/he-thong-thong-gio-dinh-mai-nha-kinh\/#breadcrumb"},"inLanguage":"en-US","potentialAction":[{"@type":"ReadAction","target":["http:\/\/vpebgreenhouse.com\/en\/he-thong-thong-gio-dinh-mai-nha-kinh\/"]}]},{"@type":"BreadcrumbList","@id":"http:\/\/vpebgreenhouse.com\/en\/he-thong-thong-gio-dinh-mai-nha-kinh\/#breadcrumb","itemListElement":[{"@type":"ListItem","position":1,"name":"Home","item":"https:\/\/vpebgreenhouse.com\/en\/"},{"@type":"ListItem","position":2,"name":"H\u1ec7 th\u1ed1ng th\u00f4ng gi\u00f3 \u0111\u1ec9nh m\u00e1i nh\u00e0 k\u00ednh"}]},{"@type":"WebSite","@id":"https:\/\/vpebgreenhouse.com\/en\/#website","url":"https:\/\/vpebgreenhouse.com\/en\/","name":"NH\u00c0 M\u00c0NG, NH\u00c0 K\u00cdNH N\u00d4NG NGHI\u1ec6P C\u00d4NG NGH\u1ec6 CAO","description":"VPEB GREENHOUSE","potentialAction":[{"@type":"SearchAction","target":{"@type":"EntryPoint","urlTemplate":"https:\/\/vpebgreenhouse.com\/en\/?s={search_term_string}"},"query-input":{"@type":"PropertyValueSpecification","valueRequired":true,"valueName":"search_term_string"}}],"inLanguage":"en-US"}]}},"_links":{"self":[{"href":"http:\/\/vpebgreenhouse.com\/en\/wp-json\/wp\/v2\/pages\/2504","targetHints":{"allow":["GET"]}}],"collection":[{"href":"http:\/\/vpebgreenhouse.com\/en\/wp-json\/wp\/v2\/pages"}],"about":[{"href":"http:\/\/vpebgreenhouse.com\/en\/wp-json\/wp\/v2\/types\/page"}],"author":[{"embeddable":true,"href":"http:\/\/vpebgreenhouse.com\/en\/wp-json\/wp\/v2\/users\/1"}],"replies":[{"embeddable":true,"href":"http:\/\/vpebgreenhouse.com\/en\/wp-json\/wp\/v2\/comments?post=2504"}],"version-history":[{"count":10,"href":"http:\/\/vpebgreenhouse.com\/en\/wp-json\/wp\/v2\/pages\/2504\/revisions"}],"predecessor-version":[{"id":3189,"href":"http:\/\/vpebgreenhouse.com\/en\/wp-json\/wp\/v2\/pages\/2504\/revisions\/3189"}],"wp:attachment":[{"href":"http:\/\/vpebgreenhouse.com\/en\/wp-json\/wp\/v2\/media?parent=2504"}],"curies":[{"name":"wp","href":"https:\/\/api.w.org\/{rel}","templated":true}]}}