{"id":2496,"date":"2017-10-04T04:19:24","date_gmt":"2017-10-04T04:19:24","guid":{"rendered":"http:\/\/vpebgreenhouse.com\/?page_id=2496"},"modified":"2020-06-10T10:25:23","modified_gmt":"2020-06-10T10:25:23","slug":"he-thong-cam-bien-do-am-trong-nha-kinh","status":"publish","type":"page","link":"http:\/\/vpebgreenhouse.com\/en\/he-thong-cam-bien-do-am-trong-nha-kinh\/","title":{"rendered":"H\u1ec7 th\u1ed1ng c\u1ea3m bi\u1ebfn \u0111\u1ed9 \u1ea9m trong nh\u00e0 k\u00ednh"},"content":{"rendered":"<p>[vc_row][vc_column]<div id=\"ultimate-heading-470669d64e8f7939a\" class=\"uvc-heading ult-adjust-bottom-margin ultimate-heading-470669d64e8f7939a uvc-4202 \" data-hspacer=\"no_spacer\"  data-halign=\"left\" style=\"text-align:left\"><div class=\"uvc-heading-spacer no_spacer\" style=\"top\"><\/div><div class=\"uvc-main-heading ult-responsive\"  data-ultimate-target='.uvc-heading.ultimate-heading-470669d64e8f7939a h2'  data-responsive-json-new='{\"font-size\":\"desktop:30px;\",\"line-height\":\"desktop:45px;\"}' ><h2 style=\"font-weight:normal;\">H\u1ec7 th\u1ed1ng c\u1ea3m bi\u1ebfn \u0111\u1ed9 \u1ea9m<\/h2><\/div><\/div>[vc_column_text]<span style=\"font-weight: 400;\">\u0110\u1ed9 \u1ea9m kh\u00f4ng kh\u00ed v\u00e0 \u0111\u1ed9 \u1ea9m c\u1ee7a \u0111\u1ea5t l\u00e0 hai y\u1ebfu t\u1ed1 \u1ea3nh h\u01b0\u1edfng tr\u1ef1c ti\u1ebfp \u0111\u1ebfn sinh tr\u01b0\u1edfng v\u00e0 ph\u00e1t tri\u1ec3n c\u1ee7a c\u00e2y tr\u1ed3ng, c\u00e2y tr\u1ed3ng s\u1ebd kh\u00f3 ph\u00e1t tri\u1ec3n t\u1ed1t trong m\u00f4i tr\u01b0\u1eddng c\u00f3 \u0111\u1ed9 \u1ea9m qu\u00e1 cao ho\u1eb7c qu\u00e1 th\u1ea5p, do \u0111\u00f3 vi\u1ec7c ki\u1ec3m so\u00e1t \u0111\u1ed9 \u1ea9m theo t\u1eebng chu k\u1ef3 sinh tr\u01b0\u1edfng c\u1ee7a c\u00e2y l\u00e0 v\u00f4 c\u00f9ng c\u1ea7n thi\u1ebft. H\u01a1n n\u1eefa kh\u00ed h\u1eadu v\u00f9ng mi\u1ec1n \u1ea3nh h\u01b0\u1edfng nhi\u1ec1u \u0111\u1ebfn l\u01b0\u1ee3ng m\u01b0a, \u0111\u00e2y l\u00e0 nguy\u00ean nh\u00e2n l\u00e0m t\u0103ng \u0111\u1ed9 \u1ea9m kh\u00f4ng kh\u00ed, khi\u1ebfn c\u00e2y d\u1ec5 m\u1eafc b\u1ec7nh v\u00e0 gi\u1ea3m n\u0103ng su\u1ea5t. Vi\u1ec7c ki\u1ec3m tra \u0111\u1ed9 \u1ea9m h\u00e0ng ng\u00e0y, gi\u00fap ch\u1ee7 \u0111\u1ea7u t\u01b0 c\u00f3 th\u1ec3 t\u1ef1 \u0111i\u1ec1u ch\u1ec9nh ph\u01b0\u01a1ng th\u1ee9c canh t\u00e1c sao cho ph\u00f9 h\u1ee3p v\u1edbi \u0111i\u1ec1u ki\u1ec7n kh\u00ed h\u1eadu, gi\u00fap c\u00e2y sinh tr\u01b0\u1edfng \u1ed5n \u0111\u1ecbnh h\u01a1n.<\/span><\/p>\n<p><span style=\"font-weight: 400;\">Ho\u1ea1t \u0111\u1ed9ng d\u1ef1a tr\u00ean c\u00e1c module khu\u1ebfch \u0111\u1ea1i x\u1eed l\u00ed, chuy\u1ec3n \u0111\u1ed5i t\u00edn hi\u1ec7u \u0111\u01b0\u1ee3c l\u1eafp \u0111\u1eb7t \u1edf nhi\u1ec1u v\u1ecb tr\u00ed b\u00ean trong nh\u00e0 k\u00ednh. \u00c1p d\u1ee5ng c\u00f4ng ngh\u1ec7 truy\u1ec1n kh\u00f4ng d\u00e2y t\u01b0\u01a1ng \u1ee9ng gi\u1eefa c\u00e1c c\u1ea3m bi\u1ebfn, th\u00f4ng tin v\u1ec1 \u0111\u1ed9 \u1ea9m kh\u00f4ng kh\u00ed \u0111\u01b0\u1ee3c truy\u1ec1n v\u1ec1 m\u00e1y ch\u1ee7 v\u00e0 th\u00f4ng tin \u0111\u01b0\u1ee3c hi\u1ec3n th\u1ecb tr\u00ean m\u00e0n h\u00ecnh m\u00e1y t\u00ednh.<\/span>[\/vc_column_text][\/vc_column][\/vc_row][vc_row][vc_column][vc_separator]<div id=\"ultimate-heading-69169d64e8f793c3\" class=\"uvc-heading ult-adjust-bottom-margin ultimate-heading-69169d64e8f793c3 uvc-6937 \" data-hspacer=\"no_spacer\"  data-halign=\"center\" style=\"text-align:center\"><div class=\"uvc-heading-spacer no_spacer\" style=\"top\"><\/div><div class=\"uvc-main-heading ult-responsive\"  data-ultimate-target='.uvc-heading.ultimate-heading-69169d64e8f793c3 h2'  data-responsive-json-new='{\"font-size\":\"\",\"line-height\":\"\"}' ><h2 style=\"font-weight:normal;margin-bottom:30px;\">H\u1ec7 th\u1ed1ng c\u1ea3m bi\u1ebfn \u0111\u1ed9 \u1ea9m do VPEB GREENHOUSE l\u1eafp \u0111\u1eb7t g\u1ed3m:<\/h2><\/div><\/div>[\/vc_column][\/vc_row][vc_row][vc_column width=&#8221;1\/2&#8243;]<div id=\"ultimate-heading-357669d64e8f79402\" class=\"uvc-heading ult-adjust-bottom-margin ultimate-heading-357669d64e8f79402 uvc-5428 \" data-hspacer=\"line_only\"  data-halign=\"left\" style=\"text-align:left\"><div class=\"uvc-main-heading ult-responsive\"  data-ultimate-target='.uvc-heading.ultimate-heading-357669d64e8f79402 h2'  data-responsive-json-new='{\"font-size\":\"desktop:25px;tablet_portrait:20px;\",\"line-height\":\"desktop:45px;\"}' ><h2 style=\"font-family:&#039;Open Sans&#039;;font-weight:normal;\">B\u1ed9 c\u1ea3m bi\u1ebfn nhi\u1ec7t \u0111\u1ed9, \u0111\u1ed9 \u1ea9m kh\u00f4ng kh\u00ed E-Sensor-Slave<\/h2><\/div><div class=\"uvc-heading-spacer line_only\" style=\"topheight:1px;\"><span class=\"uvc-headings-line\" style=\"border-style:solid;border-bottom-width:1px;border-color:#1e73be;width:100px;\"><\/span><\/div><\/div>[vc_single_image image=&#8221;2497&#8243; img_size=&#8221;full&#8221; add_caption=&#8221;yes&#8221; alignment=&#8221;center&#8221; css_animation=&#8221;rotateInDownLeft&#8221; lazy_loading=&#8221;true&#8221;][\/vc_column][vc_column width=&#8221;1\/2&#8243;]<div id=\"ultimate-heading-818469d64e8f7945a\" class=\"uvc-heading ult-adjust-bottom-margin ultimate-heading-818469d64e8f7945a uvc-75 \" data-hspacer=\"line_only\"  data-halign=\"left\" style=\"text-align:left\"><div class=\"uvc-main-heading ult-responsive\"  data-ultimate-target='.uvc-heading.ultimate-heading-818469d64e8f7945a h2'  data-responsive-json-new='{\"font-size\":\"desktop:25px;tablet_portrait:20px;\",\"line-height\":\"desktop:45px;\"}' ><h2 style=\"font-family:&#039;Open Sans&#039;;font-weight:normal;\">B\u1ed9 c\u1ea3m bi\u1ebfn \u0111o nhi\u1ec7t \u0111\u1ed9, \u0111\u1ed9 \u1ea9m \u0111\u1ea5t E-Sensor-Slave 3<\/h2><\/div><div class=\"uvc-heading-spacer line_only\" style=\"topheight:1px;\"><span class=\"uvc-headings-line\" style=\"border-style:solid;border-bottom-width:1px;border-color:#1e73be;width:100px;\"><\/span><\/div><\/div>[vc_single_image image=&#8221;2498&#8243; img_size=&#8221;full&#8221; add_caption=&#8221;yes&#8221; alignment=&#8221;center&#8221; css_animation=&#8221;rotateInDownRight&#8221; lazy_loading=&#8221;true&#8221;][\/vc_column][\/vc_row][vc_row][vc_column width=&#8221;1\/2&#8243;]<div id=\"ultimate-heading-427569d64e8f7948e\" class=\"uvc-heading ult-adjust-bottom-margin ultimate-heading-427569d64e8f7948e uvc-6074 \" data-hspacer=\"line_only\"  data-halign=\"left\" style=\"text-align:left\"><div class=\"uvc-main-heading ult-responsive\"  data-ultimate-target='.uvc-heading.ultimate-heading-427569d64e8f7948e h2'  data-responsive-json-new='{\"font-size\":\"desktop:25px;tablet_portrait:20px;\",\"line-height\":\"desktop:45px;\"}' ><h2 style=\"font-family:&#039;Open Sans&#039;;font-weight:normal;\">B\u1ed9 c\u1ea3m bi\u1ebfn \u0111o n\u1ed3ng \u0111\u1ed9 kh\u00ed CO2 trong kh\u00f4ng kh\u00ed E-Sensor-Slave 5<\/h2><\/div><div class=\"uvc-heading-spacer line_only\" style=\"topheight:1px;\"><span class=\"uvc-headings-line\" style=\"border-style:solid;border-bottom-width:1px;border-color:#1e73be;width:100px;\"><\/span><\/div><\/div>[vc_single_image image=&#8221;2501&#8243; img_size=&#8221;full&#8221; add_caption=&#8221;yes&#8221; alignment=&#8221;center&#8221; css_animation=&#8221;rotateInDownLeft&#8221; lazy_loading=&#8221;true&#8221;][\/vc_column][vc_column width=&#8221;1\/2&#8243;]<div id=\"ultimate-heading-841269d64e8f794ba\" class=\"uvc-heading ult-adjust-bottom-margin ultimate-heading-841269d64e8f794ba uvc-3124 \" data-hspacer=\"line_only\"  data-halign=\"left\" style=\"text-align:left\"><div class=\"uvc-main-heading ult-responsive\"  data-ultimate-target='.uvc-heading.ultimate-heading-841269d64e8f794ba h2'  data-responsive-json-new='{\"font-size\":\"desktop:25px;tablet_portrait:20px;\",\"line-height\":\"desktop:45px;\"}' ><h2 style=\"font-family:&#039;Open Sans&#039;;font-weight:normal;\">B\u1ed9 c\u1ea3m bi\u1ebfn \u0111o nhi\u1ec7t \u0111\u1ed9, \u0111\u1ed9 \u1ea9m \u0111\u1ea5t E-Sensor-Slave 3<\/h2><\/div><div class=\"uvc-heading-spacer line_only\" style=\"topheight:1px;\"><span class=\"uvc-headings-line\" style=\"border-style:solid;border-bottom-width:1px;border-color:#1e73be;width:100px;\"><\/span><\/div><\/div>[vc_single_image image=&#8221;2502&#8243; img_size=&#8221;full&#8221; add_caption=&#8221;yes&#8221; alignment=&#8221;center&#8221; css_animation=&#8221;rotateInDownRight&#8221; lazy_loading=&#8221;true&#8221;][\/vc_column][\/vc_row][vc_row][vc_column][vc_separator][\/vc_column][\/vc_row][vc_row bg_type=&#8221;image&#8221; parallax_style=&#8221;vcpb-default&#8221; bg_image_new=&#8221;id^2231|url^http:\/\/vpebgreenhouse.com\/wp-content\/uploads\/2016\/01\/banner-nha-kinh-vpeb-greenhouse.jpg|caption^null|alt^null|title^banner-nha-kinh-vpeb-greenhouse|description^null&#8221; bg_override=&#8221;full&#8221; css=&#8221;.vc_custom_1505479442342{padding-top: 50px !important;padding-bottom: 50px !important;}&#8221;][vc_column]<div id=\"ultimate-heading-818069d64e8f794ec\" class=\"uvc-heading ult-adjust-bottom-margin ultimate-heading-818069d64e8f794ec uvc-4320 \" data-hspacer=\"no_spacer\"  data-halign=\"center\" style=\"text-align:center\"><div class=\"uvc-heading-spacer no_spacer\" style=\"top\"><\/div><div class=\"uvc-main-heading ult-responsive\"  data-ultimate-target='.uvc-heading.ultimate-heading-818069d64e8f794ec h2'  data-responsive-json-new='{\"font-size\":\"desktop:30px;tablet_portrait:30px;\",\"line-height\":\"desktop:35px;tablet_portrait:26px;\"}' ><h2 style=\"font-family:&#039;Open Sans Condensed&#039;;font-weight:700;color:#ffffff;margin-bottom:10px;\">Li\u00ean h\u1ec7 VPEB GREENHOUSE!<\/h2><\/div><div class=\"uvc-sub-heading ult-responsive\"  data-ultimate-target='.uvc-heading.ultimate-heading-818069d64e8f794ec .uvc-sub-heading '  data-responsive-json-new='{\"font-size\":\"desktop:40px;tablet_portrait:40px;\",\"line-height\":\"desktop:50px;tablet_portrait:46px;\"}'  style=\"font-family:&#039;Open Sans Condensed&#039;;font-weight:700;color:#ffffff;\">Hotline: 0934108899<\/div><\/div><div id=\"ultimate-heading-9969d64e8f79536\" class=\"uvc-heading ult-adjust-bottom-margin ultimate-heading-9969d64e8f79536 uvc-6689 \" data-hspacer=\"no_spacer\"  data-halign=\"center\" style=\"text-align:center\"><div class=\"uvc-heading-spacer no_spacer\" style=\"top\"><\/div><div class=\"uvc-sub-heading ult-responsive\"  data-ultimate-target='.uvc-heading.ultimate-heading-9969d64e8f79536 .uvc-sub-heading '  data-responsive-json-new='{\"font-size\":\"desktop:25px;tablet_portrait:20px;\",\"line-height\":\"desktop:30px;tablet_portrait:30px;\"}'  style=\"font-family:&#039;Open Sans Condensed&#039;;font-weight:700;color:#ffffff;margin-top:10px;\">Tr\u1ee5 s\u1edf ch\u00ednh HCM: S\u1ed1 4 \u0110\u01b0\u1eddng D5, Khu Nam Long, Qu\u1eadn 9, H\u1ed3 Ch\u00ed Minh<\/p>\n<p>VP \u0110\u00e0 L\u1ea1t: 322, Hai B\u00e0 Tr\u01b0ng, Ph\u01b0\u1eddng 6, TP. \u0110\u00e0 L\u1ea1t<\/div><\/div><div class=\"btn-align-center\"><a href=\"\/contact\" class=\"default-btn-shortcode dt-btn dt-btn-l  vc_custom_1502551972733\" id=\"default-btn-2\" style=\"width:400px;\"><span>G\u1eedi y\u00eau c\u1ea7u h\u1ed7 tr\u1ee3<\/span><\/a><\/div>[\/vc_column][\/vc_row]<\/p>","protected":false},"excerpt":{"rendered":"<p>[vc_row][vc_column][vc_column_text]\u0110\u1ed9 \u1ea9m kh\u00f4ng kh\u00ed v\u00e0 \u0111\u1ed9 \u1ea9m c\u1ee7a \u0111\u1ea5t l\u00e0 hai y\u1ebfu t\u1ed1 \u1ea3nh h\u01b0\u1edfng tr\u1ef1c ti\u1ebfp \u0111\u1ebfn sinh tr\u01b0\u1edfng v\u00e0 ph\u00e1t tri\u1ec3n c\u1ee7a c\u00e2y tr\u1ed3ng, c\u00e2y tr\u1ed3ng s\u1ebd kh\u00f3 ph\u00e1t tri\u1ec3n t\u1ed1t trong m\u00f4i tr\u01b0\u1eddng c\u00f3 \u0111\u1ed9 \u1ea9m qu\u00e1 cao ho\u1eb7c qu\u00e1 th\u1ea5p, do \u0111\u00f3 vi\u1ec7c ki\u1ec3m so\u00e1t \u0111\u1ed9 \u1ea9m theo t\u1eebng chu k\u1ef3&hellip;<\/p>\n","protected":false},"author":1,"featured_media":0,"parent":0,"menu_order":0,"comment_status":"closed","ping_status":"closed","template":"","meta":[],"class_list":["post-2496","page","type-page","status-publish","hentry","description-off"],"yoast_head":"<!-- This site is optimized with the Yoast SEO plugin v23.8 - https:\/\/yoast.com\/wordpress\/plugins\/seo\/ -->\n<title>H\u1ec7 th\u1ed1ng c\u1ea3m bi\u1ebfn \u0111\u1ed9 \u1ea9m trong nh\u00e0 k\u00ednh - NH\u00c0 M\u00c0NG, NH\u00c0 K\u00cdNH N\u00d4NG NGHI\u1ec6P C\u00d4NG NGH\u1ec6 CAO<\/title>\n<meta name=\"robots\" content=\"index, follow, max-snippet:-1, max-image-preview:large, max-video-preview:-1\" \/>\n<link rel=\"canonical\" href=\"http:\/\/vpebgreenhouse.com\/en\/he-thong-cam-bien-do-am-trong-nha-kinh\/\" \/>\n<meta property=\"og:locale\" content=\"en_US\" \/>\n<meta property=\"og:type\" content=\"article\" \/>\n<meta property=\"og:title\" content=\"H\u1ec7 th\u1ed1ng c\u1ea3m bi\u1ebfn \u0111\u1ed9 \u1ea9m trong nh\u00e0 k\u00ednh - NH\u00c0 M\u00c0NG, NH\u00c0 K\u00cdNH N\u00d4NG NGHI\u1ec6P C\u00d4NG NGH\u1ec6 CAO\" \/>\n<meta property=\"og:description\" content=\"[vc_row][vc_column][vc_column_text]\u0110\u1ed9 \u1ea9m kh\u00f4ng kh\u00ed v\u00e0 \u0111\u1ed9 \u1ea9m c\u1ee7a \u0111\u1ea5t l\u00e0 hai y\u1ebfu t\u1ed1 \u1ea3nh h\u01b0\u1edfng tr\u1ef1c ti\u1ebfp \u0111\u1ebfn sinh tr\u01b0\u1edfng v\u00e0 ph\u00e1t tri\u1ec3n c\u1ee7a c\u00e2y tr\u1ed3ng, c\u00e2y tr\u1ed3ng s\u1ebd kh\u00f3 ph\u00e1t tri\u1ec3n t\u1ed1t trong m\u00f4i tr\u01b0\u1eddng c\u00f3 \u0111\u1ed9 \u1ea9m qu\u00e1 cao ho\u1eb7c qu\u00e1 th\u1ea5p, do \u0111\u00f3 vi\u1ec7c ki\u1ec3m so\u00e1t \u0111\u1ed9 \u1ea9m theo t\u1eebng chu k\u1ef3&hellip;\" \/>\n<meta property=\"og:url\" content=\"http:\/\/vpebgreenhouse.com\/en\/he-thong-cam-bien-do-am-trong-nha-kinh\/\" \/>\n<meta property=\"og:site_name\" content=\"NH\u00c0 M\u00c0NG, NH\u00c0 K\u00cdNH N\u00d4NG NGHI\u1ec6P C\u00d4NG NGH\u1ec6 CAO\" \/>\n<meta property=\"article:modified_time\" content=\"2020-06-10T10:25:23+00:00\" \/>\n<meta name=\"twitter:card\" content=\"summary_large_image\" \/>\n<meta name=\"twitter:label1\" content=\"Est. reading time\" \/>\n\t<meta name=\"twitter:data1\" content=\"11 minutes\" \/>\n<script type=\"application\/ld+json\" class=\"yoast-schema-graph\">{\"@context\":\"https:\/\/schema.org\",\"@graph\":[{\"@type\":\"WebPage\",\"@id\":\"http:\/\/vpebgreenhouse.com\/en\/he-thong-cam-bien-do-am-trong-nha-kinh\/\",\"url\":\"http:\/\/vpebgreenhouse.com\/en\/he-thong-cam-bien-do-am-trong-nha-kinh\/\",\"name\":\"H\u1ec7 th\u1ed1ng c\u1ea3m bi\u1ebfn \u0111\u1ed9 \u1ea9m trong nh\u00e0 k\u00ednh - NH\u00c0 M\u00c0NG, NH\u00c0 K\u00cdNH N\u00d4NG NGHI\u1ec6P C\u00d4NG NGH\u1ec6 CAO\",\"isPartOf\":{\"@id\":\"https:\/\/vpebgreenhouse.com\/en\/#website\"},\"datePublished\":\"2017-10-04T04:19:24+00:00\",\"dateModified\":\"2020-06-10T10:25:23+00:00\",\"breadcrumb\":{\"@id\":\"http:\/\/vpebgreenhouse.com\/en\/he-thong-cam-bien-do-am-trong-nha-kinh\/#breadcrumb\"},\"inLanguage\":\"en-US\",\"potentialAction\":[{\"@type\":\"ReadAction\",\"target\":[\"http:\/\/vpebgreenhouse.com\/en\/he-thong-cam-bien-do-am-trong-nha-kinh\/\"]}]},{\"@type\":\"BreadcrumbList\",\"@id\":\"http:\/\/vpebgreenhouse.com\/en\/he-thong-cam-bien-do-am-trong-nha-kinh\/#breadcrumb\",\"itemListElement\":[{\"@type\":\"ListItem\",\"position\":1,\"name\":\"Home\",\"item\":\"https:\/\/vpebgreenhouse.com\/en\/\"},{\"@type\":\"ListItem\",\"position\":2,\"name\":\"H\u1ec7 th\u1ed1ng c\u1ea3m bi\u1ebfn \u0111\u1ed9 \u1ea9m trong nh\u00e0 k\u00ednh\"}]},{\"@type\":\"WebSite\",\"@id\":\"https:\/\/vpebgreenhouse.com\/en\/#website\",\"url\":\"https:\/\/vpebgreenhouse.com\/en\/\",\"name\":\"NH\u00c0 M\u00c0NG, NH\u00c0 K\u00cdNH N\u00d4NG NGHI\u1ec6P C\u00d4NG NGH\u1ec6 CAO\",\"description\":\"VPEB GREENHOUSE\",\"potentialAction\":[{\"@type\":\"SearchAction\",\"target\":{\"@type\":\"EntryPoint\",\"urlTemplate\":\"https:\/\/vpebgreenhouse.com\/en\/?s={search_term_string}\"},\"query-input\":{\"@type\":\"PropertyValueSpecification\",\"valueRequired\":true,\"valueName\":\"search_term_string\"}}],\"inLanguage\":\"en-US\"}]}<\/script>\n<!-- \/ Yoast SEO plugin. -->","yoast_head_json":{"title":"H\u1ec7 th\u1ed1ng c\u1ea3m bi\u1ebfn \u0111\u1ed9 \u1ea9m trong nh\u00e0 k\u00ednh - NH\u00c0 M\u00c0NG, NH\u00c0 K\u00cdNH N\u00d4NG NGHI\u1ec6P C\u00d4NG NGH\u1ec6 CAO","robots":{"index":"index","follow":"follow","max-snippet":"max-snippet:-1","max-image-preview":"max-image-preview:large","max-video-preview":"max-video-preview:-1"},"canonical":"http:\/\/vpebgreenhouse.com\/en\/he-thong-cam-bien-do-am-trong-nha-kinh\/","og_locale":"en_US","og_type":"article","og_title":"H\u1ec7 th\u1ed1ng c\u1ea3m bi\u1ebfn \u0111\u1ed9 \u1ea9m trong nh\u00e0 k\u00ednh - NH\u00c0 M\u00c0NG, NH\u00c0 K\u00cdNH N\u00d4NG NGHI\u1ec6P C\u00d4NG NGH\u1ec6 CAO","og_description":"[vc_row][vc_column][vc_column_text]\u0110\u1ed9 \u1ea9m kh\u00f4ng kh\u00ed v\u00e0 \u0111\u1ed9 \u1ea9m c\u1ee7a \u0111\u1ea5t l\u00e0 hai y\u1ebfu t\u1ed1 \u1ea3nh h\u01b0\u1edfng tr\u1ef1c ti\u1ebfp \u0111\u1ebfn sinh tr\u01b0\u1edfng v\u00e0 ph\u00e1t tri\u1ec3n c\u1ee7a c\u00e2y tr\u1ed3ng, c\u00e2y tr\u1ed3ng s\u1ebd kh\u00f3 ph\u00e1t tri\u1ec3n t\u1ed1t trong m\u00f4i tr\u01b0\u1eddng c\u00f3 \u0111\u1ed9 \u1ea9m qu\u00e1 cao ho\u1eb7c qu\u00e1 th\u1ea5p, do \u0111\u00f3 vi\u1ec7c ki\u1ec3m so\u00e1t \u0111\u1ed9 \u1ea9m theo t\u1eebng chu k\u1ef3&hellip;","og_url":"http:\/\/vpebgreenhouse.com\/en\/he-thong-cam-bien-do-am-trong-nha-kinh\/","og_site_name":"NH\u00c0 M\u00c0NG, NH\u00c0 K\u00cdNH N\u00d4NG NGHI\u1ec6P C\u00d4NG NGH\u1ec6 CAO","article_modified_time":"2020-06-10T10:25:23+00:00","twitter_card":"summary_large_image","twitter_misc":{"Est. reading time":"11 minutes"},"schema":{"@context":"https:\/\/schema.org","@graph":[{"@type":"WebPage","@id":"http:\/\/vpebgreenhouse.com\/en\/he-thong-cam-bien-do-am-trong-nha-kinh\/","url":"http:\/\/vpebgreenhouse.com\/en\/he-thong-cam-bien-do-am-trong-nha-kinh\/","name":"H\u1ec7 th\u1ed1ng c\u1ea3m bi\u1ebfn \u0111\u1ed9 \u1ea9m trong nh\u00e0 k\u00ednh - NH\u00c0 M\u00c0NG, NH\u00c0 K\u00cdNH N\u00d4NG NGHI\u1ec6P C\u00d4NG NGH\u1ec6 CAO","isPartOf":{"@id":"https:\/\/vpebgreenhouse.com\/en\/#website"},"datePublished":"2017-10-04T04:19:24+00:00","dateModified":"2020-06-10T10:25:23+00:00","breadcrumb":{"@id":"http:\/\/vpebgreenhouse.com\/en\/he-thong-cam-bien-do-am-trong-nha-kinh\/#breadcrumb"},"inLanguage":"en-US","potentialAction":[{"@type":"ReadAction","target":["http:\/\/vpebgreenhouse.com\/en\/he-thong-cam-bien-do-am-trong-nha-kinh\/"]}]},{"@type":"BreadcrumbList","@id":"http:\/\/vpebgreenhouse.com\/en\/he-thong-cam-bien-do-am-trong-nha-kinh\/#breadcrumb","itemListElement":[{"@type":"ListItem","position":1,"name":"Home","item":"https:\/\/vpebgreenhouse.com\/en\/"},{"@type":"ListItem","position":2,"name":"H\u1ec7 th\u1ed1ng c\u1ea3m bi\u1ebfn \u0111\u1ed9 \u1ea9m trong nh\u00e0 k\u00ednh"}]},{"@type":"WebSite","@id":"https:\/\/vpebgreenhouse.com\/en\/#website","url":"https:\/\/vpebgreenhouse.com\/en\/","name":"NH\u00c0 M\u00c0NG, NH\u00c0 K\u00cdNH N\u00d4NG NGHI\u1ec6P C\u00d4NG NGH\u1ec6 CAO","description":"VPEB GREENHOUSE","potentialAction":[{"@type":"SearchAction","target":{"@type":"EntryPoint","urlTemplate":"https:\/\/vpebgreenhouse.com\/en\/?s={search_term_string}"},"query-input":{"@type":"PropertyValueSpecification","valueRequired":true,"valueName":"search_term_string"}}],"inLanguage":"en-US"}]}},"_links":{"self":[{"href":"http:\/\/vpebgreenhouse.com\/en\/wp-json\/wp\/v2\/pages\/2496","targetHints":{"allow":["GET"]}}],"collection":[{"href":"http:\/\/vpebgreenhouse.com\/en\/wp-json\/wp\/v2\/pages"}],"about":[{"href":"http:\/\/vpebgreenhouse.com\/en\/wp-json\/wp\/v2\/types\/page"}],"author":[{"embeddable":true,"href":"http:\/\/vpebgreenhouse.com\/en\/wp-json\/wp\/v2\/users\/1"}],"replies":[{"embeddable":true,"href":"http:\/\/vpebgreenhouse.com\/en\/wp-json\/wp\/v2\/comments?post=2496"}],"version-history":[{"count":7,"href":"http:\/\/vpebgreenhouse.com\/en\/wp-json\/wp\/v2\/pages\/2496\/revisions"}],"predecessor-version":[{"id":3192,"href":"http:\/\/vpebgreenhouse.com\/en\/wp-json\/wp\/v2\/pages\/2496\/revisions\/3192"}],"wp:attachment":[{"href":"http:\/\/vpebgreenhouse.com\/en\/wp-json\/wp\/v2\/media?parent=2496"}],"curies":[{"name":"wp","href":"https:\/\/api.w.org\/{rel}","templated":true}]}}