{"id":2485,"date":"2017-10-04T03:18:04","date_gmt":"2017-10-04T03:18:04","guid":{"rendered":"http:\/\/vpebgreenhouse.com\/?page_id=2485"},"modified":"2020-06-10T10:24:56","modified_gmt":"2020-06-10T10:24:56","slug":"he-thong-cam-bien-nhiet-do-trong-nha-kinh","status":"publish","type":"page","link":"http:\/\/vpebgreenhouse.com\/en\/he-thong-cam-bien-nhiet-do-trong-nha-kinh\/","title":{"rendered":"H\u1ec7 th\u1ed1ng c\u1ea3m bi\u1ebfn nhi\u1ec7t \u0111\u1ed9 trong nh\u00e0 k\u00ednh"},"content":{"rendered":"<p>[vc_row][vc_column][vc_row_inner][vc_column_inner][\/vc_column_inner][\/vc_row_inner][vc_row_inner][vc_column_inner width=&#8221;1\/2&#8243;]<div id=\"ultimate-heading-998069d65052b943f\" class=\"uvc-heading ult-adjust-bottom-margin ultimate-heading-998069d65052b943f uvc-6709 \" data-hspacer=\"no_spacer\"  data-halign=\"left\" style=\"text-align:left\"><div class=\"uvc-heading-spacer no_spacer\" style=\"top\"><\/div><div class=\"uvc-main-heading ult-responsive\"  data-ultimate-target='.uvc-heading.ultimate-heading-998069d65052b943f h2'  data-responsive-json-new='{\"font-size\":\"desktop:30px;\",\"line-height\":\"desktop:40px;\"}' ><h2 style=\"font-weight:bold;margin-bottom:15px;\">H\u1ec7 th\u1ed1ng c\u1ea3m bi\u1ebfn nhi\u1ec7t \u0111\u1ed9<\/h2><\/div><\/div>[vc_column_text css_animation=&#8221;fadeIn&#8221;]<span style=\"font-weight: 400;\">Nhi\u1ec7t \u0111\u1ed9 b\u00ean trong nh\u00e0 k\u00ednh l\u00e0 y\u1ebfu t\u1ed1 \u1ea3nh h\u01b0\u1edfng tr\u1ef1c ti\u1ebfp \u0111\u1ebfn sinh tr\u01b0\u1edfng v\u00e0 ph\u00e1t tri\u1ec3n c\u1ee7a c\u00e2y tr\u1ed3ng, do \u0111\u00f3 vi\u1ec7c ki\u1ec3m so\u00e1t nhi\u1ec7t \u0111\u1ed9 th\u01b0\u1eddng r\u1ea5t kh\u1eaft khe \u0111\u1ed1i v\u1edbi nh\u1eefng v\u00f9ng kh\u00ed h\u1eadu \u0111\u1eb7c bi\u1ec7t nh\u01b0 kh\u00ed h\u1eadu n\u01b0\u1edbc ta &#8211; nhi\u1ec7t \u0111\u1edbi gi\u00f3 m\u00f9a. \u0110i\u1ec1u n\u00e0y \u0111\u00f2i h\u1ecfi c\u00e1c k\u1ef9 s\u01b0 n\u00f4ng nghi\u1ec7p c\u1ea7n ph\u1ea3i gi\u00e1m s\u00e1t thu th\u1eadp s\u1ed1 li\u1ec7u nhi\u1ec7t \u0111\u1ed9 \u0111\u1ec3 \u0111i\u1ec1u ch\u1ec9nh ho\u1ea1t \u0111\u1ed9ng canh t\u00e1c sao cho ph\u00f9 h\u1ee3p v\u1edbi \u0111i\u1ec1u ki\u1ec7n t\u1ef1 nhi\u00ean, h\u01a1n th\u1ebf, nh\u1edd bi\u1ebft \u0111\u01b0\u1ee3c nhi\u1ec7t \u0111\u1ed9 m\u00f4i tr\u01b0\u1eddng, n\u00f4ng d\u00e2n c\u00f3 th\u1ec3 t\u00ecm ra gi\u1ea3i ph\u00e1p ng\u0103n ch\u1eb7n s\u1ef1 ph\u00e1t tri\u1ec3n c\u1ee7a c\u00e1c lo\u1ea1i n\u1ea5m b\u1ec7nh v\u00e0 s\u00e2u h\u1ea1i.<\/span><\/p>\n<p><span style=\"font-weight: 400;\">D\u1ef1a tr\u00ean c\u00e1c \u01b0u \u0111i\u1ec3m \u0111\u00e3 n\u00eau, c\u00e1c <strong>thi\u1ebft b\u1ecb c\u1ea3m bi\u1ebfn nhi\u1ec7t \u0111\u1ed9<\/strong> v\u1ec1 c\u01a1 b\u1ea3n c\u00f3 ch\u1ee9c n\u0103ng \u0111o l\u01b0\u1eddng nhi\u1ec7t \u0111\u1ed9 th\u00f4ng qua module khu\u1ebfch \u0111\u1ea1i, x\u1eed l\u00ed, chuy\u1ec3n \u0111\u1ed5i t\u00edn hi\u1ec7u \u0111\u01b0\u1ee3c l\u1eafp \u0111\u1eb7t \u1edf nhi\u1ec1u v\u1ecb tr\u00ed b\u00ean trong nh\u00e0 k\u00ednh. \u00c1p d\u1ee5ng c\u00f4ng ngh\u1ec7 truy\u1ec1n kh\u00f4ng d\u00e2y t\u01b0\u01a1ng \u1ee9ng gi\u1eefa c\u00e1c c\u1ea3m bi\u1ebfn, th\u00f4ng tin v\u1ec1 nhi\u1ec7t \u0111\u1ed9 \u0111\u01b0\u1ee3c truy\u1ec1n v\u1ec1 m\u00e1y ch\u1ee7 v\u00e0 th\u00f4ng tin \u0111\u01b0\u1ee3c hi\u1ec3n th\u1ecb tr\u00ean m\u00e0n h\u00ecnh m\u00e1y t\u00ednh.<\/span>[\/vc_column_text][\/vc_column_inner][vc_column_inner width=&#8221;1\/2&#8243;][vc_single_image image=&#8221;2486&#8243; img_size=&#8221;full&#8221; add_caption=&#8221;yes&#8221; alignment=&#8221;center&#8221; css_animation=&#8221;rotateInDownRight&#8221; lazy_loading=&#8221;true&#8221;][\/vc_column_inner][\/vc_row_inner][\/vc_column][\/vc_row][vc_row bg_type=&#8221;bg_color&#8221; bg_override=&#8221;full&#8221; bg_color_value=&#8221;#f5f5f5&#8243;][vc_column]<div id=\"ultimate-heading-518369d65052b948e\" class=\"uvc-heading ult-adjust-bottom-margin ultimate-heading-518369d65052b948e uvc-4608 \" data-hspacer=\"no_spacer\"  data-halign=\"center\" style=\"text-align:center\"><div class=\"uvc-heading-spacer no_spacer\" style=\"top\"><\/div><div class=\"uvc-main-heading ult-responsive\"  data-ultimate-target='.uvc-heading.ultimate-heading-518369d65052b948e h3'  data-responsive-json-new='{\"font-size\":\"\",\"line-height\":\"\"}' ><h3 style=\"font-weight:normal;\">H\u1ec7 th\u1ed1ng c\u1ea3m bi\u1ebfn nhi\u1ec7t \u0111\u1ed9 do VPEB GREENHOUSE l\u1eafp \u0111\u1eb7t g\u1ed3m:<\/h3><\/div><\/div>[vc_row_inner css=&#8221;.vc_custom_1503803097901{background-color: #f5f5f5 !important;}&#8221;][vc_column_inner width=&#8221;1\/2&#8243;][vc_single_image image=&#8221;2487&#8243; img_size=&#8221;full&#8221; add_caption=&#8221;yes&#8221; alignment=&#8221;center&#8221; css_animation=&#8221;fadeInRight&#8221; lazy_loading=&#8221;true&#8221;][\/vc_column_inner][vc_column_inner width=&#8221;1\/2&#8243;]<div class=\"aio-icon-component  vc_custom_1507086966311  accent-icon-bg dac-tinh-ky-thuat style_1\"><div id=\"Info-box-wrap-7789\" class=\"aio-icon-box left-icon\" style=\"\"  ><div class=\"aio-icon-left\"><div class=\"ult-just-icon-wrapper  \"><div class=\"align-icon\" style=\"text-align:center;\">\n<div class=\"aio-icon advanced \"  style=\"color:#ffffff;border-style:;border-color:#333333;border-width:1px;width:30px;height:30px;line-height:30px;border-radius:500px;font-size:16px;display:inline-block;\">\n\t<i class=\"Defaults-cogs gears\"><\/i>\n<\/div><\/div><\/div><\/div><div class=\"aio-ibd-block\"><div class=\"aio-icon-header\" ><h3 class=\"aio-icon-title ult-responsive\"  data-ultimate-target='#Info-box-wrap-7789 .aio-icon-title'  data-responsive-json-new='{\"font-size\":\"desktop:20px;\",\"line-height\":\"desktop:26px;\"}'  style=\"\">M\u00e1y \u0111o nhi\u1ec7t \u0111\u1ed9 s\u1eed d\u1ee5ng c\u1ea3m bi\u1ebfn c\u1ea7m tay TESTO<\/h3><\/div> <!-- header --><\/div> <!-- aio-ibd-block --><\/div> <!-- aio-icon-box --><\/div> <!-- aio-icon-component --><div class=\"aio-icon-component  vc_custom_1507086989134  accent-icon-bg dac-tinh-ky-thuat style_1\"><div id=\"Info-box-wrap-6756\" class=\"aio-icon-box left-icon\" style=\"\"  ><div class=\"aio-icon-left\"><div class=\"ult-just-icon-wrapper  \"><div class=\"align-icon\" style=\"text-align:center;\">\n<div class=\"aio-icon advanced \"  style=\"color:#ffffff;border-style:;border-color:#333333;border-width:1px;width:30px;height:30px;line-height:30px;border-radius:500px;font-size:16px;display:inline-block;\">\n\t<i class=\"Defaults-cogs gears\"><\/i>\n<\/div><\/div><\/div><\/div><div class=\"aio-ibd-block\"><div class=\"aio-icon-header\" ><h3 class=\"aio-icon-title ult-responsive\"  data-ultimate-target='#Info-box-wrap-6756 .aio-icon-title'  data-responsive-json-new='{\"font-size\":\"desktop:20px;\",\"line-height\":\"desktop:26px;\"}'  style=\"\">M\u00e1y \u0111o nhi\u1ec7t \u0111\u1ed9 t\u1ef1 ghi TESTO<\/h3><\/div> <!-- header --><\/div> <!-- aio-ibd-block --><\/div> <!-- aio-icon-box --><\/div> <!-- aio-icon-component --><div class=\"aio-icon-component  vc_custom_1507087002703  accent-icon-bg dac-tinh-ky-thuat style_1\"><div id=\"Info-box-wrap-7616\" class=\"aio-icon-box left-icon\" style=\"\"  ><div class=\"aio-icon-left\"><div class=\"ult-just-icon-wrapper  \"><div class=\"align-icon\" style=\"text-align:center;\">\n<div class=\"aio-icon advanced \" data-animation=\"fadeIn\" data-animation-delay=\"03\" style=\"color:#ffffff;border-style:;border-color:#333333;border-width:1px;width:30px;height:30px;line-height:30px;border-radius:500px;font-size:16px;display:inline-block;\">\n\t<i class=\"Defaults-cogs gears\"><\/i>\n<\/div><\/div><\/div><\/div><div class=\"aio-ibd-block\"><div class=\"aio-icon-header\" ><h3 class=\"aio-icon-title ult-responsive\"  data-ultimate-target='#Info-box-wrap-7616 .aio-icon-title'  data-responsive-json-new='{\"font-size\":\"desktop:20px;\",\"line-height\":\"desktop:26px;\"}'  style=\"\">M\u00e1y \u0111o nhi\u1ec7t \u0111\u1ed9 h\u1ed3ng ngo\u1ea1i TESTO<\/h3><\/div> <!-- header --><\/div> <!-- aio-ibd-block --><\/div> <!-- aio-icon-box --><\/div> <!-- aio-icon-component --><div class=\"aio-icon-component  vc_custom_1507087018480  accent-icon-bg dac-tinh-ky-thuat style_1\"><div id=\"Info-box-wrap-6027\" class=\"aio-icon-box left-icon\" style=\"\"  ><div class=\"aio-icon-left\"><div class=\"ult-just-icon-wrapper  \"><div class=\"align-icon\" style=\"text-align:center;\">\n<div class=\"aio-icon advanced \"  style=\"color:#ffffff;border-style:;border-color:#333333;border-width:1px;width:30px;height:30px;line-height:30px;border-radius:500px;font-size:16px;display:inline-block;\">\n\t<i class=\"Defaults-cogs gears\"><\/i>\n<\/div><\/div><\/div><\/div><div class=\"aio-ibd-block\"><div class=\"aio-icon-header\" ><h3 class=\"aio-icon-title ult-responsive\"  data-ultimate-target='#Info-box-wrap-6027 .aio-icon-title'  data-responsive-json-new='{\"font-size\":\"desktop:20px;\",\"line-height\":\"desktop:26px;\"}'  style=\"\">B\u1ed9 c\u1ea3m bi\u1ebfn \u0111o nhi\u1ec7t \u0111\u1ed9 kh\u00f4ng kh\u00ed E-sensor-Slave 2<\/h3><\/div> <!-- header --><\/div> <!-- aio-ibd-block --><\/div> <!-- aio-icon-box --><\/div> <!-- aio-icon-component -->[\/vc_column_inner][\/vc_row_inner][\/vc_column][\/vc_row][vc_row][vc_column][\/vc_column][\/vc_row][vc_row bg_type=&#8221;image&#8221; parallax_style=&#8221;vcpb-default&#8221; bg_image_new=&#8221;id^2231|url^http:\/\/vpebgreenhouse.com\/wp-content\/uploads\/2016\/01\/banner-nha-kinh-vpeb-greenhouse.jpg|caption^null|alt^null|title^banner-nha-kinh-vpeb-greenhouse|description^null&#8221; bg_override=&#8221;full&#8221; css=&#8221;.vc_custom_1505567845620{padding-top: 60px !important;padding-bottom: 60px !important;}&#8221;][vc_column]<div id=\"ultimate-heading-516469d65052b9904\" class=\"uvc-heading ult-adjust-bottom-margin ultimate-heading-516469d65052b9904 uvc-1355 \" data-hspacer=\"no_spacer\"  data-halign=\"center\" style=\"text-align:center\"><div class=\"uvc-heading-spacer no_spacer\" style=\"top\"><\/div><div class=\"uvc-main-heading ult-responsive\"  data-ultimate-target='.uvc-heading.ultimate-heading-516469d65052b9904 h2'  data-responsive-json-new='{\"font-size\":\"desktop:30px;tablet_portrait:30px;\",\"line-height\":\"desktop:35px;tablet_portrait:26px;\"}' ><h2 style=\"font-family:&#039;Open Sans Condensed&#039;;font-weight:700;color:#ffffff;margin-bottom:10px;\">Li\u00ean h\u1ec7 VPEB GREENHOUSE!<\/h2><\/div><div class=\"uvc-sub-heading ult-responsive\"  data-ultimate-target='.uvc-heading.ultimate-heading-516469d65052b9904 .uvc-sub-heading '  data-responsive-json-new='{\"font-size\":\"desktop:40px;tablet_portrait:40px;\",\"line-height\":\"desktop:50px;tablet_portrait:46px;\"}'  style=\"font-family:&#039;Open Sans Condensed&#039;;font-weight:700;color:#ffffff;\">Hotline: 0934108899<\/div><\/div><div id=\"ultimate-heading-78169d65052b9981\" class=\"uvc-heading ult-adjust-bottom-margin ultimate-heading-78169d65052b9981 uvc-1630 \" data-hspacer=\"no_spacer\"  data-halign=\"center\" style=\"text-align:center\"><div class=\"uvc-heading-spacer no_spacer\" style=\"top\"><\/div><div class=\"uvc-sub-heading ult-responsive\"  data-ultimate-target='.uvc-heading.ultimate-heading-78169d65052b9981 .uvc-sub-heading '  data-responsive-json-new='{\"font-size\":\"desktop:25px;tablet_portrait:20px;\",\"line-height\":\"desktop:30px;tablet_portrait:30px;\"}'  style=\"font-family:&#039;Open Sans Condensed&#039;;font-weight:700;color:#ffffff;margin-top:10px;\">Tr\u1ee5 s\u1edf ch\u00ednh HCM: S\u1ed1 4 \u0110\u01b0\u1eddng D5, Khu Nam Long, Qu\u1eadn 9, H\u1ed3 Ch\u00ed Minh<\/p>\n<p>VP \u0110\u00e0 L\u1ea1t: 322, Hai B\u00e0 Tr\u01b0ng, Ph\u01b0\u1eddng 6, TP. \u0110\u00e0 L\u1ea1t<\/div><\/div><div class=\"btn-align-center\"><a href=\"\/contact\" class=\"default-btn-shortcode dt-btn dt-btn-l  vc_custom_1502551972733\" id=\"default-btn-2\" style=\"width:400px;\"><span>G\u1eedi y\u00eau c\u1ea7u h\u1ed7 tr\u1ee3<\/span><\/a><\/div>[\/vc_column][\/vc_row]<\/p>","protected":false},"excerpt":{"rendered":"<p>[vc_row][vc_column][vc_row_inner][vc_column_inner][\/vc_column_inner][\/vc_row_inner][vc_row_inner][vc_column_inner width=&#8221;1\/2&#8243;][vc_column_text css_animation=&#8221;fadeIn&#8221;]Nhi\u1ec7t \u0111\u1ed9 b\u00ean trong nh\u00e0 k\u00ednh l\u00e0 y\u1ebfu t\u1ed1 \u1ea3nh h\u01b0\u1edfng tr\u1ef1c ti\u1ebfp \u0111\u1ebfn sinh tr\u01b0\u1edfng v\u00e0 ph\u00e1t tri\u1ec3n c\u1ee7a c\u00e2y tr\u1ed3ng, do \u0111\u00f3 vi\u1ec7c ki\u1ec3m so\u00e1t nhi\u1ec7t \u0111\u1ed9 th\u01b0\u1eddng r\u1ea5t kh\u1eaft khe \u0111\u1ed1i v\u1edbi nh\u1eefng v\u00f9ng kh\u00ed h\u1eadu \u0111\u1eb7c bi\u1ec7t nh\u01b0 kh\u00ed h\u1eadu n\u01b0\u1edbc ta &#8211; nhi\u1ec7t \u0111\u1edbi gi\u00f3 m\u00f9a. \u0110i\u1ec1u n\u00e0y&hellip;<\/p>\n","protected":false},"author":1,"featured_media":0,"parent":0,"menu_order":0,"comment_status":"closed","ping_status":"closed","template":"","meta":[],"class_list":["post-2485","page","type-page","status-publish","hentry","description-off"],"yoast_head":"<!-- This site is optimized with the Yoast SEO plugin v23.8 - https:\/\/yoast.com\/wordpress\/plugins\/seo\/ -->\n<title>H\u1ec7 th\u1ed1ng c\u1ea3m bi\u1ebfn nhi\u1ec7t \u0111\u1ed9 trong nh\u00e0 k\u00ednh - NH\u00c0 M\u00c0NG, NH\u00c0 K\u00cdNH N\u00d4NG NGHI\u1ec6P C\u00d4NG NGH\u1ec6 CAO<\/title>\n<meta name=\"robots\" content=\"index, follow, max-snippet:-1, max-image-preview:large, max-video-preview:-1\" \/>\n<link rel=\"canonical\" href=\"http:\/\/vpebgreenhouse.com\/en\/he-thong-cam-bien-nhiet-do-trong-nha-kinh\/\" \/>\n<meta property=\"og:locale\" content=\"en_US\" \/>\n<meta property=\"og:type\" content=\"article\" \/>\n<meta property=\"og:title\" content=\"H\u1ec7 th\u1ed1ng c\u1ea3m bi\u1ebfn nhi\u1ec7t \u0111\u1ed9 trong nh\u00e0 k\u00ednh - NH\u00c0 M\u00c0NG, NH\u00c0 K\u00cdNH N\u00d4NG NGHI\u1ec6P C\u00d4NG NGH\u1ec6 CAO\" \/>\n<meta property=\"og:description\" content=\"[vc_row][vc_column][vc_row_inner][vc_column_inner][\/vc_column_inner][\/vc_row_inner][vc_row_inner][vc_column_inner width=&#8221;1\/2&#8243;][vc_column_text css_animation=&#8221;fadeIn&#8221;]Nhi\u1ec7t \u0111\u1ed9 b\u00ean trong nh\u00e0 k\u00ednh l\u00e0 y\u1ebfu t\u1ed1 \u1ea3nh h\u01b0\u1edfng tr\u1ef1c ti\u1ebfp \u0111\u1ebfn sinh tr\u01b0\u1edfng v\u00e0 ph\u00e1t tri\u1ec3n c\u1ee7a c\u00e2y tr\u1ed3ng, do \u0111\u00f3 vi\u1ec7c ki\u1ec3m so\u00e1t nhi\u1ec7t \u0111\u1ed9 th\u01b0\u1eddng r\u1ea5t kh\u1eaft khe \u0111\u1ed1i v\u1edbi nh\u1eefng v\u00f9ng kh\u00ed h\u1eadu \u0111\u1eb7c bi\u1ec7t nh\u01b0 kh\u00ed h\u1eadu n\u01b0\u1edbc ta &#8211; nhi\u1ec7t \u0111\u1edbi gi\u00f3 m\u00f9a. \u0110i\u1ec1u n\u00e0y&hellip;\" \/>\n<meta property=\"og:url\" content=\"http:\/\/vpebgreenhouse.com\/en\/he-thong-cam-bien-nhiet-do-trong-nha-kinh\/\" \/>\n<meta property=\"og:site_name\" content=\"NH\u00c0 M\u00c0NG, NH\u00c0 K\u00cdNH N\u00d4NG NGHI\u1ec6P C\u00d4NG NGH\u1ec6 CAO\" \/>\n<meta property=\"article:modified_time\" content=\"2020-06-10T10:24:56+00:00\" \/>\n<meta name=\"twitter:card\" content=\"summary_large_image\" \/>\n<meta name=\"twitter:label1\" content=\"Est. reading time\" \/>\n\t<meta name=\"twitter:data1\" content=\"11 minutes\" \/>\n<script type=\"application\/ld+json\" class=\"yoast-schema-graph\">{\"@context\":\"https:\/\/schema.org\",\"@graph\":[{\"@type\":\"WebPage\",\"@id\":\"http:\/\/vpebgreenhouse.com\/en\/he-thong-cam-bien-nhiet-do-trong-nha-kinh\/\",\"url\":\"http:\/\/vpebgreenhouse.com\/en\/he-thong-cam-bien-nhiet-do-trong-nha-kinh\/\",\"name\":\"H\u1ec7 th\u1ed1ng c\u1ea3m bi\u1ebfn nhi\u1ec7t \u0111\u1ed9 trong nh\u00e0 k\u00ednh - NH\u00c0 M\u00c0NG, NH\u00c0 K\u00cdNH N\u00d4NG NGHI\u1ec6P C\u00d4NG NGH\u1ec6 CAO\",\"isPartOf\":{\"@id\":\"https:\/\/vpebgreenhouse.com\/en\/#website\"},\"datePublished\":\"2017-10-04T03:18:04+00:00\",\"dateModified\":\"2020-06-10T10:24:56+00:00\",\"breadcrumb\":{\"@id\":\"http:\/\/vpebgreenhouse.com\/en\/he-thong-cam-bien-nhiet-do-trong-nha-kinh\/#breadcrumb\"},\"inLanguage\":\"en-US\",\"potentialAction\":[{\"@type\":\"ReadAction\",\"target\":[\"http:\/\/vpebgreenhouse.com\/en\/he-thong-cam-bien-nhiet-do-trong-nha-kinh\/\"]}]},{\"@type\":\"BreadcrumbList\",\"@id\":\"http:\/\/vpebgreenhouse.com\/en\/he-thong-cam-bien-nhiet-do-trong-nha-kinh\/#breadcrumb\",\"itemListElement\":[{\"@type\":\"ListItem\",\"position\":1,\"name\":\"Home\",\"item\":\"https:\/\/vpebgreenhouse.com\/en\/\"},{\"@type\":\"ListItem\",\"position\":2,\"name\":\"H\u1ec7 th\u1ed1ng c\u1ea3m bi\u1ebfn nhi\u1ec7t \u0111\u1ed9 trong nh\u00e0 k\u00ednh\"}]},{\"@type\":\"WebSite\",\"@id\":\"https:\/\/vpebgreenhouse.com\/en\/#website\",\"url\":\"https:\/\/vpebgreenhouse.com\/en\/\",\"name\":\"NH\u00c0 M\u00c0NG, NH\u00c0 K\u00cdNH N\u00d4NG NGHI\u1ec6P C\u00d4NG NGH\u1ec6 CAO\",\"description\":\"VPEB GREENHOUSE\",\"potentialAction\":[{\"@type\":\"SearchAction\",\"target\":{\"@type\":\"EntryPoint\",\"urlTemplate\":\"https:\/\/vpebgreenhouse.com\/en\/?s={search_term_string}\"},\"query-input\":{\"@type\":\"PropertyValueSpecification\",\"valueRequired\":true,\"valueName\":\"search_term_string\"}}],\"inLanguage\":\"en-US\"}]}<\/script>\n<!-- \/ Yoast SEO plugin. -->","yoast_head_json":{"title":"H\u1ec7 th\u1ed1ng c\u1ea3m bi\u1ebfn nhi\u1ec7t \u0111\u1ed9 trong nh\u00e0 k\u00ednh - NH\u00c0 M\u00c0NG, NH\u00c0 K\u00cdNH N\u00d4NG NGHI\u1ec6P C\u00d4NG NGH\u1ec6 CAO","robots":{"index":"index","follow":"follow","max-snippet":"max-snippet:-1","max-image-preview":"max-image-preview:large","max-video-preview":"max-video-preview:-1"},"canonical":"http:\/\/vpebgreenhouse.com\/en\/he-thong-cam-bien-nhiet-do-trong-nha-kinh\/","og_locale":"en_US","og_type":"article","og_title":"H\u1ec7 th\u1ed1ng c\u1ea3m bi\u1ebfn nhi\u1ec7t \u0111\u1ed9 trong nh\u00e0 k\u00ednh - NH\u00c0 M\u00c0NG, NH\u00c0 K\u00cdNH N\u00d4NG NGHI\u1ec6P C\u00d4NG NGH\u1ec6 CAO","og_description":"[vc_row][vc_column][vc_row_inner][vc_column_inner][\/vc_column_inner][\/vc_row_inner][vc_row_inner][vc_column_inner width=&#8221;1\/2&#8243;][vc_column_text css_animation=&#8221;fadeIn&#8221;]Nhi\u1ec7t \u0111\u1ed9 b\u00ean trong nh\u00e0 k\u00ednh l\u00e0 y\u1ebfu t\u1ed1 \u1ea3nh h\u01b0\u1edfng tr\u1ef1c ti\u1ebfp \u0111\u1ebfn sinh tr\u01b0\u1edfng v\u00e0 ph\u00e1t tri\u1ec3n c\u1ee7a c\u00e2y tr\u1ed3ng, do \u0111\u00f3 vi\u1ec7c ki\u1ec3m so\u00e1t nhi\u1ec7t \u0111\u1ed9 th\u01b0\u1eddng r\u1ea5t kh\u1eaft khe \u0111\u1ed1i v\u1edbi nh\u1eefng v\u00f9ng kh\u00ed h\u1eadu \u0111\u1eb7c bi\u1ec7t nh\u01b0 kh\u00ed h\u1eadu n\u01b0\u1edbc ta &#8211; nhi\u1ec7t \u0111\u1edbi gi\u00f3 m\u00f9a. \u0110i\u1ec1u n\u00e0y&hellip;","og_url":"http:\/\/vpebgreenhouse.com\/en\/he-thong-cam-bien-nhiet-do-trong-nha-kinh\/","og_site_name":"NH\u00c0 M\u00c0NG, NH\u00c0 K\u00cdNH N\u00d4NG NGHI\u1ec6P C\u00d4NG NGH\u1ec6 CAO","article_modified_time":"2020-06-10T10:24:56+00:00","twitter_card":"summary_large_image","twitter_misc":{"Est. reading time":"11 minutes"},"schema":{"@context":"https:\/\/schema.org","@graph":[{"@type":"WebPage","@id":"http:\/\/vpebgreenhouse.com\/en\/he-thong-cam-bien-nhiet-do-trong-nha-kinh\/","url":"http:\/\/vpebgreenhouse.com\/en\/he-thong-cam-bien-nhiet-do-trong-nha-kinh\/","name":"H\u1ec7 th\u1ed1ng c\u1ea3m bi\u1ebfn nhi\u1ec7t \u0111\u1ed9 trong nh\u00e0 k\u00ednh - NH\u00c0 M\u00c0NG, NH\u00c0 K\u00cdNH N\u00d4NG NGHI\u1ec6P C\u00d4NG NGH\u1ec6 CAO","isPartOf":{"@id":"https:\/\/vpebgreenhouse.com\/en\/#website"},"datePublished":"2017-10-04T03:18:04+00:00","dateModified":"2020-06-10T10:24:56+00:00","breadcrumb":{"@id":"http:\/\/vpebgreenhouse.com\/en\/he-thong-cam-bien-nhiet-do-trong-nha-kinh\/#breadcrumb"},"inLanguage":"en-US","potentialAction":[{"@type":"ReadAction","target":["http:\/\/vpebgreenhouse.com\/en\/he-thong-cam-bien-nhiet-do-trong-nha-kinh\/"]}]},{"@type":"BreadcrumbList","@id":"http:\/\/vpebgreenhouse.com\/en\/he-thong-cam-bien-nhiet-do-trong-nha-kinh\/#breadcrumb","itemListElement":[{"@type":"ListItem","position":1,"name":"Home","item":"https:\/\/vpebgreenhouse.com\/en\/"},{"@type":"ListItem","position":2,"name":"H\u1ec7 th\u1ed1ng c\u1ea3m bi\u1ebfn nhi\u1ec7t \u0111\u1ed9 trong nh\u00e0 k\u00ednh"}]},{"@type":"WebSite","@id":"https:\/\/vpebgreenhouse.com\/en\/#website","url":"https:\/\/vpebgreenhouse.com\/en\/","name":"NH\u00c0 M\u00c0NG, NH\u00c0 K\u00cdNH N\u00d4NG NGHI\u1ec6P C\u00d4NG NGH\u1ec6 CAO","description":"VPEB GREENHOUSE","potentialAction":[{"@type":"SearchAction","target":{"@type":"EntryPoint","urlTemplate":"https:\/\/vpebgreenhouse.com\/en\/?s={search_term_string}"},"query-input":{"@type":"PropertyValueSpecification","valueRequired":true,"valueName":"search_term_string"}}],"inLanguage":"en-US"}]}},"_links":{"self":[{"href":"http:\/\/vpebgreenhouse.com\/en\/wp-json\/wp\/v2\/pages\/2485","targetHints":{"allow":["GET"]}}],"collection":[{"href":"http:\/\/vpebgreenhouse.com\/en\/wp-json\/wp\/v2\/pages"}],"about":[{"href":"http:\/\/vpebgreenhouse.com\/en\/wp-json\/wp\/v2\/types\/page"}],"author":[{"embeddable":true,"href":"http:\/\/vpebgreenhouse.com\/en\/wp-json\/wp\/v2\/users\/1"}],"replies":[{"embeddable":true,"href":"http:\/\/vpebgreenhouse.com\/en\/wp-json\/wp\/v2\/comments?post=2485"}],"version-history":[{"count":12,"href":"http:\/\/vpebgreenhouse.com\/en\/wp-json\/wp\/v2\/pages\/2485\/revisions"}],"predecessor-version":[{"id":3191,"href":"http:\/\/vpebgreenhouse.com\/en\/wp-json\/wp\/v2\/pages\/2485\/revisions\/3191"}],"wp:attachment":[{"href":"http:\/\/vpebgreenhouse.com\/en\/wp-json\/wp\/v2\/media?parent=2485"}],"curies":[{"name":"wp","href":"https:\/\/api.w.org\/{rel}","templated":true}]}}