{"id":2471,"date":"2017-09-28T04:56:37","date_gmt":"2017-09-28T04:56:37","guid":{"rendered":"http:\/\/vpebgreenhouse.com\/?page_id=2471"},"modified":"2017-09-28T04:56:37","modified_gmt":"2017-09-28T04:56:37","slug":"thep-hoa-phat","status":"publish","type":"page","link":"http:\/\/vpebgreenhouse.com\/en\/thep-hoa-phat\/","title":{"rendered":"Th\u00e9p H\u00f2a Ph\u00e1t"},"content":{"rendered":"<p>[vc_row][vc_column][vc_row_inner][vc_column_inner]<div id=\"ultimate-heading-786169e00cee8c36b\" class=\"uvc-heading ult-adjust-bottom-margin ultimate-heading-786169e00cee8c36b uvc-9706 \" data-hspacer=\"no_spacer\"  data-halign=\"left\" style=\"text-align:left\"><div class=\"uvc-heading-spacer no_spacer\" style=\"top\"><\/div><div class=\"uvc-main-heading ult-responsive\"  data-ultimate-target='.uvc-heading.ultimate-heading-786169e00cee8c36b h2'  data-responsive-json-new='{\"font-size\":\"desktop:30px;\",\"line-height\":\"desktop:40px;\"}' ><h2 style=\"font-weight:bold;margin-bottom:15px;\">Th\u00e9p H\u00f2a Ph\u00e1t<\/h2><\/div><\/div>[vc_column_text css_animation=&#8221;fadeIn&#8221;]<span style=\"font-weight: 400;\">Th\u00e9p \u1ed1ng m\u1ea1 k\u1ebdm nh\u00fang n\u00f3ng c\u1ee7a T\u1eadp \u0110o\u00e0n H\u00f2a Ph\u00e1t (Hot dip galvanized steel\u2013 HDG) l\u00e0 lo\u1ea1i th\u00e9p \u0111\u01b0\u1ee3c nh\u00fang trong k\u1ebdm n\u00f3ng ch\u1ea3y, t\u1ea1o m\u1ed9t l\u1edbp ph\u1ee7 b\u1ec1 m\u1eb7t ch\u1ed1ng r\u1ec9 s\u00e9t. Th\u00e9p m\u1ea1 k\u1ebdm nh\u00fang n\u00f3ng c\u00f3 c\u1ea5u h\u00ecnh tinh th\u1ec3 \u0111\u1eb7c tr\u00f9ng tr\u00ean b\u1ec1 m\u1eb7t c\u1ee7a th\u00e9p. \u0110\u00e2y l\u00e0 s\u1ea3n ph\u1ea9m th\u00e9p \u0111ang \u0111\u01b0\u1ee3c s\u1eed d\u1ee5ng cho c\u00e1c c\u00f4ng tr\u00ecnh nh\u00e0 k\u00ednh do VPEB GREENHOUSE th\u1ef1c hi\u1ec7n.<\/span>[\/vc_column_text][\/vc_column_inner][\/vc_row_inner][vc_row_inner][vc_column_inner width=&#8221;2\/3&#8243;]<div class=\"aio-icon-component  vc_custom_1506574284605  accent-icon-bg dac-tinh-ky-thuat style_1\"><div id=\"Info-box-wrap-8586\" class=\"aio-icon-box left-icon\" style=\"\"  ><div class=\"aio-icon-left\"><div class=\"ult-just-icon-wrapper  \"><div class=\"align-icon\" style=\"text-align:center;\">\n<div class=\"aio-icon advanced \"  style=\"color:#ffffff;border-style:;border-color:#333333;border-width:1px;width:30px;height:30px;line-height:30px;border-radius:500px;font-size:16px;display:inline-block;\">\n\t<i class=\"Defaults-recycle\"><\/i>\n<\/div><\/div><\/div><\/div><div class=\"aio-ibd-block\"><div class=\"aio-icon-header\" ><h3 class=\"aio-icon-title ult-responsive\"  data-ultimate-target='#Info-box-wrap-8586 .aio-icon-title'  data-responsive-json-new='{\"font-size\":\"desktop:20px;\",\"line-height\":\"desktop:26px;\"}'  style=\"\">V\u1edbi c\u00e1c t\u00ednh n\u0103ng v\u01b0\u1ee3t tr\u1ed9i nh\u01b0:<\/h3><\/div> <!-- header --><div class=\"aio-icon-description ult-responsive\"  data-ultimate-target='#Info-box-wrap-8586 .aio-icon-description'  data-responsive-json-new='{\"font-size\":\"\",\"line-height\":\"desktop:20px;\"}'  style=\"\"><\/p>\n<ul>\n<li style=\"font-weight: 400;\"><span style=\"font-weight: 400;\">Tr\u1ea3i qua qu\u00e1 tr\u00ecnh s\u1ea3n xu\u1ea5t kh\u1eaft khe (x\u1eed l\u00fd h\u00f3a h\u1ecdc lo\u1ea1i b\u1ecf b\u1ee5i b\u1ea9n v\u00e0 oxy h\u00f3a tr\u00ean b\u1ec1 m\u1eb7t kim lo\u1ea1i, nh\u00fang k\u1ebdm trong \u0111i\u1ec1u ki\u1ec7n ph\u00f9 h\u1ee3p, nhi\u1ec7t \u0111\u1ed9 815 \u0111\u1ebfn 850<\/span><span style=\"font-weight: 400;\">\u00a0<\/span><span style=\"font-weight: 400;\">\u00b0F<\/span><span style=\"font-weight: 400;\">)<\/span><span style=\"font-weight: 400;\"> ch\u1ea5t l\u01b0\u1ee3ng s\u1ea3n ph\u1ea9m \u0111\u01b0\u1ee3c \u0111\u1ea3m b\u1ea3o h\u00e0ng \u0111\u1ea7u. K\u1ebdm n\u00f3ng ph\u1ea3n \u1ee9ng v\u1edbi s\u1eaft t\u1ea1o th\u00e0nh b\u1ec1 m\u1eb7t h\u1ee3p kim lo\u1ea1i b\u1ecf ho\u00e0n to\u00e0n hi\u1ec7n t\u01b0\u1ee3ng oxy h\u00f3a khi s\u1eed d\u1ee5ng ngo\u00e0i tr\u1eddi. G\u1ed3m c\u00f3: l\u1edbp ngo\u00e0i c\u00f9ng 100% k\u1ebdm nguy\u00ean ch\u1ea5t, l\u1edbp th\u1ee9 2 75% k\u1ebdm v\u00e0 25% th\u00e9p. L\u00e0m m\u00e1t k\u1ebdm b\u00e0ng kh\u00f4ng kh\u00ed l\u1ea1nh. <\/span><\/li>\n<li style=\"font-weight: 400;\"><span style=\"font-weight: 400;\">B\u1ec1 m\u1eb7t nh\u00fang k\u1ebdm tr\u1eafng s\u00e1ng, tr\u01a1n l\u00e1ng, b\u00f3ng \u0111\u1eb9p, c\u00f3 t\u00ednh th\u1ea9m m\u1ef9 cao<\/span><\/li>\n<li style=\"font-weight: 400;\"><span style=\"font-weight: 400;\">Kh\u1ea3 n\u0103ng ch\u1ed1ng \u0103n m\u00f2n, ch\u1ed1ng oxy h\u00f3a v\u01b0\u1ee3t tr\u1ed9i, kh\u00f4ng c\u1ea7n s\u01a1n ph\u1ee7 b\u1ec1 m\u1eb7t<\/span><\/li>\n<li style=\"font-weight: 400;\"><span style=\"font-weight: 400;\">\u0110\u1ed9 b\u00e1m c\u1ee7a k\u1ebdm \u0111\u1ed9 d\u00e0y \u0111\u1ec1u, ch\u1ecbu l\u1ef1c t\u1ed1t, \u0111\u1ed9 u\u1ed1n d\u1ebbo cao, gi\u00fap m\u1ed1i h\u00e0n ch\u1eafc ch\u1eafn h\u01a1n g\u1ea5p nhi\u1ec1u l\u1ea7n so v\u1edbi c\u00e1c lo\u1ea1i \u1ed1ng th\u00e9p th\u00f4ng th\u01b0\u1eddng.<\/span><\/li>\n<li><\/li>\n<\/ul>\n<p><\/div> <!-- description --><\/div> <!-- aio-ibd-block --><\/div> <!-- aio-icon-box --><\/div> <!-- aio-icon-component --><div class=\"aio-icon-component  vc_custom_1506574320329  accent-icon-bg dac-tinh-ky-thuat style_1\"><div id=\"Info-box-wrap-2219\" class=\"aio-icon-box left-icon\" style=\"\"  ><div class=\"aio-icon-left\"><div class=\"ult-just-icon-wrapper  \"><div class=\"align-icon\" style=\"text-align:center;\">\n<div class=\"aio-icon advanced \"  style=\"color:#ffffff;border-style:;border-color:#333333;border-width:1px;width:30px;height:30px;line-height:30px;border-radius:500px;font-size:16px;display:inline-block;\">\n\t<i class=\"Defaults-recycle\"><\/i>\n<\/div><\/div><\/div><\/div><div class=\"aio-ibd-block\"><div class=\"aio-icon-header\" ><h3 class=\"aio-icon-title ult-responsive\"  data-ultimate-target='#Info-box-wrap-2219 .aio-icon-title'  data-responsive-json-new='{\"font-size\":\"desktop:20px;\",\"line-height\":\"desktop:26px;\"}'  style=\"\">\u1ee8ng d\u1ee5ng c\u1ee7a \u1ed1ng th\u00e9p nh\u00fang k\u1ebdm H\u00f2a Ph\u00e1t:<\/h3><\/div> <!-- header --><div class=\"aio-icon-description ult-responsive\"  data-ultimate-target='#Info-box-wrap-2219 .aio-icon-description'  data-responsive-json-new='{\"font-size\":\"\",\"line-height\":\"desktop:20px;\"}'  style=\"\"><\/p>\n<ul>\n<li style=\"font-weight: 400;\"><span style=\"font-weight: 400;\">S\u1eed d\u1ee5ng trong x\u00e2y d\u1ef1ng c\u00f4ng tr\u00ecnh li\u00ean quan \u0111\u1ebfn s\u1eaft th\u00e9p.<\/span><\/li>\n<li style=\"font-weight: 400;\"><span style=\"font-weight: 400;\">S\u1eed d\u1ee5ng trong s\u1ea3n xu\u1ea5t c\u00f4ng nghi\u1ec7p<\/span><\/li>\n<li style=\"font-weight: 400;\"><span style=\"font-weight: 400;\">S\u1eed d\u1ee5ng l\u00e0m v\u1eadt li\u1ec7u trang tr\u00ed<\/span><\/li>\n<\/ul>\n<p><\/div> <!-- description --><\/div> <!-- aio-ibd-block --><\/div> <!-- aio-icon-box --><\/div> <!-- aio-icon-component --><div class=\"aio-icon-component  vc_custom_1506574343361  accent-icon-bg dac-tinh-ky-thuat style_1\"><div id=\"Info-box-wrap-8756\" class=\"aio-icon-box left-icon\" style=\"\"  ><div class=\"aio-icon-left\"><div class=\"ult-just-icon-wrapper  \"><div class=\"align-icon\" style=\"text-align:center;\">\n<div class=\"aio-icon advanced \"  style=\"color:#ffffff;border-style:;border-color:#333333;border-width:1px;width:30px;height:30px;line-height:30px;border-radius:500px;font-size:16px;display:inline-block;\">\n\t<i class=\"Defaults-recycle\"><\/i>\n<\/div><\/div><\/div><\/div><div class=\"aio-ibd-block\"><div class=\"aio-icon-header\" ><h3 class=\"aio-icon-title ult-responsive\"  data-ultimate-target='#Info-box-wrap-8756 .aio-icon-title'  data-responsive-json-new='{\"font-size\":\"desktop:20px;\",\"line-height\":\"desktop:26px;\"}'  style=\"\">Ch\u1ea5t l\u01b0\u1ee3ng c\u1ee7a \u1ed1ng th\u00e9p nh\u00fang k\u1ebdm H\u00f2a Ph\u00e1t:<\/h3><\/div> <!-- header --><div class=\"aio-icon-description ult-responsive\"  data-ultimate-target='#Info-box-wrap-8756 .aio-icon-description'  data-responsive-json-new='{\"font-size\":\"\",\"line-height\":\"desktop:20px;\"}'  style=\"\"><\/p>\n<ul>\n<li style=\"font-weight: 400;\"><span style=\"font-weight: 400;\">S\u1ea3n xu\u1ea5t tr\u00ean d\u00e2y chuy\u1ec1n hi\u1ec7n \u0111\u1ea1i theo c\u00f4ng ngh\u1ec7 ti\u00ean ti\u1ebfn nh\u1ea5t hi\u1ec7n nay <\/span><\/li>\n<li style=\"font-weight: 400;\"><span style=\"font-weight: 400;\">Ti\u00eau chu\u1ea9n Qu\u1ed1c t\u1ebf: <\/span><span style=\"font-weight: 400;\">ASTM A53-Grade A (M\u1ef9); BSEN 10255:2004 (Anh), BS 1387:1985 (Vi\u1ec7t nam)<\/span><\/li>\n<li style=\"font-weight: 400;\"><span style=\"font-weight: 400;\">\u0110\u1ea3m b\u1ea3o \u0111\u00fang ch\u1ea5t l\u01b0\u1ee3ng, \u0111\u00fang \u0111\u1ed9 d\u00e0y c\u00f4ng b\u1ed1, k\u00edch th\u01b0\u1edbc b\u1ec1 m\u1eb7t chu\u1ea9n x\u00e1c.<\/span><\/li>\n<\/ul>\n<p><\/div> <!-- description --><\/div> <!-- aio-ibd-block --><\/div> <!-- aio-icon-box --><\/div> <!-- aio-icon-component --><div class=\"aio-icon-component  vc_custom_1506574372273  accent-icon-bg dac-tinh-ky-thuat style_1\"><div id=\"Info-box-wrap-7432\" class=\"aio-icon-box left-icon\" style=\"\"  ><div class=\"aio-icon-left\"><div class=\"ult-just-icon-wrapper  \"><div class=\"align-icon\" style=\"text-align:center;\">\n<div class=\"aio-icon advanced \"  style=\"color:#ffffff;border-style:;border-color:#333333;border-width:1px;width:30px;height:30px;line-height:30px;border-radius:500px;font-size:16px;display:inline-block;\">\n\t<i class=\"Defaults-recycle\"><\/i>\n<\/div><\/div><\/div><\/div><div class=\"aio-ibd-block\"><div class=\"aio-icon-header\" ><h3 class=\"aio-icon-title ult-responsive\"  data-ultimate-target='#Info-box-wrap-7432 .aio-icon-title'  data-responsive-json-new='{\"font-size\":\"desktop:20px;\",\"line-height\":\"desktop:26px;\"}'  style=\"\">\u1ee8ng d\u1ee5ng c\u1ee7a \u1ed1ng th\u00e9p m\u1ea1 k\u1ebdm trong N\u00f4ng nghi\u1ec7p c\u00f4ng ngh\u1ec7 cao:<\/h3><\/div> <!-- header --><div class=\"aio-icon-description ult-responsive\"  data-ultimate-target='#Info-box-wrap-7432 .aio-icon-description'  data-responsive-json-new='{\"font-size\":\"\",\"line-height\":\"desktop:20px;\"}'  style=\"\"><\/p>\n<ul>\n<li style=\"font-weight: 400;\"><span style=\"font-weight: 400;\">D\u1ef1a theo c\u00e1c thi\u1ebft k\u1ebf c\u1ee7a VPEB GREENHOUSE, to\u00e0n b\u1ed9 k\u1ebft c\u1ea5u khung \u0111\u01b0\u1ee3c s\u1eed d\u1ee5ng \u1ed1ng th\u00e9p m\u1ea1 k\u1ebdm.<\/span><\/li>\n<li style=\"font-weight: 400;\"><span style=\"font-weight: 400;\">C\u00e1c chi ti\u1ebft gia c\u00f4ng d\u1ef1a tr\u00ean k\u1ebft c\u1ea5u khung th\u00e9p m\u00e0 th\u1ef1c hi\u1ec7n.<\/span><\/li>\n<li style=\"font-weight: 400;\"><span style=\"font-weight: 400;\">C\u00e1c chi ti\u1ebft li\u00ean k\u1ebft \u0111\u01b0\u1ee3c s\u1ea3n xu\u1ea5t t\u1eeb th\u00e9p chuy\u00ean d\u1ee5ng.<\/span><\/li>\n<\/ul>\n<p><\/div> <!-- description --><\/div> <!-- aio-ibd-block --><\/div> <!-- aio-icon-box --><\/div> <!-- aio-icon-component -->[\/vc_column_inner][vc_column_inner width=&#8221;1\/3&#8243;][vc_single_image image=&#8221;2306&#8243; img_size=&#8221;full&#8221; add_caption=&#8221;yes&#8221; alignment=&#8221;center&#8221; css_animation=&#8221;rotateInDownRight&#8221; lazy_loading=&#8221;true&#8221;][\/vc_column_inner][\/vc_row_inner][\/vc_column][\/vc_row][vc_row bg_type=&#8221;bg_color&#8221; bg_override=&#8221;full&#8221; bg_color_value=&#8221;#f5f5f5&#8243;][vc_column][vc_column_text]<\/p>\n<table>\n<tbody>\n<tr>\n<td><b>C\u00f4ng ngh\u1ec7<\/b><\/td>\n<td><span style=\"font-weight: 400;\">C\u00f4ng ngh\u1ec7 HDG (Hot <\/span><span style=\"font-weight: 400;\">dip galvanized steel)<\/span><\/td>\n<\/tr>\n<tr>\n<td><b>Ti\u00eau chu\u1ea9n<\/b><\/td>\n<td>\n<ul>\n<li style=\"font-weight: 400;\"><span style=\"font-weight: 400;\">ASTM A53-Grade A (M\u1ef8); <\/span><\/li>\n<li style=\"font-weight: 400;\"><span style=\"font-weight: 400;\">BSEN 10255:2004 (ANH);<\/span><\/li>\n<li style=\"font-weight: 400;\"><span style=\"font-weight: 400;\">BS 1387:1985 (VI\u1ec6T NAM)<\/span><\/li>\n<\/ul>\n<\/td>\n<\/tr>\n<tr>\n<td><b>\u0110\u1ed9 d\u00e0y<\/b><\/td>\n<td><span style=\"font-weight: 400;\">\u00a00.6mm\u00a0 \u00f7\u00a0 4.0mm<\/span><\/td>\n<\/tr>\n<tr>\n<td><b>Qui c\u00e1ch<\/b><\/td>\n<td><span style=\"font-weight: 400;\">&#8211;<\/span><b>\u00a0\u1ed0ng\u00a0tr\u00f2n:<\/b><span style=\"font-weight: 400;\">\u00a0 \u00d821mm \u00f7 \u00d8114mm<\/span><\/p>\n<p><span style=\"font-weight: 400;\">&#8211;<\/span><b>\u00a0H\u00ecnh vu\u00f4ng:<\/b><span style=\"font-weight: 400;\">\u00a014mm x 14mm \u00f7 100mm x 100mm<\/span><\/p>\n<p><span style=\"font-weight: 400;\">&#8211;\u00a0<\/span><b>H\u00ecnh\u00a0ch\u1eef nh\u1eadt:<\/b><span style=\"font-weight: 400;\">\u00a0 13x26mm \u00f7 60x120mm<\/span><\/p>\n<p><span style=\"font-weight: 400;\">\u00a0<\/span><\/td>\n<\/tr>\n<tr>\n<td><b>\u0110\u1ed9 d\u00e0y l\u1edbp m\u1ea1<\/b><\/td>\n<td><b>Z75<\/b><\/td>\n<\/tr>\n<tr>\n<td><b>\u0110\u1ed9 b\u1ec1n k\u00e9o<\/b><\/td>\n<td><span style=\"font-weight: 400;\">G350, G450, G500, G550<\/span><\/td>\n<\/tr>\n<\/tbody>\n<\/table>\n<p>[\/vc_column_text][\/vc_column][\/vc_row][vc_row][vc_column][\/vc_column][\/vc_row][vc_row bg_type=&#8221;image&#8221; parallax_style=&#8221;vcpb-default&#8221; bg_image_new=&#8221;id^2231|url^http:\/\/vpebgreenhouse.com\/wp-content\/uploads\/2016\/01\/banner-nha-kinh-vpeb-greenhouse.jpg|caption^null|alt^null|title^banner-nha-kinh-vpeb-greenhouse|description^null&#8221; bg_override=&#8221;full&#8221; css=&#8221;.vc_custom_1505567845620{padding-top: 60px !important;padding-bottom: 60px !important;}&#8221;][vc_column]<div id=\"ultimate-heading-623069e00cee8cad9\" class=\"uvc-heading ult-adjust-bottom-margin ultimate-heading-623069e00cee8cad9 uvc-5402 \" data-hspacer=\"no_spacer\"  data-halign=\"center\" style=\"text-align:center\"><div class=\"uvc-heading-spacer no_spacer\" style=\"top\"><\/div><div class=\"uvc-main-heading ult-responsive\"  data-ultimate-target='.uvc-heading.ultimate-heading-623069e00cee8cad9 h2'  data-responsive-json-new='{\"font-size\":\"desktop:30px;tablet_portrait:20px;\",\"line-height\":\"desktop:46px;tablet_portrait:26px;\"}' ><h2 style=\"font-weight:bold;color:#ffffff;\">Li\u00ean h\u1ec7 VPEB GREENHOUSE!<\/h2><\/div><div class=\"uvc-sub-heading ult-responsive\"  data-ultimate-target='.uvc-heading.ultimate-heading-623069e00cee8cad9 .uvc-sub-heading '  data-responsive-json-new='{\"font-size\":\"desktop:50px;tablet_portrait:40px;\",\"line-height\":\"desktop:50px;tablet_portrait:46px;\"}'  style=\"font-weight:bold;color:#ffffff;margin-bottom:20px;\">Hotline: 0934108899<\/div><\/div><div class=\"btn-align-center\"><a href=\"http:\/\/vpebgreenhouse.com\/contact\/\" class=\"default-btn-shortcode dt-btn dt-btn-l fadeIn animate-element animation-builder \" id=\"default-btn-1\" style=\"width:400px;\"><span>G\u1eedi y\u00eau c\u1ea7u h\u1ed7 tr\u1ee3!<\/span><\/a><\/div>[\/vc_column][\/vc_row][vc_row][vc_column][\/vc_column][\/vc_row][vc_column][\/vc_column]<\/p>\n","protected":false},"excerpt":{"rendered":"<p>[vc_row][vc_column][vc_row_inner][vc_column_inner][vc_column_text css_animation=&#8221;fadeIn&#8221;]Th\u00e9p \u1ed1ng m\u1ea1 k\u1ebdm nh\u00fang n\u00f3ng c\u1ee7a T\u1eadp \u0110o\u00e0n H\u00f2a Ph\u00e1t (Hot dip galvanized steel\u2013 HDG) l\u00e0 lo\u1ea1i th\u00e9p \u0111\u01b0\u1ee3c nh\u00fang trong k\u1ebdm n\u00f3ng ch\u1ea3y, t\u1ea1o m\u1ed9t l\u1edbp ph\u1ee7 b\u1ec1 m\u1eb7t ch\u1ed1ng r\u1ec9 s\u00e9t. Th\u00e9p m\u1ea1 k\u1ebdm nh\u00fang n\u00f3ng c\u00f3 c\u1ea5u h\u00ecnh tinh th\u1ec3 \u0111\u1eb7c tr\u00f9ng tr\u00ean b\u1ec1 m\u1eb7t c\u1ee7a th\u00e9p. \u0110\u00e2y l\u00e0 s\u1ea3n&hellip;<\/p>\n","protected":false},"author":1,"featured_media":0,"parent":0,"menu_order":0,"comment_status":"closed","ping_status":"closed","template":"","meta":[],"class_list":["post-2471","page","type-page","status-publish","hentry","description-off"],"yoast_head":"<!-- This site is optimized with the Yoast SEO plugin v23.8 - https:\/\/yoast.com\/wordpress\/plugins\/seo\/ -->\n<title>Th\u00e9p H\u00f2a Ph\u00e1t - NH\u00c0 M\u00c0NG, NH\u00c0 K\u00cdNH N\u00d4NG NGHI\u1ec6P C\u00d4NG NGH\u1ec6 CAO<\/title>\n<meta name=\"robots\" content=\"index, follow, max-snippet:-1, max-image-preview:large, max-video-preview:-1\" \/>\n<link rel=\"canonical\" href=\"https:\/\/vpebgreenhouse.com\/thep-hoa-phat\/\" \/>\n<meta property=\"og:locale\" content=\"en_US\" \/>\n<meta property=\"og:type\" content=\"article\" \/>\n<meta property=\"og:title\" content=\"Th\u00e9p H\u00f2a Ph\u00e1t - NH\u00c0 M\u00c0NG, NH\u00c0 K\u00cdNH N\u00d4NG NGHI\u1ec6P C\u00d4NG NGH\u1ec6 CAO\" \/>\n<meta property=\"og:description\" content=\"[vc_row][vc_column][vc_row_inner][vc_column_inner][vc_column_text css_animation=&#8221;fadeIn&#8221;]Th\u00e9p \u1ed1ng m\u1ea1 k\u1ebdm nh\u00fang n\u00f3ng c\u1ee7a T\u1eadp \u0110o\u00e0n H\u00f2a Ph\u00e1t (Hot dip galvanized steel\u2013 HDG) l\u00e0 lo\u1ea1i th\u00e9p \u0111\u01b0\u1ee3c nh\u00fang trong k\u1ebdm n\u00f3ng ch\u1ea3y, t\u1ea1o m\u1ed9t l\u1edbp ph\u1ee7 b\u1ec1 m\u1eb7t ch\u1ed1ng r\u1ec9 s\u00e9t. Th\u00e9p m\u1ea1 k\u1ebdm nh\u00fang n\u00f3ng c\u00f3 c\u1ea5u h\u00ecnh tinh th\u1ec3 \u0111\u1eb7c tr\u00f9ng tr\u00ean b\u1ec1 m\u1eb7t c\u1ee7a th\u00e9p. \u0110\u00e2y l\u00e0 s\u1ea3n&hellip;\" \/>\n<meta property=\"og:url\" content=\"https:\/\/vpebgreenhouse.com\/thep-hoa-phat\/\" \/>\n<meta property=\"og:site_name\" content=\"NH\u00c0 M\u00c0NG, NH\u00c0 K\u00cdNH N\u00d4NG NGHI\u1ec6P C\u00d4NG NGH\u1ec6 CAO\" \/>\n<meta name=\"twitter:card\" content=\"summary_large_image\" \/>\n<meta name=\"twitter:label1\" content=\"Est. reading time\" \/>\n\t<meta name=\"twitter:data1\" content=\"6 minutes\" \/>\n<script type=\"application\/ld+json\" class=\"yoast-schema-graph\">{\"@context\":\"https:\/\/schema.org\",\"@graph\":[{\"@type\":\"WebPage\",\"@id\":\"https:\/\/vpebgreenhouse.com\/thep-hoa-phat\/\",\"url\":\"https:\/\/vpebgreenhouse.com\/thep-hoa-phat\/\",\"name\":\"Th\u00e9p H\u00f2a Ph\u00e1t - NH\u00c0 M\u00c0NG, NH\u00c0 K\u00cdNH N\u00d4NG NGHI\u1ec6P C\u00d4NG NGH\u1ec6 CAO\",\"isPartOf\":{\"@id\":\"http:\/\/vpebgreenhouse.com\/#website\"},\"datePublished\":\"2017-09-28T04:56:37+00:00\",\"dateModified\":\"2017-09-28T04:56:37+00:00\",\"breadcrumb\":{\"@id\":\"https:\/\/vpebgreenhouse.com\/thep-hoa-phat\/#breadcrumb\"},\"inLanguage\":\"en-US\",\"potentialAction\":[{\"@type\":\"ReadAction\",\"target\":[\"https:\/\/vpebgreenhouse.com\/thep-hoa-phat\/\"]}]},{\"@type\":\"BreadcrumbList\",\"@id\":\"https:\/\/vpebgreenhouse.com\/thep-hoa-phat\/#breadcrumb\",\"itemListElement\":[{\"@type\":\"ListItem\",\"position\":1,\"name\":\"Home\",\"item\":\"http:\/\/vpebgreenhouse.com\/\"},{\"@type\":\"ListItem\",\"position\":2,\"name\":\"Th\u00e9p H\u00f2a Ph\u00e1t\"}]},{\"@type\":\"WebSite\",\"@id\":\"http:\/\/vpebgreenhouse.com\/#website\",\"url\":\"http:\/\/vpebgreenhouse.com\/\",\"name\":\"NH\u00c0 M\u00c0NG, NH\u00c0 K\u00cdNH N\u00d4NG NGHI\u1ec6P C\u00d4NG NGH\u1ec6 CAO\",\"description\":\"VPEB GREENHOUSE\",\"potentialAction\":[{\"@type\":\"SearchAction\",\"target\":{\"@type\":\"EntryPoint\",\"urlTemplate\":\"http:\/\/vpebgreenhouse.com\/?s={search_term_string}\"},\"query-input\":{\"@type\":\"PropertyValueSpecification\",\"valueRequired\":true,\"valueName\":\"search_term_string\"}}],\"inLanguage\":\"en-US\"}]}<\/script>\n<!-- \/ Yoast SEO plugin. -->","yoast_head_json":{"title":"Th\u00e9p H\u00f2a Ph\u00e1t - NH\u00c0 M\u00c0NG, NH\u00c0 K\u00cdNH N\u00d4NG NGHI\u1ec6P C\u00d4NG NGH\u1ec6 CAO","robots":{"index":"index","follow":"follow","max-snippet":"max-snippet:-1","max-image-preview":"max-image-preview:large","max-video-preview":"max-video-preview:-1"},"canonical":"https:\/\/vpebgreenhouse.com\/thep-hoa-phat\/","og_locale":"en_US","og_type":"article","og_title":"Th\u00e9p H\u00f2a Ph\u00e1t - NH\u00c0 M\u00c0NG, NH\u00c0 K\u00cdNH N\u00d4NG NGHI\u1ec6P C\u00d4NG NGH\u1ec6 CAO","og_description":"[vc_row][vc_column][vc_row_inner][vc_column_inner][vc_column_text css_animation=&#8221;fadeIn&#8221;]Th\u00e9p \u1ed1ng m\u1ea1 k\u1ebdm nh\u00fang n\u00f3ng c\u1ee7a T\u1eadp \u0110o\u00e0n H\u00f2a Ph\u00e1t (Hot dip galvanized steel\u2013 HDG) l\u00e0 lo\u1ea1i th\u00e9p \u0111\u01b0\u1ee3c nh\u00fang trong k\u1ebdm n\u00f3ng ch\u1ea3y, t\u1ea1o m\u1ed9t l\u1edbp ph\u1ee7 b\u1ec1 m\u1eb7t ch\u1ed1ng r\u1ec9 s\u00e9t. Th\u00e9p m\u1ea1 k\u1ebdm nh\u00fang n\u00f3ng c\u00f3 c\u1ea5u h\u00ecnh tinh th\u1ec3 \u0111\u1eb7c tr\u00f9ng tr\u00ean b\u1ec1 m\u1eb7t c\u1ee7a th\u00e9p. \u0110\u00e2y l\u00e0 s\u1ea3n&hellip;","og_url":"https:\/\/vpebgreenhouse.com\/thep-hoa-phat\/","og_site_name":"NH\u00c0 M\u00c0NG, NH\u00c0 K\u00cdNH N\u00d4NG NGHI\u1ec6P C\u00d4NG NGH\u1ec6 CAO","twitter_card":"summary_large_image","twitter_misc":{"Est. reading time":"6 minutes"},"schema":{"@context":"https:\/\/schema.org","@graph":[{"@type":"WebPage","@id":"https:\/\/vpebgreenhouse.com\/thep-hoa-phat\/","url":"https:\/\/vpebgreenhouse.com\/thep-hoa-phat\/","name":"Th\u00e9p H\u00f2a Ph\u00e1t - NH\u00c0 M\u00c0NG, NH\u00c0 K\u00cdNH N\u00d4NG NGHI\u1ec6P C\u00d4NG NGH\u1ec6 CAO","isPartOf":{"@id":"http:\/\/vpebgreenhouse.com\/#website"},"datePublished":"2017-09-28T04:56:37+00:00","dateModified":"2017-09-28T04:56:37+00:00","breadcrumb":{"@id":"https:\/\/vpebgreenhouse.com\/thep-hoa-phat\/#breadcrumb"},"inLanguage":"en-US","potentialAction":[{"@type":"ReadAction","target":["https:\/\/vpebgreenhouse.com\/thep-hoa-phat\/"]}]},{"@type":"BreadcrumbList","@id":"https:\/\/vpebgreenhouse.com\/thep-hoa-phat\/#breadcrumb","itemListElement":[{"@type":"ListItem","position":1,"name":"Home","item":"http:\/\/vpebgreenhouse.com\/"},{"@type":"ListItem","position":2,"name":"Th\u00e9p H\u00f2a Ph\u00e1t"}]},{"@type":"WebSite","@id":"http:\/\/vpebgreenhouse.com\/#website","url":"http:\/\/vpebgreenhouse.com\/","name":"NH\u00c0 M\u00c0NG, NH\u00c0 K\u00cdNH N\u00d4NG NGHI\u1ec6P C\u00d4NG NGH\u1ec6 CAO","description":"VPEB GREENHOUSE","potentialAction":[{"@type":"SearchAction","target":{"@type":"EntryPoint","urlTemplate":"http:\/\/vpebgreenhouse.com\/?s={search_term_string}"},"query-input":{"@type":"PropertyValueSpecification","valueRequired":true,"valueName":"search_term_string"}}],"inLanguage":"en-US"}]}},"_links":{"self":[{"href":"http:\/\/vpebgreenhouse.com\/en\/wp-json\/wp\/v2\/pages\/2471","targetHints":{"allow":["GET"]}}],"collection":[{"href":"http:\/\/vpebgreenhouse.com\/en\/wp-json\/wp\/v2\/pages"}],"about":[{"href":"http:\/\/vpebgreenhouse.com\/en\/wp-json\/wp\/v2\/types\/page"}],"author":[{"embeddable":true,"href":"http:\/\/vpebgreenhouse.com\/en\/wp-json\/wp\/v2\/users\/1"}],"replies":[{"embeddable":true,"href":"http:\/\/vpebgreenhouse.com\/en\/wp-json\/wp\/v2\/comments?post=2471"}],"version-history":[{"count":4,"href":"http:\/\/vpebgreenhouse.com\/en\/wp-json\/wp\/v2\/pages\/2471\/revisions"}],"predecessor-version":[{"id":2476,"href":"http:\/\/vpebgreenhouse.com\/en\/wp-json\/wp\/v2\/pages\/2471\/revisions\/2476"}],"wp:attachment":[{"href":"http:\/\/vpebgreenhouse.com\/en\/wp-json\/wp\/v2\/media?parent=2471"}],"curies":[{"name":"wp","href":"https:\/\/api.w.org\/{rel}","templated":true}]}}