{"id":2457,"date":"2017-09-28T04:42:09","date_gmt":"2017-09-28T04:42:09","guid":{"rendered":"http:\/\/vpebgreenhouse.com\/?page_id=2457"},"modified":"2017-09-28T04:57:24","modified_gmt":"2017-09-28T04:57:24","slug":"thep-hoa-sen","status":"publish","type":"page","link":"http:\/\/vpebgreenhouse.com\/en\/thep-hoa-sen\/","title":{"rendered":"Th\u00e9p Hoa Sen"},"content":{"rendered":"<p>[vc_row][vc_column][vc_row_inner][vc_column_inner]<div id=\"ultimate-heading-91069e0f94756096\" class=\"uvc-heading ult-adjust-bottom-margin ultimate-heading-91069e0f94756096 uvc-512 \" data-hspacer=\"no_spacer\"  data-halign=\"left\" style=\"text-align:left\"><div class=\"uvc-heading-spacer no_spacer\" style=\"top\"><\/div><div class=\"uvc-main-heading ult-responsive\"  data-ultimate-target='.uvc-heading.ultimate-heading-91069e0f94756096 h2'  data-responsive-json-new='{\"font-size\":\"desktop:30px;\",\"line-height\":\"desktop:40px;\"}' ><h2 style=\"font-weight:bold;margin-bottom:15px;\">Th\u00e9p \u1ed1ng m\u1ea1 k\u1ebdm Hoa Sen<\/h2><\/div><\/div>[vc_column_text css_animation=&#8221;fadeIn&#8221;]<span style=\"font-weight: 400;\">Th\u00e9p \u1ed1ng m\u1ea1 k\u1ebdm c\u1ee7a T\u1eadp \u0110o\u00e0n Hoa Sen chi\u1ebfm 20% th\u1ecb ph\u1ea7n \u1ed1ng th\u00e9p m\u1ea1 k\u1ebdm tr\u00ean c\u1ea3 n\u01b0\u1edbc v\u00e0 \u0111\u01b0\u1ee3c tin d\u00f9ng r\u1ed9ng r\u00e3i trong c\u00e1c l\u0129nh v\u1ef1c kh\u00e1c nhau, \u0111\u1eb7c bi\u1ec7t l\u00e0 x\u00e2y d\u1ef1ng nh\u00e0 k\u00ednh\/ nh\u00e0 m\u00e0ng.<\/span>[\/vc_column_text][\/vc_column_inner][\/vc_row_inner][vc_row_inner][vc_column_inner width=&#8221;2\/3&#8243;]<div class=\"aio-icon-component  vc_custom_1506573425536  accent-icon-bg dac-tinh-ky-thuat style_1\"><div id=\"Info-box-wrap-7928\" class=\"aio-icon-box left-icon\" style=\"\"  ><div class=\"aio-icon-left\"><div class=\"ult-just-icon-wrapper  \"><div class=\"align-icon\" style=\"text-align:center;\">\n<div class=\"aio-icon advanced \"  style=\"color:#ffffff;border-style:;border-color:#333333;border-width:1px;width:30px;height:30px;line-height:30px;border-radius:500px;font-size:16px;display:inline-block;\">\n\t<i class=\"Defaults-recycle\"><\/i>\n<\/div><\/div><\/div><\/div><div class=\"aio-ibd-block\"><div class=\"aio-icon-header\" ><h3 class=\"aio-icon-title ult-responsive\"  data-ultimate-target='#Info-box-wrap-7928 .aio-icon-title'  data-responsive-json-new='{\"font-size\":\"desktop:20px;\",\"line-height\":\"desktop:26px;\"}'  style=\"\">V\u1edbi c\u00e1c t\u00ednh n\u0103ng v\u01b0\u1ee3t tr\u1ed9i nh\u01b0:<\/h3><\/div> <!-- header --><div class=\"aio-icon-description ult-responsive\"  data-ultimate-target='#Info-box-wrap-7928 .aio-icon-description'  data-responsive-json-new='{\"font-size\":\"\",\"line-height\":\"desktop:20px;\"}'  style=\"\"><\/p>\n<ul>\n<li style=\"font-weight: 400;\"><span style=\"font-weight: 400;\">Tr\u1ea3i qua qu\u00e1 tr\u00ecnh s\u1ea3n xu\u1ea5t kh\u1eaft khe (t\u1ea9y r\u1ec9, c\u00e1n ngu\u1ed9i, \u1ee7 m\u1ec1m, m\u1ea1 k\u1ebdm, c\u1eaft b\u0103ng, c\u00e1n \u0111\u1ecbnh h\u00ecnh) ch\u1ea5t l\u01b0\u1ee3ng s\u0103n ph\u1ea9m \u0111\u01b0\u1ee3c \u0111\u1ea3m b\u1ea3o h\u00e0ng \u0111\u1ea7u.<\/span><\/li>\n<li style=\"font-weight: 400;\"><span style=\"font-weight: 400;\">B\u1ec1 m\u1eb7t m\u1ea1 k\u1ebdm tr\u1eafng s\u00e1ng, tr\u01a1n l\u00e1ng, b\u00f3ng \u0111\u1eb9p, c\u00f3 t\u00ednh th\u1ea9m m\u1ef9 cao<\/span><\/li>\n<li style=\"font-weight: 400;\"><span style=\"font-weight: 400;\">Kh\u1ea3 n\u0103ng ch\u1ed1ng \u0103n m\u00f2n, ch\u1ed1ng oxi h\u00f3a v\u01b0\u1ee3t tr\u1ed9i, kh\u00f4ng c\u1ea7n s\u01a1n ph\u1ee7 b\u1ec1 m\u1eb7t<\/span><\/li>\n<li style=\"font-weight: 400;\"><span style=\"font-weight: 400;\">\u0110\u1ed9 b\u00e1m c\u1ee7a k\u1ebdm \u0111\u1ed9 d\u00e0y \u0111\u1ec1u, ch\u1ecbu l\u1ef1c t\u1ed1t, \u0111\u1ed9 u\u1ed1n d\u1ebbo cao, gi\u00fap m\u1ed1i h\u00e0n ch\u1eafc ch\u1eafn h\u01a1n g\u1ea5p nhi\u1ec1u l\u1ea7n so v\u1edbi c\u00e1c lo\u1ea1i \u1ed1ng th\u00e9p th\u00f4ng th\u01b0\u1eddng.<\/span><\/li>\n<\/ul>\n<p><\/div> <!-- description --><\/div> <!-- aio-ibd-block --><\/div> <!-- aio-icon-box --><\/div> <!-- aio-icon-component --><div class=\"aio-icon-component  vc_custom_1506573201830  accent-icon-bg dac-tinh-ky-thuat style_1\"><div id=\"Info-box-wrap-2888\" class=\"aio-icon-box left-icon\" style=\"\"  ><div class=\"aio-icon-left\"><div class=\"ult-just-icon-wrapper  \"><div class=\"align-icon\" style=\"text-align:center;\">\n<div class=\"aio-icon advanced \"  style=\"color:#ffffff;border-style:;border-color:#333333;border-width:1px;width:30px;height:30px;line-height:30px;border-radius:500px;font-size:16px;display:inline-block;\">\n\t<i class=\"Defaults-recycle\"><\/i>\n<\/div><\/div><\/div><\/div><div class=\"aio-ibd-block\"><div class=\"aio-icon-header\" ><h3 class=\"aio-icon-title ult-responsive\"  data-ultimate-target='#Info-box-wrap-2888 .aio-icon-title'  data-responsive-json-new='{\"font-size\":\"desktop:20px;\",\"line-height\":\"desktop:26px;\"}'  style=\"\">\u1ee8ng d\u1ee5ng c\u1ee7a \u1ed1ng th\u00e9p m\u1ea1 k\u1ebdm:<\/h3><\/div> <!-- header --><div class=\"aio-icon-description ult-responsive\"  data-ultimate-target='#Info-box-wrap-2888 .aio-icon-description'  data-responsive-json-new='{\"font-size\":\"\",\"line-height\":\"desktop:20px;\"}'  style=\"\"><\/p>\n<ul>\n<li style=\"font-weight: 400;\"><span style=\"font-weight: 400;\">S\u1eed d\u1ee5ng trong x\u00e2y d\u1ef1ng c\u00f4ng tr\u00ecnh li\u00ean quan \u0111\u1ebfn s\u1eaft th\u00e9p.<\/span><\/li>\n<li style=\"font-weight: 400;\"><span style=\"font-weight: 400;\">S\u1eed d\u1ee5ng trong s\u1ea3n xu\u1ea5t c\u00f4ng nghi\u1ec7p<\/span><\/li>\n<li style=\"font-weight: 400;\"><span style=\"font-weight: 400;\">S\u1eed d\u1ee5ng l\u00e0m v\u1eadt li\u1ec7u trang tr\u00ed<\/span><\/li>\n<\/ul>\n<p><\/div> <!-- description --><\/div> <!-- aio-ibd-block --><\/div> <!-- aio-icon-box --><\/div> <!-- aio-icon-component --><div class=\"aio-icon-component  vc_custom_1506573478423  accent-icon-bg dac-tinh-ky-thuat style_1\"><div id=\"Info-box-wrap-7906\" class=\"aio-icon-box left-icon\" style=\"\"  ><div class=\"aio-icon-left\"><div class=\"ult-just-icon-wrapper  \"><div class=\"align-icon\" style=\"text-align:center;\">\n<div class=\"aio-icon advanced \"  style=\"color:#ffffff;border-style:;border-color:#333333;border-width:1px;width:30px;height:30px;line-height:30px;border-radius:500px;font-size:16px;display:inline-block;\">\n\t<i class=\"Defaults-recycle\"><\/i>\n<\/div><\/div><\/div><\/div><div class=\"aio-ibd-block\"><div class=\"aio-icon-header\" ><h3 class=\"aio-icon-title ult-responsive\"  data-ultimate-target='#Info-box-wrap-7906 .aio-icon-title'  data-responsive-json-new='{\"font-size\":\"desktop:20px;\",\"line-height\":\"desktop:26px;\"}'  style=\"\">Ch\u1ea5t l\u01b0\u1ee3ng c\u1ee7a \u1ed1ng th\u00e9p m\u1ea1 k\u1ebdm Hoa Sen:<\/h3><\/div> <!-- header --><div class=\"aio-icon-description ult-responsive\"  data-ultimate-target='#Info-box-wrap-7906 .aio-icon-description'  data-responsive-json-new='{\"font-size\":\"\",\"line-height\":\"desktop:20px;\"}'  style=\"\"><\/p>\n<ul>\n<li style=\"font-weight: 400;\"><span style=\"font-weight: 400;\">S\u1ea3n xu\u1ea5t tr\u00ean d\u00e2y chuy\u1ec1n hi\u1ec7n \u0111\u1ea1i theo c\u00f4ng ngh\u1ec7 ti\u00ean ti\u1ebfn nh\u1ea5t hi\u1ec7n nay m\u1ea1 k\u1ebdm NOF (L\u00f2 \u0110\u1ed1t Oxy) <\/span><\/li>\n<li style=\"font-weight: 400;\"><span style=\"font-weight: 400;\">Ti\u00eau chu\u1ea9n Qu\u1ed1c t\u1ebf: <\/span><span style=\"font-weight: 400;\">ASTM A500M (M\u1ef9); JIS G 3444 v\u00e0 JIS G 3466 (Nh\u1eadt); AS\/NZS 1163 (\u00dac)<\/span><\/li>\n<li style=\"font-weight: 400;\"><span style=\"font-weight: 400;\">\u0110\u1ea3m b\u1ea3o \u0111\u00fang ch\u1ea5t l\u01b0\u1ee3ng, \u0111\u00fang \u0111\u1ed9 d\u00e0y c\u00f4ng b\u1ed1, k\u00edch th\u01b0\u1edbc b\u1ec1 m\u1eb7t chu\u1ea9n x\u00e1c.<\/span><\/li>\n<\/ul>\n<p><\/div> <!-- description --><\/div> <!-- aio-ibd-block --><\/div> <!-- aio-icon-box --><\/div> <!-- aio-icon-component --><div class=\"aio-icon-component  vc_custom_1506573554260  accent-icon-bg dac-tinh-ky-thuat style_1\"><div id=\"Info-box-wrap-2422\" class=\"aio-icon-box left-icon\" style=\"\"  ><div class=\"aio-icon-left\"><div class=\"ult-just-icon-wrapper  \"><div class=\"align-icon\" style=\"text-align:center;\">\n<div class=\"aio-icon advanced \"  style=\"color:#ffffff;border-style:;border-color:#333333;border-width:1px;width:30px;height:30px;line-height:30px;border-radius:500px;font-size:16px;display:inline-block;\">\n\t<i class=\"Defaults-recycle\"><\/i>\n<\/div><\/div><\/div><\/div><div class=\"aio-ibd-block\"><div class=\"aio-icon-header\" ><h3 class=\"aio-icon-title ult-responsive\"  data-ultimate-target='#Info-box-wrap-2422 .aio-icon-title'  data-responsive-json-new='{\"font-size\":\"desktop:20px;\",\"line-height\":\"desktop:26px;\"}'  style=\"\">\u1ee8ng d\u1ee5ng c\u1ee7a \u1ed1ng th\u00e9p m\u1ea1 k\u1ebdm trong N\u00f4ng nghi\u1ec7p c\u00f4ng ngh\u1ec7 cao:<\/h3><\/div> <!-- header --><div class=\"aio-icon-description ult-responsive\"  data-ultimate-target='#Info-box-wrap-2422 .aio-icon-description'  data-responsive-json-new='{\"font-size\":\"\",\"line-height\":\"desktop:20px;\"}'  style=\"\"><\/p>\n<ul>\n<li style=\"font-weight: 400;\"><span style=\"font-weight: 400;\">D\u1ef1a theo c\u00e1c thi\u1ebft k\u1ebf c\u1ee7a VPEB GREENHOUSE, to\u00e0n b\u1ed9 k\u1ebft c\u1ea5u khung \u0111\u01b0\u1ee3c s\u1eed d\u1ee5ng \u1ed1ng th\u00e9p m\u1ea1 k\u1ebdm.<\/span><\/li>\n<li style=\"font-weight: 400;\"><span style=\"font-weight: 400;\">C\u00e1c chi ti\u1ebft gia c\u00f4ng d\u1ef1a tr\u00ean k\u1ebft c\u1ea5u khung th\u00e9p m\u00e0 th\u1ef1c hi\u1ec7n.<\/span><\/li>\n<li style=\"font-weight: 400;\"><span style=\"font-weight: 400;\">C\u00e1c chi ti\u1ebft li\u00ean k\u1ebft \u0111\u01b0\u1ee3c s\u1ea3n xu\u1ea5t t\u1eeb th\u00e9p chuy\u00ean d\u1ee5ng.<\/span><\/li>\n<\/ul>\n<p><\/div> <!-- description --><\/div> <!-- aio-ibd-block --><\/div> <!-- aio-icon-box --><\/div> <!-- aio-icon-component -->[\/vc_column_inner][vc_column_inner width=&#8221;1\/3&#8243;][vc_single_image image=&#8221;2305&#8243; img_size=&#8221;full&#8221; add_caption=&#8221;yes&#8221; alignment=&#8221;center&#8221; css_animation=&#8221;rotateInDownRight&#8221; lazy_loading=&#8221;true&#8221;][\/vc_column_inner][\/vc_row_inner][\/vc_column][\/vc_row][vc_row bg_type=&#8221;bg_color&#8221; bg_override=&#8221;full&#8221; bg_color_value=&#8221;#f5f5f5&#8243;][vc_column][vc_column_text]<\/p>\n<table>\n<tbody>\n<tr>\n<td><b>C\u00f4ng ngh\u1ec7<\/b><\/td>\n<td><span style=\"font-weight: 400;\">C\u00f4ng ngh\u1ec7 m\u1ea1 NOF (l\u00f2 \u0111\u1ed1t kh\u00f4ng oxy)<\/span><\/td>\n<\/tr>\n<tr>\n<td><b>Ti\u00eau chu\u1ea9n<\/b><\/td>\n<td><b>&#8211; Ti\u00eau chu\u1ea9n Nh\u1eadt B\u1ea3n: JIS<\/b><span style=\"font-weight: 400;\">\u00a0G 3444:2004 ; JIS G 3466: 2006<\/span><span style=\"font-weight: 400;\">&#8211; Ti\u00eau chu\u1ea9n M\u1ef9: ASTM A500\/A 500M \u2013 10a<\/span><\/p>\n<p><span style=\"font-weight: 400;\">&#8211; Ti\u00eau chu\u1ea9n \u00dac\/ New Zealand: AS\/NZS 1163:2009<\/span><\/td>\n<\/tr>\n<tr>\n<td><b>\u0110\u1ed9 d\u00e0y<\/b><\/td>\n<td><span style=\"font-weight: 400;\">\u00a00.6mm\u00a0 \u00f7\u00a0 4.0mm<\/span><\/td>\n<\/tr>\n<tr>\n<td><b>Qui c\u00e1ch<\/b><\/td>\n<td><span style=\"font-weight: 400;\">&#8211;<\/span><b>\u00a0\u1ed0ng\u00a0tr\u00f2n:<\/b><span style=\"font-weight: 400;\">\u00a0 \u00d821mm \u00f7 \u00d8114mm<\/span><\/p>\n<p><span style=\"font-weight: 400;\">&#8211;<\/span><b>\u00a0H\u00ecnh vu\u00f4ng:<\/b><span style=\"font-weight: 400;\">\u00a014mm x 14mm \u00f7 100mm x 100mm<\/span><\/p>\n<p><span style=\"font-weight: 400;\">&#8211;\u00a0<\/span><b>H\u00ecnh\u00a0ch\u1eef nh\u1eadt:<\/b><span style=\"font-weight: 400;\">\u00a0 13x26mm \u00f7 60x120mm<\/span><\/p>\n<p><span style=\"font-weight: 400;\">\u00a0<\/span><\/td>\n<\/tr>\n<tr>\n<td><b>\u0110\u1ed9 d\u00e0y l\u1edbp m\u1ea1<\/b><\/td>\n<td><b>Z8 ~ Z35<\/b><span style=\"font-weight: 400;\">\u00a0(C\u00f4ng ngh\u1ec7 m\u1ea1 NOF- ti\u1ebfn ti\u1ebfn nh\u1ea5t tr\u00ean th\u1ebf gi\u1edbi)<\/span><\/td>\n<\/tr>\n<tr>\n<td><b>\u0110\u1ed9 b\u1ec1n k\u00e9o<\/b><\/td>\n<td><span style=\"font-weight: 400;\">G350, G450, G500, G550<\/span><\/td>\n<\/tr>\n<\/tbody>\n<\/table>\n<p>[\/vc_column_text][\/vc_column][\/vc_row][vc_row][vc_column][\/vc_column][\/vc_row][vc_row bg_type=&#8221;image&#8221; parallax_style=&#8221;vcpb-default&#8221; bg_image_new=&#8221;id^2231|url^http:\/\/vpebgreenhouse.com\/wp-content\/uploads\/2016\/01\/banner-nha-kinh-vpeb-greenhouse.jpg|caption^null|alt^null|title^banner-nha-kinh-vpeb-greenhouse|description^null&#8221; bg_override=&#8221;full&#8221; css=&#8221;.vc_custom_1505567845620{padding-top: 60px !important;padding-bottom: 60px !important;}&#8221;][vc_column]<div id=\"ultimate-heading-601569e0f94756683\" class=\"uvc-heading ult-adjust-bottom-margin ultimate-heading-601569e0f94756683 uvc-9494 \" data-hspacer=\"no_spacer\"  data-halign=\"center\" style=\"text-align:center\"><div class=\"uvc-heading-spacer no_spacer\" style=\"top\"><\/div><div class=\"uvc-main-heading ult-responsive\"  data-ultimate-target='.uvc-heading.ultimate-heading-601569e0f94756683 h2'  data-responsive-json-new='{\"font-size\":\"desktop:30px;tablet_portrait:20px;\",\"line-height\":\"desktop:46px;tablet_portrait:26px;\"}' ><h2 style=\"font-weight:bold;color:#ffffff;\">Li\u00ean h\u1ec7 VPEB GREENHOUSE!<\/h2><\/div><div class=\"uvc-sub-heading ult-responsive\"  data-ultimate-target='.uvc-heading.ultimate-heading-601569e0f94756683 .uvc-sub-heading '  data-responsive-json-new='{\"font-size\":\"desktop:50px;tablet_portrait:40px;\",\"line-height\":\"desktop:50px;tablet_portrait:46px;\"}'  style=\"font-weight:bold;color:#ffffff;margin-bottom:20px;\">Hotline: 0934108899<\/div><\/div><div class=\"btn-align-center\"><a href=\"http:\/\/vpebgreenhouse.com\/contact\/\" class=\"default-btn-shortcode dt-btn dt-btn-l fadeIn animate-element animation-builder \" id=\"default-btn-1\" style=\"width:400px;\"><span>G\u1eedi y\u00eau c\u1ea7u h\u1ed7 tr\u1ee3!<\/span><\/a><\/div>[\/vc_column][\/vc_row][vc_row][vc_column][\/vc_column][\/vc_row][vc_column][\/vc_column]<\/p>\n","protected":false},"excerpt":{"rendered":"<p>[vc_row][vc_column][vc_row_inner][vc_column_inner][vc_column_text css_animation=&#8221;fadeIn&#8221;]Th\u00e9p \u1ed1ng m\u1ea1 k\u1ebdm c\u1ee7a T\u1eadp \u0110o\u00e0n Hoa Sen chi\u1ebfm 20% th\u1ecb ph\u1ea7n \u1ed1ng th\u00e9p m\u1ea1 k\u1ebdm tr\u00ean c\u1ea3 n\u01b0\u1edbc v\u00e0 \u0111\u01b0\u1ee3c tin d\u00f9ng r\u1ed9ng r\u00e3i trong c\u00e1c l\u0129nh v\u1ef1c kh\u00e1c nhau, \u0111\u1eb7c bi\u1ec7t l\u00e0 x\u00e2y d\u1ef1ng nh\u00e0 k\u00ednh\/ nh\u00e0 m\u00e0ng.[\/vc_column_text][\/vc_column_inner][\/vc_row_inner][vc_row_inner][vc_column_inner width=&#8221;2\/3&#8243;][\/vc_column_inner][vc_column_inner width=&#8221;1\/3&#8243;][vc_single_image image=&#8221;2305&#8243; img_size=&#8221;full&#8221; add_caption=&#8221;yes&#8221; alignment=&#8221;center&#8221; css_animation=&#8221;rotateInDownRight&#8221; lazy_loading=&#8221;true&#8221;][\/vc_column_inner][\/vc_row_inner][\/vc_column][\/vc_row][vc_row bg_type=&#8221;bg_color&#8221; bg_override=&#8221;full&#8221; bg_color_value=&#8221;#f5f5f5&#8243;][vc_column][vc_column_text] C\u00f4ng ngh\u1ec7&hellip;<\/p>\n","protected":false},"author":1,"featured_media":0,"parent":0,"menu_order":0,"comment_status":"closed","ping_status":"closed","template":"","meta":[],"class_list":["post-2457","page","type-page","status-publish","hentry","description-off"],"yoast_head":"<!-- This site is optimized with the Yoast SEO plugin v23.8 - https:\/\/yoast.com\/wordpress\/plugins\/seo\/ -->\n<title>Th\u00e9p Hoa Sen - NH\u00c0 M\u00c0NG, NH\u00c0 K\u00cdNH N\u00d4NG NGHI\u1ec6P C\u00d4NG NGH\u1ec6 CAO<\/title>\n<meta name=\"robots\" content=\"index, follow, max-snippet:-1, max-image-preview:large, max-video-preview:-1\" \/>\n<link rel=\"canonical\" href=\"http:\/\/vpebgreenhouse.com\/en\/thep-hoa-sen\/\" \/>\n<meta property=\"og:locale\" content=\"en_US\" \/>\n<meta property=\"og:type\" content=\"article\" \/>\n<meta property=\"og:title\" content=\"Th\u00e9p Hoa Sen - NH\u00c0 M\u00c0NG, NH\u00c0 K\u00cdNH N\u00d4NG NGHI\u1ec6P C\u00d4NG NGH\u1ec6 CAO\" \/>\n<meta property=\"og:description\" content=\"[vc_row][vc_column][vc_row_inner][vc_column_inner][vc_column_text css_animation=&#8221;fadeIn&#8221;]Th\u00e9p \u1ed1ng m\u1ea1 k\u1ebdm c\u1ee7a T\u1eadp \u0110o\u00e0n Hoa Sen chi\u1ebfm 20% th\u1ecb ph\u1ea7n \u1ed1ng th\u00e9p m\u1ea1 k\u1ebdm tr\u00ean c\u1ea3 n\u01b0\u1edbc v\u00e0 \u0111\u01b0\u1ee3c tin d\u00f9ng r\u1ed9ng r\u00e3i trong c\u00e1c l\u0129nh v\u1ef1c kh\u00e1c nhau, \u0111\u1eb7c bi\u1ec7t l\u00e0 x\u00e2y d\u1ef1ng nh\u00e0 k\u00ednh\/ nh\u00e0 m\u00e0ng.[\/vc_column_text][\/vc_column_inner][\/vc_row_inner][vc_row_inner][vc_column_inner width=&#8221;2\/3&#8243;][\/vc_column_inner][vc_column_inner width=&#8221;1\/3&#8243;][vc_single_image image=&#8221;2305&#8243; img_size=&#8221;full&#8221; add_caption=&#8221;yes&#8221; alignment=&#8221;center&#8221; css_animation=&#8221;rotateInDownRight&#8221; lazy_loading=&#8221;true&#8221;][\/vc_column_inner][\/vc_row_inner][\/vc_column][\/vc_row][vc_row bg_type=&#8221;bg_color&#8221; bg_override=&#8221;full&#8221; bg_color_value=&#8221;#f5f5f5&#8243;][vc_column][vc_column_text] C\u00f4ng ngh\u1ec7&hellip;\" \/>\n<meta property=\"og:url\" content=\"http:\/\/vpebgreenhouse.com\/en\/thep-hoa-sen\/\" \/>\n<meta property=\"og:site_name\" content=\"NH\u00c0 M\u00c0NG, NH\u00c0 K\u00cdNH N\u00d4NG NGHI\u1ec6P C\u00d4NG NGH\u1ec6 CAO\" \/>\n<meta property=\"article:modified_time\" content=\"2017-09-28T04:57:24+00:00\" \/>\n<meta name=\"twitter:card\" content=\"summary_large_image\" \/>\n<meta name=\"twitter:label1\" content=\"Est. reading time\" \/>\n\t<meta name=\"twitter:data1\" content=\"6 minutes\" \/>\n<script type=\"application\/ld+json\" class=\"yoast-schema-graph\">{\"@context\":\"https:\/\/schema.org\",\"@graph\":[{\"@type\":\"WebPage\",\"@id\":\"http:\/\/vpebgreenhouse.com\/en\/thep-hoa-sen\/\",\"url\":\"http:\/\/vpebgreenhouse.com\/en\/thep-hoa-sen\/\",\"name\":\"Th\u00e9p Hoa Sen - NH\u00c0 M\u00c0NG, NH\u00c0 K\u00cdNH N\u00d4NG NGHI\u1ec6P C\u00d4NG NGH\u1ec6 CAO\",\"isPartOf\":{\"@id\":\"http:\/\/vpebgreenhouse.com\/#website\"},\"datePublished\":\"2017-09-28T04:42:09+00:00\",\"dateModified\":\"2017-09-28T04:57:24+00:00\",\"breadcrumb\":{\"@id\":\"http:\/\/vpebgreenhouse.com\/en\/thep-hoa-sen\/#breadcrumb\"},\"inLanguage\":\"en-US\",\"potentialAction\":[{\"@type\":\"ReadAction\",\"target\":[\"http:\/\/vpebgreenhouse.com\/en\/thep-hoa-sen\/\"]}]},{\"@type\":\"BreadcrumbList\",\"@id\":\"http:\/\/vpebgreenhouse.com\/en\/thep-hoa-sen\/#breadcrumb\",\"itemListElement\":[{\"@type\":\"ListItem\",\"position\":1,\"name\":\"Home\",\"item\":\"http:\/\/vpebgreenhouse.com\/\"},{\"@type\":\"ListItem\",\"position\":2,\"name\":\"Th\u00e9p Hoa Sen\"}]},{\"@type\":\"WebSite\",\"@id\":\"http:\/\/vpebgreenhouse.com\/#website\",\"url\":\"http:\/\/vpebgreenhouse.com\/\",\"name\":\"NH\u00c0 M\u00c0NG, NH\u00c0 K\u00cdNH N\u00d4NG NGHI\u1ec6P C\u00d4NG NGH\u1ec6 CAO\",\"description\":\"VPEB GREENHOUSE\",\"potentialAction\":[{\"@type\":\"SearchAction\",\"target\":{\"@type\":\"EntryPoint\",\"urlTemplate\":\"http:\/\/vpebgreenhouse.com\/?s={search_term_string}\"},\"query-input\":{\"@type\":\"PropertyValueSpecification\",\"valueRequired\":true,\"valueName\":\"search_term_string\"}}],\"inLanguage\":\"en-US\"}]}<\/script>\n<!-- \/ Yoast SEO plugin. -->","yoast_head_json":{"title":"Th\u00e9p Hoa Sen - NH\u00c0 M\u00c0NG, NH\u00c0 K\u00cdNH N\u00d4NG NGHI\u1ec6P C\u00d4NG NGH\u1ec6 CAO","robots":{"index":"index","follow":"follow","max-snippet":"max-snippet:-1","max-image-preview":"max-image-preview:large","max-video-preview":"max-video-preview:-1"},"canonical":"http:\/\/vpebgreenhouse.com\/en\/thep-hoa-sen\/","og_locale":"en_US","og_type":"article","og_title":"Th\u00e9p Hoa Sen - NH\u00c0 M\u00c0NG, NH\u00c0 K\u00cdNH N\u00d4NG NGHI\u1ec6P C\u00d4NG NGH\u1ec6 CAO","og_description":"[vc_row][vc_column][vc_row_inner][vc_column_inner][vc_column_text css_animation=&#8221;fadeIn&#8221;]Th\u00e9p \u1ed1ng m\u1ea1 k\u1ebdm c\u1ee7a T\u1eadp \u0110o\u00e0n Hoa Sen chi\u1ebfm 20% th\u1ecb ph\u1ea7n \u1ed1ng th\u00e9p m\u1ea1 k\u1ebdm tr\u00ean c\u1ea3 n\u01b0\u1edbc v\u00e0 \u0111\u01b0\u1ee3c tin d\u00f9ng r\u1ed9ng r\u00e3i trong c\u00e1c l\u0129nh v\u1ef1c kh\u00e1c nhau, \u0111\u1eb7c bi\u1ec7t l\u00e0 x\u00e2y d\u1ef1ng nh\u00e0 k\u00ednh\/ nh\u00e0 m\u00e0ng.[\/vc_column_text][\/vc_column_inner][\/vc_row_inner][vc_row_inner][vc_column_inner width=&#8221;2\/3&#8243;][\/vc_column_inner][vc_column_inner width=&#8221;1\/3&#8243;][vc_single_image image=&#8221;2305&#8243; img_size=&#8221;full&#8221; add_caption=&#8221;yes&#8221; alignment=&#8221;center&#8221; css_animation=&#8221;rotateInDownRight&#8221; lazy_loading=&#8221;true&#8221;][\/vc_column_inner][\/vc_row_inner][\/vc_column][\/vc_row][vc_row bg_type=&#8221;bg_color&#8221; bg_override=&#8221;full&#8221; bg_color_value=&#8221;#f5f5f5&#8243;][vc_column][vc_column_text] C\u00f4ng ngh\u1ec7&hellip;","og_url":"http:\/\/vpebgreenhouse.com\/en\/thep-hoa-sen\/","og_site_name":"NH\u00c0 M\u00c0NG, NH\u00c0 K\u00cdNH N\u00d4NG NGHI\u1ec6P C\u00d4NG NGH\u1ec6 CAO","article_modified_time":"2017-09-28T04:57:24+00:00","twitter_card":"summary_large_image","twitter_misc":{"Est. reading time":"6 minutes"},"schema":{"@context":"https:\/\/schema.org","@graph":[{"@type":"WebPage","@id":"http:\/\/vpebgreenhouse.com\/en\/thep-hoa-sen\/","url":"http:\/\/vpebgreenhouse.com\/en\/thep-hoa-sen\/","name":"Th\u00e9p Hoa Sen - NH\u00c0 M\u00c0NG, NH\u00c0 K\u00cdNH N\u00d4NG NGHI\u1ec6P C\u00d4NG NGH\u1ec6 CAO","isPartOf":{"@id":"http:\/\/vpebgreenhouse.com\/#website"},"datePublished":"2017-09-28T04:42:09+00:00","dateModified":"2017-09-28T04:57:24+00:00","breadcrumb":{"@id":"http:\/\/vpebgreenhouse.com\/en\/thep-hoa-sen\/#breadcrumb"},"inLanguage":"en-US","potentialAction":[{"@type":"ReadAction","target":["http:\/\/vpebgreenhouse.com\/en\/thep-hoa-sen\/"]}]},{"@type":"BreadcrumbList","@id":"http:\/\/vpebgreenhouse.com\/en\/thep-hoa-sen\/#breadcrumb","itemListElement":[{"@type":"ListItem","position":1,"name":"Home","item":"http:\/\/vpebgreenhouse.com\/"},{"@type":"ListItem","position":2,"name":"Th\u00e9p Hoa Sen"}]},{"@type":"WebSite","@id":"http:\/\/vpebgreenhouse.com\/#website","url":"http:\/\/vpebgreenhouse.com\/","name":"NH\u00c0 M\u00c0NG, NH\u00c0 K\u00cdNH N\u00d4NG NGHI\u1ec6P C\u00d4NG NGH\u1ec6 CAO","description":"VPEB GREENHOUSE","potentialAction":[{"@type":"SearchAction","target":{"@type":"EntryPoint","urlTemplate":"http:\/\/vpebgreenhouse.com\/?s={search_term_string}"},"query-input":{"@type":"PropertyValueSpecification","valueRequired":true,"valueName":"search_term_string"}}],"inLanguage":"en-US"}]}},"_links":{"self":[{"href":"http:\/\/vpebgreenhouse.com\/en\/wp-json\/wp\/v2\/pages\/2457","targetHints":{"allow":["GET"]}}],"collection":[{"href":"http:\/\/vpebgreenhouse.com\/en\/wp-json\/wp\/v2\/pages"}],"about":[{"href":"http:\/\/vpebgreenhouse.com\/en\/wp-json\/wp\/v2\/types\/page"}],"author":[{"embeddable":true,"href":"http:\/\/vpebgreenhouse.com\/en\/wp-json\/wp\/v2\/users\/1"}],"replies":[{"embeddable":true,"href":"http:\/\/vpebgreenhouse.com\/en\/wp-json\/wp\/v2\/comments?post=2457"}],"version-history":[{"count":14,"href":"http:\/\/vpebgreenhouse.com\/en\/wp-json\/wp\/v2\/pages\/2457\/revisions"}],"predecessor-version":[{"id":2475,"href":"http:\/\/vpebgreenhouse.com\/en\/wp-json\/wp\/v2\/pages\/2457\/revisions\/2475"}],"wp:attachment":[{"href":"http:\/\/vpebgreenhouse.com\/en\/wp-json\/wp\/v2\/media?parent=2457"}],"curies":[{"name":"wp","href":"https:\/\/api.w.org\/{rel}","templated":true}]}}