{"id":2443,"date":"2017-09-26T14:51:54","date_gmt":"2017-09-26T14:51:54","guid":{"rendered":"http:\/\/vpebgreenhouse.com\/?page_id=2443"},"modified":"2020-06-10T10:21:38","modified_gmt":"2020-06-10T10:21:38","slug":"thiet-bi-dieu-khien-tuoi-tu-dong","status":"publish","type":"page","link":"http:\/\/vpebgreenhouse.com\/en\/thiet-bi-dieu-khien-tuoi-tu-dong\/","title":{"rendered":"Thi\u1ebft b\u1ecb \u0111i\u1ec1u khi\u1ec3n t\u01b0\u1edbi t\u1ef1 \u0111\u1ed9ng"},"content":{"rendered":"<p>[vc_row][vc_column width=&#8221;1\/2&#8243;]<div id=\"ultimate-heading-674069e2180173b30\" class=\"uvc-heading ult-adjust-bottom-margin ultimate-heading-674069e2180173b30 uvc-7343 \" data-hspacer=\"no_spacer\"  data-halign=\"left\" style=\"text-align:left\"><div class=\"uvc-heading-spacer no_spacer\" style=\"top\"><\/div><div class=\"uvc-main-heading ult-responsive\"  data-ultimate-target='.uvc-heading.ultimate-heading-674069e2180173b30 h2'  data-responsive-json-new='{\"font-size\":\"desktop:35px;\",\"line-height\":\"desktop:45px;\"}' ><h2 style=\"font-weight:normal;\">Thi\u1ebft b\u1ecb \u0111i\u1ec1u khi\u1ec3n t\u01b0\u1edbi t\u1ef1 \u0111\u1ed9ng<\/h2><\/div><\/div>[vc_column_text]<span style=\"font-weight: 400;\">Khi \u0111\u00e3 x\u00e2y d\u1ef1ng \u0111\u01b0\u1ee3c h\u1ec7 th\u1ed1ng t\u01b0\u1edbi ph\u00f9 h\u1ee3p cho nh\u00e0 k\u00ednh c\u1ee7a m\u00ecnh, ch\u1ee7 \u0111\u1ea7u t\u01b0 s\u1ebd d\u1ec5 d\u00e0ng v\u1eadn h\u00e0nh thi\u1ebft b\u1ecb t\u01b0\u1edbi m\u00e0 kh\u00f4ng c\u1ea7n ph\u1ea3i t\u1ef1 tay ra v\u01b0\u1eddn th\u00f4ng qua c\u00e1c<em><strong> thi\u1ebft b\u1ecb \u0111i\u1ec1u khi\u1ec3n t\u01b0\u1edbi th\u00f4ng minh<\/strong><\/em>. Nh\u00e0 k\u00ednh c\u1ee7a b\u1ea1n s\u1ebd \u0111\u01b0\u1ee3c \u0111\u1ea3m b\u1ea3o t\u01b0\u1edbi \u0111\u1ea7y \u0111\u1ee7 d\u00f9 b\u1ea1n \u1edf b\u1ea5t k\u00ec \u0111\u00e2u. Kh\u00f4ng nh\u1eefng th\u1ebf, <strong>thi\u1ebft b\u1ecb \u0111i\u1ec1u khi\u1ec3n t\u01b0\u1edbi t\u1ef1 \u0111\u1ed9ng<\/strong> gi\u00fap b\u1ea1n ph\u00e2n b\u1ed5 th\u1eddi gian t\u01b0\u1edbi, l\u01b0\u1ee3ng n\u01b0\u1edbc bao nhi\u00eau cho t\u1eebng lo\u1ea1i c\u00e2y tr\u1ed3ng kh\u00e1c nhau. <\/span>[\/vc_column_text]<div id=\"ultimate-heading-476269e2180173b67\" class=\"uvc-heading ult-adjust-bottom-margin ultimate-heading-476269e2180173b67 uvc-8127 \" data-hspacer=\"no_spacer\"  data-halign=\"left\" style=\"text-align:left\"><div class=\"uvc-heading-spacer no_spacer\" style=\"top\"><\/div><div class=\"uvc-main-heading ult-responsive\"  data-ultimate-target='.uvc-heading.ultimate-heading-476269e2180173b67 h3'  data-responsive-json-new='{\"font-size\":\"\",\"line-height\":\"\"}' ><h3 style=\"font-weight:normal;\">Vi\u1ec7c \u0111i\u1ec1u khi\u1ec3n h\u1ec7 th\u1ed1ng t\u01b0\u1edbi t\u1ef1 \u0111\u1ed9ng mang l\u1ea1i r\u1ea5t nhi\u1ec1u l\u1ee3i \u00edch cho ch\u1ee7 \u0111\u1ea7u t\u01b0 nh\u01b0:<\/h3><\/div><\/div><div class=\"standard-arrow list-divider bullet-top\"><ul>\n<li style=\"font-weight: 400;\"><span style=\"font-weight: 400;\">Ti\u1ebft ki\u1ec7m n\u01b0\u1edbc t\u01b0\u1edbi t\u1ed1i \u0111a nh\u1edd t\u00ednh to\u00e1n l\u01b0\u1ee3ng n\u01b0\u1edbc c\u1ea7n cho s\u1ef1 ph\u00e1t tri\u1ec3n c\u1ee7a c\u00e2y.<\/span><\/li>\n<li style=\"font-weight: 400;\"><span style=\"font-weight: 400;\">T\u0103ng gi\u00e1 tr\u1ecb cho nh\u00e0 k\u00ednh c\u1ee7a ch\u1ee7 \u0111\u1ea7u t\u01b0, mang <em>n\u00f4ng nghi\u1ec7p c\u00f4ng ngh\u1ec7 cao<\/em> \u0111\u1ebfn g\u1ea7n h\u01a1n v\u1edbi m\u1ecdi ng\u01b0\u1eddi.<\/span><\/li>\n<li style=\"font-weight: 400;\"><span style=\"font-weight: 400;\">Ti\u1ebft ki\u1ec7m th\u1eddi gian v\u00e0 c\u00f4ng s\u1ee9c. <strong>H\u1ec7 th\u1ed1ng \u0111i\u1ec1u khi\u1ec3n t\u01b0\u1edbi t\u1ef1 \u0111\u1ed9ng<\/strong> s\u1ebd thay b\u1ea1n ch\u0103m s\u00f3c cho nh\u00e0 k\u00ednh, \u0111\u1ec3 b\u1ea1n c\u00f3 nhi\u1ec1u th\u1eddi gian cho vi\u1ec7c kh\u00e1c.<\/span><\/li>\n<li style=\"font-weight: 400;\"><span style=\"font-weight: 400;\">Ti\u1ebft ki\u1ec7m chi ph\u00ed nh\u00e2n c\u00f4ng cho vi\u1ec7c \u0111i\u1ec1u khi\u1ec3n v\u00e0 t\u01b0\u1edbi b\u1eb1ng ph\u01b0\u01a1ng ph\u00e1p th\u1ee7 c\u00f4ng.<\/span><\/li>\n<li style=\"font-weight: 400;\"><span style=\"font-weight: 400;\">H\u1ec7 th\u1ed1ng \u0111i\u1ec1u khi\u1ec3n t\u01b0\u1edbi \u0111\u01b0\u1ee3c \u0111\u1ea7u t\u01b0 c\u00f3 tu\u1ed5i th\u1ecd l\u00e2u d\u00e0i.<\/span><\/li>\n<\/ul>\n<\/div>[\/vc_column][vc_column width=&#8221;1\/2&#8243;][vc_single_image image=&#8221;2444&#8243; img_size=&#8221;full&#8221; add_caption=&#8221;yes&#8221; alignment=&#8221;center&#8221; css_animation=&#8221;rotateInDownRight&#8221;][\/vc_column][\/vc_row][vc_row][vc_column][vc_separator][\/vc_column][\/vc_row][vc_row][vc_column width=&#8221;1\/4&#8243;]<div id=\"ultimate-heading-666969e2180173c42\" class=\"uvc-heading ult-adjust-bottom-margin ultimate-heading-666969e2180173c42 uvc-2378 \" data-hspacer=\"no_spacer\"  data-halign=\"left\" style=\"text-align:left\"><div class=\"uvc-heading-spacer no_spacer\" style=\"top\"><\/div><div class=\"uvc-main-heading ult-responsive\"  data-ultimate-target='.uvc-heading.ultimate-heading-666969e2180173c42 h2'  data-responsive-json-new='{\"font-size\":\"desktop:35px;\",\"line-height\":\"desktop:45px;\"}' ><h2 style=\"font-weight:normal;\">C\u00e1c thi\u1ebft b\u1ecb \u0111i\u1ec1u khi\u1ec3n t\u01b0\u1edbi t\u1ef1 \u0111\u1ed9ng ph\u1ed5 bi\u1ebfn hi\u1ec7n nay:<\/h2><\/div><\/div>[\/vc_column][vc_column width=&#8221;1\/4&#8243;]\n<div id=\"interactive-banner-1-wrap-5813\" class=\"ult-banner-block ult-adjust-bottom-margin ult-bb-none  banner-style13 \"   style=\"\">\n\t<img decoding=\"async\" src=\"http:\/\/vpebgreenhouse.com\/wp-content\/uploads\/2017\/09\/Bo-dieu-khien-tuoi-Netafim-AquaPro.jpg\" alt=\"B\u1ed9 \u0111i\u1ec1u khi\u1ec3n t\u01b0\u1edbi AquaPro c\u1ee7a Netafim\">\n\t<h3  data-ultimate-target='#interactive-banner-1-wrap-5813 .bb-top-title '  data-responsive-json-new='{\"font-size\":\"\",\"line-height\":\"\"}'  class=\"title-center bb-top-title ult-responsive\" style=\"font-weight:normal;background:#1e73be;color:#ffffff;\">B\u1ed9 \u0111i\u1ec1u khi\u1ec3n t\u01b0\u1edbi AquaPro c\u1ee7a Netafim<\/h3>\n\t<div class=\"mask opaque-background\" style=\"background:rgba(0,0,0,0.5);\">\n\t\t<div  data-ultimate-target='#interactive-banner-1-wrap-5813 .bb-description'  data-responsive-json-new='{\"font-size\":\"\",\"line-height\":\"\"}'  class=\"bb-description ult-responsive\" style=\"font-weight:normal;color:#ffffff;\">B\u1ed9 \u0111i\u1ec1u khi\u1ec3n t\u01b0\u1edbi AquaPro c\u1ee7a Netafim<\/div>\n\t<\/div>\n<\/div>[\/vc_column][vc_column width=&#8221;1\/4&#8243;]\n<div id=\"interactive-banner-1-wrap-2125\" class=\"ult-banner-block ult-adjust-bottom-margin ult-bb-none  banner-style13 \"   style=\"\">\n\t<img decoding=\"async\" src=\"http:\/\/vpebgreenhouse.com\/wp-content\/uploads\/2017\/09\/Bo-dieu-khien-tuoi-Netafim-NMC-Junior-Pro.jpg\" alt=\"B\u1ed9 \u0111i\u1ec1u khi\u1ec3n t\u01b0\u1edbi NMC Junior c\u1ee7a Netafim\">\n\t<h3  data-ultimate-target='#interactive-banner-1-wrap-2125 .bb-top-title '  data-responsive-json-new='{\"font-size\":\"\",\"line-height\":\"\"}'  class=\"title-center bb-top-title ult-responsive\" style=\"font-weight:normal;background:#1e73be;color:#ffffff;\">B\u1ed9 \u0111i\u1ec1u khi\u1ec3n t\u01b0\u1edbi NMC Junior c\u1ee7a Netafim<\/h3>\n\t<div class=\"mask opaque-background\" style=\"background:rgba(0,0,0,0.5);\">\n\t\t<div  data-ultimate-target='#interactive-banner-1-wrap-2125 .bb-description'  data-responsive-json-new='{\"font-size\":\"\",\"line-height\":\"\"}'  class=\"bb-description ult-responsive\" style=\"font-weight:normal;color:#ffffff;\">B\u1ed9 \u0111i\u1ec1u khi\u1ec3n t\u01b0\u1edbi NMC Junior c\u1ee7a Netafim<\/div>\n\t<\/div>\n<\/div>[\/vc_column][vc_column width=&#8221;1\/4&#8243;]\n<div id=\"interactive-banner-1-wrap-8069\" class=\"ult-banner-block ult-adjust-bottom-margin ult-bb-none  banner-style13 \"   style=\"\">\n\t<img decoding=\"async\" src=\"http:\/\/vpebgreenhouse.com\/wp-content\/uploads\/2017\/09\/Bo-dieu-khien-tuoi-Netafim-NMC-Pro.jpg\" alt=\"B\u1ed9 \u0111i\u1ec1u khi\u1ec3n t\u01b0\u1edbi NMC Pro c\u1ee7a Netafim\">\n\t<h3  data-ultimate-target='#interactive-banner-1-wrap-8069 .bb-top-title '  data-responsive-json-new='{\"font-size\":\"\",\"line-height\":\"\"}'  class=\"title-center bb-top-title ult-responsive\" style=\"font-weight:normal;background:#1e73be;color:#ffffff;\">B\u1ed9 \u0111i\u1ec1u khi\u1ec3n t\u01b0\u1edbi NMC Pro c\u1ee7a Netafim<\/h3>\n\t<div class=\"mask opaque-background\" style=\"background:rgba(0,0,0,0.5);\">\n\t\t<div  data-ultimate-target='#interactive-banner-1-wrap-8069 .bb-description'  data-responsive-json-new='{\"font-size\":\"\",\"line-height\":\"\"}'  class=\"bb-description ult-responsive\" style=\"font-weight:normal;color:#ffffff;\">B\u1ed9 \u0111i\u1ec1u khi\u1ec3n t\u01b0\u1edbi NMC Pro c\u1ee7a Netafim<\/div>\n\t<\/div>\n<\/div>[\/vc_column][\/vc_row][vc_row][vc_column][vc_separator][\/vc_column][\/vc_row][vc_row bg_type=&#8221;image&#8221; parallax_style=&#8221;vcpb-default&#8221; bg_image_new=&#8221;id^2231|url^http:\/\/vpebgreenhouse.com\/wp-content\/uploads\/2016\/01\/banner-nha-kinh-vpeb-greenhouse.jpg|caption^null|alt^null|title^banner-nha-kinh-vpeb-greenhouse|description^null&#8221; bg_override=&#8221;full&#8221; css=&#8221;.vc_custom_1505479442342{padding-top: 50px !important;padding-bottom: 50px !important;}&#8221;][vc_column]<div id=\"ultimate-heading-371669e2180173e4a\" class=\"uvc-heading ult-adjust-bottom-margin ultimate-heading-371669e2180173e4a uvc-3161 \" data-hspacer=\"no_spacer\"  data-halign=\"center\" style=\"text-align:center\"><div class=\"uvc-heading-spacer no_spacer\" style=\"top\"><\/div><div class=\"uvc-main-heading ult-responsive\"  data-ultimate-target='.uvc-heading.ultimate-heading-371669e2180173e4a h2'  data-responsive-json-new='{\"font-size\":\"desktop:30px;tablet_portrait:30px;\",\"line-height\":\"desktop:35px;tablet_portrait:26px;\"}' ><h2 style=\"font-family:&#039;Open Sans Condensed&#039;;font-weight:700;color:#ffffff;margin-bottom:10px;\">Li\u00ean h\u1ec7 VPEB GREENHOUSE!<\/h2><\/div><div class=\"uvc-sub-heading ult-responsive\"  data-ultimate-target='.uvc-heading.ultimate-heading-371669e2180173e4a .uvc-sub-heading '  data-responsive-json-new='{\"font-size\":\"desktop:40px;tablet_portrait:40px;\",\"line-height\":\"desktop:50px;tablet_portrait:46px;\"}'  style=\"font-family:&#039;Open Sans Condensed&#039;;font-weight:700;color:#ffffff;\">Hotline: 0934108899<\/div><\/div><div id=\"ultimate-heading-409769e2180173ebe\" class=\"uvc-heading ult-adjust-bottom-margin ultimate-heading-409769e2180173ebe uvc-7487 \" data-hspacer=\"no_spacer\"  data-halign=\"center\" style=\"text-align:center\"><div class=\"uvc-heading-spacer no_spacer\" style=\"top\"><\/div><div class=\"uvc-sub-heading ult-responsive\"  data-ultimate-target='.uvc-heading.ultimate-heading-409769e2180173ebe .uvc-sub-heading '  data-responsive-json-new='{\"font-size\":\"desktop:25px;tablet_portrait:20px;\",\"line-height\":\"desktop:30px;tablet_portrait:30px;\"}'  style=\"font-family:&#039;Open Sans Condensed&#039;;font-weight:700;color:#ffffff;margin-top:10px;\">Tr\u1ee5 s\u1edf ch\u00ednh HCM: S\u1ed1 4 \u0110\u01b0\u1eddng D5, Khu Nam Long, Qu\u1eadn 9, H\u1ed3 Ch\u00ed Minh<\/p>\n<p>VP \u0110\u00e0 L\u1ea1t: 322, Hai B\u00e0 Tr\u01b0ng, Ph\u01b0\u1eddng 6, TP. \u0110\u00e0 L\u1ea1t<\/div><\/div><div class=\"btn-align-center\"><a href=\"\/contact\" class=\"default-btn-shortcode dt-btn dt-btn-l  vc_custom_1502551972733\" id=\"default-btn-2\" style=\"width:400px;\"><span>G\u1eedi y\u00eau c\u1ea7u h\u1ed7 tr\u1ee3<\/span><\/a><\/div>[\/vc_column][\/vc_row]<\/p>","protected":false},"excerpt":{"rendered":"<p>[vc_row][vc_column width=&#8221;1\/2&#8243;][vc_column_text]Khi \u0111\u00e3 x\u00e2y d\u1ef1ng \u0111\u01b0\u1ee3c h\u1ec7 th\u1ed1ng t\u01b0\u1edbi ph\u00f9 h\u1ee3p cho nh\u00e0 k\u00ednh c\u1ee7a m\u00ecnh, ch\u1ee7 \u0111\u1ea7u t\u01b0 s\u1ebd d\u1ec5 d\u00e0ng v\u1eadn h\u00e0nh thi\u1ebft b\u1ecb t\u01b0\u1edbi m\u00e0 kh\u00f4ng c\u1ea7n ph\u1ea3i t\u1ef1 tay ra v\u01b0\u1eddn th\u00f4ng qua c\u00e1c thi\u1ebft b\u1ecb \u0111i\u1ec1u khi\u1ec3n t\u01b0\u1edbi th\u00f4ng minh. Nh\u00e0 k\u00ednh c\u1ee7a b\u1ea1n s\u1ebd \u0111\u01b0\u1ee3c \u0111\u1ea3m b\u1ea3o t\u01b0\u1edbi \u0111\u1ea7y&hellip;<\/p>\n","protected":false},"author":1,"featured_media":0,"parent":0,"menu_order":0,"comment_status":"closed","ping_status":"closed","template":"","meta":[],"class_list":["post-2443","page","type-page","status-publish","hentry","description-off"],"yoast_head":"<!-- This site is optimized with the Yoast SEO plugin v23.8 - https:\/\/yoast.com\/wordpress\/plugins\/seo\/ -->\n<title>Thi\u1ebft b\u1ecb \u0111i\u1ec1u khi\u1ec3n t\u01b0\u1edbi t\u1ef1 \u0111\u1ed9ng - NH\u00c0 M\u00c0NG, NH\u00c0 K\u00cdNH N\u00d4NG NGHI\u1ec6P C\u00d4NG NGH\u1ec6 CAO<\/title>\n<meta name=\"robots\" content=\"index, follow, max-snippet:-1, max-image-preview:large, max-video-preview:-1\" \/>\n<link rel=\"canonical\" href=\"http:\/\/vpebgreenhouse.com\/thiet-bi-dieu-khien-tuoi-tu-dong\/\" \/>\n<meta property=\"og:locale\" content=\"en_US\" \/>\n<meta property=\"og:type\" content=\"article\" \/>\n<meta property=\"og:title\" content=\"Thi\u1ebft b\u1ecb \u0111i\u1ec1u khi\u1ec3n t\u01b0\u1edbi t\u1ef1 \u0111\u1ed9ng - NH\u00c0 M\u00c0NG, NH\u00c0 K\u00cdNH N\u00d4NG NGHI\u1ec6P C\u00d4NG NGH\u1ec6 CAO\" \/>\n<meta property=\"og:description\" content=\"[vc_row][vc_column width=&#8221;1\/2&#8243;][vc_column_text]Khi \u0111\u00e3 x\u00e2y d\u1ef1ng \u0111\u01b0\u1ee3c h\u1ec7 th\u1ed1ng t\u01b0\u1edbi ph\u00f9 h\u1ee3p cho nh\u00e0 k\u00ednh c\u1ee7a m\u00ecnh, ch\u1ee7 \u0111\u1ea7u t\u01b0 s\u1ebd d\u1ec5 d\u00e0ng v\u1eadn h\u00e0nh thi\u1ebft b\u1ecb t\u01b0\u1edbi m\u00e0 kh\u00f4ng c\u1ea7n ph\u1ea3i t\u1ef1 tay ra v\u01b0\u1eddn th\u00f4ng qua c\u00e1c thi\u1ebft b\u1ecb \u0111i\u1ec1u khi\u1ec3n t\u01b0\u1edbi th\u00f4ng minh. Nh\u00e0 k\u00ednh c\u1ee7a b\u1ea1n s\u1ebd \u0111\u01b0\u1ee3c \u0111\u1ea3m b\u1ea3o t\u01b0\u1edbi \u0111\u1ea7y&hellip;\" \/>\n<meta property=\"og:url\" content=\"http:\/\/vpebgreenhouse.com\/thiet-bi-dieu-khien-tuoi-tu-dong\/\" \/>\n<meta property=\"og:site_name\" content=\"NH\u00c0 M\u00c0NG, NH\u00c0 K\u00cdNH N\u00d4NG NGHI\u1ec6P C\u00d4NG NGH\u1ec6 CAO\" \/>\n<meta property=\"article:modified_time\" content=\"2020-06-10T10:21:38+00:00\" \/>\n<meta name=\"twitter:card\" content=\"summary_large_image\" \/>\n<meta name=\"twitter:label1\" content=\"Est. reading time\" \/>\n\t<meta name=\"twitter:data1\" content=\"11 minutes\" \/>\n<script type=\"application\/ld+json\" class=\"yoast-schema-graph\">{\"@context\":\"https:\/\/schema.org\",\"@graph\":[{\"@type\":\"WebPage\",\"@id\":\"http:\/\/vpebgreenhouse.com\/thiet-bi-dieu-khien-tuoi-tu-dong\/\",\"url\":\"http:\/\/vpebgreenhouse.com\/thiet-bi-dieu-khien-tuoi-tu-dong\/\",\"name\":\"Thi\u1ebft b\u1ecb \u0111i\u1ec1u khi\u1ec3n t\u01b0\u1edbi t\u1ef1 \u0111\u1ed9ng - NH\u00c0 M\u00c0NG, NH\u00c0 K\u00cdNH N\u00d4NG NGHI\u1ec6P C\u00d4NG NGH\u1ec6 CAO\",\"isPartOf\":{\"@id\":\"http:\/\/vpebgreenhouse.com\/#website\"},\"datePublished\":\"2017-09-26T14:51:54+00:00\",\"dateModified\":\"2020-06-10T10:21:38+00:00\",\"breadcrumb\":{\"@id\":\"http:\/\/vpebgreenhouse.com\/thiet-bi-dieu-khien-tuoi-tu-dong\/#breadcrumb\"},\"inLanguage\":\"en-US\",\"potentialAction\":[{\"@type\":\"ReadAction\",\"target\":[\"http:\/\/vpebgreenhouse.com\/thiet-bi-dieu-khien-tuoi-tu-dong\/\"]}]},{\"@type\":\"BreadcrumbList\",\"@id\":\"http:\/\/vpebgreenhouse.com\/thiet-bi-dieu-khien-tuoi-tu-dong\/#breadcrumb\",\"itemListElement\":[{\"@type\":\"ListItem\",\"position\":1,\"name\":\"Home\",\"item\":\"http:\/\/vpebgreenhouse.com\/\"},{\"@type\":\"ListItem\",\"position\":2,\"name\":\"Thi\u1ebft b\u1ecb \u0111i\u1ec1u khi\u1ec3n t\u01b0\u1edbi t\u1ef1 \u0111\u1ed9ng\"}]},{\"@type\":\"WebSite\",\"@id\":\"http:\/\/vpebgreenhouse.com\/#website\",\"url\":\"http:\/\/vpebgreenhouse.com\/\",\"name\":\"NH\u00c0 M\u00c0NG, NH\u00c0 K\u00cdNH N\u00d4NG NGHI\u1ec6P C\u00d4NG NGH\u1ec6 CAO\",\"description\":\"VPEB GREENHOUSE\",\"potentialAction\":[{\"@type\":\"SearchAction\",\"target\":{\"@type\":\"EntryPoint\",\"urlTemplate\":\"http:\/\/vpebgreenhouse.com\/?s={search_term_string}\"},\"query-input\":{\"@type\":\"PropertyValueSpecification\",\"valueRequired\":true,\"valueName\":\"search_term_string\"}}],\"inLanguage\":\"en-US\"}]}<\/script>\n<!-- \/ Yoast SEO plugin. -->","yoast_head_json":{"title":"Thi\u1ebft b\u1ecb \u0111i\u1ec1u khi\u1ec3n t\u01b0\u1edbi t\u1ef1 \u0111\u1ed9ng - NH\u00c0 M\u00c0NG, NH\u00c0 K\u00cdNH N\u00d4NG NGHI\u1ec6P C\u00d4NG NGH\u1ec6 CAO","robots":{"index":"index","follow":"follow","max-snippet":"max-snippet:-1","max-image-preview":"max-image-preview:large","max-video-preview":"max-video-preview:-1"},"canonical":"http:\/\/vpebgreenhouse.com\/thiet-bi-dieu-khien-tuoi-tu-dong\/","og_locale":"en_US","og_type":"article","og_title":"Thi\u1ebft b\u1ecb \u0111i\u1ec1u khi\u1ec3n t\u01b0\u1edbi t\u1ef1 \u0111\u1ed9ng - NH\u00c0 M\u00c0NG, NH\u00c0 K\u00cdNH N\u00d4NG NGHI\u1ec6P C\u00d4NG NGH\u1ec6 CAO","og_description":"[vc_row][vc_column width=&#8221;1\/2&#8243;][vc_column_text]Khi \u0111\u00e3 x\u00e2y d\u1ef1ng \u0111\u01b0\u1ee3c h\u1ec7 th\u1ed1ng t\u01b0\u1edbi ph\u00f9 h\u1ee3p cho nh\u00e0 k\u00ednh c\u1ee7a m\u00ecnh, ch\u1ee7 \u0111\u1ea7u t\u01b0 s\u1ebd d\u1ec5 d\u00e0ng v\u1eadn h\u00e0nh thi\u1ebft b\u1ecb t\u01b0\u1edbi m\u00e0 kh\u00f4ng c\u1ea7n ph\u1ea3i t\u1ef1 tay ra v\u01b0\u1eddn th\u00f4ng qua c\u00e1c thi\u1ebft b\u1ecb \u0111i\u1ec1u khi\u1ec3n t\u01b0\u1edbi th\u00f4ng minh. Nh\u00e0 k\u00ednh c\u1ee7a b\u1ea1n s\u1ebd \u0111\u01b0\u1ee3c \u0111\u1ea3m b\u1ea3o t\u01b0\u1edbi \u0111\u1ea7y&hellip;","og_url":"http:\/\/vpebgreenhouse.com\/thiet-bi-dieu-khien-tuoi-tu-dong\/","og_site_name":"NH\u00c0 M\u00c0NG, NH\u00c0 K\u00cdNH N\u00d4NG NGHI\u1ec6P C\u00d4NG NGH\u1ec6 CAO","article_modified_time":"2020-06-10T10:21:38+00:00","twitter_card":"summary_large_image","twitter_misc":{"Est. reading time":"11 minutes"},"schema":{"@context":"https:\/\/schema.org","@graph":[{"@type":"WebPage","@id":"http:\/\/vpebgreenhouse.com\/thiet-bi-dieu-khien-tuoi-tu-dong\/","url":"http:\/\/vpebgreenhouse.com\/thiet-bi-dieu-khien-tuoi-tu-dong\/","name":"Thi\u1ebft b\u1ecb \u0111i\u1ec1u khi\u1ec3n t\u01b0\u1edbi t\u1ef1 \u0111\u1ed9ng - NH\u00c0 M\u00c0NG, NH\u00c0 K\u00cdNH N\u00d4NG NGHI\u1ec6P C\u00d4NG NGH\u1ec6 CAO","isPartOf":{"@id":"http:\/\/vpebgreenhouse.com\/#website"},"datePublished":"2017-09-26T14:51:54+00:00","dateModified":"2020-06-10T10:21:38+00:00","breadcrumb":{"@id":"http:\/\/vpebgreenhouse.com\/thiet-bi-dieu-khien-tuoi-tu-dong\/#breadcrumb"},"inLanguage":"en-US","potentialAction":[{"@type":"ReadAction","target":["http:\/\/vpebgreenhouse.com\/thiet-bi-dieu-khien-tuoi-tu-dong\/"]}]},{"@type":"BreadcrumbList","@id":"http:\/\/vpebgreenhouse.com\/thiet-bi-dieu-khien-tuoi-tu-dong\/#breadcrumb","itemListElement":[{"@type":"ListItem","position":1,"name":"Home","item":"http:\/\/vpebgreenhouse.com\/"},{"@type":"ListItem","position":2,"name":"Thi\u1ebft b\u1ecb \u0111i\u1ec1u khi\u1ec3n t\u01b0\u1edbi t\u1ef1 \u0111\u1ed9ng"}]},{"@type":"WebSite","@id":"http:\/\/vpebgreenhouse.com\/#website","url":"http:\/\/vpebgreenhouse.com\/","name":"NH\u00c0 M\u00c0NG, NH\u00c0 K\u00cdNH N\u00d4NG NGHI\u1ec6P C\u00d4NG NGH\u1ec6 CAO","description":"VPEB GREENHOUSE","potentialAction":[{"@type":"SearchAction","target":{"@type":"EntryPoint","urlTemplate":"http:\/\/vpebgreenhouse.com\/?s={search_term_string}"},"query-input":{"@type":"PropertyValueSpecification","valueRequired":true,"valueName":"search_term_string"}}],"inLanguage":"en-US"}]}},"_links":{"self":[{"href":"http:\/\/vpebgreenhouse.com\/en\/wp-json\/wp\/v2\/pages\/2443","targetHints":{"allow":["GET"]}}],"collection":[{"href":"http:\/\/vpebgreenhouse.com\/en\/wp-json\/wp\/v2\/pages"}],"about":[{"href":"http:\/\/vpebgreenhouse.com\/en\/wp-json\/wp\/v2\/types\/page"}],"author":[{"embeddable":true,"href":"http:\/\/vpebgreenhouse.com\/en\/wp-json\/wp\/v2\/users\/1"}],"replies":[{"embeddable":true,"href":"http:\/\/vpebgreenhouse.com\/en\/wp-json\/wp\/v2\/comments?post=2443"}],"version-history":[{"count":11,"href":"http:\/\/vpebgreenhouse.com\/en\/wp-json\/wp\/v2\/pages\/2443\/revisions"}],"predecessor-version":[{"id":2452,"href":"http:\/\/vpebgreenhouse.com\/en\/wp-json\/wp\/v2\/pages\/2443\/revisions\/2452"}],"wp:attachment":[{"href":"http:\/\/vpebgreenhouse.com\/en\/wp-json\/wp\/v2\/media?parent=2443"}],"curies":[{"name":"wp","href":"https:\/\/api.w.org\/{rel}","templated":true}]}}