{"id":2424,"date":"2017-09-25T14:36:19","date_gmt":"2017-09-25T14:36:19","guid":{"rendered":"http:\/\/vpebgreenhouse.com\/?page_id=2424"},"modified":"2020-06-10T10:21:02","modified_gmt":"2020-06-10T10:21:02","slug":"thiet-bi-loc-nuoc-trong-nha-kinh","status":"publish","type":"page","link":"http:\/\/vpebgreenhouse.com\/en\/thiet-bi-loc-nuoc-trong-nha-kinh\/","title":{"rendered":"Water filter"},"content":{"rendered":"<p>[vc_row][vc_column]<div id=\"ultimate-heading-389669e359f08b5a3\" class=\"uvc-heading ult-adjust-bottom-margin ultimate-heading-389669e359f08b5a3 uvc-5317 \" data-hspacer=\"no_spacer\"  data-halign=\"left\" style=\"text-align:left\"><div class=\"uvc-heading-spacer no_spacer\" style=\"top\"><\/div><div class=\"uvc-main-heading ult-responsive\"  data-ultimate-target='.uvc-heading.ultimate-heading-389669e359f08b5a3 h2'  data-responsive-json-new='{\"font-size\":\"desktop:30px;\",\"line-height\":\"desktop:45px;\"}' ><h2 style=\"font-weight:normal;\">Water filter<\/h2><\/div><\/div>[vc_column_text]Water purification equipment is an indispensable element of an automatic irrigation system, especially in drip irrigation and sprinkler systems. A well irrigation system is based on a water filter, the filter is designed to ensure that the water flows into the clean irrigation valves, without residue to block the irrigation pipe. In addition, the filter helps to extend life and cut down the maintenance costs for the entire irrigation system. For drip irrigation systems, the filter is really important, It has the role of preventing droplets from being blocked by sand, algae, etc.[\/vc_column_text][\/vc_column][\/vc_row][vc_row][vc_column]<div id=\"ultimate-heading-452769e359f08b5e2\" class=\"uvc-heading ult-adjust-bottom-margin ultimate-heading-452769e359f08b5e2 uvc-6756 \" data-hspacer=\"no_spacer\"  data-halign=\"center\" style=\"text-align:center\"><div class=\"uvc-heading-spacer no_spacer\" style=\"top\"><\/div><div class=\"uvc-main-heading ult-responsive\"  data-ultimate-target='.uvc-heading.ultimate-heading-452769e359f08b5e2 h2'  data-responsive-json-new='{\"font-size\":\"\",\"line-height\":\"\"}' ><h2 style=\"font-weight:normal;\">Manual Disc filter<\/h2><\/div><\/div>[vc_row_inner][vc_column_inner width=&#8221;1\/2&#8243;]<div id=\"ultimate-heading-642769e359f08b609\" class=\"uvc-heading ult-adjust-bottom-margin ultimate-heading-642769e359f08b609 uvc-9205 \" data-hspacer=\"no_spacer\"  data-halign=\"left\" style=\"text-align:left\"><div class=\"uvc-heading-spacer no_spacer\" style=\"top\"><\/div><div class=\"uvc-main-heading ult-responsive\"  data-ultimate-target='.uvc-heading.ultimate-heading-642769e359f08b609 h3'  data-responsive-json-new='{\"font-size\":\"\",\"line-height\":\"\"}' ><h3 style=\"font-weight:normal;\">Product Features<\/h3><\/div><\/div><div class=\"standard-arrow list-divider bullet-top\"><ul>\n<li>Deep filtration area,<\/li>\n<li>Increases the efficiency of filtering.<\/li>\n<li>Differential pressure at the compressed region.<\/li>\n<li>Manual filter cleaning is designed flexibly.<\/li>\n<li>Filter and retain a significant amount of solids.<\/li>\n<li>Completely anti-corrosive.<\/li>\n<li>Variety of filter holes: 40-140 mesh.<\/li>\n<\/ul>\n<\/div>[\/vc_column_inner][vc_column_inner width=&#8221;1\/2&#8243;][vc_single_image image=&#8221;2426&#8243; img_size=&#8221;full&#8221; add_caption=&#8221;yes&#8221; alignment=&#8221;center&#8221; css_animation=&#8221;rotateInDownLeft&#8221;][\/vc_column_inner][\/vc_row_inner][vc_row_inner][vc_column_inner width=&#8221;1\/2&#8243;]<div id=\"ultimate-heading-779669e359f08b68b\" class=\"uvc-heading ult-adjust-bottom-margin ultimate-heading-779669e359f08b68b uvc-5627 \" data-hspacer=\"no_spacer\"  data-halign=\"left\" style=\"text-align:left\"><div class=\"uvc-heading-spacer no_spacer\" style=\"top\"><\/div><div class=\"uvc-main-heading ult-responsive\"  data-ultimate-target='.uvc-heading.ultimate-heading-779669e359f08b68b h3'  data-responsive-json-new='{\"font-size\":\"\",\"line-height\":\"\"}' ><h3 style=\"font-weight:normal;\">Characteristic<\/h3><\/div><\/div>[vc_single_image image=&#8221;2436&#8243; img_size=&#8221;full&#8221; css_animation=&#8221;rotateInDownRight&#8221;][\/vc_column_inner][vc_column_inner width=&#8221;1\/2&#8243;][vc_single_image image=&#8221;2429&#8243; img_size=&#8221;full&#8221; add_caption=&#8221;yes&#8221; alignment=&#8221;center&#8221; css_animation=&#8221;rotateInDownLeft&#8221;][\/vc_column_inner][\/vc_row_inner][\/vc_column][\/vc_row][vc_row css=&#8221;.vc_custom_1506432903932{background-color: #f5f5f5 !important;}&#8221;][vc_column]<div id=\"ultimate-heading-781569e359f08b6a7\" class=\"uvc-heading ult-adjust-bottom-margin ultimate-heading-781569e359f08b6a7 uvc-901 \" data-hspacer=\"no_spacer\"  data-halign=\"center\" style=\"text-align:center\"><div class=\"uvc-heading-spacer no_spacer\" style=\"top\"><\/div><div class=\"uvc-main-heading ult-responsive\"  data-ultimate-target='.uvc-heading.ultimate-heading-781569e359f08b6a7 h2'  data-responsive-json-new='{\"font-size\":\"\",\"line-height\":\"\"}' ><h2 style=\"font-weight:normal;margin-bottom:20px;\">Automatic membrane filter<\/h2><\/div><\/div>[vc_row_inner][vc_column_inner width=&#8221;1\/2&#8243;][vc_column_text]FEATURES AND BENEFITS<\/p>\n<ul>\n<li>Automatic power filter for cleaning combination of innovative filter media or scanning technology.<\/li>\n<li>Reverse water discharge technology, ensure 100% screen cleaning after 1 cleaning procedure.<\/li>\n<li>Active power allows all pressure in the pipe to be used for cleaning.<\/li>\n<li>Minimize waste water during filtration: less than 1%.<\/li>\n<li>Uninterrupted flow during filter discharge.<\/li>\n<\/ul>\n<p>SPECIFICATION<\/p>\n<ul>\n<li>Minimum Operating Pressure: 2.0 bar.<\/li>\n<li>Maximum operating pressure: 10 bar.<\/li>\n<li>Filter pressure loss: less than 0.1 bar.<\/li>\n<li>Maximum water temperature when filtering: 600C.<\/li>\n<li>Filter Size: 80010 micron.<\/li>\n<li>Operating voltage: 12 \/ 24V DC, 110\/220 single phase; 220480 3 phases.<\/li>\n<li>Control voltage: 12 \/ 24V DC, 24\/110 \/ 220V AC.<\/li>\n<li>Filter material: plastic or stainless steel.<\/li>\n<li>Water flow through the filter: 44000 m 3 \/ h \/ 1 filter.<\/li>\n<\/ul>\n<p>[\/vc_column_text][\/vc_column_inner][vc_column_inner width=&#8221;1\/2&#8243;][vc_single_image image=&#8221;2438&#8243; img_size=&#8221;full&#8221; add_caption=&#8221;yes&#8221; alignment=&#8221;center&#8221; css_animation=&#8221;rotateInDownRight&#8221;][\/vc_column_inner][\/vc_row_inner][\/vc_column][\/vc_row][vc_row][vc_column]<div id=\"ultimate-heading-670969e359f08b6c0\" class=\"uvc-heading ult-adjust-bottom-margin ultimate-heading-670969e359f08b6c0 uvc-3648 \" data-hspacer=\"no_spacer\"  data-halign=\"center\" style=\"text-align:center\"><div class=\"uvc-heading-spacer no_spacer\" style=\"top\"><\/div><div class=\"uvc-main-heading ult-responsive\"  data-ultimate-target='.uvc-heading.ultimate-heading-670969e359f08b6c0 h2'  data-responsive-json-new='{\"font-size\":\"\",\"line-height\":\"\"}' ><h2 style=\"font-weight:normal;margin-bottom:20px;\">Semi-automatic membrane filter<\/h2><\/div><\/div>[vc_row_inner][vc_column_inner width=&#8221;1\/2&#8243;][vc_single_image image=&#8221;2439&#8243; img_size=&#8221;full&#8221; add_caption=&#8221;yes&#8221; alignment=&#8221;center&#8221; css_animation=&#8221;rotateInDownLeft&#8221;][\/vc_column_inner][vc_column_inner width=&#8221;1\/2&#8243;][vc_column_text]STEEL<\/p>\n<ul>\n<li>From 2 &#8220;to 14&#8221; for filter capacity from 30m3 \/ h to 1000m3 \/ h<\/li>\n<li>The filter can be replaced from 3500 to 50 micron.<\/li>\n<li>Excellent corrosion protection, good quality as steel coating.<\/li>\n<li>Possible semi-automatic washing.<\/li>\n<\/ul>\n<p>PLASTIC<\/p>\n<ul>\n<li>From 3\/4 &#8220;to 3&#8221; for filter capacity from 2.5m3 \/ h to 50m3 \/ h<\/li>\n<li>Easy maintenance: the filter element is easy to remove and clean.<\/li>\n<li>The filter can be replaced from 3500 to 50 micron.<\/li>\n<li>Possible semi-automatic washing.<\/li>\n<\/ul>\n<p>[\/vc_column_text][\/vc_column_inner][\/vc_row_inner][\/vc_column][\/vc_row][vc_row][vc_column][\/vc_column][\/vc_row][vc_row][vc_column][vc_separator][\/vc_column][\/vc_row][vc_row bg_type=&#8221;image&#8221; parallax_style=&#8221;vcpb-default&#8221; bg_image_new=&#8221;id^2231|url^http:\/\/vpebgreenhouse.com\/wp-content\/uploads\/2016\/01\/banner-nha-kinh-vpeb-greenhouse.jpg|caption^null|alt^null|title^banner-nha-kinh-vpeb-greenhouse|description^null&#8221; bg_override=&#8221;full&#8221; css=&#8221;.vc_custom_1505479442342{padding-top: 50px !important;padding-bottom: 50px !important;}&#8221;][vc_column]<div id=\"ultimate-heading-283969e359f08b6fd\" class=\"uvc-heading ult-adjust-bottom-margin ultimate-heading-283969e359f08b6fd uvc-3200 \" data-hspacer=\"no_spacer\"  data-halign=\"center\" style=\"text-align:center\"><div class=\"uvc-heading-spacer no_spacer\" style=\"top\"><\/div><div class=\"uvc-main-heading ult-responsive\"  data-ultimate-target='.uvc-heading.ultimate-heading-283969e359f08b6fd h2'  data-responsive-json-new='{\"font-size\":\"desktop:30px;tablet_portrait:30px;\",\"line-height\":\"desktop:35px;tablet_portrait:26px;\"}' ><h2 style=\"font-family:&#039;Open Sans Condensed&#039;;font-weight:700;color:#ffffff;margin-bottom:10px;\">VPEB GREENHOUSE CONTACT!<\/h2><\/div><div class=\"uvc-sub-heading ult-responsive\"  data-ultimate-target='.uvc-heading.ultimate-heading-283969e359f08b6fd .uvc-sub-heading '  data-responsive-json-new='{\"font-size\":\"desktop:40px;tablet_portrait:40px;\",\"line-height\":\"desktop:50px;tablet_portrait:46px;\"}'  style=\"font-family:&#039;Open Sans Condensed&#039;;font-weight:700;color:#ffffff;\">Hotline: 0934108899<\/div><\/div><div id=\"ultimate-heading-768069e359f08b752\" class=\"uvc-heading ult-adjust-bottom-margin ultimate-heading-768069e359f08b752 uvc-9503 \" data-hspacer=\"no_spacer\"  data-halign=\"center\" style=\"text-align:center\"><div class=\"uvc-heading-spacer no_spacer\" style=\"top\"><\/div><div class=\"uvc-sub-heading ult-responsive\"  data-ultimate-target='.uvc-heading.ultimate-heading-768069e359f08b752 .uvc-sub-heading '  data-responsive-json-new='{\"font-size\":\"desktop:25px;tablet_portrait:20px;\",\"line-height\":\"desktop:30px;tablet_portrait:30px;\"}'  style=\"font-family:&#039;Open Sans Condensed&#039;;font-weight:700;color:#ffffff;margin-top:10px;\">Head office in Ho Chi Minh: 4, D5 Street, Nam Long Area, Phuoc Long B Ward, District 9, HCMC<\/p>\n<p>Office in Da Lat: 322, Hai Ba Trung Street, Ward 6, Da Lat City, Lam Dong.<\/div><\/div><div class=\"btn-align-center\"><a href=\"\/contact\" class=\"default-btn-shortcode dt-btn dt-btn-l  vc_custom_1525759670653\" id=\"default-btn-2\" style=\"width:400px;\"><span>Send request<\/span><\/a><\/div>[\/vc_column][\/vc_row]<\/p>","protected":false},"excerpt":{"rendered":"<p>[vc_row][vc_column][vc_column_text]Water purification equipment is an indispensable element of an automatic irrigation system, especially in drip irrigation and sprinkler systems. A well irrigation system is based on a water filter, the filter is designed to ensure that the water flows into the clean irrigation valves, without residue to block the irrigation pipe. In addition, the filter&hellip;<\/p>\n","protected":false},"author":1,"featured_media":0,"parent":0,"menu_order":0,"comment_status":"closed","ping_status":"closed","template":"","meta":[],"class_list":["post-2424","page","type-page","status-publish","hentry","description-off"],"yoast_head":"<!-- This site is optimized with the Yoast SEO plugin v23.8 - https:\/\/yoast.com\/wordpress\/plugins\/seo\/ -->\n<title>Water filter - NH\u00c0 M\u00c0NG, NH\u00c0 K\u00cdNH N\u00d4NG NGHI\u1ec6P C\u00d4NG NGH\u1ec6 CAO<\/title>\n<meta name=\"robots\" content=\"index, follow, max-snippet:-1, max-image-preview:large, max-video-preview:-1\" \/>\n<link rel=\"canonical\" href=\"http:\/\/vpebgreenhouse.com\/thiet-bi-loc-nuoc-trong-nha-kinh\/\" \/>\n<meta property=\"og:locale\" content=\"en_US\" \/>\n<meta property=\"og:type\" content=\"article\" \/>\n<meta property=\"og:title\" content=\"Water filter - NH\u00c0 M\u00c0NG, NH\u00c0 K\u00cdNH N\u00d4NG NGHI\u1ec6P C\u00d4NG NGH\u1ec6 CAO\" \/>\n<meta property=\"og:description\" content=\"[vc_row][vc_column][vc_column_text]Water purification equipment is an indispensable element of an automatic irrigation system, especially in drip irrigation and sprinkler systems. A well irrigation system is based on a water filter, the filter is designed to ensure that the water flows into the clean irrigation valves, without residue to block the irrigation pipe. In addition, the filter&hellip;\" \/>\n<meta property=\"og:url\" content=\"http:\/\/vpebgreenhouse.com\/thiet-bi-loc-nuoc-trong-nha-kinh\/\" \/>\n<meta property=\"og:site_name\" content=\"NH\u00c0 M\u00c0NG, NH\u00c0 K\u00cdNH N\u00d4NG NGHI\u1ec6P C\u00d4NG NGH\u1ec6 CAO\" \/>\n<meta property=\"article:modified_time\" content=\"2020-06-10T10:21:02+00:00\" \/>\n<meta name=\"twitter:card\" content=\"summary_large_image\" \/>\n<meta name=\"twitter:label1\" content=\"Est. reading time\" \/>\n\t<meta name=\"twitter:data1\" content=\"12 minutes\" \/>\n<script type=\"application\/ld+json\" class=\"yoast-schema-graph\">{\"@context\":\"https:\/\/schema.org\",\"@graph\":[{\"@type\":\"WebPage\",\"@id\":\"http:\/\/vpebgreenhouse.com\/thiet-bi-loc-nuoc-trong-nha-kinh\/\",\"url\":\"http:\/\/vpebgreenhouse.com\/thiet-bi-loc-nuoc-trong-nha-kinh\/\",\"name\":\"Water filter - NH\u00c0 M\u00c0NG, NH\u00c0 K\u00cdNH N\u00d4NG NGHI\u1ec6P C\u00d4NG NGH\u1ec6 CAO\",\"isPartOf\":{\"@id\":\"http:\/\/vpebgreenhouse.com\/en\/#website\"},\"datePublished\":\"2017-09-25T14:36:19+00:00\",\"dateModified\":\"2020-06-10T10:21:02+00:00\",\"breadcrumb\":{\"@id\":\"http:\/\/vpebgreenhouse.com\/thiet-bi-loc-nuoc-trong-nha-kinh\/#breadcrumb\"},\"inLanguage\":\"en-US\",\"potentialAction\":[{\"@type\":\"ReadAction\",\"target\":[\"http:\/\/vpebgreenhouse.com\/thiet-bi-loc-nuoc-trong-nha-kinh\/\"]}]},{\"@type\":\"BreadcrumbList\",\"@id\":\"http:\/\/vpebgreenhouse.com\/thiet-bi-loc-nuoc-trong-nha-kinh\/#breadcrumb\",\"itemListElement\":[{\"@type\":\"ListItem\",\"position\":1,\"name\":\"Home\",\"item\":\"http:\/\/vpebgreenhouse.com\/en\/\"},{\"@type\":\"ListItem\",\"position\":2,\"name\":\"Thi\u1ebft b\u1ecb l\u1ecdc n\u01b0\u1edbc trong nh\u00e0 k\u00ednh\"}]},{\"@type\":\"WebSite\",\"@id\":\"http:\/\/vpebgreenhouse.com\/en\/#website\",\"url\":\"http:\/\/vpebgreenhouse.com\/en\/\",\"name\":\"NH\u00c0 M\u00c0NG, NH\u00c0 K\u00cdNH N\u00d4NG NGHI\u1ec6P C\u00d4NG NGH\u1ec6 CAO\",\"description\":\"VPEB GREENHOUSE\",\"potentialAction\":[{\"@type\":\"SearchAction\",\"target\":{\"@type\":\"EntryPoint\",\"urlTemplate\":\"http:\/\/vpebgreenhouse.com\/en\/?s={search_term_string}\"},\"query-input\":{\"@type\":\"PropertyValueSpecification\",\"valueRequired\":true,\"valueName\":\"search_term_string\"}}],\"inLanguage\":\"en-US\"}]}<\/script>\n<!-- \/ Yoast SEO plugin. -->","yoast_head_json":{"title":"Water filter - NH\u00c0 M\u00c0NG, NH\u00c0 K\u00cdNH N\u00d4NG NGHI\u1ec6P C\u00d4NG NGH\u1ec6 CAO","robots":{"index":"index","follow":"follow","max-snippet":"max-snippet:-1","max-image-preview":"max-image-preview:large","max-video-preview":"max-video-preview:-1"},"canonical":"http:\/\/vpebgreenhouse.com\/thiet-bi-loc-nuoc-trong-nha-kinh\/","og_locale":"en_US","og_type":"article","og_title":"Water filter - NH\u00c0 M\u00c0NG, NH\u00c0 K\u00cdNH N\u00d4NG NGHI\u1ec6P C\u00d4NG NGH\u1ec6 CAO","og_description":"[vc_row][vc_column][vc_column_text]Water purification equipment is an indispensable element of an automatic irrigation system, especially in drip irrigation and sprinkler systems. A well irrigation system is based on a water filter, the filter is designed to ensure that the water flows into the clean irrigation valves, without residue to block the irrigation pipe. In addition, the filter&hellip;","og_url":"http:\/\/vpebgreenhouse.com\/thiet-bi-loc-nuoc-trong-nha-kinh\/","og_site_name":"NH\u00c0 M\u00c0NG, NH\u00c0 K\u00cdNH N\u00d4NG NGHI\u1ec6P C\u00d4NG NGH\u1ec6 CAO","article_modified_time":"2020-06-10T10:21:02+00:00","twitter_card":"summary_large_image","twitter_misc":{"Est. reading time":"12 minutes"},"schema":{"@context":"https:\/\/schema.org","@graph":[{"@type":"WebPage","@id":"http:\/\/vpebgreenhouse.com\/thiet-bi-loc-nuoc-trong-nha-kinh\/","url":"http:\/\/vpebgreenhouse.com\/thiet-bi-loc-nuoc-trong-nha-kinh\/","name":"Water filter - NH\u00c0 M\u00c0NG, NH\u00c0 K\u00cdNH N\u00d4NG NGHI\u1ec6P C\u00d4NG NGH\u1ec6 CAO","isPartOf":{"@id":"http:\/\/vpebgreenhouse.com\/en\/#website"},"datePublished":"2017-09-25T14:36:19+00:00","dateModified":"2020-06-10T10:21:02+00:00","breadcrumb":{"@id":"http:\/\/vpebgreenhouse.com\/thiet-bi-loc-nuoc-trong-nha-kinh\/#breadcrumb"},"inLanguage":"en-US","potentialAction":[{"@type":"ReadAction","target":["http:\/\/vpebgreenhouse.com\/thiet-bi-loc-nuoc-trong-nha-kinh\/"]}]},{"@type":"BreadcrumbList","@id":"http:\/\/vpebgreenhouse.com\/thiet-bi-loc-nuoc-trong-nha-kinh\/#breadcrumb","itemListElement":[{"@type":"ListItem","position":1,"name":"Home","item":"http:\/\/vpebgreenhouse.com\/en\/"},{"@type":"ListItem","position":2,"name":"Thi\u1ebft b\u1ecb l\u1ecdc n\u01b0\u1edbc trong nh\u00e0 k\u00ednh"}]},{"@type":"WebSite","@id":"http:\/\/vpebgreenhouse.com\/en\/#website","url":"http:\/\/vpebgreenhouse.com\/en\/","name":"NH\u00c0 M\u00c0NG, NH\u00c0 K\u00cdNH N\u00d4NG NGHI\u1ec6P C\u00d4NG NGH\u1ec6 CAO","description":"VPEB GREENHOUSE","potentialAction":[{"@type":"SearchAction","target":{"@type":"EntryPoint","urlTemplate":"http:\/\/vpebgreenhouse.com\/en\/?s={search_term_string}"},"query-input":{"@type":"PropertyValueSpecification","valueRequired":true,"valueName":"search_term_string"}}],"inLanguage":"en-US"}]}},"_links":{"self":[{"href":"http:\/\/vpebgreenhouse.com\/en\/wp-json\/wp\/v2\/pages\/2424","targetHints":{"allow":["GET"]}}],"collection":[{"href":"http:\/\/vpebgreenhouse.com\/en\/wp-json\/wp\/v2\/pages"}],"about":[{"href":"http:\/\/vpebgreenhouse.com\/en\/wp-json\/wp\/v2\/types\/page"}],"author":[{"embeddable":true,"href":"http:\/\/vpebgreenhouse.com\/en\/wp-json\/wp\/v2\/users\/1"}],"replies":[{"embeddable":true,"href":"http:\/\/vpebgreenhouse.com\/en\/wp-json\/wp\/v2\/comments?post=2424"}],"version-history":[{"count":15,"href":"http:\/\/vpebgreenhouse.com\/en\/wp-json\/wp\/v2\/pages\/2424\/revisions"}],"predecessor-version":[{"id":3186,"href":"http:\/\/vpebgreenhouse.com\/en\/wp-json\/wp\/v2\/pages\/2424\/revisions\/3186"}],"wp:attachment":[{"href":"http:\/\/vpebgreenhouse.com\/en\/wp-json\/wp\/v2\/media?parent=2424"}],"curies":[{"name":"wp","href":"https:\/\/api.w.org\/{rel}","templated":true}]}}