{"id":2328,"date":"2017-09-16T13:30:42","date_gmt":"2017-09-16T13:30:42","guid":{"rendered":"http:\/\/vpebgreenhouse.com\/?page_id=2328"},"modified":"2020-06-10T10:19:27","modified_gmt":"2020-06-10T10:19:27","slug":"he-thong-tuoi-nho-giot","status":"publish","type":"page","link":"http:\/\/vpebgreenhouse.com\/en\/he-thong-tuoi-nho-giot\/","title":{"rendered":"Drip irrigation system"},"content":{"rendered":"<p>[vc_row][vc_column][vc_row_inner][vc_column_inner][\/vc_column_inner][\/vc_row_inner][vc_row_inner][vc_column_inner width=&#8221;1\/2&#8243;]<div id=\"ultimate-heading-770469e0bdee5230b\" class=\"uvc-heading ult-adjust-bottom-margin ultimate-heading-770469e0bdee5230b uvc-259 \" data-hspacer=\"no_spacer\"  data-halign=\"left\" style=\"text-align:left\"><div class=\"uvc-heading-spacer no_spacer\" style=\"top\"><\/div><div class=\"uvc-main-heading ult-responsive\"  data-ultimate-target='.uvc-heading.ultimate-heading-770469e0bdee5230b h2'  data-responsive-json-new='{\"font-size\":\"desktop:30px;\",\"line-height\":\"desktop:40px;\"}' ><h2 style=\"font-weight:bold;margin-bottom:15px;\">Drip irrigation system<\/h2><\/div><\/div>[vc_column_text css_animation=&#8221;fadeIn&#8221;]In order to optimize the cultivation conditions, VPEB GREENHOUSE is always ready to consult, design, supply and install irrigation systems for all kind of greenhouse. Irrigation equipment with top quality consistent with the intended use. We will provide technical support to irrigate effectively, and improving the ability to absorb water for increasing productivity.<\/p>\n<p>Drip irrigation model is not too strange to everyone. Israel&#8217;s drip irrigation system is a big step for improving agriculture of the world. It also bring Israel \u2013 from a country with limited agricultural land, becomes the most powers country on high tech agriculture in the World.<\/p>\n<p>In recent years, Viet Nam has also used drip irrigation. It has a very practical effect, significant productivity improvements. This is not only a step forward in the development of hi-tech agriculture in our country. This is also a propaganda solution: the reasonable use of water resources.[\/vc_column_text][\/vc_column_inner][vc_column_inner width=&#8221;1\/2&#8243;][vc_single_image image=&#8221;2336&#8243; img_size=&#8221;full&#8221; add_caption=&#8221;yes&#8221; alignment=&#8221;center&#8221; css_animation=&#8221;fadeInLeft&#8221; lazy_loading=&#8221;true&#8221;][\/vc_column_inner][\/vc_row_inner][\/vc_column][\/vc_row][vc_row bg_type=&#8221;bg_color&#8221; bg_override=&#8221;full&#8221; bg_color_value=&#8221;#f5f5f5&#8243;][vc_column]<div id=\"ultimate-heading-202069e0bdee52341\" class=\"uvc-heading ult-adjust-bottom-margin ultimate-heading-202069e0bdee52341 uvc-9055 \" data-hspacer=\"no_spacer\"  data-halign=\"center\" style=\"text-align:center\"><div class=\"uvc-heading-spacer no_spacer\" style=\"top\"><\/div><div class=\"uvc-main-heading ult-responsive\"  data-ultimate-target='.uvc-heading.ultimate-heading-202069e0bdee52341 h2'  data-responsive-json-new='{\"font-size\":\"\",\"line-height\":\"\"}' ><h2 style=\"font-weight:normal;\">To maximize the effectiveness of drip irrigation equipment, VPEB GREENHOUSE has the following procedures:<\/h2><\/div><\/div>[vc_row_inner css=&#8221;.vc_custom_1503803097901{background-color: #f5f5f5 !important;}&#8221;][vc_column_inner width=&#8221;1\/2&#8243;][vc_single_image image=&#8221;2341&#8243; img_size=&#8221;full&#8221; add_caption=&#8221;yes&#8221; alignment=&#8221;center&#8221; css_animation=&#8221;fadeInRight&#8221; lazy_loading=&#8221;true&#8221;][\/vc_column_inner][vc_column_inner width=&#8221;1\/2&#8243;]<div class=\"aio-icon-component  vc_custom_1525758398828  accent-icon-bg dac-tinh-ky-thuat style_1\"><div id=\"Info-box-wrap-6778\" class=\"aio-icon-box left-icon\" style=\"\"  ><div class=\"aio-icon-left\"><div class=\"ult-just-icon-wrapper  \"><div class=\"align-icon\" style=\"text-align:center;\">\n<div class=\"aio-icon advanced \"  style=\"color:#ffffff;border-style:;border-color:#333333;border-width:1px;width:30px;height:30px;line-height:30px;border-radius:500px;font-size:16px;display:inline-block;\">\n\t<i class=\"Defaults-cogs gears\"><\/i>\n<\/div><\/div><\/div><\/div><div class=\"aio-ibd-block\"><div class=\"aio-icon-header\" ><h3 class=\"aio-icon-title ult-responsive\"  data-ultimate-target='#Info-box-wrap-6778 .aio-icon-title'  data-responsive-json-new='{\"font-size\":\"desktop:20px;\",\"line-height\":\"desktop:26px;\"}'  style=\"\">Step 1: Overall survey<\/h3><\/div> <!-- header --><div class=\"aio-icon-description ult-responsive\"  data-ultimate-target='#Info-box-wrap-6778 .aio-icon-description'  data-responsive-json-new='{\"font-size\":\"\",\"line-height\":\"desktop:20px;\"}'  style=\"\"><\/p>\n<ul>\n<li>Terrain type<\/li>\n<li>Water quality<\/li>\n<li>Natural condition<\/li>\n<li>Type of land<\/li>\n<\/ul>\n<p><\/div> <!-- description --><\/div> <!-- aio-ibd-block --><\/div> <!-- aio-icon-box --><\/div> <!-- aio-icon-component --><div class=\"aio-icon-component  vc_custom_1525758433151  accent-icon-bg dac-tinh-ky-thuat style_1\"><div id=\"Info-box-wrap-1469\" class=\"aio-icon-box left-icon\" style=\"\"  ><div class=\"aio-icon-left\"><div class=\"ult-just-icon-wrapper  \"><div class=\"align-icon\" style=\"text-align:center;\">\n<div class=\"aio-icon advanced \"  style=\"color:#ffffff;border-style:;border-color:#333333;border-width:1px;width:30px;height:30px;line-height:30px;border-radius:500px;font-size:16px;display:inline-block;\">\n\t<i class=\"Defaults-cogs gears\"><\/i>\n<\/div><\/div><\/div><\/div><div class=\"aio-ibd-block\"><div class=\"aio-icon-header\" ><h3 class=\"aio-icon-title ult-responsive\"  data-ultimate-target='#Info-box-wrap-1469 .aio-icon-title'  data-responsive-json-new='{\"font-size\":\"desktop:20px;\",\"line-height\":\"desktop:26px;\"}'  style=\"\">Step 2: Design and select appropriate irrigation equipment<\/h3><\/div> <!-- header --><div class=\"aio-icon-description ult-responsive\"  data-ultimate-target='#Info-box-wrap-1469 .aio-icon-description'  data-responsive-json-new='{\"font-size\":\"\",\"line-height\":\"desktop:20px;\"}'  style=\"\"><\/p>\n<ul>\n<li>Based on the collected information, VPEB GREENHOUSE will design a water supply system.<\/li>\n<li>Type of pump used, type of filter, type of fertilizer system, type of drip irrigation equipment, type of plantation, etc.<\/li>\n<\/ul>\n<p><\/div> <!-- description --><\/div> <!-- aio-ibd-block --><\/div> <!-- aio-icon-box --><\/div> <!-- aio-icon-component --><div class=\"aio-icon-component  vc_custom_1525758447829  accent-icon-bg dac-tinh-ky-thuat style_1\"><div id=\"Info-box-wrap-3546\" class=\"aio-icon-box left-icon\" style=\"\"  ><div class=\"aio-icon-left\"><div class=\"ult-just-icon-wrapper  \"><div class=\"align-icon\" style=\"text-align:center;\">\n<div class=\"aio-icon advanced \" data-animation=\"fadeIn\" data-animation-delay=\"03\" style=\"color:#ffffff;border-style:;border-color:#333333;border-width:1px;width:30px;height:30px;line-height:30px;border-radius:500px;font-size:16px;display:inline-block;\">\n\t<i class=\"Defaults-cogs gears\"><\/i>\n<\/div><\/div><\/div><\/div><div class=\"aio-ibd-block\"><div class=\"aio-icon-header\" ><h3 class=\"aio-icon-title ult-responsive\"  data-ultimate-target='#Info-box-wrap-3546 .aio-icon-title'  data-responsive-json-new='{\"font-size\":\"desktop:20px;\",\"line-height\":\"desktop:26px;\"}'  style=\"\">Step 3: Conduct the installation of drip irrigation system<\/h3><\/div> <!-- header --><\/div> <!-- aio-ibd-block --><\/div> <!-- aio-icon-box --><\/div> <!-- aio-icon-component --><div class=\"aio-icon-component  vc_custom_1525758461371  accent-icon-bg dac-tinh-ky-thuat style_1\"><div id=\"Info-box-wrap-4530\" class=\"aio-icon-box left-icon\" style=\"\"  ><div class=\"aio-icon-left\"><div class=\"ult-just-icon-wrapper  \"><div class=\"align-icon\" style=\"text-align:center;\">\n<div class=\"aio-icon advanced \"  style=\"color:#ffffff;border-style:;border-color:#333333;border-width:1px;width:30px;height:30px;line-height:30px;border-radius:500px;font-size:16px;display:inline-block;\">\n\t<i class=\"Defaults-cogs gears\"><\/i>\n<\/div><\/div><\/div><\/div><div class=\"aio-ibd-block\"><div class=\"aio-icon-header\" ><h3 class=\"aio-icon-title ult-responsive\"  data-ultimate-target='#Info-box-wrap-4530 .aio-icon-title'  data-responsive-json-new='{\"font-size\":\"desktop:20px;\",\"line-height\":\"desktop:26px;\"}'  style=\"\">Step 4: Operate the system<\/h3><\/div> <!-- header --><\/div> <!-- aio-ibd-block --><\/div> <!-- aio-icon-box --><\/div> <!-- aio-icon-component --><div class=\"aio-icon-component  vc_custom_1525758477488  accent-icon-bg dac-tinh-ky-thuat style_1\"><div id=\"Info-box-wrap-9373\" class=\"aio-icon-box left-icon\" style=\"\"  ><div class=\"aio-icon-left\"><div class=\"ult-just-icon-wrapper  \"><div class=\"align-icon\" style=\"text-align:center;\">\n<div class=\"aio-icon advanced \"  style=\"color:#ffffff;border-style:;border-color:#333333;border-width:1px;width:30px;height:30px;line-height:30px;border-radius:500px;font-size:16px;display:inline-block;\">\n\t<i class=\"Defaults-cogs gears\"><\/i>\n<\/div><\/div><\/div><\/div><div class=\"aio-ibd-block\"><div class=\"aio-icon-header\" ><h3 class=\"aio-icon-title ult-responsive\"  data-ultimate-target='#Info-box-wrap-9373 .aio-icon-title'  data-responsive-json-new='{\"font-size\":\"desktop:20px;\",\"line-height\":\"desktop:26px;\"}'  style=\"\">Step 5: Manual and warranty, maintenance<\/h3><\/div> <!-- header --><\/div> <!-- aio-ibd-block --><\/div> <!-- aio-icon-box --><\/div> <!-- aio-icon-component -->[\/vc_column_inner][\/vc_row_inner][\/vc_column][\/vc_row][vc_row][vc_column]<div id=\"ultimate-heading-262969e0bdee526b5\" class=\"uvc-heading ult-adjust-bottom-margin ultimate-heading-262969e0bdee526b5 uvc-8748 \" data-hspacer=\"no_spacer\"  data-halign=\"center\" style=\"text-align:center\"><div class=\"uvc-heading-spacer no_spacer\" style=\"top\"><\/div><div class=\"uvc-main-heading ult-responsive\"  data-ultimate-target='.uvc-heading.ultimate-heading-262969e0bdee526b5 h2'  data-responsive-json-new='{\"font-size\":\"\",\"line-height\":\"\"}' ><h2 style=\"font-weight:normal;margin-bottom:30px;\">The equipment are used in drip irrigation includes:<\/h2><\/div><\/div>[vc_row_inner][vc_column_inner width=&#8221;1\/2&#8243;]<div class=\"aio-icon-component   accent-icon-bg dac-tinh-ky-thuat style_1\"><div id=\"Info-box-wrap-9117\" class=\"aio-icon-box default-icon\" style=\"\"  ><div class=\"aio-icon-header\" ><h3 class=\"aio-icon-title ult-responsive\"  data-ultimate-target='#Info-box-wrap-9117 .aio-icon-title'  data-responsive-json-new='{\"font-size\":\"\",\"line-height\":\"\"}'  style=\"\">1. Centralized controllers include:<\/h3><\/div> <!-- header --><div class=\"aio-icon-description ult-responsive\"  data-ultimate-target='#Info-box-wrap-9117 .aio-icon-description'  data-responsive-json-new='{\"font-size\":\"\",\"line-height\":\"\"}'  style=\"\"><\/p>\n<ul>\n<li>Pump<\/li>\n<li>Disk filters<\/li>\n<li>Water pressure gauges<\/li>\n<li>Fertikit 3G &#8211; Automatic Irrigation Controller, NMC Junior Pro Controller with automatic fertilizing, EC, PH, pressure boosting.<\/li>\n<li>Types of cables<\/li>\n<li>Gateway box<\/li>\n<\/ul>\n<p><\/div> <!-- description --><\/div> <!-- aio-icon-box --><\/div> <!-- aio-icon-component --><div class=\"aio-icon-component   accent-icon-bg dac-tinh-ky-thuat style_1\"><div id=\"Info-box-wrap-9948\" class=\"aio-icon-box default-icon\" style=\"\"  ><div class=\"aio-icon-header\" ><h3 class=\"aio-icon-title ult-responsive\"  data-ultimate-target='#Info-box-wrap-9948 .aio-icon-title'  data-responsive-json-new='{\"font-size\":\"\",\"line-height\":\"\"}'  style=\"\">2. Valve system<\/h3><\/div> <!-- header --><div class=\"aio-icon-description ult-responsive\"  data-ultimate-target='#Info-box-wrap-9948 .aio-icon-description'  data-responsive-json-new='{\"font-size\":\"\",\"line-height\":\"\"}'  style=\"\"><\/p>\n<ul>\n<li>Van AQUANET<\/li>\n<li>Mechanical valve 49<\/li>\n<\/ul>\n<p><\/div> <!-- description --><\/div> <!-- aio-icon-box --><\/div> <!-- aio-icon-component --><div class=\"aio-icon-component   accent-icon-bg dac-tinh-ky-thuat style_1\"><div id=\"Info-box-wrap-3158\" class=\"aio-icon-box default-icon\" style=\"\"  ><div class=\"aio-icon-header\" ><h3 class=\"aio-icon-title ult-responsive\"  data-ultimate-target='#Info-box-wrap-3158 .aio-icon-title'  data-responsive-json-new='{\"font-size\":\"\",\"line-height\":\"\"}'  style=\"\">3. Irrigation system<\/h3><\/div> <!-- header --><div class=\"aio-icon-description ult-responsive\"  data-ultimate-target='#Info-box-wrap-3158 .aio-icon-description'  data-responsive-json-new='{\"font-size\":\"\",\"line-height\":\"\"}'  style=\"\"><\/p>\n<ul>\n<li>PVC pressure 9 bar<\/li>\n<li>PE pipe<\/li>\n<\/ul>\n<p><\/div> <!-- description --><\/div> <!-- aio-icon-box --><\/div> <!-- aio-icon-component --><div class=\"aio-icon-component   accent-icon-bg dac-tinh-ky-thuat style_1\"><div id=\"Info-box-wrap-2106\" class=\"aio-icon-box default-icon\" style=\"\"  ><div class=\"aio-icon-header\" ><h3 class=\"aio-icon-title ult-responsive\"  data-ultimate-target='#Info-box-wrap-2106 .aio-icon-title'  data-responsive-json-new='{\"font-size\":\"\",\"line-height\":\"\"}'  style=\"\">4. Irrigation<\/h3><\/div> <!-- header --><div class=\"aio-icon-description ult-responsive\"  data-ultimate-target='#Info-box-wrap-2106 .aio-icon-description'  data-responsive-json-new='{\"font-size\":\"\",\"line-height\":\"\"}'  style=\"\"><\/p>\n<ul>\n<li>Watering the pressure drop<\/li>\n<li>Start dripping arrows<\/li>\n<li>Connector from PVC to PE pipe and 2-wire PE connector<\/li>\n<li>End Pipe PE<\/li>\n<\/ul>\n<p><\/div> <!-- description --><\/div> <!-- aio-icon-box --><\/div> <!-- aio-icon-component -->[\/vc_column_inner][vc_column_inner width=&#8221;1\/2&#8243;][vc_single_image image=&#8221;2420&#8243; img_size=&#8221;full&#8221; add_caption=&#8221;yes&#8221; alignment=&#8221;center&#8221; css_animation=&#8221;rollIn&#8221; lazy_loading=&#8221;true&#8221;][\/vc_column_inner][\/vc_row_inner][\/vc_column][\/vc_row][vc_row][vc_column][\/vc_column][\/vc_row][vc_row bg_type=&#8221;image&#8221; parallax_style=&#8221;vcpb-default&#8221; bg_image_new=&#8221;id^2231|url^http:\/\/vpebgreenhouse.com\/wp-content\/uploads\/2016\/01\/banner-nha-kinh-vpeb-greenhouse.jpg|caption^null|alt^null|title^banner-nha-kinh-vpeb-greenhouse|description^null&#8221; bg_override=&#8221;full&#8221; css=&#8221;.vc_custom_1505567845620{padding-top: 60px !important;padding-bottom: 60px !important;}&#8221;][vc_column]<div id=\"ultimate-heading-502769e0bdee528c9\" class=\"uvc-heading ult-adjust-bottom-margin ultimate-heading-502769e0bdee528c9 uvc-2371 \" data-hspacer=\"no_spacer\"  data-halign=\"center\" style=\"text-align:center\"><div class=\"uvc-heading-spacer no_spacer\" style=\"top\"><\/div><div class=\"uvc-main-heading ult-responsive\"  data-ultimate-target='.uvc-heading.ultimate-heading-502769e0bdee528c9 h2'  data-responsive-json-new='{\"font-size\":\"desktop:30px;tablet_portrait:30px;\",\"line-height\":\"desktop:35px;tablet_portrait:26px;\"}' ><h2 style=\"font-family:&#039;Open Sans Condensed&#039;;font-weight:700;color:#ffffff;margin-bottom:10px;\">VPEB GREENHOUSE CONTACT!<\/h2><\/div><div class=\"uvc-sub-heading ult-responsive\"  data-ultimate-target='.uvc-heading.ultimate-heading-502769e0bdee528c9 .uvc-sub-heading '  data-responsive-json-new='{\"font-size\":\"desktop:40px;tablet_portrait:40px;\",\"line-height\":\"desktop:50px;tablet_portrait:46px;\"}'  style=\"font-family:&#039;Open Sans Condensed&#039;;font-weight:700;color:#ffffff;\">Hotline: 0934108899<\/div><\/div><div id=\"ultimate-heading-314069e0bdee5291d\" class=\"uvc-heading ult-adjust-bottom-margin ultimate-heading-314069e0bdee5291d uvc-27 \" data-hspacer=\"no_spacer\"  data-halign=\"center\" style=\"text-align:center\"><div class=\"uvc-heading-spacer no_spacer\" style=\"top\"><\/div><div class=\"uvc-sub-heading ult-responsive\"  data-ultimate-target='.uvc-heading.ultimate-heading-314069e0bdee5291d .uvc-sub-heading '  data-responsive-json-new='{\"font-size\":\"desktop:25px;tablet_portrait:20px;\",\"line-height\":\"desktop:30px;tablet_portrait:30px;\"}'  style=\"font-family:&#039;Open Sans Condensed&#039;;font-weight:700;color:#ffffff;margin-top:10px;\"><\/p>\n<div id=\"ultimate-heading-76585af13ace1b2df\" class=\"uvc-heading ult-adjust-bottom-margin ultimate-heading-76585af13ace1b2df uvc-5389 \" data-hspacer=\"no_spacer\" data-halign=\"center\">\n<div class=\"uvc-sub-heading ult-responsive\" data-ultimate-target=\".uvc-heading.ultimate-heading-76585af13ace1b2df .uvc-sub-heading \" data-responsive-json-new=\"{&quot;font-size&quot;:&quot;desktop:25px;tablet_portrait:20px;&quot;,&quot;line-height&quot;:&quot;desktop:30px;tablet_portrait:30px;&quot;}\">\n<div id=\"ultimate-heading-14395aeea975cbabc\" class=\"uvc-heading ult-adjust-bottom-margin ultimate-heading-14395aeea975cbabc uvc-9518 \" data-hspacer=\"no_spacer\" data-halign=\"center\">\n<div class=\"uvc-sub-heading ult-responsive\" data-ultimate-target=\".uvc-heading.ultimate-heading-14395aeea975cbabc .uvc-sub-heading \" data-responsive-json-new=\"{&quot;font-size&quot;:&quot;desktop:25px;tablet_portrait:20px;&quot;,&quot;line-height&quot;:&quot;desktop:30px;tablet_portrait:30px;&quot;}\">\n<p>Head office in Ho Chi Minh: 4, D5 Street, Nam Long Area, Phuoc Long B Ward, District 9, HCMC<\/p>\n<p>Office in Da Lat: 322, Hai Ba Trung Street, Ward 6, Da Lat City, Lam Dong.<\/p>\n<\/div>\n<\/div>\n<\/div>\n<\/div>\n<p><\/div><\/div><div class=\"btn-align-center\"><a href=\"\/contact\" class=\"default-btn-shortcode dt-btn dt-btn-l  vc_custom_1525758711275\" id=\"default-btn-2\" style=\"width:400px;\"><span>Send request<\/span><\/a><\/div>[\/vc_column][\/vc_row]<\/p>","protected":false},"excerpt":{"rendered":"<p>[vc_row][vc_column][vc_row_inner][vc_column_inner][\/vc_column_inner][\/vc_row_inner][vc_row_inner][vc_column_inner width=&#8221;1\/2&#8243;][vc_column_text css_animation=&#8221;fadeIn&#8221;]In order to optimize the cultivation conditions, VPEB GREENHOUSE is always ready to consult, design, supply and install irrigation systems for all kind of greenhouse. Irrigation equipment with top quality consistent with the intended use. We will provide technical support to irrigate effectively, and improving the ability to absorb water for increasing productivity.&hellip;<\/p>\n","protected":false},"author":1,"featured_media":0,"parent":0,"menu_order":0,"comment_status":"closed","ping_status":"closed","template":"","meta":[],"class_list":["post-2328","page","type-page","status-publish","hentry","description-off"],"yoast_head":"<!-- This site is optimized with the Yoast SEO plugin v23.8 - https:\/\/yoast.com\/wordpress\/plugins\/seo\/ -->\n<title>Drip irrigation system<\/title>\n<meta name=\"description\" content=\"(Ti\u1ebfng Vi\u1ec7t) VPEB GREENHOUSE cung c\u1ea5p h\u1ec7 th\u1ed1ng t\u01b0\u1edbi n\u01b0\u1edbc ho\u00e0n ch\u1ec9nh t\u1eeb kh\u00e2u thi\u1ebft k\u1ebf, thi c\u00f4ng v\u1eadn h\u00e0nh cho nh\u00e0 k\u00ednh, h\u1ec7 th\u1ed1ng t\u01b0\u1edbi nh\u1ecf gi\u1ecdt v\u1edbi c\u00f4ng ngh\u1ec7 t\u1eeb ISRAEL\" \/>\n<meta name=\"robots\" content=\"index, follow, max-snippet:-1, max-image-preview:large, max-video-preview:-1\" \/>\n<link rel=\"canonical\" href=\"https:\/\/vpebgreenhouse.com\/en\/he-thong-tuoi-nho-giot\/\" \/>\n<meta property=\"og:locale\" content=\"en_US\" \/>\n<meta property=\"og:type\" content=\"article\" \/>\n<meta property=\"og:title\" content=\"Drip irrigation system\" \/>\n<meta property=\"og:description\" content=\"(Ti\u1ebfng Vi\u1ec7t) VPEB GREENHOUSE cung c\u1ea5p h\u1ec7 th\u1ed1ng t\u01b0\u1edbi n\u01b0\u1edbc ho\u00e0n ch\u1ec9nh t\u1eeb kh\u00e2u thi\u1ebft k\u1ebf, thi c\u00f4ng v\u1eadn h\u00e0nh cho nh\u00e0 k\u00ednh, h\u1ec7 th\u1ed1ng t\u01b0\u1edbi nh\u1ecf gi\u1ecdt v\u1edbi c\u00f4ng ngh\u1ec7 t\u1eeb ISRAEL\" \/>\n<meta property=\"og:url\" content=\"https:\/\/vpebgreenhouse.com\/en\/he-thong-tuoi-nho-giot\/\" \/>\n<meta property=\"og:site_name\" content=\"NH\u00c0 M\u00c0NG, NH\u00c0 K\u00cdNH N\u00d4NG NGHI\u1ec6P C\u00d4NG NGH\u1ec6 CAO\" \/>\n<meta property=\"article:modified_time\" content=\"2020-06-10T10:19:27+00:00\" \/>\n<meta name=\"twitter:card\" content=\"summary_large_image\" \/>\n<meta name=\"twitter:label1\" content=\"Est. reading time\" \/>\n\t<meta name=\"twitter:data1\" content=\"14 minutes\" \/>\n<script type=\"application\/ld+json\" class=\"yoast-schema-graph\">{\"@context\":\"https:\/\/schema.org\",\"@graph\":[{\"@type\":\"WebPage\",\"@id\":\"https:\/\/vpebgreenhouse.com\/en\/he-thong-tuoi-nho-giot\/\",\"url\":\"https:\/\/vpebgreenhouse.com\/en\/he-thong-tuoi-nho-giot\/\",\"name\":\"Drip irrigation system\",\"isPartOf\":{\"@id\":\"http:\/\/vpebgreenhouse.com\/#website\"},\"datePublished\":\"2017-09-16T13:30:42+00:00\",\"dateModified\":\"2020-06-10T10:19:27+00:00\",\"description\":\"(Ti\u1ebfng Vi\u1ec7t) VPEB GREENHOUSE cung c\u1ea5p h\u1ec7 th\u1ed1ng t\u01b0\u1edbi n\u01b0\u1edbc ho\u00e0n ch\u1ec9nh t\u1eeb kh\u00e2u thi\u1ebft k\u1ebf, thi c\u00f4ng v\u1eadn h\u00e0nh cho nh\u00e0 k\u00ednh, h\u1ec7 th\u1ed1ng t\u01b0\u1edbi nh\u1ecf gi\u1ecdt v\u1edbi c\u00f4ng ngh\u1ec7 t\u1eeb ISRAEL\",\"breadcrumb\":{\"@id\":\"https:\/\/vpebgreenhouse.com\/en\/he-thong-tuoi-nho-giot\/#breadcrumb\"},\"inLanguage\":\"en-US\",\"potentialAction\":[{\"@type\":\"ReadAction\",\"target\":[\"https:\/\/vpebgreenhouse.com\/en\/he-thong-tuoi-nho-giot\/\"]}]},{\"@type\":\"BreadcrumbList\",\"@id\":\"https:\/\/vpebgreenhouse.com\/en\/he-thong-tuoi-nho-giot\/#breadcrumb\",\"itemListElement\":[{\"@type\":\"ListItem\",\"position\":1,\"name\":\"Home\",\"item\":\"http:\/\/vpebgreenhouse.com\/\"},{\"@type\":\"ListItem\",\"position\":2,\"name\":\"Drip irrigation system\"}]},{\"@type\":\"WebSite\",\"@id\":\"http:\/\/vpebgreenhouse.com\/#website\",\"url\":\"http:\/\/vpebgreenhouse.com\/\",\"name\":\"NH\u00c0 M\u00c0NG, NH\u00c0 K\u00cdNH N\u00d4NG NGHI\u1ec6P C\u00d4NG NGH\u1ec6 CAO\",\"description\":\"VPEB GREENHOUSE\",\"potentialAction\":[{\"@type\":\"SearchAction\",\"target\":{\"@type\":\"EntryPoint\",\"urlTemplate\":\"http:\/\/vpebgreenhouse.com\/?s={search_term_string}\"},\"query-input\":{\"@type\":\"PropertyValueSpecification\",\"valueRequired\":true,\"valueName\":\"search_term_string\"}}],\"inLanguage\":\"en-US\"}]}<\/script>\n<!-- \/ Yoast SEO plugin. -->","yoast_head_json":{"title":"Drip irrigation system","description":"(Ti\u1ebfng Vi\u1ec7t) VPEB GREENHOUSE cung c\u1ea5p h\u1ec7 th\u1ed1ng t\u01b0\u1edbi n\u01b0\u1edbc ho\u00e0n ch\u1ec9nh t\u1eeb kh\u00e2u thi\u1ebft k\u1ebf, thi c\u00f4ng v\u1eadn h\u00e0nh cho nh\u00e0 k\u00ednh, h\u1ec7 th\u1ed1ng t\u01b0\u1edbi nh\u1ecf gi\u1ecdt v\u1edbi c\u00f4ng ngh\u1ec7 t\u1eeb ISRAEL","robots":{"index":"index","follow":"follow","max-snippet":"max-snippet:-1","max-image-preview":"max-image-preview:large","max-video-preview":"max-video-preview:-1"},"canonical":"https:\/\/vpebgreenhouse.com\/en\/he-thong-tuoi-nho-giot\/","og_locale":"en_US","og_type":"article","og_title":"Drip irrigation system","og_description":"(Ti\u1ebfng Vi\u1ec7t) VPEB GREENHOUSE cung c\u1ea5p h\u1ec7 th\u1ed1ng t\u01b0\u1edbi n\u01b0\u1edbc ho\u00e0n ch\u1ec9nh t\u1eeb kh\u00e2u thi\u1ebft k\u1ebf, thi c\u00f4ng v\u1eadn h\u00e0nh cho nh\u00e0 k\u00ednh, h\u1ec7 th\u1ed1ng t\u01b0\u1edbi nh\u1ecf gi\u1ecdt v\u1edbi c\u00f4ng ngh\u1ec7 t\u1eeb ISRAEL","og_url":"https:\/\/vpebgreenhouse.com\/en\/he-thong-tuoi-nho-giot\/","og_site_name":"NH\u00c0 M\u00c0NG, NH\u00c0 K\u00cdNH N\u00d4NG NGHI\u1ec6P C\u00d4NG NGH\u1ec6 CAO","article_modified_time":"2020-06-10T10:19:27+00:00","twitter_card":"summary_large_image","twitter_misc":{"Est. reading time":"14 minutes"},"schema":{"@context":"https:\/\/schema.org","@graph":[{"@type":"WebPage","@id":"https:\/\/vpebgreenhouse.com\/en\/he-thong-tuoi-nho-giot\/","url":"https:\/\/vpebgreenhouse.com\/en\/he-thong-tuoi-nho-giot\/","name":"Drip irrigation system","isPartOf":{"@id":"http:\/\/vpebgreenhouse.com\/#website"},"datePublished":"2017-09-16T13:30:42+00:00","dateModified":"2020-06-10T10:19:27+00:00","description":"(Ti\u1ebfng Vi\u1ec7t) VPEB GREENHOUSE cung c\u1ea5p h\u1ec7 th\u1ed1ng t\u01b0\u1edbi n\u01b0\u1edbc ho\u00e0n ch\u1ec9nh t\u1eeb kh\u00e2u thi\u1ebft k\u1ebf, thi c\u00f4ng v\u1eadn h\u00e0nh cho nh\u00e0 k\u00ednh, h\u1ec7 th\u1ed1ng t\u01b0\u1edbi nh\u1ecf gi\u1ecdt v\u1edbi c\u00f4ng ngh\u1ec7 t\u1eeb ISRAEL","breadcrumb":{"@id":"https:\/\/vpebgreenhouse.com\/en\/he-thong-tuoi-nho-giot\/#breadcrumb"},"inLanguage":"en-US","potentialAction":[{"@type":"ReadAction","target":["https:\/\/vpebgreenhouse.com\/en\/he-thong-tuoi-nho-giot\/"]}]},{"@type":"BreadcrumbList","@id":"https:\/\/vpebgreenhouse.com\/en\/he-thong-tuoi-nho-giot\/#breadcrumb","itemListElement":[{"@type":"ListItem","position":1,"name":"Home","item":"http:\/\/vpebgreenhouse.com\/"},{"@type":"ListItem","position":2,"name":"Drip irrigation system"}]},{"@type":"WebSite","@id":"http:\/\/vpebgreenhouse.com\/#website","url":"http:\/\/vpebgreenhouse.com\/","name":"NH\u00c0 M\u00c0NG, NH\u00c0 K\u00cdNH N\u00d4NG NGHI\u1ec6P C\u00d4NG NGH\u1ec6 CAO","description":"VPEB GREENHOUSE","potentialAction":[{"@type":"SearchAction","target":{"@type":"EntryPoint","urlTemplate":"http:\/\/vpebgreenhouse.com\/?s={search_term_string}"},"query-input":{"@type":"PropertyValueSpecification","valueRequired":true,"valueName":"search_term_string"}}],"inLanguage":"en-US"}]}},"_links":{"self":[{"href":"http:\/\/vpebgreenhouse.com\/en\/wp-json\/wp\/v2\/pages\/2328","targetHints":{"allow":["GET"]}}],"collection":[{"href":"http:\/\/vpebgreenhouse.com\/en\/wp-json\/wp\/v2\/pages"}],"about":[{"href":"http:\/\/vpebgreenhouse.com\/en\/wp-json\/wp\/v2\/types\/page"}],"author":[{"embeddable":true,"href":"http:\/\/vpebgreenhouse.com\/en\/wp-json\/wp\/v2\/users\/1"}],"replies":[{"embeddable":true,"href":"http:\/\/vpebgreenhouse.com\/en\/wp-json\/wp\/v2\/comments?post=2328"}],"version-history":[{"count":21,"href":"http:\/\/vpebgreenhouse.com\/en\/wp-json\/wp\/v2\/pages\/2328\/revisions"}],"predecessor-version":[{"id":3184,"href":"http:\/\/vpebgreenhouse.com\/en\/wp-json\/wp\/v2\/pages\/2328\/revisions\/3184"}],"wp:attachment":[{"href":"http:\/\/vpebgreenhouse.com\/en\/wp-json\/wp\/v2\/media?parent=2328"}],"curies":[{"name":"wp","href":"https:\/\/api.w.org\/{rel}","templated":true}]}}