{"id":2298,"date":"2017-09-16T08:42:50","date_gmt":"2017-09-16T08:42:50","guid":{"rendered":"http:\/\/vpebgreenhouse.com\/?page_id=2298"},"modified":"2020-06-10T10:18:33","modified_gmt":"2020-06-10T10:18:33","slug":"thep-ong-cac-loai","status":"publish","type":"page","link":"http:\/\/vpebgreenhouse.com\/en\/thep-ong-cac-loai\/","title":{"rendered":"Galvanized steel pipe"},"content":{"rendered":"<p>[vc_row][vc_column width=&#8221;1\/2&#8243;][vc_single_image image=&#8221;2299&#8243; img_size=&#8221;full&#8221;][\/vc_column][vc_column width=&#8221;1\/2&#8243;]<div id=\"ultimate-heading-744469e35a932a68a\" class=\"uvc-heading ult-adjust-bottom-margin ultimate-heading-744469e35a932a68a uvc-3200 \" data-hspacer=\"no_spacer\"  data-halign=\"left\" style=\"text-align:left\"><div class=\"uvc-heading-spacer no_spacer\" style=\"top\"><\/div><div class=\"uvc-main-heading ult-responsive\"  data-ultimate-target='.uvc-heading.ultimate-heading-744469e35a932a68a h2'  data-responsive-json-new='{\"font-size\":\"desktop:35px;\",\"line-height\":\"desktop:45px;\"}' ><h2 style=\"font-weight:normal;\">Galvanized steel pipe<\/h2><\/div><\/div>[vc_column_text css=&#8221;.vc_custom_1525757454298{margin-bottom: 5px !important;}&#8221;]Greenhouse which is based on modern standards is designed and built by VPEB, and the steel for create the strong framing is very important.<\/p>\n<p><strong>The type of steel we use must meet these following factors:<\/strong>[\/vc_column_text]<div class=\"standard-number-list bullet-top\"><ul>\n<li>Quality inspection, high durability and stability<\/li>\n<li>Wide range of uses<\/li>\n<li>Robust structure, easy to install<\/li>\n<li>High corrosion resistance<\/li>\n<li>Ensure aesthetic, sizes and various parameters<\/li>\n<\/ul>\n<\/div>[vc_column_text]Therefore, we use Galvanized steel pipe. The standardized steel pipe ensure the surface durability over 20 years without repair.<\/p>\n<p>High mechanical strength, 3 layers of metal including steel, zinc and alloy between steel and zinc, so the strength of steel is increased significantly. The processing of steel (bending, stamping, etc.) does not distort the pipe and no breakage when using.[\/vc_column_text][\/vc_column][\/vc_row][vc_row][vc_column][vc_separator][\/vc_column][\/vc_row][vc_row][vc_column width=&#8221;1\/3&#8243;]<div id=\"ultimate-heading-810269e35a932a739\" class=\"uvc-heading ult-adjust-bottom-margin ultimate-heading-810269e35a932a739 uvc-8611 \" data-hspacer=\"no_spacer\"  data-halign=\"left\" style=\"text-align:left\"><div class=\"uvc-heading-spacer no_spacer\" style=\"top\"><\/div><div class=\"uvc-main-heading ult-responsive\"  data-ultimate-target='.uvc-heading.ultimate-heading-810269e35a932a739 h2'  data-responsive-json-new='{\"font-size\":\"desktop:35px;\",\"line-height\":\"desktop:45px;\"}' ><h2 style=\"font-weight:normal;\">Supplier of galvanized steel pipes<\/h2><\/div><\/div>[vc_column_text]Steel pipe selection directly affects the life of the greenhouse so when building, VPEB GREENHOUSE always suggest to the investors for using galvanized steel pipe to ensure that the greenhouse will be used for a minimum of 30 years.[\/vc_column_text][\/vc_column][vc_column width=&#8221;1\/3&#8243;]\n<div id=\"interactive-banner-1-wrap-4729\" class=\"ult-banner-block ult-adjust-bottom-margin ult-bb-box  banner-style13 \"   style=\"\">\n\t<img decoding=\"async\" src=\"http:\/\/vpebgreenhouse.com\/wp-content\/uploads\/2017\/09\/Thep-hoa-sen.jpg\" alt=\"\u1ed0ng th\u00e9p m\u1ea1 k\u1ebdm Hoa Sen\">\n\t<h3  data-ultimate-target='#interactive-banner-1-wrap-4729 .bb-top-title '  data-responsive-json-new='{\"font-size\":\"\",\"line-height\":\"\"}'  class=\"title-center bb-top-title ult-responsive\" style=\"font-weight:normal;background:#1e73be;color:#ffffff;\">Hoa Sen<\/h3>\n\t<div class=\"mask opaque-background\" style=\"background:rgba(0,0,0,0.5);\">\n\t\t<div  data-ultimate-target='#interactive-banner-1-wrap-4729 .bb-description'  data-responsive-json-new='{\"font-size\":\"\",\"line-height\":\"\"}'  class=\"bb-description ult-responsive\" style=\"font-weight:normal;color:#ffffff;\"><\/div>\n\t<\/div><a class=\"bb-link\" href=\"\/thep-hoa-sen\/\" title=\"Th\u00e9p \u1ed1ng m\u1ea1 k\u1ebdm Hoa Sen\" ><\/a>\n<\/div>[\/vc_column][vc_column width=&#8221;1\/3&#8243;]\n<div id=\"interactive-banner-1-wrap-7229\" class=\"ult-banner-block ult-adjust-bottom-margin ult-bb-box  banner-style13 \"   style=\"\">\n\t<img decoding=\"async\" src=\"http:\/\/vpebgreenhouse.com\/wp-content\/uploads\/2017\/09\/Thep-hoa-phat.jpg\" alt=\"\u1ed0ng th\u00e9p nh\u00fang k\u1ebdm H\u00f2a Ph\u00e1t\">\n\t<h3  data-ultimate-target='#interactive-banner-1-wrap-7229 .bb-top-title '  data-responsive-json-new='{\"font-size\":\"\",\"line-height\":\"\"}'  class=\"title-center bb-top-title ult-responsive\" style=\"font-weight:normal;background:#1e73be;color:#ffffff;\">Hoa Phat<\/h3>\n\t<div class=\"mask opaque-background\" style=\"background:rgba(0,0,0,0.5);\">\n\t\t<div  data-ultimate-target='#interactive-banner-1-wrap-7229 .bb-description'  data-responsive-json-new='{\"font-size\":\"\",\"line-height\":\"\"}'  class=\"bb-description ult-responsive\" style=\"font-weight:normal;color:#ffffff;\"><\/div>\n\t<\/div><a class=\"bb-link\" href=\"\/thep-hoa-phat\/\" title=\"Th\u00e9p H\u00f2a Ph\u00e1t\" ><\/a>\n<\/div>[\/vc_column][\/vc_row][vc_row][vc_column][vc_separator][\/vc_column][\/vc_row][vc_row bg_type=&#8221;image&#8221; parallax_style=&#8221;vcpb-default&#8221; bg_image_new=&#8221;id^2231|url^http:\/\/vpebgreenhouse.com\/wp-content\/uploads\/2016\/01\/banner-nha-kinh-vpeb-greenhouse.jpg|caption^null|alt^null|title^banner-nha-kinh-vpeb-greenhouse|description^null&#8221; bg_override=&#8221;full&#8221; css=&#8221;.vc_custom_1505479442342{padding-top: 50px !important;padding-bottom: 50px !important;}&#8221;][vc_column]<div id=\"ultimate-heading-535769e35a932a903\" class=\"uvc-heading ult-adjust-bottom-margin ultimate-heading-535769e35a932a903 uvc-9842 \" data-hspacer=\"no_spacer\"  data-halign=\"center\" style=\"text-align:center\"><div class=\"uvc-heading-spacer no_spacer\" style=\"top\"><\/div><div class=\"uvc-main-heading ult-responsive\"  data-ultimate-target='.uvc-heading.ultimate-heading-535769e35a932a903 h2'  data-responsive-json-new='{\"font-size\":\"desktop:30px;tablet_portrait:30px;\",\"line-height\":\"desktop:35px;tablet_portrait:26px;\"}' ><h2 style=\"font-family:&#039;Open Sans Condensed&#039;;font-weight:700;color:#ffffff;margin-bottom:10px;\">VPEB GREENHOUSE CONTACT!<\/h2><\/div><div class=\"uvc-sub-heading ult-responsive\"  data-ultimate-target='.uvc-heading.ultimate-heading-535769e35a932a903 .uvc-sub-heading '  data-responsive-json-new='{\"font-size\":\"desktop:40px;tablet_portrait:40px;\",\"line-height\":\"desktop:50px;tablet_portrait:46px;\"}'  style=\"font-family:&#039;Open Sans Condensed&#039;;font-weight:700;color:#ffffff;\">Hotline: 0934108899<\/div><\/div><div id=\"ultimate-heading-336669e35a932a96a\" class=\"uvc-heading ult-adjust-bottom-margin ultimate-heading-336669e35a932a96a uvc-9654 \" data-hspacer=\"no_spacer\"  data-halign=\"center\" style=\"text-align:center\"><div class=\"uvc-heading-spacer no_spacer\" style=\"top\"><\/div><div class=\"uvc-sub-heading ult-responsive\"  data-ultimate-target='.uvc-heading.ultimate-heading-336669e35a932a96a .uvc-sub-heading '  data-responsive-json-new='{\"font-size\":\"desktop:25px;tablet_portrait:20px;\",\"line-height\":\"desktop:30px;tablet_portrait:30px;\"}'  style=\"font-family:&#039;Open Sans Condensed&#039;;font-weight:700;color:#ffffff;margin-top:10px;\">Head office in Ho Chi Minh: 4, D5 Street, Nam Long Area, Phuoc Long B Ward, District 9, HCMC<\/p>\n<p>Office in Da Lat: 322, Hai Ba Trung Street, Ward 6, Da Lat City, Lam Dong.<\/div><\/div><div class=\"btn-align-center\"><a href=\"\/contact\" class=\"default-btn-shortcode dt-btn dt-btn-l  vc_custom_1525757640724\" id=\"default-btn-2\" style=\"width:400px;\"><span>Send request<\/span><\/a><\/div>[\/vc_column][\/vc_row]<\/p>","protected":false},"excerpt":{"rendered":"<p>[vc_row][vc_column width=&#8221;1\/2&#8243;][vc_single_image image=&#8221;2299&#8243; img_size=&#8221;full&#8221;][\/vc_column][vc_column width=&#8221;1\/2&#8243;][vc_column_text css=&#8221;.vc_custom_1525757454298{margin-bottom: 5px !important;}&#8221;]Greenhouse which is based on modern standards is designed and built by VPEB, and the steel for create the strong framing is very important. The type of steel we use must meet these following factors:[\/vc_column_text][vc_column_text]Therefore, we use Galvanized steel pipe. The standardized steel pipe ensure the surface durability&hellip;<\/p>\n","protected":false},"author":1,"featured_media":0,"parent":0,"menu_order":0,"comment_status":"closed","ping_status":"closed","template":"","meta":[],"class_list":["post-2298","page","type-page","status-publish","hentry","description-off"],"yoast_head":"<!-- This site is optimized with the Yoast SEO plugin v23.8 - https:\/\/yoast.com\/wordpress\/plugins\/seo\/ -->\n<title>Galvanized steel pipe - NH\u00c0 M\u00c0NG, NH\u00c0 K\u00cdNH N\u00d4NG NGHI\u1ec6P C\u00d4NG NGH\u1ec6 CAO<\/title>\n<meta name=\"robots\" content=\"index, follow, max-snippet:-1, max-image-preview:large, max-video-preview:-1\" \/>\n<link rel=\"canonical\" href=\"http:\/\/vpebgreenhouse.com\/thep-ong-cac-loai\/\" \/>\n<meta property=\"og:locale\" content=\"en_US\" \/>\n<meta property=\"og:type\" content=\"article\" \/>\n<meta property=\"og:title\" content=\"Galvanized steel pipe - NH\u00c0 M\u00c0NG, NH\u00c0 K\u00cdNH N\u00d4NG NGHI\u1ec6P C\u00d4NG NGH\u1ec6 CAO\" \/>\n<meta property=\"og:description\" content=\"[vc_row][vc_column width=&#8221;1\/2&#8243;][vc_single_image image=&#8221;2299&#8243; img_size=&#8221;full&#8221;][\/vc_column][vc_column width=&#8221;1\/2&#8243;][vc_column_text css=&#8221;.vc_custom_1525757454298{margin-bottom: 5px !important;}&#8221;]Greenhouse which is based on modern standards is designed and built by VPEB, and the steel for create the strong framing is very important. The type of steel we use must meet these following factors:[\/vc_column_text][vc_column_text]Therefore, we use Galvanized steel pipe. The standardized steel pipe ensure the surface durability&hellip;\" \/>\n<meta property=\"og:url\" content=\"http:\/\/vpebgreenhouse.com\/thep-ong-cac-loai\/\" \/>\n<meta property=\"og:site_name\" content=\"NH\u00c0 M\u00c0NG, NH\u00c0 K\u00cdNH N\u00d4NG NGHI\u1ec6P C\u00d4NG NGH\u1ec6 CAO\" \/>\n<meta property=\"article:modified_time\" content=\"2020-06-10T10:18:33+00:00\" \/>\n<meta name=\"twitter:card\" content=\"summary_large_image\" \/>\n<meta name=\"twitter:label1\" content=\"Est. reading time\" \/>\n\t<meta name=\"twitter:data1\" content=\"10 minutes\" \/>\n<script type=\"application\/ld+json\" class=\"yoast-schema-graph\">{\"@context\":\"https:\/\/schema.org\",\"@graph\":[{\"@type\":\"WebPage\",\"@id\":\"http:\/\/vpebgreenhouse.com\/thep-ong-cac-loai\/\",\"url\":\"http:\/\/vpebgreenhouse.com\/thep-ong-cac-loai\/\",\"name\":\"Galvanized steel pipe - NH\u00c0 M\u00c0NG, NH\u00c0 K\u00cdNH N\u00d4NG NGHI\u1ec6P C\u00d4NG NGH\u1ec6 CAO\",\"isPartOf\":{\"@id\":\"http:\/\/vpebgreenhouse.com\/en\/#website\"},\"datePublished\":\"2017-09-16T08:42:50+00:00\",\"dateModified\":\"2020-06-10T10:18:33+00:00\",\"breadcrumb\":{\"@id\":\"http:\/\/vpebgreenhouse.com\/thep-ong-cac-loai\/#breadcrumb\"},\"inLanguage\":\"en-US\",\"potentialAction\":[{\"@type\":\"ReadAction\",\"target\":[\"http:\/\/vpebgreenhouse.com\/thep-ong-cac-loai\/\"]}]},{\"@type\":\"BreadcrumbList\",\"@id\":\"http:\/\/vpebgreenhouse.com\/thep-ong-cac-loai\/#breadcrumb\",\"itemListElement\":[{\"@type\":\"ListItem\",\"position\":1,\"name\":\"Home\",\"item\":\"http:\/\/vpebgreenhouse.com\/en\/\"},{\"@type\":\"ListItem\",\"position\":2,\"name\":\"Th\u00e9p \u1ed1ng c\u00e1c lo\u1ea1i\"}]},{\"@type\":\"WebSite\",\"@id\":\"http:\/\/vpebgreenhouse.com\/en\/#website\",\"url\":\"http:\/\/vpebgreenhouse.com\/en\/\",\"name\":\"NH\u00c0 M\u00c0NG, NH\u00c0 K\u00cdNH N\u00d4NG NGHI\u1ec6P C\u00d4NG NGH\u1ec6 CAO\",\"description\":\"VPEB GREENHOUSE\",\"potentialAction\":[{\"@type\":\"SearchAction\",\"target\":{\"@type\":\"EntryPoint\",\"urlTemplate\":\"http:\/\/vpebgreenhouse.com\/en\/?s={search_term_string}\"},\"query-input\":{\"@type\":\"PropertyValueSpecification\",\"valueRequired\":true,\"valueName\":\"search_term_string\"}}],\"inLanguage\":\"en-US\"}]}<\/script>\n<!-- \/ Yoast SEO plugin. -->","yoast_head_json":{"title":"Galvanized steel pipe - NH\u00c0 M\u00c0NG, NH\u00c0 K\u00cdNH N\u00d4NG NGHI\u1ec6P C\u00d4NG NGH\u1ec6 CAO","robots":{"index":"index","follow":"follow","max-snippet":"max-snippet:-1","max-image-preview":"max-image-preview:large","max-video-preview":"max-video-preview:-1"},"canonical":"http:\/\/vpebgreenhouse.com\/thep-ong-cac-loai\/","og_locale":"en_US","og_type":"article","og_title":"Galvanized steel pipe - NH\u00c0 M\u00c0NG, NH\u00c0 K\u00cdNH N\u00d4NG NGHI\u1ec6P C\u00d4NG NGH\u1ec6 CAO","og_description":"[vc_row][vc_column width=&#8221;1\/2&#8243;][vc_single_image image=&#8221;2299&#8243; img_size=&#8221;full&#8221;][\/vc_column][vc_column width=&#8221;1\/2&#8243;][vc_column_text css=&#8221;.vc_custom_1525757454298{margin-bottom: 5px !important;}&#8221;]Greenhouse which is based on modern standards is designed and built by VPEB, and the steel for create the strong framing is very important. The type of steel we use must meet these following factors:[\/vc_column_text][vc_column_text]Therefore, we use Galvanized steel pipe. The standardized steel pipe ensure the surface durability&hellip;","og_url":"http:\/\/vpebgreenhouse.com\/thep-ong-cac-loai\/","og_site_name":"NH\u00c0 M\u00c0NG, NH\u00c0 K\u00cdNH N\u00d4NG NGHI\u1ec6P C\u00d4NG NGH\u1ec6 CAO","article_modified_time":"2020-06-10T10:18:33+00:00","twitter_card":"summary_large_image","twitter_misc":{"Est. reading time":"10 minutes"},"schema":{"@context":"https:\/\/schema.org","@graph":[{"@type":"WebPage","@id":"http:\/\/vpebgreenhouse.com\/thep-ong-cac-loai\/","url":"http:\/\/vpebgreenhouse.com\/thep-ong-cac-loai\/","name":"Galvanized steel pipe - NH\u00c0 M\u00c0NG, NH\u00c0 K\u00cdNH N\u00d4NG NGHI\u1ec6P C\u00d4NG NGH\u1ec6 CAO","isPartOf":{"@id":"http:\/\/vpebgreenhouse.com\/en\/#website"},"datePublished":"2017-09-16T08:42:50+00:00","dateModified":"2020-06-10T10:18:33+00:00","breadcrumb":{"@id":"http:\/\/vpebgreenhouse.com\/thep-ong-cac-loai\/#breadcrumb"},"inLanguage":"en-US","potentialAction":[{"@type":"ReadAction","target":["http:\/\/vpebgreenhouse.com\/thep-ong-cac-loai\/"]}]},{"@type":"BreadcrumbList","@id":"http:\/\/vpebgreenhouse.com\/thep-ong-cac-loai\/#breadcrumb","itemListElement":[{"@type":"ListItem","position":1,"name":"Home","item":"http:\/\/vpebgreenhouse.com\/en\/"},{"@type":"ListItem","position":2,"name":"Th\u00e9p \u1ed1ng c\u00e1c lo\u1ea1i"}]},{"@type":"WebSite","@id":"http:\/\/vpebgreenhouse.com\/en\/#website","url":"http:\/\/vpebgreenhouse.com\/en\/","name":"NH\u00c0 M\u00c0NG, NH\u00c0 K\u00cdNH N\u00d4NG NGHI\u1ec6P C\u00d4NG NGH\u1ec6 CAO","description":"VPEB GREENHOUSE","potentialAction":[{"@type":"SearchAction","target":{"@type":"EntryPoint","urlTemplate":"http:\/\/vpebgreenhouse.com\/en\/?s={search_term_string}"},"query-input":{"@type":"PropertyValueSpecification","valueRequired":true,"valueName":"search_term_string"}}],"inLanguage":"en-US"}]}},"_links":{"self":[{"href":"http:\/\/vpebgreenhouse.com\/en\/wp-json\/wp\/v2\/pages\/2298","targetHints":{"allow":["GET"]}}],"collection":[{"href":"http:\/\/vpebgreenhouse.com\/en\/wp-json\/wp\/v2\/pages"}],"about":[{"href":"http:\/\/vpebgreenhouse.com\/en\/wp-json\/wp\/v2\/types\/page"}],"author":[{"embeddable":true,"href":"http:\/\/vpebgreenhouse.com\/en\/wp-json\/wp\/v2\/users\/1"}],"replies":[{"embeddable":true,"href":"http:\/\/vpebgreenhouse.com\/en\/wp-json\/wp\/v2\/comments?post=2298"}],"version-history":[{"count":16,"href":"http:\/\/vpebgreenhouse.com\/en\/wp-json\/wp\/v2\/pages\/2298\/revisions"}],"predecessor-version":[{"id":2734,"href":"http:\/\/vpebgreenhouse.com\/en\/wp-json\/wp\/v2\/pages\/2298\/revisions\/2734"}],"wp:attachment":[{"href":"http:\/\/vpebgreenhouse.com\/en\/wp-json\/wp\/v2\/media?parent=2298"}],"curies":[{"name":"wp","href":"https:\/\/api.w.org\/{rel}","templated":true}]}}