{"id":2292,"date":"2017-09-16T04:56:22","date_gmt":"2017-09-16T04:56:22","guid":{"rendered":"http:\/\/vpebgreenhouse.com\/?page_id=2292"},"modified":"2020-06-10T10:18:09","modified_gmt":"2020-06-10T10:18:09","slug":"ong-nhua-thoat-nuoc-pvc-trong-nha-kinh","status":"publish","type":"page","link":"http:\/\/vpebgreenhouse.com\/en\/ong-nhua-thoat-nuoc-pvc-trong-nha-kinh\/","title":{"rendered":"PVC \/ Plastic \/ PE Pipe for greenhouse"},"content":{"rendered":"<p>[vc_row][vc_column width=&#8221;1\/2&#8243;][vc_single_image image=&#8221;2295&#8243; img_size=&#8221;full&#8221;][\/vc_column][vc_column width=&#8221;1\/2&#8243;]<div id=\"ultimate-heading-709769e677323d864\" class=\"uvc-heading ult-adjust-bottom-margin ultimate-heading-709769e677323d864 uvc-7801 \" data-hspacer=\"no_spacer\"  data-halign=\"left\" style=\"text-align:left\"><div class=\"uvc-heading-spacer no_spacer\" style=\"top\"><\/div><div class=\"uvc-main-heading ult-responsive\"  data-ultimate-target='.uvc-heading.ultimate-heading-709769e677323d864 h2'  data-responsive-json-new='{\"font-size\":\"desktop:35px;\",\"line-height\":\"desktop:45px;\"}' ><h2 style=\"font-weight:normal;\">PVC \/ Plastic \/ PE Pipe for greenhouse<\/h2><\/div><\/div>[vc_column_text]Corresponding drawings of VPEB GREENHOUSE, rainwater flows from the cover to the gutters will be released through a large PVC pipe (Pipe section 140 mm).<\/p>\n<p>Use plastic pipe to reduce water pressure and avoid erosion of topography, extends the life of the greenhouse. Plastic pipes which is provided by VPEB GREENHOUSE are always high quality products, long life and reasonable price.<\/p>\n<p>PVC\/ Plastic\/ PE pipes available at VPEB GREENHOUSE:<\/p>\n<ul>\n<li>Hoa Sen Plastic Pipe (Hoa Sen Group &#8211; Vietnam)<\/li>\n<li>Binh Minh Plastic Pipe (Vietnam)<\/li>\n<\/ul>\n<p>[\/vc_column_text][\/vc_column][\/vc_row][vc_row][vc_column][vc_separator][\/vc_column][\/vc_row][vc_row bg_type=&#8221;image&#8221; parallax_style=&#8221;vcpb-default&#8221; bg_image_new=&#8221;id^2231|url^http:\/\/vpebgreenhouse.com\/wp-content\/uploads\/2016\/01\/banner-nha-kinh-vpeb-greenhouse.jpg|caption^null|alt^null|title^banner-nha-kinh-vpeb-greenhouse|description^null&#8221; bg_override=&#8221;full&#8221; css=&#8221;.vc_custom_1505479442342{padding-top: 50px !important;padding-bottom: 50px !important;}&#8221;][vc_column]<div id=\"ultimate-heading-67569e677323d89d\" class=\"uvc-heading ult-adjust-bottom-margin ultimate-heading-67569e677323d89d uvc-1574 \" data-hspacer=\"no_spacer\"  data-halign=\"center\" style=\"text-align:center\"><div class=\"uvc-heading-spacer no_spacer\" style=\"top\"><\/div><div class=\"uvc-main-heading ult-responsive\"  data-ultimate-target='.uvc-heading.ultimate-heading-67569e677323d89d h2'  data-responsive-json-new='{\"font-size\":\"desktop:30px;tablet_portrait:30px;\",\"line-height\":\"desktop:35px;tablet_portrait:26px;\"}' ><h2 style=\"font-family:&#039;Open Sans Condensed&#039;;font-weight:700;color:#ffffff;margin-bottom:10px;\">VPEB GREENHOUSE CONTACT!<\/h2><\/div><div class=\"uvc-sub-heading ult-responsive\"  data-ultimate-target='.uvc-heading.ultimate-heading-67569e677323d89d .uvc-sub-heading '  data-responsive-json-new='{\"font-size\":\"desktop:40px;tablet_portrait:40px;\",\"line-height\":\"desktop:50px;tablet_portrait:46px;\"}'  style=\"font-family:&#039;Open Sans Condensed&#039;;font-weight:700;color:#ffffff;\">Hotline: 0934108899<\/div><\/div><div id=\"ultimate-heading-819069e677323d906\" class=\"uvc-heading ult-adjust-bottom-margin ultimate-heading-819069e677323d906 uvc-1654 \" data-hspacer=\"no_spacer\"  data-halign=\"center\" style=\"text-align:center\"><div class=\"uvc-heading-spacer no_spacer\" style=\"top\"><\/div><div class=\"uvc-sub-heading ult-responsive\"  data-ultimate-target='.uvc-heading.ultimate-heading-819069e677323d906 .uvc-sub-heading '  data-responsive-json-new='{\"font-size\":\"desktop:25px;tablet_portrait:20px;\",\"line-height\":\"desktop:30px;tablet_portrait:30px;\"}'  style=\"font-family:&#039;Open Sans Condensed&#039;;font-weight:700;color:#ffffff;margin-top:10px;\">Head office in Ho Chi Minh: 4, D5 Street, Nam Long Area, Phuoc Long B Ward, District 9, HCMC<\/p>\n<p>Office in Da Lat: 322, Hai Ba Trung Street, Ward 6, Da Lat City, Lam Dong.<\/div><\/div><div class=\"btn-align-center\"><a href=\"\/contact\" class=\"default-btn-shortcode dt-btn dt-btn-l  vc_custom_1525757119656\" id=\"default-btn-2\" style=\"width:400px;\"><span>Send request<\/span><\/a><\/div>[\/vc_column][\/vc_row]<\/p>","protected":false},"excerpt":{"rendered":"<p>[vc_row][vc_column width=&#8221;1\/2&#8243;][vc_single_image image=&#8221;2295&#8243; img_size=&#8221;full&#8221;][\/vc_column][vc_column width=&#8221;1\/2&#8243;][vc_column_text]Corresponding drawings of VPEB GREENHOUSE, rainwater flows from the cover to the gutters will be released through a large PVC pipe (Pipe section 140 mm). Use plastic pipe to reduce water pressure and avoid erosion of topography, extends the life of the greenhouse. Plastic pipes which is provided by VPEB GREENHOUSE&hellip;<\/p>\n","protected":false},"author":1,"featured_media":0,"parent":0,"menu_order":0,"comment_status":"closed","ping_status":"closed","template":"","meta":[],"class_list":["post-2292","page","type-page","status-publish","hentry","description-off"],"yoast_head":"<!-- This site is optimized with the Yoast SEO plugin v23.8 - https:\/\/yoast.com\/wordpress\/plugins\/seo\/ -->\n<title>PVC \/ Plastic \/ PE Pipe for greenhouse - NH\u00c0 M\u00c0NG, NH\u00c0 K\u00cdNH N\u00d4NG NGHI\u1ec6P C\u00d4NG NGH\u1ec6 CAO<\/title>\n<meta name=\"robots\" content=\"index, follow, max-snippet:-1, max-image-preview:large, max-video-preview:-1\" \/>\n<link rel=\"canonical\" href=\"http:\/\/vpebgreenhouse.com\/en\/ong-nhua-thoat-nuoc-pvc-trong-nha-kinh\/\" \/>\n<meta property=\"og:locale\" content=\"en_US\" \/>\n<meta property=\"og:type\" content=\"article\" \/>\n<meta property=\"og:title\" content=\"PVC \/ Plastic \/ PE Pipe for greenhouse - NH\u00c0 M\u00c0NG, NH\u00c0 K\u00cdNH N\u00d4NG NGHI\u1ec6P C\u00d4NG NGH\u1ec6 CAO\" \/>\n<meta property=\"og:description\" content=\"[vc_row][vc_column width=&#8221;1\/2&#8243;][vc_single_image image=&#8221;2295&#8243; img_size=&#8221;full&#8221;][\/vc_column][vc_column width=&#8221;1\/2&#8243;][vc_column_text]Corresponding drawings of VPEB GREENHOUSE, rainwater flows from the cover to the gutters will be released through a large PVC pipe (Pipe section 140 mm). Use plastic pipe to reduce water pressure and avoid erosion of topography, extends the life of the greenhouse. Plastic pipes which is provided by VPEB GREENHOUSE&hellip;\" \/>\n<meta property=\"og:url\" content=\"http:\/\/vpebgreenhouse.com\/en\/ong-nhua-thoat-nuoc-pvc-trong-nha-kinh\/\" \/>\n<meta property=\"og:site_name\" content=\"NH\u00c0 M\u00c0NG, NH\u00c0 K\u00cdNH N\u00d4NG NGHI\u1ec6P C\u00d4NG NGH\u1ec6 CAO\" \/>\n<meta property=\"article:modified_time\" content=\"2020-06-10T10:18:09+00:00\" \/>\n<meta name=\"twitter:card\" content=\"summary_large_image\" \/>\n<meta name=\"twitter:label1\" content=\"Est. reading time\" \/>\n\t<meta name=\"twitter:data1\" content=\"5 minutes\" \/>\n<script type=\"application\/ld+json\" class=\"yoast-schema-graph\">{\"@context\":\"https:\/\/schema.org\",\"@graph\":[{\"@type\":\"WebPage\",\"@id\":\"http:\/\/vpebgreenhouse.com\/en\/ong-nhua-thoat-nuoc-pvc-trong-nha-kinh\/\",\"url\":\"http:\/\/vpebgreenhouse.com\/en\/ong-nhua-thoat-nuoc-pvc-trong-nha-kinh\/\",\"name\":\"PVC \/ Plastic \/ PE Pipe for greenhouse - NH\u00c0 M\u00c0NG, NH\u00c0 K\u00cdNH N\u00d4NG NGHI\u1ec6P C\u00d4NG NGH\u1ec6 CAO\",\"isPartOf\":{\"@id\":\"https:\/\/vpebgreenhouse.com\/en\/#website\"},\"datePublished\":\"2017-09-16T04:56:22+00:00\",\"dateModified\":\"2020-06-10T10:18:09+00:00\",\"breadcrumb\":{\"@id\":\"http:\/\/vpebgreenhouse.com\/en\/ong-nhua-thoat-nuoc-pvc-trong-nha-kinh\/#breadcrumb\"},\"inLanguage\":\"en-US\",\"potentialAction\":[{\"@type\":\"ReadAction\",\"target\":[\"http:\/\/vpebgreenhouse.com\/en\/ong-nhua-thoat-nuoc-pvc-trong-nha-kinh\/\"]}]},{\"@type\":\"BreadcrumbList\",\"@id\":\"http:\/\/vpebgreenhouse.com\/en\/ong-nhua-thoat-nuoc-pvc-trong-nha-kinh\/#breadcrumb\",\"itemListElement\":[{\"@type\":\"ListItem\",\"position\":1,\"name\":\"Home\",\"item\":\"https:\/\/vpebgreenhouse.com\/en\/\"},{\"@type\":\"ListItem\",\"position\":2,\"name\":\"PVC \/ Plastic \/ PE Pipe for greenhouse\"}]},{\"@type\":\"WebSite\",\"@id\":\"https:\/\/vpebgreenhouse.com\/en\/#website\",\"url\":\"https:\/\/vpebgreenhouse.com\/en\/\",\"name\":\"NH\u00c0 M\u00c0NG, NH\u00c0 K\u00cdNH N\u00d4NG NGHI\u1ec6P C\u00d4NG NGH\u1ec6 CAO\",\"description\":\"VPEB GREENHOUSE\",\"potentialAction\":[{\"@type\":\"SearchAction\",\"target\":{\"@type\":\"EntryPoint\",\"urlTemplate\":\"https:\/\/vpebgreenhouse.com\/en\/?s={search_term_string}\"},\"query-input\":{\"@type\":\"PropertyValueSpecification\",\"valueRequired\":true,\"valueName\":\"search_term_string\"}}],\"inLanguage\":\"en-US\"}]}<\/script>\n<!-- \/ Yoast SEO plugin. -->","yoast_head_json":{"title":"PVC \/ Plastic \/ PE Pipe for greenhouse - NH\u00c0 M\u00c0NG, NH\u00c0 K\u00cdNH N\u00d4NG NGHI\u1ec6P C\u00d4NG NGH\u1ec6 CAO","robots":{"index":"index","follow":"follow","max-snippet":"max-snippet:-1","max-image-preview":"max-image-preview:large","max-video-preview":"max-video-preview:-1"},"canonical":"http:\/\/vpebgreenhouse.com\/en\/ong-nhua-thoat-nuoc-pvc-trong-nha-kinh\/","og_locale":"en_US","og_type":"article","og_title":"PVC \/ Plastic \/ PE Pipe for greenhouse - NH\u00c0 M\u00c0NG, NH\u00c0 K\u00cdNH N\u00d4NG NGHI\u1ec6P C\u00d4NG NGH\u1ec6 CAO","og_description":"[vc_row][vc_column width=&#8221;1\/2&#8243;][vc_single_image image=&#8221;2295&#8243; img_size=&#8221;full&#8221;][\/vc_column][vc_column width=&#8221;1\/2&#8243;][vc_column_text]Corresponding drawings of VPEB GREENHOUSE, rainwater flows from the cover to the gutters will be released through a large PVC pipe (Pipe section 140 mm). Use plastic pipe to reduce water pressure and avoid erosion of topography, extends the life of the greenhouse. Plastic pipes which is provided by VPEB GREENHOUSE&hellip;","og_url":"http:\/\/vpebgreenhouse.com\/en\/ong-nhua-thoat-nuoc-pvc-trong-nha-kinh\/","og_site_name":"NH\u00c0 M\u00c0NG, NH\u00c0 K\u00cdNH N\u00d4NG NGHI\u1ec6P C\u00d4NG NGH\u1ec6 CAO","article_modified_time":"2020-06-10T10:18:09+00:00","twitter_card":"summary_large_image","twitter_misc":{"Est. reading time":"5 minutes"},"schema":{"@context":"https:\/\/schema.org","@graph":[{"@type":"WebPage","@id":"http:\/\/vpebgreenhouse.com\/en\/ong-nhua-thoat-nuoc-pvc-trong-nha-kinh\/","url":"http:\/\/vpebgreenhouse.com\/en\/ong-nhua-thoat-nuoc-pvc-trong-nha-kinh\/","name":"PVC \/ Plastic \/ PE Pipe for greenhouse - NH\u00c0 M\u00c0NG, NH\u00c0 K\u00cdNH N\u00d4NG NGHI\u1ec6P C\u00d4NG NGH\u1ec6 CAO","isPartOf":{"@id":"https:\/\/vpebgreenhouse.com\/en\/#website"},"datePublished":"2017-09-16T04:56:22+00:00","dateModified":"2020-06-10T10:18:09+00:00","breadcrumb":{"@id":"http:\/\/vpebgreenhouse.com\/en\/ong-nhua-thoat-nuoc-pvc-trong-nha-kinh\/#breadcrumb"},"inLanguage":"en-US","potentialAction":[{"@type":"ReadAction","target":["http:\/\/vpebgreenhouse.com\/en\/ong-nhua-thoat-nuoc-pvc-trong-nha-kinh\/"]}]},{"@type":"BreadcrumbList","@id":"http:\/\/vpebgreenhouse.com\/en\/ong-nhua-thoat-nuoc-pvc-trong-nha-kinh\/#breadcrumb","itemListElement":[{"@type":"ListItem","position":1,"name":"Home","item":"https:\/\/vpebgreenhouse.com\/en\/"},{"@type":"ListItem","position":2,"name":"PVC \/ Plastic \/ PE Pipe for greenhouse"}]},{"@type":"WebSite","@id":"https:\/\/vpebgreenhouse.com\/en\/#website","url":"https:\/\/vpebgreenhouse.com\/en\/","name":"NH\u00c0 M\u00c0NG, NH\u00c0 K\u00cdNH N\u00d4NG NGHI\u1ec6P C\u00d4NG NGH\u1ec6 CAO","description":"VPEB GREENHOUSE","potentialAction":[{"@type":"SearchAction","target":{"@type":"EntryPoint","urlTemplate":"https:\/\/vpebgreenhouse.com\/en\/?s={search_term_string}"},"query-input":{"@type":"PropertyValueSpecification","valueRequired":true,"valueName":"search_term_string"}}],"inLanguage":"en-US"}]}},"_links":{"self":[{"href":"http:\/\/vpebgreenhouse.com\/en\/wp-json\/wp\/v2\/pages\/2292","targetHints":{"allow":["GET"]}}],"collection":[{"href":"http:\/\/vpebgreenhouse.com\/en\/wp-json\/wp\/v2\/pages"}],"about":[{"href":"http:\/\/vpebgreenhouse.com\/en\/wp-json\/wp\/v2\/types\/page"}],"author":[{"embeddable":true,"href":"http:\/\/vpebgreenhouse.com\/en\/wp-json\/wp\/v2\/users\/1"}],"replies":[{"embeddable":true,"href":"http:\/\/vpebgreenhouse.com\/en\/wp-json\/wp\/v2\/comments?post=2292"}],"version-history":[{"count":9,"href":"http:\/\/vpebgreenhouse.com\/en\/wp-json\/wp\/v2\/pages\/2292\/revisions"}],"predecessor-version":[{"id":3182,"href":"http:\/\/vpebgreenhouse.com\/en\/wp-json\/wp\/v2\/pages\/2292\/revisions\/3182"}],"wp:attachment":[{"href":"http:\/\/vpebgreenhouse.com\/en\/wp-json\/wp\/v2\/media?parent=2292"}],"curies":[{"name":"wp","href":"https:\/\/api.w.org\/{rel}","templated":true}]}}