{"id":2282,"date":"2017-09-16T04:11:32","date_gmt":"2017-09-16T04:11:32","guid":{"rendered":"http:\/\/vpebgreenhouse.com\/?page_id=2282"},"modified":"2020-06-10T10:17:29","modified_gmt":"2020-06-10T10:17:29","slug":"luoi-chan-con-trung-nha-kinh","status":"publish","type":"page","link":"http:\/\/vpebgreenhouse.com\/en\/luoi-chan-con-trung-nha-kinh\/","title":{"rendered":"Provided Greenhouse anti-insect net\/screen"},"content":{"rendered":"<p>[vc_row][vc_column width=&#8221;1\/2&#8243;][vc_single_image image=&#8221;2284&#8243; img_size=&#8221;full&#8221;][\/vc_column][vc_column width=&#8221;1\/2&#8243;]<div id=\"ultimate-heading-400769d394428f6c3\" class=\"uvc-heading ult-adjust-bottom-margin ultimate-heading-400769d394428f6c3 uvc-886 \" data-hspacer=\"no_spacer\"  data-halign=\"left\" style=\"text-align:left\"><div class=\"uvc-heading-spacer no_spacer\" style=\"top\"><\/div><div class=\"uvc-main-heading ult-responsive\"  data-ultimate-target='.uvc-heading.ultimate-heading-400769d394428f6c3 h2'  data-responsive-json-new='{\"font-size\":\"desktop:35px;\",\"line-height\":\"desktop:45px;\"}' ><h2 style=\"font-weight:normal;\">Anti-insect nets in greenhouse<\/h2><\/div><\/div>[vc_column_text]The net has a special structure, preventing the damage comes from insects and reduce the negative effects such as: dust, wind, fungus from the outside into the greenhouse. In addition, anti-insect screens help air circulation and lower temperatures inside the greenhouse.<\/p>\n<p>Attention should be paid to the following characteristics:<\/p>\n<p>Material (PE resin) PE resins greatly affects the quality of the net.<\/p>\n<p>Thickness and insect resistance (mesh)<\/p>\n<p>The thickness of the net affects the use and performance of each greenhouse.<\/p>\n<p>Product specification<\/p>\n<p>The product spec is very diverse for meeting the different needs of the investor.[\/vc_column_text][\/vc_column][\/vc_row][vc_row][vc_column][vc_separator][\/vc_column][\/vc_row][vc_row css=&#8221;.vc_custom_1505536017295{margin-bottom: 20px !important;}&#8221;][vc_column]<div id=\"ultimate-heading-495769d394428f710\" class=\"uvc-heading ult-adjust-bottom-margin ultimate-heading-495769d394428f710 uvc-1384 \" data-hspacer=\"line_only\"  data-halign=\"center\" style=\"text-align:center\"><div class=\"uvc-main-heading ult-responsive\"  data-ultimate-target='.uvc-heading.ultimate-heading-495769d394428f710 h2'  data-responsive-json-new='{\"font-size\":\"desktop:30px;tablet_portrait:20px;\",\"line-height\":\"desktop:46px;tablet_portrait:26px;\"}' ><h2 style=\"font-family:&#039;Open Sans Condensed&#039;;font-weight:700;color:#333333;margin-bottom:15px;\">Net Products are currently available at VPEB GREENHOUSE<\/h2><\/div><div class=\"uvc-heading-spacer line_only\" style=\"topheight:1px;\"><span class=\"uvc-headings-line\" style=\"border-style:solid;border-bottom-width:1px;border-color:#1e73be;width:200px;\"><\/span><\/div><\/div>[\/vc_column][\/vc_row][vc_row][vc_column width=&#8221;1\/3&#8243;]<div id=\"ultimate-heading-614069d394428f765\" class=\"uvc-heading ult-adjust-bottom-margin ultimate-heading-614069d394428f765 uvc-9286 \" data-hspacer=\"line_only\"  data-halign=\"left\" style=\"text-align:left\"><div class=\"uvc-main-heading ult-responsive\"  data-ultimate-target='.uvc-heading.ultimate-heading-614069d394428f765 h3'  data-responsive-json-new='{\"font-size\":\"desktop:25px;tablet_portrait:20px;\",\"line-height\":\"desktop:30px;\"}' ><h3 style=\"font-family:&#039;Open Sans&#039;;font-weight:normal;\">Anti-insect net (Siam net)<\/h3><\/div><div class=\"uvc-heading-spacer line_only\" style=\"topheight:1px;\"><span class=\"uvc-headings-line\" style=\"border-style:solid;border-bottom-width:1px;border-color:#1e73be;width:100px;\"><\/span><\/div><\/div>[vc_column_text]<\/p>\n<ul>\n<li>Color: white<\/li>\n<li>Width (m): 1.2 to 2 m<\/li>\n<li>Length (m): 50 m, 100 m<\/li>\n<li>Products of Thailand<\/li>\n<li>Thickness: 32 mesh, 50 mesh<\/li>\n<\/ul>\n<p>[\/vc_column_text][\/vc_column][vc_column width=&#8221;1\/3&#8243;]<div id=\"ultimate-heading-580869d394428f7b9\" class=\"uvc-heading ult-adjust-bottom-margin ultimate-heading-580869d394428f7b9 uvc-1973 \" data-hspacer=\"line_only\"  data-halign=\"left\" style=\"text-align:left\"><div class=\"uvc-main-heading ult-responsive\"  data-ultimate-target='.uvc-heading.ultimate-heading-580869d394428f7b9 h3'  data-responsive-json-new='{\"font-size\":\"desktop:25px;tablet_portrait:20px;\",\"line-height\":\"desktop:45px;\"}' ><h3 style=\"font-family:&#039;Open Sans&#039;;font-weight:normal;\">Anti-insect net<\/h3><\/div><div class=\"uvc-heading-spacer line_only\" style=\"topheight:1px;\"><span class=\"uvc-headings-line\" style=\"border-style:solid;border-bottom-width:1px;border-color:#1e73be;width:100px;\"><\/span><\/div><\/div>[vc_column_text]<\/p>\n<ul>\n<li>Color: white<\/li>\n<li>Width (m): 1.2 to 2 m<\/li>\n<li>Length (m): 50 m, 100 m<\/li>\n<li>Products of Vietnam<\/li>\n<li>Thickness: 18 mesh, 32 mesh, 50 mesh<\/li>\n<\/ul>\n<p>[\/vc_column_text][\/vc_column][vc_column width=&#8221;1\/3&#8243;]<div id=\"ultimate-heading-948369d394428f7ed\" class=\"uvc-heading ult-adjust-bottom-margin ultimate-heading-948369d394428f7ed uvc-488 \" data-hspacer=\"line_only\"  data-halign=\"left\" style=\"text-align:left\"><div class=\"uvc-main-heading ult-responsive\"  data-ultimate-target='.uvc-heading.ultimate-heading-948369d394428f7ed h2'  data-responsive-json-new='{\"font-size\":\"desktop:25px;tablet_portrait:20px;\",\"line-height\":\"desktop:45px;\"}' ><h2 style=\"font-family:&#039;Open Sans&#039;;font-weight:normal;\">Anti-insect net<\/h2><\/div><div class=\"uvc-heading-spacer line_only\" style=\"topheight:1px;\"><span class=\"uvc-headings-line\" style=\"border-style:solid;border-bottom-width:1px;border-color:#1e73be;width:100px;\"><\/span><\/div><\/div>[vc_column_text]<\/p>\n<ul>\n<li>Color: white<\/li>\n<li>Width (m): 2m to 3.6 m<\/li>\n<li>Length (m): 50 m, 100 m<\/li>\n<li>Product of Taiwan<\/li>\n<li>Thickness: 18 mesh, 32 mesh, 50 mesh<\/li>\n<\/ul>\n<p>[\/vc_column_text][\/vc_column][\/vc_row][vc_row][vc_column][vc_separator][\/vc_column][\/vc_row][vc_row bg_type=&#8221;image&#8221; parallax_style=&#8221;vcpb-default&#8221; bg_image_new=&#8221;id^2231|url^http:\/\/vpebgreenhouse.com\/wp-content\/uploads\/2016\/01\/banner-nha-kinh-vpeb-greenhouse.jpg|caption^null|alt^null|title^banner-nha-kinh-vpeb-greenhouse|description^null&#8221; bg_override=&#8221;full&#8221; css=&#8221;.vc_custom_1505479442342{padding-top: 50px !important;padding-bottom: 50px !important;}&#8221;][vc_column]<div id=\"ultimate-heading-895069d394428f820\" class=\"uvc-heading ult-adjust-bottom-margin ultimate-heading-895069d394428f820 uvc-3716 \" data-hspacer=\"no_spacer\"  data-halign=\"center\" style=\"text-align:center\"><div class=\"uvc-heading-spacer no_spacer\" style=\"top\"><\/div><div class=\"uvc-main-heading ult-responsive\"  data-ultimate-target='.uvc-heading.ultimate-heading-895069d394428f820 h2'  data-responsive-json-new='{\"font-size\":\"desktop:30px;tablet_portrait:30px;\",\"line-height\":\"desktop:35px;tablet_portrait:26px;\"}' ><h2 style=\"font-family:&#039;Open Sans Condensed&#039;;font-weight:700;color:#ffffff;margin-bottom:10px;\">VPEB GREENHOUSE CONTACT!<\/h2><\/div><div class=\"uvc-sub-heading ult-responsive\"  data-ultimate-target='.uvc-heading.ultimate-heading-895069d394428f820 .uvc-sub-heading '  data-responsive-json-new='{\"font-size\":\"desktop:40px;tablet_portrait:40px;\",\"line-height\":\"desktop:50px;tablet_portrait:46px;\"}'  style=\"font-family:&#039;Open Sans Condensed&#039;;font-weight:700;color:#ffffff;\">Hotline: 0934108899<\/div><\/div><div id=\"ultimate-heading-219669d394428f86f\" class=\"uvc-heading ult-adjust-bottom-margin ultimate-heading-219669d394428f86f uvc-2013 \" data-hspacer=\"no_spacer\"  data-halign=\"center\" style=\"text-align:center\"><div class=\"uvc-heading-spacer no_spacer\" style=\"top\"><\/div><div class=\"uvc-sub-heading ult-responsive\"  data-ultimate-target='.uvc-heading.ultimate-heading-219669d394428f86f .uvc-sub-heading '  data-responsive-json-new='{\"font-size\":\"desktop:25px;tablet_portrait:20px;\",\"line-height\":\"desktop:30px;tablet_portrait:30px;\"}'  style=\"font-family:&#039;Open Sans Condensed&#039;;font-weight:700;color:#ffffff;margin-top:10px;\"><\/p>\n<div id=\"ultimate-heading-18985af1323970859\" class=\"uvc-heading ult-adjust-bottom-margin ultimate-heading-18985af1323970859 uvc-4689 \" data-hspacer=\"no_spacer\" data-halign=\"center\">\n<div class=\"uvc-sub-heading ult-responsive\" data-ultimate-target=\".uvc-heading.ultimate-heading-18985af1323970859 .uvc-sub-heading \" data-responsive-json-new=\"{&quot;font-size&quot;:&quot;desktop:25px;tablet_portrait:20px;&quot;,&quot;line-height&quot;:&quot;desktop:30px;tablet_portrait:30px;&quot;}\">\n<div id=\"ultimate-heading-14395aeea975cbabc\" class=\"uvc-heading ult-adjust-bottom-margin ultimate-heading-14395aeea975cbabc uvc-9518 \" data-hspacer=\"no_spacer\" data-halign=\"center\">\n<div class=\"uvc-sub-heading ult-responsive\" data-ultimate-target=\".uvc-heading.ultimate-heading-14395aeea975cbabc .uvc-sub-heading \" data-responsive-json-new=\"{&quot;font-size&quot;:&quot;desktop:25px;tablet_portrait:20px;&quot;,&quot;line-height&quot;:&quot;desktop:30px;tablet_portrait:30px;&quot;}\">\n<p>Head office in Ho Chi Minh: 4, D5 Street, Nam Long Area, Phuoc Long B Ward, District 9, HCMC<\/p>\n<p>Office in Da Lat: 322, Hai Ba Trung Street, Ward 6, Da Lat City, Lam Dong.<\/p>\n<\/div>\n<\/div>\n<\/div>\n<\/div>\n<p><\/div><\/div><div class=\"btn-align-center\"><a href=\"\/contact\" class=\"default-btn-shortcode dt-btn dt-btn-l  vc_custom_1525756510776\" id=\"default-btn-2\" style=\"width:400px;\"><span>Send request<\/span><\/a><\/div>[\/vc_column][\/vc_row]<\/p>","protected":false},"excerpt":{"rendered":"<p>[vc_row][vc_column width=&#8221;1\/2&#8243;][vc_single_image image=&#8221;2284&#8243; img_size=&#8221;full&#8221;][\/vc_column][vc_column width=&#8221;1\/2&#8243;][vc_column_text]The net has a special structure, preventing the damage comes from insects and reduce the negative effects such as: dust, wind, fungus from the outside into the greenhouse. In addition, anti-insect screens help air circulation and lower temperatures inside the greenhouse. Attention should be paid to the following characteristics: Material (PE&hellip;<\/p>\n","protected":false},"author":1,"featured_media":0,"parent":0,"menu_order":0,"comment_status":"closed","ping_status":"closed","template":"","meta":[],"class_list":["post-2282","page","type-page","status-publish","hentry","description-off"],"yoast_head":"<!-- This site is optimized with the Yoast SEO plugin v23.8 - https:\/\/yoast.com\/wordpress\/plugins\/seo\/ -->\n<title>Provided Greenhouse anti-insect net\/screen<\/title>\n<meta name=\"robots\" content=\"index, follow, max-snippet:-1, max-image-preview:large, max-video-preview:-1\" \/>\n<link rel=\"canonical\" href=\"https:\/\/vpebgreenhouse.com\/en\/luoi-chan-con-trung-nha-kinh\/\" \/>\n<meta property=\"og:locale\" content=\"en_US\" \/>\n<meta property=\"og:type\" content=\"article\" \/>\n<meta property=\"og:title\" content=\"Provided Greenhouse anti-insect net\/screen\" \/>\n<meta property=\"og:description\" content=\"[vc_row][vc_column width=&#8221;1\/2&#8243;][vc_single_image image=&#8221;2284&#8243; img_size=&#8221;full&#8221;][\/vc_column][vc_column width=&#8221;1\/2&#8243;][vc_column_text]The net has a special structure, preventing the damage comes from insects and reduce the negative effects such as: dust, wind, fungus from the outside into the greenhouse. In addition, anti-insect screens help air circulation and lower temperatures inside the greenhouse. Attention should be paid to the following characteristics: Material (PE&hellip;\" \/>\n<meta property=\"og:url\" content=\"https:\/\/vpebgreenhouse.com\/en\/luoi-chan-con-trung-nha-kinh\/\" \/>\n<meta property=\"og:site_name\" content=\"NH\u00c0 M\u00c0NG, NH\u00c0 K\u00cdNH N\u00d4NG NGHI\u1ec6P C\u00d4NG NGH\u1ec6 CAO\" \/>\n<meta property=\"article:modified_time\" content=\"2020-06-10T10:17:29+00:00\" \/>\n<meta name=\"twitter:card\" content=\"summary_large_image\" \/>\n<meta name=\"twitter:label1\" content=\"Est. reading time\" \/>\n\t<meta name=\"twitter:data1\" content=\"10 minutes\" \/>\n<script type=\"application\/ld+json\" class=\"yoast-schema-graph\">{\"@context\":\"https:\/\/schema.org\",\"@graph\":[{\"@type\":\"WebPage\",\"@id\":\"https:\/\/vpebgreenhouse.com\/en\/luoi-chan-con-trung-nha-kinh\/\",\"url\":\"https:\/\/vpebgreenhouse.com\/en\/luoi-chan-con-trung-nha-kinh\/\",\"name\":\"Provided Greenhouse anti-insect net\/screen\",\"isPartOf\":{\"@id\":\"http:\/\/vpebgreenhouse.com\/en\/#website\"},\"datePublished\":\"2017-09-16T04:11:32+00:00\",\"dateModified\":\"2020-06-10T10:17:29+00:00\",\"breadcrumb\":{\"@id\":\"https:\/\/vpebgreenhouse.com\/en\/luoi-chan-con-trung-nha-kinh\/#breadcrumb\"},\"inLanguage\":\"en-US\",\"potentialAction\":[{\"@type\":\"ReadAction\",\"target\":[\"https:\/\/vpebgreenhouse.com\/en\/luoi-chan-con-trung-nha-kinh\/\"]}]},{\"@type\":\"BreadcrumbList\",\"@id\":\"https:\/\/vpebgreenhouse.com\/en\/luoi-chan-con-trung-nha-kinh\/#breadcrumb\",\"itemListElement\":[{\"@type\":\"ListItem\",\"position\":1,\"name\":\"Home\",\"item\":\"http:\/\/vpebgreenhouse.com\/en\/\"},{\"@type\":\"ListItem\",\"position\":2,\"name\":\"Provided Greenhouse anti-insect net\/screen\"}]},{\"@type\":\"WebSite\",\"@id\":\"http:\/\/vpebgreenhouse.com\/en\/#website\",\"url\":\"http:\/\/vpebgreenhouse.com\/en\/\",\"name\":\"NH\u00c0 M\u00c0NG, NH\u00c0 K\u00cdNH N\u00d4NG NGHI\u1ec6P C\u00d4NG NGH\u1ec6 CAO\",\"description\":\"VPEB GREENHOUSE\",\"potentialAction\":[{\"@type\":\"SearchAction\",\"target\":{\"@type\":\"EntryPoint\",\"urlTemplate\":\"http:\/\/vpebgreenhouse.com\/en\/?s={search_term_string}\"},\"query-input\":{\"@type\":\"PropertyValueSpecification\",\"valueRequired\":true,\"valueName\":\"search_term_string\"}}],\"inLanguage\":\"en-US\"}]}<\/script>\n<!-- \/ Yoast SEO plugin. -->","yoast_head_json":{"title":"Provided Greenhouse anti-insect net\/screen","robots":{"index":"index","follow":"follow","max-snippet":"max-snippet:-1","max-image-preview":"max-image-preview:large","max-video-preview":"max-video-preview:-1"},"canonical":"https:\/\/vpebgreenhouse.com\/en\/luoi-chan-con-trung-nha-kinh\/","og_locale":"en_US","og_type":"article","og_title":"Provided Greenhouse anti-insect net\/screen","og_description":"[vc_row][vc_column width=&#8221;1\/2&#8243;][vc_single_image image=&#8221;2284&#8243; img_size=&#8221;full&#8221;][\/vc_column][vc_column width=&#8221;1\/2&#8243;][vc_column_text]The net has a special structure, preventing the damage comes from insects and reduce the negative effects such as: dust, wind, fungus from the outside into the greenhouse. In addition, anti-insect screens help air circulation and lower temperatures inside the greenhouse. Attention should be paid to the following characteristics: Material (PE&hellip;","og_url":"https:\/\/vpebgreenhouse.com\/en\/luoi-chan-con-trung-nha-kinh\/","og_site_name":"NH\u00c0 M\u00c0NG, NH\u00c0 K\u00cdNH N\u00d4NG NGHI\u1ec6P C\u00d4NG NGH\u1ec6 CAO","article_modified_time":"2020-06-10T10:17:29+00:00","twitter_card":"summary_large_image","twitter_misc":{"Est. reading time":"10 minutes"},"schema":{"@context":"https:\/\/schema.org","@graph":[{"@type":"WebPage","@id":"https:\/\/vpebgreenhouse.com\/en\/luoi-chan-con-trung-nha-kinh\/","url":"https:\/\/vpebgreenhouse.com\/en\/luoi-chan-con-trung-nha-kinh\/","name":"Provided Greenhouse anti-insect net\/screen","isPartOf":{"@id":"http:\/\/vpebgreenhouse.com\/en\/#website"},"datePublished":"2017-09-16T04:11:32+00:00","dateModified":"2020-06-10T10:17:29+00:00","breadcrumb":{"@id":"https:\/\/vpebgreenhouse.com\/en\/luoi-chan-con-trung-nha-kinh\/#breadcrumb"},"inLanguage":"en-US","potentialAction":[{"@type":"ReadAction","target":["https:\/\/vpebgreenhouse.com\/en\/luoi-chan-con-trung-nha-kinh\/"]}]},{"@type":"BreadcrumbList","@id":"https:\/\/vpebgreenhouse.com\/en\/luoi-chan-con-trung-nha-kinh\/#breadcrumb","itemListElement":[{"@type":"ListItem","position":1,"name":"Home","item":"http:\/\/vpebgreenhouse.com\/en\/"},{"@type":"ListItem","position":2,"name":"Provided Greenhouse anti-insect net\/screen"}]},{"@type":"WebSite","@id":"http:\/\/vpebgreenhouse.com\/en\/#website","url":"http:\/\/vpebgreenhouse.com\/en\/","name":"NH\u00c0 M\u00c0NG, NH\u00c0 K\u00cdNH N\u00d4NG NGHI\u1ec6P C\u00d4NG NGH\u1ec6 CAO","description":"VPEB GREENHOUSE","potentialAction":[{"@type":"SearchAction","target":{"@type":"EntryPoint","urlTemplate":"http:\/\/vpebgreenhouse.com\/en\/?s={search_term_string}"},"query-input":{"@type":"PropertyValueSpecification","valueRequired":true,"valueName":"search_term_string"}}],"inLanguage":"en-US"}]}},"_links":{"self":[{"href":"http:\/\/vpebgreenhouse.com\/en\/wp-json\/wp\/v2\/pages\/2282","targetHints":{"allow":["GET"]}}],"collection":[{"href":"http:\/\/vpebgreenhouse.com\/en\/wp-json\/wp\/v2\/pages"}],"about":[{"href":"http:\/\/vpebgreenhouse.com\/en\/wp-json\/wp\/v2\/types\/page"}],"author":[{"embeddable":true,"href":"http:\/\/vpebgreenhouse.com\/en\/wp-json\/wp\/v2\/users\/1"}],"replies":[{"embeddable":true,"href":"http:\/\/vpebgreenhouse.com\/en\/wp-json\/wp\/v2\/comments?post=2282"}],"version-history":[{"count":14,"href":"http:\/\/vpebgreenhouse.com\/en\/wp-json\/wp\/v2\/pages\/2282\/revisions"}],"predecessor-version":[{"id":3181,"href":"http:\/\/vpebgreenhouse.com\/en\/wp-json\/wp\/v2\/pages\/2282\/revisions\/3181"}],"wp:attachment":[{"href":"http:\/\/vpebgreenhouse.com\/en\/wp-json\/wp\/v2\/media?parent=2282"}],"curies":[{"name":"wp","href":"https:\/\/api.w.org\/{rel}","templated":true}]}}