{"id":2265,"date":"2017-09-15T13:12:32","date_gmt":"2017-09-15T13:12:32","guid":{"rendered":"http:\/\/vpebgreenhouse.com\/?page_id=2265"},"modified":"2020-06-10T10:16:40","modified_gmt":"2020-06-10T10:16:40","slug":"mang-xoi-mang-nuoc","status":"publish","type":"page","link":"http:\/\/vpebgreenhouse.com\/en\/mang-xoi-mang-nuoc\/","title":{"rendered":"Greenhouse gutters"},"content":{"rendered":"<p>[vc_row][vc_column]<div id=\"ultimate-heading-473569e389d9642e3\" class=\"uvc-heading ult-adjust-bottom-margin ultimate-heading-473569e389d9642e3 uvc-3786 \" data-hspacer=\"no_spacer\"  data-halign=\"left\" style=\"text-align:left\"><div class=\"uvc-heading-spacer no_spacer\" style=\"top\"><\/div><div class=\"uvc-main-heading ult-responsive\"  data-ultimate-target='.uvc-heading.ultimate-heading-473569e389d9642e3 h2'  data-responsive-json-new='{\"font-size\":\"desktop:30px;\",\"line-height\":\"desktop:45px;\"}' ><h2 style=\"font-weight:normal;\">Greenhouse gutters<\/h2><\/div><\/div>[vc_column_text]Good gutters will protect crops because the gutters prevent rainwater from the outside to enter the greenhouse. Therefore, the gutter must be sure to bear the weight of the water. And use a gutter avoid landslide, extending greenhouse life.<\/p>\n<p><strong>Pay attention to the following elements when choosing the gutters:<\/strong>[\/vc_column_text][\/vc_column][\/vc_row][vc_row][vc_column width=&#8221;1\/2&#8243;]<div class=\"aio-icon-component   accent-icon-bg dac-tinh-ky-thuat style_1\"><div id=\"Info-box-wrap-8793\" class=\"aio-icon-box default-icon\" style=\"\"  ><div class=\"aio-icon-header\" ><h3 class=\"aio-icon-title ult-responsive\"  data-ultimate-target='#Info-box-wrap-8793 .aio-icon-title'  data-responsive-json-new='{\"font-size\":\"\",\"line-height\":\"\"}'  style=\"\">1. Material of the gutter.<\/h3><\/div> <!-- header --><div class=\"aio-icon-description ult-responsive\"  data-ultimate-target='#Info-box-wrap-8793 .aio-icon-description'  data-responsive-json-new='{\"font-size\":\"\",\"line-height\":\"\"}'  style=\"\">The most used material in building high-tech agriculture greenhouse is galvanized steel. It has many advantages, such as: longevity, easy installation, suitable for areas with heavy rainfall, not broken in using, etc. Although the price is higher than other materials, galvanized steel is still the optimal choice in building standard greenhouse.<\/div> <!-- description --><\/div> <!-- aio-icon-box --><\/div> <!-- aio-icon-component --><div class=\"aio-icon-component  vc_custom_1525755807275  accent-icon-bg dac-tinh-ky-thuat style_1\"><div id=\"Info-box-wrap-6105\" class=\"aio-icon-box default-icon\" style=\"\"  ><div class=\"aio-icon-header\" ><h3 class=\"aio-icon-title ult-responsive\"  data-ultimate-target='#Info-box-wrap-6105 .aio-icon-title'  data-responsive-json-new='{\"font-size\":\"\",\"line-height\":\"\"}'  style=\"\">2. Quality standards<\/h3><\/div> <!-- header --><div class=\"aio-icon-description ult-responsive\"  data-ultimate-target='#Info-box-wrap-6105 .aio-icon-description'  data-responsive-json-new='{\"font-size\":\"\",\"line-height\":\"\"}'  style=\"\">Material determines gutter quality. Therefore, steel billets should be provided by reputable suppliers and it must have quality certificate. The gutter made from good billets is not bent, warped or cracked.<\/p>\n<p>Gutters provided by VPEB GREENHOUSE are manufactured from high quality billet by reputable supplier of rolled steel &#8211; HOA SEN GROUP, it will be committed the products with high quality standard and according molds required. In addition, it also has ensured the aesthetic and competitive cost.<\/div> <!-- description --><\/div> <!-- aio-icon-box --><\/div> <!-- aio-icon-component -->[\/vc_column][vc_column width=&#8221;1\/2&#8243;][vc_single_image image=&#8221;2270&#8243; img_size=&#8221;full&#8221;][\/vc_column][\/vc_row][vc_row][vc_column][vc_row_inner][vc_column_inner]<div class=\"aio-icon-component   accent-icon-bg dac-tinh-ky-thuat style_1\"><div id=\"Info-box-wrap-8519\" class=\"aio-icon-box default-icon\" style=\"\"  ><div class=\"aio-icon-header\" ><h3 class=\"aio-icon-title ult-responsive\"  data-ultimate-target='#Info-box-wrap-8519 .aio-icon-title'  data-responsive-json-new='{\"font-size\":\"\",\"line-height\":\"\"}'  style=\"\">3. Size of gutters<\/h3><\/div> <!-- header --><div class=\"aio-icon-description ult-responsive\"  data-ultimate-target='#Info-box-wrap-8519 .aio-icon-description'  data-responsive-json-new='{\"font-size\":\"\",\"line-height\":\"\"}'  style=\"\">The size of the gutters is very important. If the gutter is small, rain water will overflow, and it affects productivity. It is necessary to calculate the rainfall and the result will help the investor easy to select the size of the gutter.<\/div> <!-- description --><\/div> <!-- aio-icon-box --><\/div> <!-- aio-icon-component -->[\/vc_column_inner][\/vc_row_inner][vc_separator]<div id=\"ultimate-heading-600869e389d964516\" class=\"uvc-heading ult-adjust-bottom-margin ultimate-heading-600869e389d964516 uvc-9513 \" data-hspacer=\"no_spacer\"  data-halign=\"center\" style=\"text-align:center\"><div class=\"uvc-heading-spacer no_spacer\" style=\"top\"><\/div><div class=\"uvc-main-heading ult-responsive\"  data-ultimate-target='.uvc-heading.ultimate-heading-600869e389d964516 h3'  data-responsive-json-new='{\"font-size\":\"\",\"line-height\":\"\"}' ><h3 style=\"font-weight:normal;margin-bottom:30px;\">The gutters are available at VPEB GREENHOUSE<\/h3><\/div><\/div>[\/vc_column][\/vc_row][vc_row][vc_column width=&#8221;1\/3&#8243;][vc_single_image image=&#8221;2278&#8243; img_size=&#8221;full&#8221; css_animation=&#8221;fadeInDown&#8221; lazy_loading=&#8221;true&#8221;]<div id=\"ultimate-heading-56669e389d964543\" class=\"uvc-heading ult-adjust-bottom-margin ultimate-heading-56669e389d964543 uvc-3388 \" data-hspacer=\"line_only\"  data-halign=\"left\" style=\"text-align:left\"><div class=\"uvc-main-heading ult-responsive\"  data-ultimate-target='.uvc-heading.ultimate-heading-56669e389d964543 h2'  data-responsive-json-new='{\"font-size\":\"desktop:25px;tablet_portrait:20px;\",\"line-height\":\"desktop:45px;\"}' ><h2 style=\"font-family:&#039;Open Sans&#039;;font-weight:normal;\">Gutter suffering 500<\/h2><\/div><div class=\"uvc-heading-spacer line_only\" style=\"topheight:1px;\"><span class=\"uvc-headings-line\" style=\"border-style:solid;border-bottom-width:1px;border-color:#1e73be;width:100px;\"><\/span><\/div><\/div>[vc_column_text]<\/p>\n<ul>\n<li>Material: Zinc-coated<\/li>\n<li>Thickness: 1 mm<\/li>\n<li>Made in Viet Nam<\/li>\n<li>Production unit: VPEB GREENHOUSE<\/li>\n<li>The gutters are available at VPEB GREENHOUSE<\/li>\n<\/ul>\n<p>[\/vc_column_text][\/vc_column][vc_column width=&#8221;1\/3&#8243;][vc_single_image image=&#8221;2278&#8243; img_size=&#8221;full&#8221; css_animation=&#8221;fadeInDown&#8221; lazy_loading=&#8221;true&#8221;]<div id=\"ultimate-heading-345069e389d964587\" class=\"uvc-heading ult-adjust-bottom-margin ultimate-heading-345069e389d964587 uvc-9907 \" data-hspacer=\"line_only\"  data-halign=\"left\" style=\"text-align:left\"><div class=\"uvc-main-heading ult-responsive\"  data-ultimate-target='.uvc-heading.ultimate-heading-345069e389d964587 h2'  data-responsive-json-new='{\"font-size\":\"desktop:25px;tablet_portrait:20px;\",\"line-height\":\"desktop:45px;\"}' ><h2 style=\"font-family:&#039;Open Sans&#039;;font-weight:normal;\">Gutter suffering 450<\/h2><\/div><div class=\"uvc-heading-spacer line_only\" style=\"topheight:1px;\"><span class=\"uvc-headings-line\" style=\"border-style:solid;border-bottom-width:1px;border-color:#1e73be;width:100px;\"><\/span><\/div><\/div>[vc_column_text]<\/p>\n<ul>\n<li>Material: Zinc-coated<\/li>\n<li>Thickness: 1 mm<\/li>\n<li>Made in Viet Nam<\/li>\n<li>Production unit: VPEB GREENHOUSE<\/li>\n<\/ul>\n<p>[\/vc_column_text][\/vc_column][vc_column width=&#8221;1\/3&#8243;][vc_single_image image=&#8221;2270&#8243; img_size=&#8221;medium&#8221; css_animation=&#8221;fadeInDown&#8221; lazy_loading=&#8221;true&#8221;]<div id=\"ultimate-heading-285869e389d9645b5\" class=\"uvc-heading ult-adjust-bottom-margin ultimate-heading-285869e389d9645b5 uvc-8611 \" data-hspacer=\"line_only\"  data-halign=\"left\" style=\"text-align:left\"><div class=\"uvc-main-heading ult-responsive\"  data-ultimate-target='.uvc-heading.ultimate-heading-285869e389d9645b5 h2'  data-responsive-json-new='{\"font-size\":\"desktop:25px;tablet_portrait:20px;\",\"line-height\":\"desktop:45px;\"}' ><h2 style=\"font-family:&#039;Open Sans&#039;;font-weight:normal;\">Downspout 500<\/h2><\/div><div class=\"uvc-heading-spacer line_only\" style=\"topheight:1px;\"><span class=\"uvc-headings-line\" style=\"border-style:solid;border-bottom-width:1px;border-color:#1e73be;width:100px;\"><\/span><\/div><\/div>[vc_column_text]<\/p>\n<ul>\n<li>Material: Zinc-coated<\/li>\n<li>Thickness: 1 mm<\/li>\n<li>Made in Viet Nam<\/li>\n<li>Production unit: VPEB GREENHOUSE<\/li>\n<\/ul>\n<p>[\/vc_column_text][\/vc_column][\/vc_row][vc_row][vc_column width=&#8221;1\/3&#8243;][vc_single_image image=&#8221;2270&#8243; img_size=&#8221;medium&#8221; lazy_loading=&#8221;true&#8221;]<div id=\"ultimate-heading-973269e389d964638\" class=\"uvc-heading ult-adjust-bottom-margin ultimate-heading-973269e389d964638 uvc-1224 \" data-hspacer=\"line_only\"  data-halign=\"left\" style=\"text-align:left\"><div class=\"uvc-main-heading ult-responsive\"  data-ultimate-target='.uvc-heading.ultimate-heading-973269e389d964638 h2'  data-responsive-json-new='{\"font-size\":\"desktop:25px;tablet_portrait:20px;\",\"line-height\":\"desktop:45px;\"}' ><h2 style=\"font-family:&#039;Open Sans&#039;;font-weight:normal;\">Downspout 450<\/h2><\/div><div class=\"uvc-heading-spacer line_only\" style=\"topheight:1px;\"><span class=\"uvc-headings-line\" style=\"border-style:solid;border-bottom-width:1px;border-color:#1e73be;width:100px;\"><\/span><\/div><\/div>[vc_column_text]<\/p>\n<ul>\n<li>Material: Zinc-coated<\/li>\n<li>Thickness: 1 mm<\/li>\n<li>Made in Viet Nam<\/li>\n<li>Production unit: VPEB GREENHOUSE<\/li>\n<\/ul>\n<p>[\/vc_column_text][\/vc_column][vc_column width=&#8221;1\/3&#8243;][vc_single_image image=&#8221;2270&#8243; img_size=&#8221;medium&#8221; lazy_loading=&#8221;true&#8221;]<div id=\"ultimate-heading-630769e389d96466c\" class=\"uvc-heading ult-adjust-bottom-margin ultimate-heading-630769e389d96466c uvc-1199 \" data-hspacer=\"line_only\"  data-halign=\"left\" style=\"text-align:left\"><div class=\"uvc-main-heading ult-responsive\"  data-ultimate-target='.uvc-heading.ultimate-heading-630769e389d96466c h2'  data-responsive-json-new='{\"font-size\":\"desktop:25px;tablet_portrait:20px;\",\"line-height\":\"desktop:45px;\"}' ><h2 style=\"font-family:&#039;Open Sans&#039;;font-weight:normal;\">End cap 500<\/h2><\/div><div class=\"uvc-heading-spacer line_only\" style=\"topheight:1px;\"><span class=\"uvc-headings-line\" style=\"border-style:solid;border-bottom-width:1px;border-color:#1e73be;width:100px;\"><\/span><\/div><\/div>[vc_column_text]<\/p>\n<ul>\n<li>Material: Zinc-coated<\/li>\n<li>Thickness: 1 mm<\/li>\n<li>Made in Viet Nam<\/li>\n<li>Production unit: VPEB GREENHOUSE<\/li>\n<\/ul>\n<p>[\/vc_column_text][\/vc_column][vc_column width=&#8221;1\/3&#8243;][vc_single_image image=&#8221;2270&#8243; img_size=&#8221;medium&#8221; lazy_loading=&#8221;true&#8221;]<div id=\"ultimate-heading-203369e389d964696\" class=\"uvc-heading ult-adjust-bottom-margin ultimate-heading-203369e389d964696 uvc-9611 \" data-hspacer=\"line_only\"  data-halign=\"left\" style=\"text-align:left\"><div class=\"uvc-main-heading ult-responsive\"  data-ultimate-target='.uvc-heading.ultimate-heading-203369e389d964696 h2'  data-responsive-json-new='{\"font-size\":\"desktop:25px;tablet_portrait:20px;\",\"line-height\":\"desktop:45px;\"}' ><h2 style=\"font-family:&#039;Open Sans&#039;;font-weight:normal;\">End cap 450<\/h2><\/div><div class=\"uvc-heading-spacer line_only\" style=\"topheight:1px;\"><span class=\"uvc-headings-line\" style=\"border-style:solid;border-bottom-width:1px;border-color:#1e73be;width:100px;\"><\/span><\/div><\/div>[vc_column_text]<\/p>\n<ul>\n<li>Material: Zinc-coated<\/li>\n<li>Thickness: 1 mm<\/li>\n<li>Made in Viet Nam<\/li>\n<li>Production unit: VPEB GREENHOUSE<\/li>\n<\/ul>\n<p>[\/vc_column_text][\/vc_column][\/vc_row][vc_row][vc_column][vc_separator][\/vc_column][\/vc_row][vc_row bg_type=&#8221;image&#8221; parallax_style=&#8221;vcpb-default&#8221; bg_image_new=&#8221;id^2231|url^http:\/\/vpebgreenhouse.com\/wp-content\/uploads\/2016\/01\/banner-nha-kinh-vpeb-greenhouse.jpg|caption^null|alt^null|title^banner-nha-kinh-vpeb-greenhouse|description^null&#8221; bg_override=&#8221;full&#8221; css=&#8221;.vc_custom_1505479442342{padding-top: 50px !important;padding-bottom: 50px !important;}&#8221;][vc_column]<div id=\"ultimate-heading-608069e389d9646c7\" class=\"uvc-heading ult-adjust-bottom-margin ultimate-heading-608069e389d9646c7 uvc-1439 \" data-hspacer=\"no_spacer\"  data-halign=\"center\" style=\"text-align:center\"><div class=\"uvc-heading-spacer no_spacer\" style=\"top\"><\/div><div class=\"uvc-main-heading ult-responsive\"  data-ultimate-target='.uvc-heading.ultimate-heading-608069e389d9646c7 h2'  data-responsive-json-new='{\"font-size\":\"desktop:30px;tablet_portrait:30px;\",\"line-height\":\"desktop:35px;tablet_portrait:26px;\"}' ><h2 style=\"font-family:&#039;Open Sans Condensed&#039;;font-weight:700;color:#ffffff;margin-bottom:10px;\">VPEB GREENHOUSE CONTACT!<\/h2><\/div><div class=\"uvc-sub-heading ult-responsive\"  data-ultimate-target='.uvc-heading.ultimate-heading-608069e389d9646c7 .uvc-sub-heading '  data-responsive-json-new='{\"font-size\":\"desktop:40px;tablet_portrait:40px;\",\"line-height\":\"desktop:50px;tablet_portrait:46px;\"}'  style=\"font-family:&#039;Open Sans Condensed&#039;;font-weight:700;color:#ffffff;\">Hotline: 0934108899<\/div><\/div><div id=\"ultimate-heading-227769e389d964712\" class=\"uvc-heading ult-adjust-bottom-margin ultimate-heading-227769e389d964712 uvc-1463 \" data-hspacer=\"no_spacer\"  data-halign=\"center\" style=\"text-align:center\"><div class=\"uvc-heading-spacer no_spacer\" style=\"top\"><\/div><div class=\"uvc-sub-heading ult-responsive\"  data-ultimate-target='.uvc-heading.ultimate-heading-227769e389d964712 .uvc-sub-heading '  data-responsive-json-new='{\"font-size\":\"desktop:25px;tablet_portrait:20px;\",\"line-height\":\"desktop:30px;tablet_portrait:30px;\"}'  style=\"font-family:&#039;Open Sans Condensed&#039;;font-weight:700;color:#ffffff;margin-top:10px;\">Head office in Ho Chi Minh: 4, D5 Street, Nam Long Area, Phuoc Long B Ward, District 9, HCMC<\/p>\n<p>Office in Da Lat: 322, Hai Ba Trung Street, Ward 6, Da Lat City, Lam Dong.<\/div><\/div><div class=\"btn-align-center\"><a href=\"\/contact\" class=\"default-btn-shortcode dt-btn dt-btn-l  vc_custom_1525756055572\" id=\"default-btn-2\" style=\"width:400px;\"><span>Send request<\/span><\/a><\/div>[\/vc_column][\/vc_row]<\/p>","protected":false},"excerpt":{"rendered":"<p>[vc_row][vc_column][vc_column_text]Good gutters will protect crops because the gutters prevent rainwater from the outside to enter the greenhouse. Therefore, the gutter must be sure to bear the weight of the water. And use a gutter avoid landslide, extending greenhouse life. Pay attention to the following elements when choosing the gutters:[\/vc_column_text][\/vc_column][\/vc_row][vc_row][vc_column width=&#8221;1\/2&#8243;][\/vc_column][vc_column width=&#8221;1\/2&#8243;][vc_single_image image=&#8221;2270&#8243; img_size=&#8221;full&#8221;][\/vc_column][\/vc_row][vc_row][vc_column][vc_row_inner][vc_column_inner][\/vc_column_inner][\/vc_row_inner][vc_separator][\/vc_column][\/vc_row][vc_row][vc_column width=&#8221;1\/3&#8243;][vc_single_image image=&#8221;2278&#8243;&hellip;<\/p>\n","protected":false},"author":1,"featured_media":0,"parent":0,"menu_order":0,"comment_status":"closed","ping_status":"closed","template":"","meta":[],"class_list":["post-2265","page","type-page","status-publish","hentry","description-off"],"yoast_head":"<!-- This site is optimized with the Yoast SEO plugin v23.8 - https:\/\/yoast.com\/wordpress\/plugins\/seo\/ -->\n<title>S\u1ea3n xu\u1ea5t c\u00e1c lo\u1ea1i M\u00e1ng x\u1ed1i nh\u00e0 k\u00ednh n\u00f4ng nghi\u1ec7p c\u00f4ng ngh\u1ec7 cao<\/title>\n<meta name=\"robots\" content=\"index, follow, max-snippet:-1, max-image-preview:large, max-video-preview:-1\" \/>\n<link rel=\"canonical\" href=\"https:\/\/vpebgreenhouse.com\/mang-xoi-mang-nuoc\/\" \/>\n<meta property=\"og:locale\" content=\"en_US\" \/>\n<meta property=\"og:type\" content=\"article\" \/>\n<meta property=\"og:title\" content=\"S\u1ea3n xu\u1ea5t c\u00e1c lo\u1ea1i M\u00e1ng x\u1ed1i nh\u00e0 k\u00ednh n\u00f4ng nghi\u1ec7p c\u00f4ng ngh\u1ec7 cao\" \/>\n<meta property=\"og:description\" content=\"[vc_row][vc_column][vc_column_text]Good gutters will protect crops because the gutters prevent rainwater from the outside to enter the greenhouse. Therefore, the gutter must be sure to bear the weight of the water. And use a gutter avoid landslide, extending greenhouse life. Pay attention to the following elements when choosing the gutters:[\/vc_column_text][\/vc_column][\/vc_row][vc_row][vc_column width=&#8221;1\/2&#8243;][\/vc_column][vc_column width=&#8221;1\/2&#8243;][vc_single_image image=&#8221;2270&#8243; img_size=&#8221;full&#8221;][\/vc_column][\/vc_row][vc_row][vc_column][vc_row_inner][vc_column_inner][\/vc_column_inner][\/vc_row_inner][vc_separator][\/vc_column][\/vc_row][vc_row][vc_column width=&#8221;1\/3&#8243;][vc_single_image image=&#8221;2278&#8243;&hellip;\" \/>\n<meta property=\"og:url\" content=\"https:\/\/vpebgreenhouse.com\/mang-xoi-mang-nuoc\/\" \/>\n<meta property=\"og:site_name\" content=\"NH\u00c0 M\u00c0NG, NH\u00c0 K\u00cdNH N\u00d4NG NGHI\u1ec6P C\u00d4NG NGH\u1ec6 CAO\" \/>\n<meta property=\"article:modified_time\" content=\"2020-06-10T10:16:40+00:00\" \/>\n<meta name=\"twitter:card\" content=\"summary_large_image\" \/>\n<meta name=\"twitter:label1\" content=\"Est. reading time\" \/>\n\t<meta name=\"twitter:data1\" content=\"16 minutes\" \/>\n<script type=\"application\/ld+json\" class=\"yoast-schema-graph\">{\"@context\":\"https:\/\/schema.org\",\"@graph\":[{\"@type\":\"WebPage\",\"@id\":\"https:\/\/vpebgreenhouse.com\/mang-xoi-mang-nuoc\/\",\"url\":\"https:\/\/vpebgreenhouse.com\/mang-xoi-mang-nuoc\/\",\"name\":\"S\u1ea3n xu\u1ea5t c\u00e1c lo\u1ea1i M\u00e1ng x\u1ed1i nh\u00e0 k\u00ednh n\u00f4ng nghi\u1ec7p c\u00f4ng ngh\u1ec7 cao\",\"isPartOf\":{\"@id\":\"http:\/\/vpebgreenhouse.com\/en\/#website\"},\"datePublished\":\"2017-09-15T13:12:32+00:00\",\"dateModified\":\"2020-06-10T10:16:40+00:00\",\"breadcrumb\":{\"@id\":\"https:\/\/vpebgreenhouse.com\/mang-xoi-mang-nuoc\/#breadcrumb\"},\"inLanguage\":\"en-US\",\"potentialAction\":[{\"@type\":\"ReadAction\",\"target\":[\"https:\/\/vpebgreenhouse.com\/mang-xoi-mang-nuoc\/\"]}]},{\"@type\":\"BreadcrumbList\",\"@id\":\"https:\/\/vpebgreenhouse.com\/mang-xoi-mang-nuoc\/#breadcrumb\",\"itemListElement\":[{\"@type\":\"ListItem\",\"position\":1,\"name\":\"Home\",\"item\":\"http:\/\/vpebgreenhouse.com\/en\/\"},{\"@type\":\"ListItem\",\"position\":2,\"name\":\"M\u00e1ng x\u1ed1i (M\u00e1ng n\u01b0\u1edbc) nh\u00e0 k\u00ednh n\u00f4ng nghi\u1ec7p\"}]},{\"@type\":\"WebSite\",\"@id\":\"http:\/\/vpebgreenhouse.com\/en\/#website\",\"url\":\"http:\/\/vpebgreenhouse.com\/en\/\",\"name\":\"NH\u00c0 M\u00c0NG, NH\u00c0 K\u00cdNH N\u00d4NG NGHI\u1ec6P C\u00d4NG NGH\u1ec6 CAO\",\"description\":\"VPEB GREENHOUSE\",\"potentialAction\":[{\"@type\":\"SearchAction\",\"target\":{\"@type\":\"EntryPoint\",\"urlTemplate\":\"http:\/\/vpebgreenhouse.com\/en\/?s={search_term_string}\"},\"query-input\":{\"@type\":\"PropertyValueSpecification\",\"valueRequired\":true,\"valueName\":\"search_term_string\"}}],\"inLanguage\":\"en-US\"}]}<\/script>\n<!-- \/ Yoast SEO plugin. -->","yoast_head_json":{"title":"S\u1ea3n xu\u1ea5t c\u00e1c lo\u1ea1i M\u00e1ng x\u1ed1i nh\u00e0 k\u00ednh n\u00f4ng nghi\u1ec7p c\u00f4ng ngh\u1ec7 cao","robots":{"index":"index","follow":"follow","max-snippet":"max-snippet:-1","max-image-preview":"max-image-preview:large","max-video-preview":"max-video-preview:-1"},"canonical":"https:\/\/vpebgreenhouse.com\/mang-xoi-mang-nuoc\/","og_locale":"en_US","og_type":"article","og_title":"S\u1ea3n xu\u1ea5t c\u00e1c lo\u1ea1i M\u00e1ng x\u1ed1i nh\u00e0 k\u00ednh n\u00f4ng nghi\u1ec7p c\u00f4ng ngh\u1ec7 cao","og_description":"[vc_row][vc_column][vc_column_text]Good gutters will protect crops because the gutters prevent rainwater from the outside to enter the greenhouse. Therefore, the gutter must be sure to bear the weight of the water. And use a gutter avoid landslide, extending greenhouse life. Pay attention to the following elements when choosing the gutters:[\/vc_column_text][\/vc_column][\/vc_row][vc_row][vc_column width=&#8221;1\/2&#8243;][\/vc_column][vc_column width=&#8221;1\/2&#8243;][vc_single_image image=&#8221;2270&#8243; img_size=&#8221;full&#8221;][\/vc_column][\/vc_row][vc_row][vc_column][vc_row_inner][vc_column_inner][\/vc_column_inner][\/vc_row_inner][vc_separator][\/vc_column][\/vc_row][vc_row][vc_column width=&#8221;1\/3&#8243;][vc_single_image image=&#8221;2278&#8243;&hellip;","og_url":"https:\/\/vpebgreenhouse.com\/mang-xoi-mang-nuoc\/","og_site_name":"NH\u00c0 M\u00c0NG, NH\u00c0 K\u00cdNH N\u00d4NG NGHI\u1ec6P C\u00d4NG NGH\u1ec6 CAO","article_modified_time":"2020-06-10T10:16:40+00:00","twitter_card":"summary_large_image","twitter_misc":{"Est. reading time":"16 minutes"},"schema":{"@context":"https:\/\/schema.org","@graph":[{"@type":"WebPage","@id":"https:\/\/vpebgreenhouse.com\/mang-xoi-mang-nuoc\/","url":"https:\/\/vpebgreenhouse.com\/mang-xoi-mang-nuoc\/","name":"S\u1ea3n xu\u1ea5t c\u00e1c lo\u1ea1i M\u00e1ng x\u1ed1i nh\u00e0 k\u00ednh n\u00f4ng nghi\u1ec7p c\u00f4ng ngh\u1ec7 cao","isPartOf":{"@id":"http:\/\/vpebgreenhouse.com\/en\/#website"},"datePublished":"2017-09-15T13:12:32+00:00","dateModified":"2020-06-10T10:16:40+00:00","breadcrumb":{"@id":"https:\/\/vpebgreenhouse.com\/mang-xoi-mang-nuoc\/#breadcrumb"},"inLanguage":"en-US","potentialAction":[{"@type":"ReadAction","target":["https:\/\/vpebgreenhouse.com\/mang-xoi-mang-nuoc\/"]}]},{"@type":"BreadcrumbList","@id":"https:\/\/vpebgreenhouse.com\/mang-xoi-mang-nuoc\/#breadcrumb","itemListElement":[{"@type":"ListItem","position":1,"name":"Home","item":"http:\/\/vpebgreenhouse.com\/en\/"},{"@type":"ListItem","position":2,"name":"M\u00e1ng x\u1ed1i (M\u00e1ng n\u01b0\u1edbc) nh\u00e0 k\u00ednh n\u00f4ng nghi\u1ec7p"}]},{"@type":"WebSite","@id":"http:\/\/vpebgreenhouse.com\/en\/#website","url":"http:\/\/vpebgreenhouse.com\/en\/","name":"NH\u00c0 M\u00c0NG, NH\u00c0 K\u00cdNH N\u00d4NG NGHI\u1ec6P C\u00d4NG NGH\u1ec6 CAO","description":"VPEB GREENHOUSE","potentialAction":[{"@type":"SearchAction","target":{"@type":"EntryPoint","urlTemplate":"http:\/\/vpebgreenhouse.com\/en\/?s={search_term_string}"},"query-input":{"@type":"PropertyValueSpecification","valueRequired":true,"valueName":"search_term_string"}}],"inLanguage":"en-US"}]}},"_links":{"self":[{"href":"http:\/\/vpebgreenhouse.com\/en\/wp-json\/wp\/v2\/pages\/2265","targetHints":{"allow":["GET"]}}],"collection":[{"href":"http:\/\/vpebgreenhouse.com\/en\/wp-json\/wp\/v2\/pages"}],"about":[{"href":"http:\/\/vpebgreenhouse.com\/en\/wp-json\/wp\/v2\/types\/page"}],"author":[{"embeddable":true,"href":"http:\/\/vpebgreenhouse.com\/en\/wp-json\/wp\/v2\/users\/1"}],"replies":[{"embeddable":true,"href":"http:\/\/vpebgreenhouse.com\/en\/wp-json\/wp\/v2\/comments?post=2265"}],"version-history":[{"count":19,"href":"http:\/\/vpebgreenhouse.com\/en\/wp-json\/wp\/v2\/pages\/2265\/revisions"}],"predecessor-version":[{"id":3179,"href":"http:\/\/vpebgreenhouse.com\/en\/wp-json\/wp\/v2\/pages\/2265\/revisions\/3179"}],"wp:attachment":[{"href":"http:\/\/vpebgreenhouse.com\/en\/wp-json\/wp\/v2\/media?parent=2265"}],"curies":[{"name":"wp","href":"https:\/\/api.w.org\/{rel}","templated":true}]}}