{"id":2198,"date":"2017-09-14T10:03:20","date_gmt":"2017-09-14T10:03:20","guid":{"rendered":"http:\/\/vpebgreenhouse.com\/?page_id=2198"},"modified":"2020-06-10T10:15:41","modified_gmt":"2020-06-10T10:15:41","slug":"mang-phu-nha-kinh","status":"publish","type":"page","link":"http:\/\/vpebgreenhouse.com\/en\/mang-phu-nha-kinh\/","title":{"rendered":"Imported greenhouse cover film 2018"},"content":{"rendered":"<p>[vc_row][vc_column][vc_row_inner][vc_column_inner]<div id=\"ultimate-heading-91556a00c33f09af7\" class=\"uvc-heading ult-adjust-bottom-margin ultimate-heading-91556a00c33f09af7 uvc-3820 \" data-hspacer=\"no_spacer\"  data-halign=\"left\" style=\"text-align:left\"><div class=\"uvc-heading-spacer no_spacer\" style=\"top\"><\/div><div class=\"uvc-main-heading ult-responsive\"  data-ultimate-target='.uvc-heading.ultimate-heading-91556a00c33f09af7 h2'  data-responsive-json-new='{\"font-size\":\"desktop:35px;\",\"line-height\":\"desktop:45px;\"}' ><h2 style=\"font-weight:normal;\">Greenhouse cover film<\/h2><\/div><\/div>[vc_column_text]Greenhouse cover film need to be provided by the prestigious brands and its quality will be guaranteed.<\/p>\n<p>Besides many factors such as the rational location, the certainty of steel farming, Greenhouse cover film must also be carefully selected to suit the needs and the purpose of using. There are many types of Greenhouse cover film on the market including imported films from Israel, Belgium, Japan, Korea and, cover films are made in Vietnam. Not only diverse in types, greenhouse cover film also diverse in terms of price, the price of cover film influenced quality and longevity. Therefore, greenhouse cover film should be carefully considered.[\/vc_column_text]<div id=\"ultimate-heading-9926a00c33f09b20\" class=\"uvc-heading ult-adjust-bottom-margin ultimate-heading-9926a00c33f09b20 uvc-771 \" data-hspacer=\"no_spacer\"  data-halign=\"center\" style=\"text-align:center\"><div class=\"uvc-heading-spacer no_spacer\" style=\"top\"><\/div><div class=\"uvc-main-heading ult-responsive\"  data-ultimate-target='.uvc-heading.ultimate-heading-9926a00c33f09b20 h3'  data-responsive-json-new='{\"font-size\":\"\",\"line-height\":\"\"}' ><h3 style=\"font-weight:normal;\">Some tips for you when you choose cover film:<\/h3><\/div><\/div>[vc_message color=&#8221;info&#8221; message_box_style=&#8221;3d&#8221;]<\/p>\n<ol>\n<li><strong>Choose the longevity cover type.<\/strong><\/li>\n<\/ol>\n<p>To save the costs in building, an affordable cover film which is suited with the investor budget will be selected. This affects the quality of the product. You should think about you must replace the cover greenhouse earlier than planned (because of quality). This is unexpected and the cost of replacing does not save. So if you choose a reputable manufacturer or a reputable supplier, the cover film life is increased, you will not have to spend cost for replacing it. You should consider between the price and the quality.[\/vc_message][vc_message color=&#8221;info&#8221; message_box_style=&#8221;3d&#8221;]<strong>2.\u00a0Choose the type of cover film that suits for your plants.<\/strong><\/p>\n<p>Plants react well under diffuse light. Cover film always given this, it supports plants for growing fastest and healthy. If the cover is kind of low light diffusion, the heat inside the greenhouse will be increased faster. And if it is the high light diffused greenhouse cover, the temperature inside the greenhouse will not be hotter. So when using the low light diffused greenhouse cover, ventilation measures must be used.[\/vc_message][vc_message color=&#8221;info&#8221; message_box_style=&#8221;3d&#8221;]<strong>3. Consider the climate .<\/strong><span style=\"font-weight: 400;\"><br \/>\n<\/span>If the weather is cool investors should pay attention to moisture and precipitation, waterproofing membranes will be the best choice. This affects the yields. If the area is hot the high light diffused greenhouse cover must use type, the heat inside the greenhouse do not pass limits of crops, especially summer.[\/vc_message][vc_message color=&#8221;info&#8221; message_box_style=&#8221;3d&#8221;]<strong>4. Choose a reputable supplier.<\/strong><\/p>\n<p>VPEB GREENHOUSE is proud to be a reputable supplier the imported greenhouse films, when using the product are provided by leading brands in the high tech agriculture around the global, the investor will not worry about the quality of products. Competitive price for agricultural development of our country.[\/vc_message][\/vc_column_inner][\/vc_row_inner][\/vc_column][\/vc_row][vc_row][vc_column][vc_single_image image=&#8221;2081&#8243; img_size=&#8221;full&#8221; alignment=&#8221;center&#8221;][\/vc_column][\/vc_row][vc_row][vc_column][vc_separator][\/vc_column][\/vc_row][vc_row][vc_column width=&#8221;1\/4&#8243;]<div id=\"ultimate-heading-96466a00c33f09b3e\" class=\"uvc-heading ult-adjust-bottom-margin ultimate-heading-96466a00c33f09b3e uvc-5927 \" data-hspacer=\"no_spacer\"  data-halign=\"left\" style=\"text-align:left\"><div class=\"uvc-heading-spacer no_spacer\" style=\"top\"><\/div><div class=\"uvc-main-heading ult-responsive\"  data-ultimate-target='.uvc-heading.ultimate-heading-96466a00c33f09b3e h2'  data-responsive-json-new='{\"font-size\":\"desktop:35px;\",\"line-height\":\"desktop:45px;\"}' ><h2 style=\"font-weight:normal;\">Partners provide cover film<\/h2><\/div><\/div>[vc_column_text]Quality is a prerequisite that VPEB GREENHOUSE always towards,<\/p>\n<p>To get the best cover, VPEB GREENHOUSE has selected partners specializing in providing the standard cover films from Europe and Israel.[\/vc_column_text][\/vc_column][vc_column width=&#8221;1\/4&#8243;]\n<div id=\"interactive-banner-1-wrap-5845\" class=\"ult-banner-block ult-adjust-bottom-margin ult-bb-none  banner-style13 \"   style=\"\">\n\t<img decoding=\"async\" src=\"http:\/\/vpebgreenhouse.com\/wp-content\/uploads\/2017\/09\/Ginegar-Plastics-VPEB-GREENHOUSE.png\" alt=\"M\u00e0ng ph\u1ee7 nh\u00e0 k\u00ednh Ginegar Plastics\">\n\t<h3  data-ultimate-target='#interactive-banner-1-wrap-5845 .bb-top-title '  data-responsive-json-new='{\"font-size\":\"\",\"line-height\":\"\"}'  class=\"title-center bb-top-title ult-responsive\" style=\"font-weight:normal;background:#1e73be;color:#ffffff;\">Greenhouse cover film 5-layers are imported from Ginegar Plastic\/ Israel<\/h3>\n\t<div class=\"mask opaque-background\" style=\"background:rgba(0,0,0,0.5);\">\n\t\t<div  data-ultimate-target='#interactive-banner-1-wrap-5845 .bb-description'  data-responsive-json-new='{\"font-size\":\"\",\"line-height\":\"\"}'  class=\"bb-description ult-responsive\" style=\"font-weight:normal;color:#ffffff;\">Greenhouse cover film 5-layers are imported from Ginegar Plastic\/ Israel<\/div>\n\t<\/div>\n<\/div>[\/vc_column][vc_column width=&#8221;1\/4&#8243;]\n<div id=\"interactive-banner-1-wrap-6570\" class=\"ult-banner-block ult-adjust-bottom-margin ult-bb-none  banner-style13 \"   style=\"\">\n\t<img decoding=\"async\" src=\"http:\/\/vpebgreenhouse.com\/wp-content\/uploads\/2017\/09\/Mang-che-phu-Hyplast.png\" alt=\"M\u00e0ng che ph\u1ee7 Hyplast c\u00f4ng ngh\u1ec7 ch\u00e2u \u00e2u\">\n\t<h3  data-ultimate-target='#interactive-banner-1-wrap-6570 .bb-top-title '  data-responsive-json-new='{\"font-size\":\"\",\"line-height\":\"\"}'  class=\"title-center bb-top-title ult-responsive\" style=\"font-weight:normal;background:#1e73be;color:#ffffff;\">Hyplast is a greenhouse cover film brand from Belgium with European technology<\/h3>\n\t<div class=\"mask opaque-background\" style=\"background:rgba(0,0,0,0.5);\">\n\t\t<div  data-ultimate-target='#interactive-banner-1-wrap-6570 .bb-description'  data-responsive-json-new='{\"font-size\":\"\",\"line-height\":\"\"}'  class=\"bb-description ult-responsive\" style=\"font-weight:normal;color:#ffffff;\">Hyplast is a greenhouse cover film brand from Belgium with European technology<\/div>\n\t<\/div>\n<\/div>[\/vc_column][vc_column width=&#8221;1\/4&#8243;]\n<div id=\"interactive-banner-1-wrap-9906\" class=\"ult-banner-block ult-adjust-bottom-margin ult-bb-none  banner-style13 \"   style=\"\">\n\t<img decoding=\"async\" src=\"http:\/\/vpebgreenhouse.com\/wp-content\/uploads\/2017\/09\/Mang-che-phu-Apollo-Han-Quoc.png\" alt=\"M\u00e0ng che ph\u1ee7 nh\u00e0 k\u00ednh Apollo\">\n\t<h3  data-ultimate-target='#interactive-banner-1-wrap-9906 .bb-top-title '  data-responsive-json-new='{\"font-size\":\"\",\"line-height\":\"\"}'  class=\"title-center bb-top-title ult-responsive\" style=\"font-weight:normal;background:#1e73be;color:#ffffff;\">Apollo - greenhouse cover is produced with advanced technology and imported from Korea<\/h3>\n\t<div class=\"mask opaque-background\" style=\"background:rgba(0,0,0,0.5);\">\n\t\t<div  data-ultimate-target='#interactive-banner-1-wrap-9906 .bb-description'  data-responsive-json-new='{\"font-size\":\"\",\"line-height\":\"\"}'  class=\"bb-description ult-responsive\" style=\"font-weight:normal;color:#ffffff;\">Apollo - greenhouse cover is produced with advanced technology and imported from Korea<\/div>\n\t<\/div>\n<\/div>[\/vc_column][\/vc_row][vc_row][vc_column][vc_separator][\/vc_column][\/vc_row][vc_row css=&#8221;.vc_custom_1505479808028{margin-bottom: 50px !important;}&#8221;][vc_column]<div class=\"wf-container dt-gallery-container dt-photos-shortcode loading-effect-move-up iso-container\" data-padding=\"20px\" data-cur-page=\"1\" data-width=\"0px\" data-columns=\"4\"><div class=\"wf-cell iso-item\" data-post-id=\"2222\" data-date=\"2017-09-14T22:39:27+00:00\" data-name=\"M\u00e0ng ph\u1ee7 nh\u00e0 k\u00ednh n\u00f4ng nghi\u1ec7p\">\n<article class=\"post post-2222 attachment type-attachment status-inherit hentry no-img description-off\">\n\n\t<figure class=\"rollover-project links-hovers-disabled\">\n\t<a href=\"http:\/\/vpebgreenhouse.com\/wp-content\/uploads\/2017\/09\/Mang-phu-nha-kinh-vpeb-greenhouse.jpg\" class=\"rollover rollover-zoom dt-pswp-item layzr-bg\" title=\"M\u00e0ng ph\u1ee7 nh\u00e0 k\u00ednh n\u00f4ng nghi\u1ec7p\" data-dt-img-description=\"M\u00e0ng ph\u1ee7 nh\u00e0 k\u00ednh n\u00f4ng nghi\u1ec7p\"  data-large_image_width=\"800\" data-large_image_height = \"600\" ><img loading=\"lazy\" decoding=\"async\" class=\"iso-lazy-load preload-me\" src=\"data:image\/svg+xml,%3Csvg%20xmlns%3D&#39;http%3A%2F%2Fwww.w3.org%2F2000%2Fsvg&#39;%20viewBox%3D&#39;0%200%20800%20600&#39;%2F%3E\" data-src=\"http:\/\/vpebgreenhouse.com\/wp-content\/uploads\/2017\/09\/Mang-phu-nha-kinh-vpeb-greenhouse.jpg\" data-srcset=\"http:\/\/vpebgreenhouse.com\/wp-content\/uploads\/2017\/09\/Mang-phu-nha-kinh-vpeb-greenhouse.jpg 800w\" alt=\"M\u00e0ng ph\u1ee7 nh\u00e0 k\u00ednh n\u00f4ng nghi\u1ec7p\" width=\"800\" height=\"600\"  \/><\/a>\t<\/figure>\n<\/article>\n\n<\/div><div class=\"wf-cell iso-item\" data-post-id=\"2223\" data-date=\"2017-09-14T22:43:12+00:00\" data-name=\"M\u00e0ng ph\u1ee7 nh\u00e0 k\u00ednh\">\n<article class=\"post post-2223 attachment type-attachment status-inherit hentry no-img description-off\">\n\n\t<figure class=\"rollover-project links-hovers-disabled\">\n\t<a href=\"http:\/\/vpebgreenhouse.com\/wp-content\/uploads\/2017\/09\/Mang-phu-nha-kinh-cong-nghe-cao.jpg\" class=\"rollover rollover-zoom dt-pswp-item layzr-bg\" title=\"M\u00e0ng ph\u1ee7 nh\u00e0 k\u00ednh\" data-dt-img-description=\"M\u00e0ng ph\u1ee7 nh\u00e0 k\u00ednh\"  data-large_image_width=\"800\" data-large_image_height = \"600\" ><img loading=\"lazy\" decoding=\"async\" class=\"iso-lazy-load preload-me\" src=\"data:image\/svg+xml,%3Csvg%20xmlns%3D&#39;http%3A%2F%2Fwww.w3.org%2F2000%2Fsvg&#39;%20viewBox%3D&#39;0%200%20800%20600&#39;%2F%3E\" data-src=\"http:\/\/vpebgreenhouse.com\/wp-content\/uploads\/2017\/09\/Mang-phu-nha-kinh-cong-nghe-cao.jpg\" data-srcset=\"http:\/\/vpebgreenhouse.com\/wp-content\/uploads\/2017\/09\/Mang-phu-nha-kinh-cong-nghe-cao.jpg 800w\" alt=\"M\u00e0ng ph\u1ee7 nh\u00e0 k\u00ednh\" width=\"800\" height=\"600\"  \/><\/a>\t<\/figure>\n<\/article>\n\n<\/div><div class=\"wf-cell iso-item\" data-post-id=\"2224\" data-date=\"2017-09-14T22:51:09+00:00\" data-name=\"M\u00e0ng ph\u1ee7 nh\u00e0 k\u00ednh n\u00f4ng nghi\u1ec7p c\u00f4ng ngh\u1ec7 cao\">\n<article class=\"post post-2224 attachment type-attachment status-inherit hentry no-img description-off\">\n\n\t<figure class=\"rollover-project links-hovers-disabled\">\n\t<a href=\"http:\/\/vpebgreenhouse.com\/wp-content\/uploads\/2017\/09\/Mang-phu-nha-kinh-nong-nghiep-vpeb.jpg\" class=\"rollover rollover-zoom dt-pswp-item layzr-bg\" title=\"M\u00e0ng ph\u1ee7 nh\u00e0 k\u00ednh n\u00f4ng nghi\u1ec7p c\u00f4ng ngh\u1ec7 cao\" data-dt-img-description=\"M\u00e0ng ph\u1ee7 nh\u00e0 k\u00ednh n\u00f4ng nghi\u1ec7p c\u00f4ng ngh\u1ec7 cao\"  data-large_image_width=\"800\" data-large_image_height = \"600\" ><img loading=\"lazy\" decoding=\"async\" class=\"iso-lazy-load preload-me\" src=\"data:image\/svg+xml,%3Csvg%20xmlns%3D&#39;http%3A%2F%2Fwww.w3.org%2F2000%2Fsvg&#39;%20viewBox%3D&#39;0%200%20800%20600&#39;%2F%3E\" data-src=\"http:\/\/vpebgreenhouse.com\/wp-content\/uploads\/2017\/09\/Mang-phu-nha-kinh-nong-nghiep-vpeb.jpg\" data-srcset=\"http:\/\/vpebgreenhouse.com\/wp-content\/uploads\/2017\/09\/Mang-phu-nha-kinh-nong-nghiep-vpeb.jpg 800w\" alt=\"M\u00e0ng ph\u1ee7 nh\u00e0 k\u00ednh n\u00f4ng nghi\u1ec7p c\u00f4ng ngh\u1ec7 cao\" width=\"800\" height=\"600\"  \/><\/a>\t<\/figure>\n<\/article>\n\n<\/div><div class=\"wf-cell iso-item\" data-post-id=\"2225\" data-date=\"2017-09-14T22:51:56+00:00\" data-name=\"M\u00e0ng ph\u1ee7 nh\u00e0 k\u00ednh n\u00f4ng nghi\u1ec7p\">\n<article class=\"post post-2225 attachment type-attachment status-inherit hentry no-img description-off\">\n\n\t<figure class=\"rollover-project links-hovers-disabled\">\n\t<a href=\"http:\/\/vpebgreenhouse.com\/wp-content\/uploads\/2017\/09\/Mang-phu-nha-kinh-nong-nghiep-vpeb-greenhouse.jpg\" class=\"rollover rollover-zoom dt-pswp-item layzr-bg\" title=\"M\u00e0ng ph\u1ee7 nh\u00e0 k\u00ednh n\u00f4ng nghi\u1ec7p\" data-dt-img-description=\"M\u00e0ng ph\u1ee7 nh\u00e0 k\u00ednh n\u00f4ng nghi\u1ec7p\"  data-large_image_width=\"800\" data-large_image_height = \"600\" ><img loading=\"lazy\" decoding=\"async\" class=\"iso-lazy-load preload-me\" src=\"data:image\/svg+xml,%3Csvg%20xmlns%3D&#39;http%3A%2F%2Fwww.w3.org%2F2000%2Fsvg&#39;%20viewBox%3D&#39;0%200%20800%20600&#39;%2F%3E\" data-src=\"http:\/\/vpebgreenhouse.com\/wp-content\/uploads\/2017\/09\/Mang-phu-nha-kinh-nong-nghiep-vpeb-greenhouse.jpg\" data-srcset=\"http:\/\/vpebgreenhouse.com\/wp-content\/uploads\/2017\/09\/Mang-phu-nha-kinh-nong-nghiep-vpeb-greenhouse.jpg 800w\" alt=\"M\u00e0ng ph\u1ee7 nh\u00e0 k\u00ednh n\u00f4ng nghi\u1ec7p\" width=\"800\" height=\"600\"  \/><\/a>\t<\/figure>\n<\/article>\n\n<\/div><\/div>[\/vc_column][\/vc_row][vc_row bg_type=&#8221;image&#8221; parallax_style=&#8221;vcpb-default&#8221; bg_image_new=&#8221;id^2231|url^http:\/\/vpebgreenhouse.com\/wp-content\/uploads\/2016\/01\/banner-nha-kinh-vpeb-greenhouse.jpg|caption^null|alt^null|title^banner-nha-kinh-vpeb-greenhouse|description^null&#8221; bg_override=&#8221;full&#8221; css=&#8221;.vc_custom_1505479442342{padding-top: 50px !important;padding-bottom: 50px !important;}&#8221;][vc_column]<div id=\"ultimate-heading-12056a00c33f0bfce\" class=\"uvc-heading ult-adjust-bottom-margin ultimate-heading-12056a00c33f0bfce uvc-5116 \" data-hspacer=\"no_spacer\"  data-halign=\"center\" style=\"text-align:center\"><div class=\"uvc-heading-spacer no_spacer\" style=\"top\"><\/div><div class=\"uvc-main-heading ult-responsive\"  data-ultimate-target='.uvc-heading.ultimate-heading-12056a00c33f0bfce h2'  data-responsive-json-new='{\"font-size\":\"desktop:30px;tablet_portrait:30px;\",\"line-height\":\"desktop:35px;tablet_portrait:26px;\"}' ><h2 style=\"font-family:&#039;Open Sans Condensed&#039;;font-weight:700;color:#ffffff;margin-bottom:10px;\">VPEB GREENHOUSE CONTACT!<\/h2><\/div><div class=\"uvc-sub-heading ult-responsive\"  data-ultimate-target='.uvc-heading.ultimate-heading-12056a00c33f0bfce .uvc-sub-heading '  data-responsive-json-new='{\"font-size\":\"desktop:40px;tablet_portrait:40px;\",\"line-height\":\"desktop:50px;tablet_portrait:46px;\"}'  style=\"font-family:&#039;Open Sans Condensed&#039;;font-weight:700;color:#ffffff;\">Hotline: 0934108899<\/div><\/div><div id=\"ultimate-heading-65916a00c33f0c032\" class=\"uvc-heading ult-adjust-bottom-margin ultimate-heading-65916a00c33f0c032 uvc-4570 \" data-hspacer=\"no_spacer\"  data-halign=\"center\" style=\"text-align:center\"><div class=\"uvc-heading-spacer no_spacer\" style=\"top\"><\/div><div class=\"uvc-sub-heading ult-responsive\"  data-ultimate-target='.uvc-heading.ultimate-heading-65916a00c33f0c032 .uvc-sub-heading '  data-responsive-json-new='{\"font-size\":\"desktop:25px;tablet_portrait:20px;\",\"line-height\":\"desktop:30px;tablet_portrait:30px;\"}'  style=\"font-family:&#039;Open Sans Condensed&#039;;font-weight:700;color:#ffffff;margin-top:10px;\"><\/p>\n<div id=\"ultimate-heading-3725af07c4113a6d\" class=\"uvc-heading ult-adjust-bottom-margin ultimate-heading-3725af07c4113a6d uvc-8634 \" data-hspacer=\"no_spacer\" data-halign=\"center\">\n<div class=\"uvc-sub-heading ult-responsive\" data-ultimate-target=\".uvc-heading.ultimate-heading-3725af07c4113a6d .uvc-sub-heading \" data-responsive-json-new=\"{&quot;font-size&quot;:&quot;desktop:25px;tablet_portrait:20px;&quot;,&quot;line-height&quot;:&quot;desktop:30px;tablet_portrait:30px;&quot;}\">\n<div id=\"ultimate-heading-14395aeea975cbabc\" class=\"uvc-heading ult-adjust-bottom-margin ultimate-heading-14395aeea975cbabc uvc-9518 \" data-hspacer=\"no_spacer\" data-halign=\"center\">\n<div class=\"uvc-sub-heading ult-responsive\" data-ultimate-target=\".uvc-heading.ultimate-heading-14395aeea975cbabc .uvc-sub-heading \" data-responsive-json-new=\"{&quot;font-size&quot;:&quot;desktop:25px;tablet_portrait:20px;&quot;,&quot;line-height&quot;:&quot;desktop:30px;tablet_portrait:30px;&quot;}\">\n<p>Head office in Ho Chi Minh: 4, D5 Street, Nam Long Area, Phuoc Long B Ward, District 9, HCMC<\/p>\n<p>Office in Da Lat: 322, Hai Ba Trung Street, Ward 6, Da Lat City, Lam Dong.<\/p>\n<\/div>\n<\/div>\n<\/div>\n<\/div>\n<p><\/div><\/div><div class=\"btn-align-center\"><a href=\"\/contact\" class=\"default-btn-shortcode dt-btn dt-btn-l  vc_custom_1525709941198\" id=\"default-btn-2\" style=\"width:400px;\"><span>Send request<\/span><\/a><\/div>[\/vc_column][\/vc_row]<\/p>","protected":false},"excerpt":{"rendered":"<p>[vc_row][vc_column][vc_row_inner][vc_column_inner][vc_column_text]Greenhouse cover film need to be provided by the prestigious brands and its quality will be guaranteed. Besides many factors such as the rational location, the certainty of steel farming, Greenhouse cover film must also be carefully selected to suit the needs and the purpose of using. There are many types of Greenhouse cover film&hellip;<\/p>\n","protected":false},"author":1,"featured_media":0,"parent":0,"menu_order":0,"comment_status":"closed","ping_status":"closed","template":"","meta":[],"class_list":["post-2198","page","type-page","status-publish","hentry","description-off"],"yoast_head":"<!-- This site is optimized with the Yoast SEO plugin v23.8 - https:\/\/yoast.com\/wordpress\/plugins\/seo\/ -->\n<title>Imported greenhouse cover film 2018<\/title>\n<meta name=\"description\" content=\"VPEBGREENHOUSE is an agent of greenhouse cover films, such as: Cover film 5 layers, ISRAEL (Ginegar), Cover film Hyplast, Belgium, Cover film Apolo, Korea. Call: +84962983099 you will get the best price\" \/>\n<meta name=\"robots\" content=\"index, follow, max-snippet:-1, max-image-preview:large, max-video-preview:-1\" \/>\n<link rel=\"canonical\" href=\"http:\/\/vpebgreenhouse.com\/en\/mang-phu-nha-kinh\/\" \/>\n<meta property=\"og:locale\" content=\"en_US\" \/>\n<meta property=\"og:type\" content=\"article\" \/>\n<meta property=\"og:title\" content=\"Imported greenhouse cover film 2018\" \/>\n<meta property=\"og:description\" content=\"VPEBGREENHOUSE is an agent of greenhouse cover films, such as: Cover film 5 layers, ISRAEL (Ginegar), Cover film Hyplast, Belgium, Cover film Apolo, Korea. Call: +84962983099 you will get the best price\" \/>\n<meta property=\"og:url\" content=\"http:\/\/vpebgreenhouse.com\/en\/mang-phu-nha-kinh\/\" \/>\n<meta property=\"og:site_name\" content=\"NH\u00c0 M\u00c0NG, NH\u00c0 K\u00cdNH N\u00d4NG NGHI\u1ec6P C\u00d4NG NGH\u1ec6 CAO\" \/>\n<meta property=\"article:modified_time\" content=\"2020-06-10T10:15:41+00:00\" \/>\n<meta name=\"twitter:card\" content=\"summary_large_image\" \/>\n<meta name=\"twitter:label1\" content=\"Est. reading time\" \/>\n\t<meta name=\"twitter:data1\" content=\"16 minutes\" \/>\n<script type=\"application\/ld+json\" class=\"yoast-schema-graph\">{\"@context\":\"https:\/\/schema.org\",\"@graph\":[{\"@type\":\"WebPage\",\"@id\":\"http:\/\/vpebgreenhouse.com\/en\/mang-phu-nha-kinh\/\",\"url\":\"http:\/\/vpebgreenhouse.com\/en\/mang-phu-nha-kinh\/\",\"name\":\"Imported greenhouse cover film 2018\",\"isPartOf\":{\"@id\":\"http:\/\/vpebgreenhouse.com\/#website\"},\"datePublished\":\"2017-09-14T10:03:20+00:00\",\"dateModified\":\"2020-06-10T10:15:41+00:00\",\"description\":\"VPEBGREENHOUSE is an agent of greenhouse cover films, such as: Cover film 5 layers, ISRAEL (Ginegar), Cover film Hyplast, Belgium, Cover film Apolo, Korea. Call: +84962983099 you will get the best price\",\"breadcrumb\":{\"@id\":\"http:\/\/vpebgreenhouse.com\/en\/mang-phu-nha-kinh\/#breadcrumb\"},\"inLanguage\":\"en-US\",\"potentialAction\":[{\"@type\":\"ReadAction\",\"target\":[\"http:\/\/vpebgreenhouse.com\/en\/mang-phu-nha-kinh\/\"]}]},{\"@type\":\"BreadcrumbList\",\"@id\":\"http:\/\/vpebgreenhouse.com\/en\/mang-phu-nha-kinh\/#breadcrumb\",\"itemListElement\":[{\"@type\":\"ListItem\",\"position\":1,\"name\":\"Home\",\"item\":\"http:\/\/vpebgreenhouse.com\/\"},{\"@type\":\"ListItem\",\"position\":2,\"name\":\"Imported greenhouse cover film 2018\"}]},{\"@type\":\"WebSite\",\"@id\":\"http:\/\/vpebgreenhouse.com\/#website\",\"url\":\"http:\/\/vpebgreenhouse.com\/\",\"name\":\"NH\u00c0 M\u00c0NG, NH\u00c0 K\u00cdNH N\u00d4NG NGHI\u1ec6P C\u00d4NG NGH\u1ec6 CAO\",\"description\":\"VPEB GREENHOUSE\",\"potentialAction\":[{\"@type\":\"SearchAction\",\"target\":{\"@type\":\"EntryPoint\",\"urlTemplate\":\"http:\/\/vpebgreenhouse.com\/?s={search_term_string}\"},\"query-input\":{\"@type\":\"PropertyValueSpecification\",\"valueRequired\":true,\"valueName\":\"search_term_string\"}}],\"inLanguage\":\"en-US\"}]}<\/script>\n<!-- \/ Yoast SEO plugin. -->","yoast_head_json":{"title":"Imported greenhouse cover film 2018","description":"VPEBGREENHOUSE is an agent of greenhouse cover films, such as: Cover film 5 layers, ISRAEL (Ginegar), Cover film Hyplast, Belgium, Cover film Apolo, Korea. Call: +84962983099 you will get the best price","robots":{"index":"index","follow":"follow","max-snippet":"max-snippet:-1","max-image-preview":"max-image-preview:large","max-video-preview":"max-video-preview:-1"},"canonical":"http:\/\/vpebgreenhouse.com\/en\/mang-phu-nha-kinh\/","og_locale":"en_US","og_type":"article","og_title":"Imported greenhouse cover film 2018","og_description":"VPEBGREENHOUSE is an agent of greenhouse cover films, such as: Cover film 5 layers, ISRAEL (Ginegar), Cover film Hyplast, Belgium, Cover film Apolo, Korea. Call: +84962983099 you will get the best price","og_url":"http:\/\/vpebgreenhouse.com\/en\/mang-phu-nha-kinh\/","og_site_name":"NH\u00c0 M\u00c0NG, NH\u00c0 K\u00cdNH N\u00d4NG NGHI\u1ec6P C\u00d4NG NGH\u1ec6 CAO","article_modified_time":"2020-06-10T10:15:41+00:00","twitter_card":"summary_large_image","twitter_misc":{"Est. reading time":"16 minutes"},"schema":{"@context":"https:\/\/schema.org","@graph":[{"@type":"WebPage","@id":"http:\/\/vpebgreenhouse.com\/en\/mang-phu-nha-kinh\/","url":"http:\/\/vpebgreenhouse.com\/en\/mang-phu-nha-kinh\/","name":"Imported greenhouse cover film 2018","isPartOf":{"@id":"http:\/\/vpebgreenhouse.com\/#website"},"datePublished":"2017-09-14T10:03:20+00:00","dateModified":"2020-06-10T10:15:41+00:00","description":"VPEBGREENHOUSE is an agent of greenhouse cover films, such as: Cover film 5 layers, ISRAEL (Ginegar), Cover film Hyplast, Belgium, Cover film Apolo, Korea. Call: +84962983099 you will get the best price","breadcrumb":{"@id":"http:\/\/vpebgreenhouse.com\/en\/mang-phu-nha-kinh\/#breadcrumb"},"inLanguage":"en-US","potentialAction":[{"@type":"ReadAction","target":["http:\/\/vpebgreenhouse.com\/en\/mang-phu-nha-kinh\/"]}]},{"@type":"BreadcrumbList","@id":"http:\/\/vpebgreenhouse.com\/en\/mang-phu-nha-kinh\/#breadcrumb","itemListElement":[{"@type":"ListItem","position":1,"name":"Home","item":"http:\/\/vpebgreenhouse.com\/"},{"@type":"ListItem","position":2,"name":"Imported greenhouse cover film 2018"}]},{"@type":"WebSite","@id":"http:\/\/vpebgreenhouse.com\/#website","url":"http:\/\/vpebgreenhouse.com\/","name":"NH\u00c0 M\u00c0NG, NH\u00c0 K\u00cdNH N\u00d4NG NGHI\u1ec6P C\u00d4NG NGH\u1ec6 CAO","description":"VPEB GREENHOUSE","potentialAction":[{"@type":"SearchAction","target":{"@type":"EntryPoint","urlTemplate":"http:\/\/vpebgreenhouse.com\/?s={search_term_string}"},"query-input":{"@type":"PropertyValueSpecification","valueRequired":true,"valueName":"search_term_string"}}],"inLanguage":"en-US"}]}},"_links":{"self":[{"href":"http:\/\/vpebgreenhouse.com\/en\/wp-json\/wp\/v2\/pages\/2198","targetHints":{"allow":["GET"]}}],"collection":[{"href":"http:\/\/vpebgreenhouse.com\/en\/wp-json\/wp\/v2\/pages"}],"about":[{"href":"http:\/\/vpebgreenhouse.com\/en\/wp-json\/wp\/v2\/types\/page"}],"author":[{"embeddable":true,"href":"http:\/\/vpebgreenhouse.com\/en\/wp-json\/wp\/v2\/users\/1"}],"replies":[{"embeddable":true,"href":"http:\/\/vpebgreenhouse.com\/en\/wp-json\/wp\/v2\/comments?post=2198"}],"version-history":[{"count":28,"href":"http:\/\/vpebgreenhouse.com\/en\/wp-json\/wp\/v2\/pages\/2198\/revisions"}],"predecessor-version":[{"id":3178,"href":"http:\/\/vpebgreenhouse.com\/en\/wp-json\/wp\/v2\/pages\/2198\/revisions\/3178"}],"wp:attachment":[{"href":"http:\/\/vpebgreenhouse.com\/en\/wp-json\/wp\/v2\/media?parent=2198"}],"curies":[{"name":"wp","href":"https:\/\/api.w.org\/{rel}","templated":true}]}}